{"id":1307,"date":"2018-08-21T12:49:38","date_gmt":"2018-08-21T12:49:38","guid":{"rendered":"http:\/\/www.ladakhzanskartrekking.com\/?page_id=1307"},"modified":"2026-04-07T12:31:47","modified_gmt":"2026-04-07T12:31:47","slug":"a-propos-de-nous","status":"publish","type":"page","link":"https:\/\/www.ladakhzanskartrekking.com\/fr\/a-propos-de-nous\/","title":{"rendered":"\u00c0 Propos De Nous","raw":"\u00c0 Propos De Nous"},"content":{"rendered":"<p><strong>Adventure Travel House<\/strong> a \u00e9t\u00e9 fond\u00e9e par <strong>Lobzang Tseultim<\/strong> avec la volont\u00e9 de d\u00e9livrer des services satisfaisants et professionnels dans le domaine du loisir et du voyage. Apr\u00e8s avoir termin\u00e9 avec succ\u00e8s des stages d\u2019alpinisme avec la f\u00e9d\u00e9ration indienne d\u2019alpinisme (Indian Mountaineering Federation), il a organis\u00e9 plusieurs exp\u00e9ditions et treks \u00e0 travers les terrains vari\u00e9s du grand Himalaya. En \u00e9tant une agence de voyage bas\u00e9e au Ladakh, nos zones principales d\u2019activit\u00e9 sont le Zanskar, le Ladakh, la vall\u00e9e du Spiti et d\u2019autres zones ethno-g\u00e9ographiques similaires dans l\u2019Himalaya. Nous avons aussi organis\u00e9 des voyages Culturels, \u00c9ducatifs, de Sant\u00e9 et d\u2019Aventures \u00e0 Gharwal dans l\u2019\u00c9tat d\u2019Uttarakhand et l\u2019\u00c9tat du Sikkim \u00e0 l\u2019extr\u00eame Est. En gardant \u00e0 l\u2019esprit la fragilit\u00e9 des \u00e9cosyst\u00e8mes montagneux et la mauvaise situation \u00e9conomique de la population native, c\u2019est toujours notre priorit\u00e9 que les revenus potentiels des services li\u00e9s au tourisme devraient revenir aux locaux. C\u2019est pourquoi \u00e0 Adventure Travel House nous avons toujours engag\u00e9 des locaux tr\u00e8s exp\u00e9riment\u00e9s qui pourraient vous donner un meilleur aper\u00e7u de l\u2019h\u00e9ritage socioculturel de la r\u00e9gion tout en respectant les valeurs sociales et \u00e9cologiques de la communaut\u00e9 locale. La soci\u00e9t\u00e9 fournit aussi une couverture Assurance Vie \u00e0 tous ses employ\u00e9s ce qui montre la qualit\u00e9 des services que vous pouvez attendre de nous.<\/p>\n","protected":false,"raw":"<strong>Adventure Travel House<\/strong> a \u00e9t\u00e9 fond\u00e9e par <strong>Lobzang Tseultim<\/strong> avec la volont\u00e9 de d\u00e9livrer des services satisfaisants et professionnels dans le domaine du loisir et du voyage. Apr\u00e8s avoir termin\u00e9 avec succ\u00e8s des stages d\u2019alpinisme avec la f\u00e9d\u00e9ration indienne d\u2019alpinisme (Indian Mountaineering Federation), il a organis\u00e9 plusieurs exp\u00e9ditions et treks \u00e0 travers les terrains vari\u00e9s du grand Himalaya. En \u00e9tant une agence de voyage bas\u00e9e au Ladakh, nos zones principales d\u2019activit\u00e9 sont le Zanskar, le Ladakh, la vall\u00e9e du Spiti et d\u2019autres zones ethno-g\u00e9ographiques similaires dans l\u2019Himalaya. Nous avons aussi organis\u00e9 des voyages Culturels, \u00c9ducatifs, de Sant\u00e9 et d\u2019Aventures \u00e0 Gharwal dans l\u2019\u00c9tat d\u2019Uttarakhand et l\u2019\u00c9tat du Sikkim \u00e0 l\u2019extr\u00eame Est. En gardant \u00e0 l\u2019esprit la fragilit\u00e9 des \u00e9cosyst\u00e8mes montagneux et la mauvaise situation \u00e9conomique de la population native, c\u2019est toujours notre priorit\u00e9 que les revenus potentiels des services li\u00e9s au tourisme devraient revenir aux locaux. C\u2019est pourquoi \u00e0 Adventure Travel House nous avons toujours engag\u00e9 des locaux tr\u00e8s exp\u00e9riment\u00e9s qui pourraient vous donner un meilleur aper\u00e7u de l\u2019h\u00e9ritage socioculturel de la r\u00e9gion tout en respectant les valeurs sociales et \u00e9cologiques de la communaut\u00e9 locale. La soci\u00e9t\u00e9 fournit aussi une couverture Assurance Vie \u00e0 tous ses employ\u00e9s ce qui montre la qualit\u00e9 des services que vous pouvez attendre de nous."},"excerpt":{"rendered":"Adventure Travel House was established by Lobzang Tseultim with a view to deliver professional and satisfactory services in the field of leisure and Travel. After successfully completing mountaineering courses from Indian Mountaineering Federation lead several expeditions and treks through the various terrains of mighty Himalayas. Being a Ladakh based Travel Company our main area of<div class=\"padding-top text-center\"><a href=\"https:\/\/www.ladakhzanskartrekking.com\/fr\/a-propos-de-nous\/\" class=\"atbtn atbtn--medium atbtn--rounded atbtn--transparent\">Lire plus<i class=\"atbtn__icon atbtn__icon--right fa fa-long-arrow-right\"><\/i><\/a><\/div>","protected":false,"raw":""},"author":1,"featured_media":0,"parent":0,"menu_order":0,"comment_status":"closed","ping_status":"closed","template":"","meta":{"_en_post_content":"<strong>Adventure Travel House<\/strong> was established by <strong>Lobzang Tseultim<\/strong> with a view to deliver professional and satisfactory services in the field of leisure and Travel. After successfully completing mountaineering courses from Indian Mountaineering Federation lead several expeditions and treks through the various terrains of mighty Himalayas. Being a Ladakh based Travel Company our main area of operation are Zanskar, Ladakh, Spiti Valley and other similar ethno geographical areas in the Himalayas. We also organized Cultural, Educational, Health and Adventure tours in Gharwal in the state of Uttarakhand and far eastern state of Sikkim. Keeping in view the fragility of mountainous ecosystem and poor socio economic condition of the native populace, it is always our priority that the potential income from tourism related services should accrue to the locals. That is why at Adventure Travel house we always engaged well experienced local who could give you better insight into the socio cultural heritage of the region while respecting the social and ecological values of the local community. The company also provides free Life Insurance cover to all its employees which in it is itself explain the quality of services one can expect with us.","_en_post_name":"about-us","_en_post_excerpt":"","_en_post_title":"About Us","_fr_post_content":"<strong>Adventure Travel House<\/strong> a \u00e9t\u00e9 fond\u00e9e par <strong>Lobzang Tseultim<\/strong> avec la volont\u00e9 de d\u00e9livrer des services satisfaisants et professionnels dans le domaine du loisir et du voyage. Apr\u00e8s avoir termin\u00e9 avec succ\u00e8s des stages d\u2019alpinisme avec la f\u00e9d\u00e9ration indienne d\u2019alpinisme (Indian Mountaineering Federation), il a organis\u00e9 plusieurs exp\u00e9ditions et treks \u00e0 travers les terrains vari\u00e9s du grand Himalaya. En \u00e9tant une agence de voyage bas\u00e9e au Ladakh, nos zones principales d\u2019activit\u00e9 sont le Zanskar, le Ladakh, la vall\u00e9e du Spiti et d\u2019autres zones ethno-g\u00e9ographiques similaires dans l\u2019Himalaya. Nous avons aussi organis\u00e9 des voyages Culturels, \u00c9ducatifs, de Sant\u00e9 et d\u2019Aventures \u00e0 Gharwal dans l\u2019\u00c9tat d\u2019Uttarakhand et l\u2019\u00c9tat du Sikkim \u00e0 l\u2019extr\u00eame Est. En gardant \u00e0 l\u2019esprit la fragilit\u00e9 des \u00e9cosyst\u00e8mes montagneux et la mauvaise situation \u00e9conomique de la population native, c\u2019est toujours notre priorit\u00e9 que les revenus potentiels des services li\u00e9s au tourisme devraient revenir aux locaux. C\u2019est pourquoi \u00e0 Adventure Travel House nous avons toujours engag\u00e9 des locaux tr\u00e8s exp\u00e9riment\u00e9s qui pourraient vous donner un meilleur aper\u00e7u de l\u2019h\u00e9ritage socioculturel de la r\u00e9gion tout en respectant les valeurs sociales et \u00e9cologiques de la communaut\u00e9 locale. La soci\u00e9t\u00e9 fournit aussi une couverture Assurance Vie \u00e0 tous ses employ\u00e9s ce qui montre la qualit\u00e9 des services que vous pouvez attendre de nous.","_fr_post_name":"a-propos-de-nous","_fr_post_excerpt":"","_fr_post_title":"\u00c0 Propos De Nous","edit_language":"fr","footnotes":""},"class_list":["post-1307","page","type-page","status-publish","hentry"],"_links":{"self":[{"href":"https:\/\/www.ladakhzanskartrekking.com\/fr\/wp-json\/wp\/v2\/pages\/1307","targetHints":{"allow":["GET"]}}],"collection":[{"href":"https:\/\/www.ladakhzanskartrekking.com\/fr\/wp-json\/wp\/v2\/pages"}],"about":[{"href":"https:\/\/www.ladakhzanskartrekking.com\/fr\/wp-json\/wp\/v2\/types\/page"}],"author":[{"embeddable":true,"href":"https:\/\/www.ladakhzanskartrekking.com\/fr\/wp-json\/wp\/v2\/users\/1"}],"replies":[{"embeddable":true,"href":"https:\/\/www.ladakhzanskartrekking.com\/fr\/wp-json\/wp\/v2\/comments?post=1307"}],"version-history":[{"count":4,"href":"https:\/\/www.ladakhzanskartrekking.com\/fr\/wp-json\/wp\/v2\/pages\/1307\/revisions"}],"predecessor-version":[{"id":1474,"href":"https:\/\/www.ladakhzanskartrekking.com\/fr\/wp-json\/wp\/v2\/pages\/1307\/revisions\/1474"}],"wp:attachment":[{"href":"https:\/\/www.ladakhzanskartrekking.com\/fr\/wp-json\/wp\/v2\/media?parent=1307"}],"curies":[{"name":"wp","href":"https:\/\/api.w.org\/{rel}","templated":true}]}}