{"id":9,"date":"2015-07-16T16:00:39","date_gmt":"2015-07-16T16:00:39","guid":{"rendered":"http:\/\/adventure-tours.themedelight.com\/?page_id=9"},"modified":"2020-03-20T17:22:49","modified_gmt":"2020-03-20T17:22:49","slug":"contactez-nous","status":"publish","type":"page","link":"https:\/\/www.ladakhzanskartrekking.com\/fr\/contactez-nous\/","title":{"rendered":"Contactez-Nous","raw":"Contactez-Nous"},"content":{"rendered":"<div class=\"wpb-content-wrapper\"><p>[vc_row full_width=\u00a0\u00bbstretch_row\u00a0\u00bb el_class=\u00a0\u00bbmargin-bottom\u00a0\u00bb][vc_column offset=\u00a0\u00bbvc_col-md-6&Prime;]<div class=\"title\">\n\t\t\t<div class=\"title__subtitle\">Vous voudriez parler ?<\/div>\n\t\t<h3 class=\"title__primary\">Coordonn\u00e9es de Contact<\/h3>\n<\/div>\n[vc_column_text]Si vous avez une demande de renseignements ou une question qui n\u2019a pas \u00e9t\u00e9 r\u00e9pondu sur notre site web, veuillez nous contacter aux coordonn\u00e9es affich\u00e9es ci-dessous ou remplissez le formulaire sur la droite.[\/vc_column_text]<div class=\"contact-info\">\n\t\t\t<div class=\"contact-info__item\">\n\t\t\t<div class=\"contact-info__item__icon\"><i class=\"fa fa-map-marker\"><\/i><\/div>\n\t\t\t<div class=\"contact-info__item__text\">Zambala Hotel, Zangsti Road, Post Box # 112, Leh - Ladakh India - 194101<\/div>\n\t\t<\/div>\n\t\n\t<div class=\"contact-info__item\"><a href=\"tel:+919419179816,+919906976210\"><span class=\"contact-info__item__icon\"><i class=\"fa fa-phone\"><\/i><\/span><span class=\"contact-info__item__text\">+91-9419179816, +91-9906976210<\/span><\/a><\/div>\n\t\n\t<div class=\"contact-info__item\"><a href=\"mailto:info@ladakhzanskartrekking.com, athzanskar@gmail.com\"><span class=\"contact-info__item__icon\"><i class=\"fa fa-envelope contact-info__item__icon__email\"><\/i><\/span><span class=\"contact-info__item__text\">info@ladakhzanskartrekking.com, athzanskar@gmail.com<\/span><\/a><\/div>\n\t<\/div>\n[vc_empty_space height=\u00a0\u00bb20px\u00a0\u00bb]<div class=\"social-icons social-icons--square\">\n\t<div class=\"social-icons__icons\">\n\t<a href=\"http:\/\/facebook.com\" class=\"social-icons__icon social-icons__icon--facebook\"><i class=\"fa fa-facebook\"><\/i><\/a><a href=\"http:\/\/twitter.com\" class=\"social-icons__icon social-icons__icon--twitter\"><i class=\"fa fa-twitter\"><\/i><\/a><a href=\"http:\/\/pinterest.com\" class=\"social-icons__icon social-icons__icon--pinterest\"><i class=\"fa fa-pinterest\"><\/i><\/a><a href=\"http:\/\/linkedin.com\" class=\"social-icons__icon social-icons__icon--linkedin\"><i class=\"fa fa-linkedin\"><\/i><\/a>\t<\/div>\n<\/div>\n[\/vc_column][vc_column offset=\u00a0\u00bbvc_col-md-6&Prime;][vc_empty_space height=\u00a0\u00bb40px\u00a0\u00bb]<div class=\"title\">\n\t\t\t<div class=\"title__subtitle\">Vous avez une question ?<\/div>\n\t\t<h3 class=\"title__primary\">Contactez-Nous<\/h3>\n<\/div>\n<div role=\"form\" class=\"wpcf7\" id=\"wpcf7-f1587-o2\" lang=\"en-US\" dir=\"ltr\">\n<div class=\"screen-reader-response\"><\/div>\n<form action=\"\/fr\/wp-json\/wp\/v2\/pages\/9#wpcf7-f1587-o2\" method=\"post\" class=\"wpcf7-form\" novalidate=\"novalidate\">\n<div style=\"display: none;\">\n<input type=\"hidden\" name=\"_wpcf7\" value=\"1587\" \/>\n<input type=\"hidden\" name=\"_wpcf7_version\" value=\"5.0.3\" \/>\n<input type=\"hidden\" name=\"_wpcf7_locale\" value=\"en_US\" \/>\n<input type=\"hidden\" name=\"_wpcf7_unit_tag\" value=\"wpcf7-f1587-o2\" \/>\n<input type=\"hidden\" name=\"_wpcf7_container_post\" value=\"0\" \/>\n<\/div>\n<div class=\"form-contact\">\n<div class=\"form-contact__fields-short\">\n<div class=\"form-contact__item-short\"><span class=\"wpcf7-form-control-wrap your-name\"><input type=\"text\" name=\"your-name\" value=\"\" size=\"40\" class=\"wpcf7-form-control wpcf7-text wpcf7-validates-as-required\" aria-required=\"true\" aria-invalid=\"false\" placeholder=\"Votre nom\" \/><\/span><\/div>\n<div class=\"form-contact__item-short\"><span class=\"wpcf7-form-control-wrap your-email\"><input type=\"email\" name=\"your-email\" value=\"\" size=\"40\" class=\"wpcf7-form-control wpcf7-text wpcf7-email wpcf7-validates-as-required wpcf7-validates-as-email\" aria-required=\"true\" aria-invalid=\"false\" placeholder=\"Email\" \/><\/span><\/div>\n<\/div>\n<div class=\"form-contact__fields-short\"><span class=\"wpcf7-form-control-wrap your-subject\"><input type=\"text\" name=\"your-subject\" value=\"\" size=\"40\" class=\"wpcf7-form-control wpcf7-text wpcf7-validates-as-required\" aria-required=\"true\" aria-invalid=\"false\" placeholder=\"Sujet\" \/><\/span><\/div>\n<p>    <span class=\"wpcf7-form-control-wrap your-message\"><textarea name=\"your-message\" cols=\"0\" rows=\"0\" class=\"wpcf7-form-control wpcf7-textarea\" aria-invalid=\"false\" placeholder=\"Message\"><\/textarea><\/span><br \/>\n    <button type=\"submit\" class=\"button button--style1 button--with-icon\"><i class=\"fa fa-paper-plane\"><\/i>Envoyer<\/button>\n<\/p><\/div>\n<div class=\"wpcf7-response-output wpcf7-display-none\"><\/div><\/form><\/div>[\/vc_column][\/vc_row][vc_row][vc_column][vc_column_text]<iframe loading=\"lazy\" style=\"border: 0;\" src=\"https:\/\/www.google.com\/maps\/embed?pb=!1m14!1m8!1m3!1d13204.9615754715!2d77.5835031!3d34.165771!3m2!1i1024!2i768!4f13.1!3m3!1m2!1s0x0%3A0xa36bf2b2e4b2b472!2sAdventure+Travel+House!5e0!3m2!1sen!2sin!4v1536472290455\" width=\"100%\" height=\"450\" frameborder=\"0\" allowfullscreen=\"allowfullscreen\"><\/iframe>[\/vc_column_text][\/vc_column][\/vc_row]<\/p>\n<\/div>","protected":false,"raw":"[vc_row full_width=\"stretch_row\" el_class=\"margin-bottom\"][vc_column offset=\"vc_col-md-6\"][title size=\"small\" position=\"left\" decoration=\"off\" underline=\"off\" style=\"dark\" text=\"Coordonn\u00e9es de Contact\" subtitle=\"Vous voudriez parler ?\"][vc_column_text]Si vous avez une demande de renseignements ou une question qui n\u2019a pas \u00e9t\u00e9 r\u00e9pondu sur notre site web, veuillez nous contacter aux coordonn\u00e9es affich\u00e9es ci-dessous ou remplissez le formulaire sur la droite.[\/vc_column_text][contact_info address=\"Zambala Hotel, Zangsti Road, Post Box # 112, Leh - Ladakh India - 194101\" phone=\"+91-9419179816, +91-9906976210\" email=\"info@ladakhzanskartrekking.com, athzanskar@gmail.com\"][vc_empty_space height=\"20px\"][social_icons title=\"\" facebook_url=\"http:\/\/facebook.com\" twitter_url=\"http:\/\/twitter.com\" googleplus_url=\"http:\/\/googleplus.com\" pinterest_url=\"http:\/\/pinterest.com\" linkedin_url=\"http:\/\/linkedin.com\"][\/vc_column][vc_column offset=\"vc_col-md-6\"][vc_empty_space height=\"40px\"][title size=\"small\" position=\"left\" decoration=\"off\" underline=\"off\" style=\"dark\" text=\"Contactez-Nous\" subtitle=\"Vous avez une question ?\"][contact-form-7 id=\"1587\" title=\"Contactez-Nous\"][\/vc_column][\/vc_row][vc_row][vc_column][vc_column_text]<iframe style=\"border: 0;\" src=\"https:\/\/www.google.com\/maps\/embed?pb=!1m14!1m8!1m3!1d13204.9615754715!2d77.5835031!3d34.165771!3m2!1i1024!2i768!4f13.1!3m3!1m2!1s0x0%3A0xa36bf2b2e4b2b472!2sAdventure+Travel+House!5e0!3m2!1sen!2sin!4v1536472290455\" width=\"100%\" height=\"450\" frameborder=\"0\" allowfullscreen=\"allowfullscreen\"><\/iframe>[\/vc_column_text][\/vc_column][\/vc_row]"},"excerpt":{"rendered":"[vc_row full_width=\"stretch_row\" el_class=\"margin-bottom\"][vc_column offset=\"vc_col-md-6\"] Would like to talk? Contact Details [vc_column_text]If you have an enquiry or a question that has not been answered on our website, please get in touch with us via contact details listed below or fill in the form on the right.[\/vc_column_text] Zambala Hotel, Zangsti Road, Post Box # 112, Leh -<div class=\"padding-top text-center\"><a href=\"https:\/\/www.ladakhzanskartrekking.com\/fr\/contactez-nous\/\" class=\"atbtn atbtn--medium atbtn--rounded atbtn--transparent\">Lire plus<i class=\"atbtn__icon atbtn__icon--right fa fa-long-arrow-right\"><\/i><\/a><\/div>","protected":false,"raw":""},"author":1,"featured_media":0,"parent":0,"menu_order":0,"comment_status":"open","ping_status":"open","template":"","meta":{"_en_post_content":"[vc_row full_width=\"stretch_row\" el_class=\"margin-bottom\"][vc_column offset=\"vc_col-md-6\"][title size=\"small\" position=\"left\" decoration=\"off\" underline=\"off\" style=\"dark\" text=\"Contact Details\" subtitle=\"Would like to talk?\"][vc_column_text]If you have an enquiry or a question that has not been answered on our website, please get in touch with us via contact details listed below or fill in the form on the right.[\/vc_column_text][contact_info address=\"Zambala Hotel, Zangsti Road, Post Box # 112, Leh - Ladakh India - 194101\" phone=\"+91-9419179816, +91-9906976210\" email=\"info@ladakhzanskartrekking.com, athzanskar@gmail.com\"][vc_empty_space height=\"20px\"][social_icons title=\"\" facebook_url=\"http:\/\/facebook.com\" twitter_url=\"http:\/\/twitter.com\" googleplus_url=\"http:\/\/googleplus.com\" pinterest_url=\"http:\/\/pinterest.com\" linkedin_url=\"http:\/\/linkedin.com\"][\/vc_column][vc_column offset=\"vc_col-md-6\"][vc_empty_space height=\"40px\" el_class=\"visible-sm visible-xs\"][title size=\"small\" position=\"left\" decoration=\"off\" underline=\"off\" style=\"dark\" text=\"Get in Touch\" subtitle=\"Have a question?\"][contact-form-7 id=\"162\" title=\"Contact Us\"][\/vc_column][\/vc_row][vc_row][vc_column][vc_column_text]<iframe style=\"border: 0;\" src=\"https:\/\/www.google.com\/maps\/embed?pb=!1m14!1m8!1m3!1d13204.9615754715!2d77.5835031!3d34.165771!3m2!1i1024!2i768!4f13.1!3m3!1m2!1s0x0%3A0xa36bf2b2e4b2b472!2sAdventure+Travel+House!5e0!3m2!1sen!2sin!4v1536472290455\" width=\"100%\" height=\"450\" frameborder=\"0\" allowfullscreen=\"allowfullscreen\"><\/iframe>[\/vc_column_text][\/vc_column][\/vc_row]","_en_post_name":"contact-us","_en_post_excerpt":"","_en_post_title":"Contact Us","_fr_post_content":"[vc_row full_width=\"stretch_row\" el_class=\"margin-bottom\"][vc_column offset=\"vc_col-md-6\"][title size=\"small\" position=\"left\" decoration=\"off\" underline=\"off\" style=\"dark\" text=\"Coordonn\u00e9es de Contact\" subtitle=\"Vous voudriez parler ?\"][vc_column_text]Si vous avez une demande de renseignements ou une question qui n\u2019a pas \u00e9t\u00e9 r\u00e9pondu sur notre site web, veuillez nous contacter aux coordonn\u00e9es affich\u00e9es ci-dessous ou remplissez le formulaire sur la droite.[\/vc_column_text][contact_info address=\"Zambala Hotel, Zangsti Road, Post Box # 112, Leh - Ladakh India - 194101\" phone=\"+91-9419179816, +91-9906976210\" email=\"info@ladakhzanskartrekking.com, athzanskar@gmail.com\"][vc_empty_space height=\"20px\"][social_icons title=\"\" facebook_url=\"http:\/\/facebook.com\" twitter_url=\"http:\/\/twitter.com\" googleplus_url=\"http:\/\/googleplus.com\" pinterest_url=\"http:\/\/pinterest.com\" linkedin_url=\"http:\/\/linkedin.com\"][\/vc_column][vc_column offset=\"vc_col-md-6\"][vc_empty_space height=\"40px\"][title size=\"small\" position=\"left\" decoration=\"off\" underline=\"off\" style=\"dark\" text=\"Contactez-Nous\" subtitle=\"Vous avez une question ?\"][contact-form-7 id=\"1587\" title=\"Contactez-Nous\"][\/vc_column][\/vc_row][vc_row][vc_column][vc_column_text]<iframe style=\"border: 0;\" src=\"https:\/\/www.google.com\/maps\/embed?pb=!1m14!1m8!1m3!1d13204.9615754715!2d77.5835031!3d34.165771!3m2!1i1024!2i768!4f13.1!3m3!1m2!1s0x0%3A0xa36bf2b2e4b2b472!2sAdventure+Travel+House!5e0!3m2!1sen!2sin!4v1536472290455\" width=\"100%\" height=\"450\" frameborder=\"0\" allowfullscreen=\"allowfullscreen\"><\/iframe>[\/vc_column_text][\/vc_column][\/vc_row]","_fr_post_name":"contactez-nous","_fr_post_excerpt":"","_fr_post_title":"Contactez-Nous","edit_language":"fr","footnotes":""},"class_list":["post-9","page","type-page","status-publish","hentry"],"_links":{"self":[{"href":"https:\/\/www.ladakhzanskartrekking.com\/fr\/wp-json\/wp\/v2\/pages\/9","targetHints":{"allow":["GET"]}}],"collection":[{"href":"https:\/\/www.ladakhzanskartrekking.com\/fr\/wp-json\/wp\/v2\/pages"}],"about":[{"href":"https:\/\/www.ladakhzanskartrekking.com\/fr\/wp-json\/wp\/v2\/types\/page"}],"author":[{"embeddable":true,"href":"https:\/\/www.ladakhzanskartrekking.com\/fr\/wp-json\/wp\/v2\/users\/1"}],"replies":[{"embeddable":true,"href":"https:\/\/www.ladakhzanskartrekking.com\/fr\/wp-json\/wp\/v2\/comments?post=9"}],"version-history":[{"count":32,"href":"https:\/\/www.ladakhzanskartrekking.com\/fr\/wp-json\/wp\/v2\/pages\/9\/revisions"}],"predecessor-version":[{"id":1716,"href":"https:\/\/www.ladakhzanskartrekking.com\/fr\/wp-json\/wp\/v2\/pages\/9\/revisions\/1716"}],"wp:attachment":[{"href":"https:\/\/www.ladakhzanskartrekking.com\/fr\/wp-json\/wp\/v2\/media?parent=9"}],"curies":[{"name":"wp","href":"https:\/\/api.w.org\/{rel}","templated":true}]}}