{"id":1244,"date":"2018-08-01T12:59:22","date_gmt":"2018-08-01T12:59:22","guid":{"rendered":"http:\/\/www.ladakhzanskartrekking.com\/?post_type=product&#038;p=1244"},"modified":"2026-04-16T21:31:12","modified_gmt":"2026-04-16T21:31:12","slug":"observation-du-leopard-des-neiges-voyage-de-la-vie-sauvage-du-ladakh","status":"publish","type":"product","link":"https:\/\/www.ladakhzanskartrekking.com\/fr\/voyages\/observation-du-leopard-des-neiges-voyage-de-la-vie-sauvage-du-ladakh\/","title":{"rendered":"Observation du L\u00e9opard des Neiges \u2013 Voyage de la Vie Sauvage du Ladakh","raw":"Observation du L\u00e9opard des Neiges \u2013 Voyage de la Vie Sauvage du Ladakh"},"content":{"rendered":"<div id=\"overview\" class=\"tab-pane active\" role=\"tabpanel\">\n<p class=\"lh1em mb20\"><strong>Lieux visit\u00e9s :<\/strong> Leh, Shey, Thiksey, Monast\u00e8re de Hemis \u2013 Rumbak<br \/>\n<strong>Dur\u00e9e :<\/strong> 9 Jours \/ 8 Nuits<br \/>\n<strong>Meilleure saison :<\/strong> NOV-F\u00c9B<\/p>\n<h3>Itin\u00e9raire :<\/h3>\n<p><strong>Jour 01 :<\/strong> Arriv\u00e9e \u00e0 l&rsquo;a\u00e9roport de Leh, pour \u00eatre re\u00e7u par notre repr\u00e9sentant et transf\u00e9r\u00e9 \u00e0 l&rsquo;h\u00f4tel. Enregistrement \u00e0 l\u2019h\u00f4tel et jour complet de repos o\u00f9 un th\u00e9 et caf\u00e9 sera servi par l\u2019h\u00f4tel. Le d\u00e9jeuner sera servi \u00e0 14h, apr\u00e8s le d\u00e9jeuner visite du march\u00e9 de Leh, du palais de Leh, du Hall of Fame et de la Shanti Stupa. Nuit \u00e0 l\u2019h\u00f4tel.<\/p>\n<p><strong>Jour 02\u00a0:<\/strong> Leh \u2013 Toute la journ\u00e9e pour la visite de Shey, des monast\u00e8res de Hemis et Thiksey. Nuit \u00e0 l\u2019h\u00f4tel.<\/p>\n<p><strong>Jour 03\u00a0:<\/strong> De Leh \u00e0 Phey et \u00e0 Rumbak (5h) apr\u00e8s le petit d\u00e9jeuner route jusqu\u2019au pont de Phey. On traverse le pont et on commence \u00e0 marcher vers la gorge de Zingchen. Sur le chemin on peut voir des traces du l\u00e9opard des neiges le long du bas des vall\u00e9es si vous trekkez pendant l\u2019hiver ou au d\u00e9but du printemps\/automne. Arriv\u00e9e \u00e0 Rumbak dans la soir\u00e9e. Nuit chez l\u2019habitant ou en camping.<\/p>\n<p><strong>Jour 04\u00a0:<\/strong> Observation de la vie sauvage (Toute la journ\u00e9e). Apr\u00e8s le petit d\u00e9jeuner d\u00e9but de l\u2019observation de la vie sauvage pour toute la journ\u00e9e avec un guide local entra\u00een\u00e9. Les possibles observations de la vie sauvage sont\u00a0: le mouton bleu, le mouton sauvage ou Argali, divers oiseaux de montagnes et migratoires, de la flore de haute altitude et occasionnellement un loup tib\u00e9tain ou un l\u00e9opard des neiges si vous \u00eates tr\u00e8s chanceux. Nuit au camping.<\/p>\n<p><strong>Jour 05\u00a0: Rumbak \u2013 Camping<\/strong><\/p>\n<p><strong>Jour 06\u00a0: Rumbak \u2013 Camping<\/strong><\/p>\n<p><strong>Jour 07\u00a0: Rumbak \u2013 Camping<\/strong><\/p>\n<p><strong>Jour 08\u00a0: Rumbak \u2013 Leh. H\u00f4tel.<\/strong><\/p>\n<p><strong>Jour 09\u00a0: Leh \u2013 Delhi<\/strong><\/p>\n<\/div>\n","protected":false,"raw":"<div id=\"overview\" class=\"tab-pane active\" role=\"tabpanel\">\r\n<p class=\"lh1em mb20\"><strong>Lieux visit\u00e9s :<\/strong> Leh, Shey, Thiksey, Monast\u00e8re de Hemis \u2013 Rumbak\r\n<strong>Dur\u00e9e :<\/strong> 9 Jours \/ 8 Nuits\r\n<strong>Meilleure saison :<\/strong> NOV-F\u00c9B<\/p>\r\n<h3>Itin\u00e9raire :<\/h3>\r\n<strong>Jour 01 :<\/strong> Arriv\u00e9e \u00e0 l'a\u00e9roport de Leh, pour \u00eatre re\u00e7u par notre repr\u00e9sentant et transf\u00e9r\u00e9 \u00e0 l'h\u00f4tel. Enregistrement \u00e0 l\u2019h\u00f4tel et jour complet de repos o\u00f9 un th\u00e9 et caf\u00e9 sera servi par l\u2019h\u00f4tel. Le d\u00e9jeuner sera servi \u00e0 14h, apr\u00e8s le d\u00e9jeuner visite du march\u00e9 de Leh, du palais de Leh, du Hall of Fame et de la Shanti Stupa. Nuit \u00e0 l\u2019h\u00f4tel.\r\n\r\n<strong>Jour 02\u00a0:<\/strong> Leh \u2013 Toute la journ\u00e9e pour la visite de Shey, des monast\u00e8res de Hemis et Thiksey. Nuit \u00e0 l\u2019h\u00f4tel.\r\n\r\n<strong>Jour 03\u00a0:<\/strong> De Leh \u00e0 Phey et \u00e0 Rumbak (5h) apr\u00e8s le petit d\u00e9jeuner route jusqu\u2019au pont de Phey. On traverse le pont et on commence \u00e0 marcher vers la gorge de Zingchen. Sur le chemin on peut voir des traces du l\u00e9opard des neiges le long du bas des vall\u00e9es si vous trekkez pendant l\u2019hiver ou au d\u00e9but du printemps\/automne. Arriv\u00e9e \u00e0 Rumbak dans la soir\u00e9e. Nuit chez l\u2019habitant ou en camping.\r\n\r\n<strong>Jour 04\u00a0:<\/strong> Observation de la vie sauvage (Toute la journ\u00e9e). Apr\u00e8s le petit d\u00e9jeuner d\u00e9but de l\u2019observation de la vie sauvage pour toute la journ\u00e9e avec un guide local entra\u00een\u00e9. Les possibles observations de la vie sauvage sont\u00a0: le mouton bleu, le mouton sauvage ou Argali, divers oiseaux de montagnes et migratoires, de la flore de haute altitude et occasionnellement un loup tib\u00e9tain ou un l\u00e9opard des neiges si vous \u00eates tr\u00e8s chanceux. Nuit au camping.\r\n\r\n<strong>Jour 05\u00a0: Rumbak \u2013 Camping<\/strong>\r\n\r\n<strong>Jour 06\u00a0: Rumbak \u2013 Camping<\/strong>\r\n\r\n<strong>Jour 07\u00a0: Rumbak \u2013 Camping<\/strong>\r\n\r\n<strong>Jour 08\u00a0: Rumbak \u2013 Leh. H\u00f4tel.<\/strong>\r\n\r\n<strong>Jour 09\u00a0: Leh \u2013 Delhi<\/strong>\r\n\r\n<\/div>"},"excerpt":{"rendered":"Places Covered: Leh Shey, Thiksey, Hemis Monastery - Rumbak Duration: 9 Days \/ 8 Nights Best Season: NOV-FEB &nbsp; Itinerary: Day 01: \u00a0Arrival at Leh airport, to be received by our representative and transferred to the Hotel. Check in to the hotel for a complete day of rest wherein welcome tea and coffee will be<div class=\"padding-top text-center\"><a href=\"https:\/\/www.ladakhzanskartrekking.com\/fr\/voyages\/observation-du-leopard-des-neiges-voyage-de-la-vie-sauvage-du-ladakh\/\" class=\"atbtn atbtn--medium atbtn--rounded atbtn--transparent\">Lire plus<i class=\"atbtn__icon atbtn__icon--right fa fa-long-arrow-right\"><\/i><\/a><\/div>","protected":false,"raw":""},"featured_media":1332,"comment_status":"open","ping_status":"closed","template":"","meta":{"_en_post_content":"<div id=\"overview\" class=\"tab-pane active\" role=\"tabpanel\">\r\n<p class=\"lh1em mb20\"><strong>Places Covered:<\/strong> Leh Shey, Thiksey, Hemis Monastery - Rumbak\r\n<strong>Duration:<\/strong> 9 Days \/ 8 Nights\r\n<strong>Best Season:<\/strong> NOV-FEB<\/p>\r\n&nbsp;\r\n<h3>Itinerary:<\/h3>\r\n<strong>Day 01: <\/strong>\u00a0Arrival at Leh airport, to be received by our representative and transferred to the Hotel. Check in to the hotel for a complete day of rest wherein welcome tea and coffee will be served by the Hotel. Lunch will be served at 2.00 PM, after lunch visit Leh Market, Leh Palace, Hall of Fame and Shanti Stupa. Overnight at Hotel.\r\n\r\n<strong>Day 02: <\/strong>Leh \u2013 Full Day tour of Shey, Thiksey and Hemis Monastery. Overnight at Hotel.\r\n\r\n<strong>Day 03: <\/strong>\u00a0Leh to Phey to Rumbak (5 hrs) after breakfast drive to Phey Bridge. Cross the bridge and start walking towards the Zingchen Gorge. Enroute one can see snow leopard signs along the valley bottom of the side valleys if you are trekking during winter or early spring\/fall. Arrive Rumbak by evening. Overnight at Homestay\/ Camp\r\n\r\n<strong>Day 04:<\/strong>\u00a0Wildlife viewing (Full day) After the breakfast proceed for full day wildlife viewing along with a trained local guide. Wildlife viewing possibilities are; Blue sheep, the Great Tibetan sheep or the Argali, various mountain and migratory birds, high altitude flora and occasionally a Tibetan Wolf or a Snow leopard if extremely lucky. Overnight at Camp\r\n\r\n<strong>Day 05: Rumbak - Camp<\/strong>\r\n\r\n<strong>Day 06: Rumbak - Camp<\/strong>\r\n\r\n<strong>Day 07: Rumbak - Camp<\/strong>\r\n\r\n<strong>Day 08: Rumbak - Leh. Hotel<\/strong>\r\n\r\n<strong>Day 09: Leh - Delhi<\/strong>\r\n\r\n<\/div>","_en_post_name":"snow-leopard-spotting-wild-life-tour-ladakh","_en_post_excerpt":"<img class=\"alignnone size-medium wp-image-1330\" src=\"http:\/\/www.ladakhzanskartrekking.com\/wp-content\/uploads\/2018\/08\/snowleopard3-300x210.jpg\" alt=\"Snow Leopard Spotting Trek Ladakh 3\" width=\"300\" height=\"210\" \/>\r\n\r\n<img class=\"alignnone size-medium wp-image-1331\" src=\"http:\/\/www.ladakhzanskartrekking.com\/wp-content\/uploads\/2018\/08\/snowleopard4-300x219.jpg\" alt=\"Observation du L\u00e9opard des Neiges Trek Ladakh 4\" width=\"300\" height=\"219\" \/>\r\n\r\n<img class=\"alignnone size-medium wp-image-1332\" src=\"http:\/\/www.ladakhzanskartrekking.com\/wp-content\/uploads\/2018\/08\/snowleopard-300x184.jpg\" alt=\"Observation du L\u00e9opard des Neiges Trek Ladakh 5\" width=\"300\" height=\"184\" \/>\r\n\r\n<img class=\"alignnone size-medium wp-image-1329\" src=\"http:\/\/www.ladakhzanskartrekking.com\/wp-content\/uploads\/2018\/08\/snowleopard2-300x219.jpg\" alt=\"Snow Leopard Spotting Trek Ladakh 2\" width=\"300\" height=\"219\" \/>\r\n\r\n<img class=\"alignnone size-medium wp-image-1328\" src=\"http:\/\/www.ladakhzanskartrekking.com\/wp-content\/uploads\/2018\/08\/snowleopard1-300x225.jpg\" alt=\"Snow Leopard Spotting Trek Ladakh 1\" width=\"300\" height=\"225\" \/>\r\n\r\n<img class=\"alignnone size-medium wp-image-1836\" src=\"http:\/\/www.ladakhzanskartrekking.com\/wp-content\/uploads\/2018\/08\/snowleopard1-1-300x252.jpg\" alt=\"\" width=\"300\" height=\"252\" \/>\r\n\r\n<img class=\"alignnone size-medium wp-image-1835\" src=\"http:\/\/www.ladakhzanskartrekking.com\/wp-content\/uploads\/2018\/08\/snowleopard2-1-300x250.jpg\" alt=\"\" width=\"300\" height=\"250\" \/>\r\n\r\n<img class=\"alignnone size-medium wp-image-1834\" src=\"http:\/\/www.ladakhzanskartrekking.com\/wp-content\/uploads\/2018\/08\/snowleopard3-1-300x252.jpg\" alt=\"\" width=\"300\" height=\"252\" \/>\r\n\r\n<img class=\"alignnone size-medium wp-image-1833\" src=\"http:\/\/www.ladakhzanskartrekking.com\/wp-content\/uploads\/2018\/08\/snowleopard4-1-300x252.jpg\" alt=\"\" width=\"300\" height=\"252\" \/>\r\n\r\n<img class=\"alignnone size-medium wp-image-1832\" src=\"http:\/\/www.ladakhzanskartrekking.com\/wp-content\/uploads\/2018\/08\/snowleopard5-300x252.jpg\" alt=\"\" width=\"300\" height=\"252\" \/>","_en_post_title":"Snow Leopard Spotting - Wild Life Tour Ladakh","_fr_post_content":"<div id=\"overview\" class=\"tab-pane active\" role=\"tabpanel\">\r\n<p class=\"lh1em mb20\"><strong>Lieux visit\u00e9s :<\/strong> Leh, Shey, Thiksey, Monast\u00e8re de Hemis \u2013 Rumbak\r\n<strong>Dur\u00e9e :<\/strong> 9 Jours \/ 8 Nuits\r\n<strong>Meilleure saison :<\/strong> NOV-F\u00c9B<\/p>\r\n<h3>Itin\u00e9raire :<\/h3>\r\n<strong>Jour 01 :<\/strong> Arriv\u00e9e \u00e0 l'a\u00e9roport de Leh, pour \u00eatre re\u00e7u par notre repr\u00e9sentant et transf\u00e9r\u00e9 \u00e0 l'h\u00f4tel. Enregistrement \u00e0 l\u2019h\u00f4tel et jour complet de repos o\u00f9 un th\u00e9 et caf\u00e9 sera servi par l\u2019h\u00f4tel. Le d\u00e9jeuner sera servi \u00e0 14h, apr\u00e8s le d\u00e9jeuner visite du march\u00e9 de Leh, du palais de Leh, du Hall of Fame et de la Shanti Stupa. Nuit \u00e0 l\u2019h\u00f4tel.\r\n\r\n<strong>Jour 02\u00a0:<\/strong> Leh \u2013 Toute la journ\u00e9e pour la visite de Shey, des monast\u00e8res de Hemis et Thiksey. Nuit \u00e0 l\u2019h\u00f4tel.\r\n\r\n<strong>Jour 03\u00a0:<\/strong> De Leh \u00e0 Phey et \u00e0 Rumbak (5h) apr\u00e8s le petit d\u00e9jeuner route jusqu\u2019au pont de Phey. On traverse le pont et on commence \u00e0 marcher vers la gorge de Zingchen. Sur le chemin on peut voir des traces du l\u00e9opard des neiges le long du bas des vall\u00e9es si vous trekkez pendant l\u2019hiver ou au d\u00e9but du printemps\/automne. Arriv\u00e9e \u00e0 Rumbak dans la soir\u00e9e. Nuit chez l\u2019habitant ou en camping.\r\n\r\n<strong>Jour 04\u00a0:<\/strong> Observation de la vie sauvage (Toute la journ\u00e9e). Apr\u00e8s le petit d\u00e9jeuner d\u00e9but de l\u2019observation de la vie sauvage pour toute la journ\u00e9e avec un guide local entra\u00een\u00e9. Les possibles observations de la vie sauvage sont\u00a0: le mouton bleu, le mouton sauvage ou Argali, divers oiseaux de montagnes et migratoires, de la flore de haute altitude et occasionnellement un loup tib\u00e9tain ou un l\u00e9opard des neiges si vous \u00eates tr\u00e8s chanceux. Nuit au camping.\r\n\r\n<strong>Jour 05\u00a0: Rumbak \u2013 Camping<\/strong>\r\n\r\n<strong>Jour 06\u00a0: Rumbak \u2013 Camping<\/strong>\r\n\r\n<strong>Jour 07\u00a0: Rumbak \u2013 Camping<\/strong>\r\n\r\n<strong>Jour 08\u00a0: Rumbak \u2013 Leh. H\u00f4tel.<\/strong>\r\n\r\n<strong>Jour 09\u00a0: Leh \u2013 Delhi<\/strong>\r\n\r\n<\/div>","_fr_post_name":"observation-du-leopard-des-neiges-voyage-de-la-vie-sauvage-du-ladakh","_fr_post_excerpt":"","_fr_post_title":"Observation du L\u00e9opard des Neiges \u2013 Voyage de la Vie Sauvage du Ladakh","edit_language":"fr"},"product_brand":[],"product_cat":[15],"product_tag":[],"class_list":{"0":"post-1244","1":"product","2":"type-product","3":"status-publish","4":"has-post-thumbnail","6":"product_cat-uncategorized","7":"tour_category-wildlife-tours","9":"first","10":"instock","11":"shipping-taxable","12":"product-type-tour"},"_links":{"self":[{"href":"https:\/\/www.ladakhzanskartrekking.com\/fr\/wp-json\/wp\/v2\/product\/1244","targetHints":{"allow":["GET"]}}],"collection":[{"href":"https:\/\/www.ladakhzanskartrekking.com\/fr\/wp-json\/wp\/v2\/product"}],"about":[{"href":"https:\/\/www.ladakhzanskartrekking.com\/fr\/wp-json\/wp\/v2\/types\/product"}],"replies":[{"embeddable":true,"href":"https:\/\/www.ladakhzanskartrekking.com\/fr\/wp-json\/wp\/v2\/comments?post=1244"}],"wp:featuredmedia":[{"embeddable":true,"href":"https:\/\/www.ladakhzanskartrekking.com\/fr\/wp-json\/wp\/v2\/media\/1332"}],"wp:attachment":[{"href":"https:\/\/www.ladakhzanskartrekking.com\/fr\/wp-json\/wp\/v2\/media?parent=1244"}],"wp:term":[{"taxonomy":"product_brand","embeddable":true,"href":"https:\/\/www.ladakhzanskartrekking.com\/fr\/wp-json\/wp\/v2\/product_brand?post=1244"},{"taxonomy":"product_cat","embeddable":true,"href":"https:\/\/www.ladakhzanskartrekking.com\/fr\/wp-json\/wp\/v2\/product_cat?post=1244"},{"taxonomy":"product_tag","embeddable":true,"href":"https:\/\/www.ladakhzanskartrekking.com\/fr\/wp-json\/wp\/v2\/product_tag?post=1244"}],"curies":[{"name":"wp","href":"https:\/\/api.w.org\/{rel}","templated":true}]}}