{"id":1249,"date":"2018-08-08T10:24:31","date_gmt":"2018-08-08T10:24:31","guid":{"rendered":"http:\/\/www.ladakhzanskartrekking.com\/?post_type=product&#038;p=1249"},"modified":"2026-01-30T20:21:09","modified_gmt":"2026-01-30T20:21:09","slug":"trek-de-la-vallee-de-la-markha","status":"publish","type":"product","link":"https:\/\/www.ladakhzanskartrekking.com\/fr\/voyages\/trek-de-la-vallee-de-la-markha\/","title":{"rendered":"Trek de la Vall\u00e9e de la Markha","raw":"Trek de la Vall\u00e9e de la Markha"},"content":{"rendered":"<div id=\"overview\" class=\"tab-pane active\" role=\"tabpanel\">\n<p class=\"lh1em mb20\"><strong>Lieux visit\u00e9s\u00a0:<\/strong> Leh \u2013 Spituk \u2013 Zinchen \u2013 Base du Kanda La \u2013 Shingo \u2013 Skiu \u2013 Markha \u2013 Thochungtse \u2013 Nimaling \u2013 Col du Kongmaru La \u2013 Shang Sumdo &#8211; Martselang<br \/>\n<strong>Dur\u00e9e :<\/strong> 11 Nuits \/ 12 Jours<br \/>\n<strong>Meilleure saison :<\/strong> Mai \u00e0 Septembre<br \/>\n<strong>Difficult\u00e9\u00a0:<\/strong> Intense<br \/>\n<strong>Altitude\u00a0:<\/strong> 5030 m<\/p>\n<p>Ce trek a \u00e9t\u00e9 un des treks favoris des trekkers pendant longtemps gr\u00e2ce la Belle Vall\u00e9e de la Markha \u00e0 l\u2019ombre du Kangyatse et d\u2019autres groupes de sommets. Les nombreux petits villages, abris de berger et cols sont les principales caract\u00e9ristiques de ce trek. Le trek commence du monast\u00e8re de Spituk ou du village de Stok, passe par le Stok La et col du Ganda La, qui vous am\u00e8ne \u00e0 travers la vall\u00e9e de la Markha. Finalement, il traverse le col de Kongmaru et ce trek merveilleux se finit au c\u00e9l\u00e8bre monast\u00e8re de Hemis.<\/p>\n<h3>Itin\u00e9raire :<\/h3>\n<p><strong>Jour 01\u00a0:<\/strong> DELHI \u00e0 LEH. Arriv\u00e9e \u00e0 Leh et transfert \u00e0 l\u2019h\u00f4tel, repos l\u2019apr\u00e8s-midi pour l\u2019acclimatation, nuit \u00e0 l\u2019h\u00f4tel.<\/p>\n<p><strong>Jour 02\u00a0:<\/strong> LEH. Le matin apr\u00e8s le petit d\u00e9jeuner petite marche pour s\u2019acclimater jusqu\u2019\u00e0 la Shanti Stupa, au monast\u00e8re de Sankar et au palais de Leh, au retour buffet chaud pour le d\u00e9jeuner \u00e0 l\u2019h\u00f4tel. Reposez-vous l\u2019apr\u00e8s-midi et soyez pr\u00eat pour l\u2019exp\u00e9dition, d\u00eener et nuit \u00e0 l\u2019h\u00f4tel.<\/p>\n<p><strong>Jour 03\u00a0:<\/strong> LEH \u00c0 SPITUK ET ZINCHEN. Le matin apr\u00e8s le petit d\u00e9jeuner en voiture jusqu\u2019au point de d\u00e9part de trekking \u00e0 Spituk, d\u2019o\u00f9 nous commen\u00e7ons le trek jusqu\u2019\u00e0 Zinchen qui est \u00e0 4 \u00e0 5h de trek \u00e0 travers de magnifiques paysages, pique-nique sur le chemin, \u00e0 l\u2019arriv\u00e9e au camping un rafra\u00eechissement sera servi. D\u00eener et nuit au camping.<\/p>\n<p><strong>Jour 04\u00a0:<\/strong> ZINCHEN AU CAMP DE BASE DU KANDALA. Apr\u00e8s le petit d\u00e9jeuner le trek commence pour le camp de base du Kandala, passe par le village de Rumbak, traverse la rivi\u00e8re (pont) et arrive \u00e0 Yurutse, une maison tr\u00e8s traditionnelle. Pique-nique sur le chemin, on continue plus loin et atteint le camp de base du col de Kandala.<\/p>\n<p><strong>Jour 05\u00a0:<\/strong> CAMP DE BASE DU KANDALA \u00c0 SHINGO. Le matin apr\u00e8s le petit d\u00e9jeuner, on commencer \u00e0 aller vers le sommet du col de Kandala, qui est \u00e0 peine \u00e0 3 \u00e0 h de marche pour arriver au sommet. Pique-nique sur le chemin. Descente facile vers le village de Shingo qui prendra quelques heures de plus. \u00c0 l\u2019arriv\u00e9e au camping un rafra\u00eechissement sera servi. D\u00eener et nuit au camping.<\/p>\n<p><strong>Jour 06\u00a0:<\/strong> SINGO \u00c0 SKIU. Apr\u00e8s le petit d\u00e9jeuner le trek pour Skiu commence, qui est tr\u00e8s facile en marchant dans des gorges splendides, \u00e7a prendra \u00e0 peine 3 \u00e0 4h pour atteindre le camping. Pique-nique au camping, \u00e0 l\u2019arriv\u00e9e un rafra\u00eechissement sera servi. D\u00eener et nuit au camping.<\/p>\n<p><strong>Jour 07\u00a0:<\/strong> SKIU \u00c0 MARKHA. Apr\u00e8s le petit d\u00e9jeuner on commence \u00e0 marcher sur un chemin int\u00e9ressant sur la rive droite de la rivi\u00e8re Markha. Beaucoup de v\u00e9g\u00e9tation, on peut voir des vari\u00e9t\u00e9s de fleurs de montagne et d\u2019animaux sauvages. Pique-nique sur le chemin. Arriv\u00e9e au camping de Markha apr\u00e8s une marche int\u00e9ressante de 6 \u00e0 7h, \u00e0 l\u2019arriv\u00e9e un rafra\u00eechissement sera servi. D\u00eener et nuit au camping.<\/p>\n<p><strong>Jour 08\u00a0:<\/strong> MARKHA \u00c0 THOCHUNGTSE. Apr\u00e8s le petit d\u00e9jeuner d\u00e9but du trek pour Thochungtse qui est \u00e0 environ 5 \u00e0 6h de marche, vous pouvez voir un beau monast\u00e8re sur le sommet de la montagne, aujourd\u2019hui on doit traverser la rivi\u00e8re trois fois, ce qui est une exp\u00e9rience vraiment excitante. On peut aussi voir les superbes villages de Humlung et Hankar. Pique-nique sur le chemin, \u00e0 l\u2019arriv\u00e9e au camping des rafra\u00eechissements seront servis. D\u00eener et nuit au camping.<\/p>\n<p><strong>Jour 09\u00a0:<\/strong> THOCHUNGTSE \u00c0 NIMALING. Aujourd\u2019hui est simplement le plus jour de trek le plus court, donc apr\u00e8s le petit d\u00e9jeuner le trek commence pour l\u2019alpage de Nimaling, \u00e7a prendra \u00e0 peine quelques heures pour atteindre le camping. Nimaling est une des plus belles hautes vall\u00e9es au Ladakh (4700m), domin\u00e9e par le magnifique sommet de Kangyatse (6400m). D\u00e9jeuner chaud au camping.<br \/>\nApr\u00e8s le d\u00e9jeuner il est possible de rendre visite au nomades qui vivent ici avec les animaux (yaks, moutons et chevaux). D\u00eener et nuit au camping.<\/p>\n<p><strong>Jour 10\u00a0:<\/strong> NIMALING AU COL DE KONGMARU LA ET SHANG SUMDO. Apr\u00e8s le petit d\u00e9jeuner d\u00e9but de la marche pour le Kongmaru La (5200m). Pour atteindre le sommer \u00e7a prendra 2 \u00e0 3h. Une fois au sommet on peut voir la vue \u00e9poustouflante sur les montagnes du Karakoram et la vall\u00e9e de Leh et autres villages. On commence la descente vers les gorges et on continue \u00e0 marcher sur la rive gauche jusqu\u2019\u00e0 Chumiktangmo. Pique-nique sur le chemin, arriv\u00e9e au camping apr\u00e8s 8 \u00e0 9h de marche. \u00c0 l\u2019arriv\u00e9e des rafra\u00eechissements seront servis. D\u00eener et nuit au camping.<\/p>\n<p><strong>Jour 11\u00a0:<\/strong> SHANG SUMDO \u00c0 MARTSELANG ET LEH. On continue notre descente, on passe des maisons parmi les plus hautes de la vall\u00e9e avant de descendre dans une autre partie avec des gorges rocheuses. Le long du chemin on traverse le village de Martselang, c\u2019est juste environ 3 \u00e0 4h de marche, une voiture viendra chercher le groupe \u00e0 Martselang et transfert \u00e0 l\u2019h\u00f4tel \u00e0 Leh pour la nuit.<\/p>\n<p><strong>Jour 12\u00a0:<\/strong> LEH \u00c0 DELHI. Le matin transfert vers l\u2019a\u00e9roport pour embarquer pour le vol vers Delhi.<\/p>\n<\/div>\n","protected":false,"raw":"<div id=\"overview\" class=\"tab-pane active\" role=\"tabpanel\">\r\n<p class=\"lh1em mb20\"><strong>Lieux visit\u00e9s\u00a0:<\/strong> Leh \u2013 Spituk \u2013 Zinchen \u2013 Base du Kanda La \u2013 Shingo \u2013 Skiu \u2013 Markha \u2013 Thochungtse \u2013 Nimaling \u2013 Col du Kongmaru La \u2013 Shang Sumdo - Martselang\r\n<strong>Dur\u00e9e :<\/strong> 11 Nuits \/ 12 Jours\r\n<strong>Meilleure saison :<\/strong> Mai \u00e0 Septembre\r\n<strong>Difficult\u00e9\u00a0:<\/strong> Intense\r\n<strong>Altitude\u00a0:<\/strong> 5030 m<\/p>\r\n\r\nCe trek a \u00e9t\u00e9 un des treks favoris des trekkers pendant longtemps gr\u00e2ce la Belle Vall\u00e9e de la Markha \u00e0 l\u2019ombre du Kangyatse et d\u2019autres groupes de sommets. Les nombreux petits villages, abris de berger et cols sont les principales caract\u00e9ristiques de ce trek. Le trek commence du monast\u00e8re de Spituk ou du village de Stok, passe par le Stok La et col du Ganda La, qui vous am\u00e8ne \u00e0 travers la vall\u00e9e de la Markha. Finalement, il traverse le col de Kongmaru et ce trek merveilleux se finit au c\u00e9l\u00e8bre monast\u00e8re de Hemis.\r\n<h3>Itin\u00e9raire :<\/h3>\r\n<strong>Jour 01\u00a0:<\/strong> DELHI \u00e0 LEH. Arriv\u00e9e \u00e0 Leh et transfert \u00e0 l\u2019h\u00f4tel, repos l\u2019apr\u00e8s-midi pour l\u2019acclimatation, nuit \u00e0 l\u2019h\u00f4tel.\r\n\r\n<strong>Jour 02\u00a0:<\/strong> LEH. Le matin apr\u00e8s le petit d\u00e9jeuner petite marche pour s\u2019acclimater jusqu\u2019\u00e0 la Shanti Stupa, au monast\u00e8re de Sankar et au palais de Leh, au retour buffet chaud pour le d\u00e9jeuner \u00e0 l\u2019h\u00f4tel. Reposez-vous l\u2019apr\u00e8s-midi et soyez pr\u00eat pour l\u2019exp\u00e9dition, d\u00eener et nuit \u00e0 l\u2019h\u00f4tel.\r\n\r\n<strong>Jour 03\u00a0:<\/strong> LEH \u00c0 SPITUK ET ZINCHEN. Le matin apr\u00e8s le petit d\u00e9jeuner en voiture jusqu\u2019au point de d\u00e9part de trekking \u00e0 Spituk, d\u2019o\u00f9 nous commen\u00e7ons le trek jusqu\u2019\u00e0 Zinchen qui est \u00e0 4 \u00e0 5h de trek \u00e0 travers de magnifiques paysages, pique-nique sur le chemin, \u00e0 l\u2019arriv\u00e9e au camping un rafra\u00eechissement sera servi. D\u00eener et nuit au camping.\r\n\r\n<strong>Jour 04\u00a0:<\/strong> ZINCHEN AU CAMP DE BASE DU KANDALA. Apr\u00e8s le petit d\u00e9jeuner le trek commence pour le camp de base du Kandala, passe par le village de Rumbak, traverse la rivi\u00e8re (pont) et arrive \u00e0 Yurutse, une maison tr\u00e8s traditionnelle. Pique-nique sur le chemin, on continue plus loin et atteint le camp de base du col de Kandala.\r\n\r\n<strong>Jour 05\u00a0:<\/strong> CAMP DE BASE DU KANDALA \u00c0 SHINGO. Le matin apr\u00e8s le petit d\u00e9jeuner, on commencer \u00e0 aller vers le sommet du col de Kandala, qui est \u00e0 peine \u00e0 3 \u00e0 h de marche pour arriver au sommet. Pique-nique sur le chemin. Descente facile vers le village de Shingo qui prendra quelques heures de plus. \u00c0 l\u2019arriv\u00e9e au camping un rafra\u00eechissement sera servi. D\u00eener et nuit au camping.\r\n\r\n<strong>Jour 06\u00a0:<\/strong> SINGO \u00c0 SKIU. Apr\u00e8s le petit d\u00e9jeuner le trek pour Skiu commence, qui est tr\u00e8s facile en marchant dans des gorges splendides, \u00e7a prendra \u00e0 peine 3 \u00e0 4h pour atteindre le camping. Pique-nique au camping, \u00e0 l\u2019arriv\u00e9e un rafra\u00eechissement sera servi. D\u00eener et nuit au camping.\r\n\r\n<strong>Jour 07\u00a0:<\/strong> SKIU \u00c0 MARKHA. Apr\u00e8s le petit d\u00e9jeuner on commence \u00e0 marcher sur un chemin int\u00e9ressant sur la rive droite de la rivi\u00e8re Markha. Beaucoup de v\u00e9g\u00e9tation, on peut voir des vari\u00e9t\u00e9s de fleurs de montagne et d\u2019animaux sauvages. Pique-nique sur le chemin. Arriv\u00e9e au camping de Markha apr\u00e8s une marche int\u00e9ressante de 6 \u00e0 7h, \u00e0 l\u2019arriv\u00e9e un rafra\u00eechissement sera servi. D\u00eener et nuit au camping.\r\n\r\n<strong>Jour 08\u00a0:<\/strong> MARKHA \u00c0 THOCHUNGTSE. Apr\u00e8s le petit d\u00e9jeuner d\u00e9but du trek pour Thochungtse qui est \u00e0 environ 5 \u00e0 6h de marche, vous pouvez voir un beau monast\u00e8re sur le sommet de la montagne, aujourd\u2019hui on doit traverser la rivi\u00e8re trois fois, ce qui est une exp\u00e9rience vraiment excitante. On peut aussi voir les superbes villages de Humlung et Hankar. Pique-nique sur le chemin, \u00e0 l\u2019arriv\u00e9e au camping des rafra\u00eechissements seront servis. D\u00eener et nuit au camping.\r\n\r\n<strong>Jour 09\u00a0:<\/strong> THOCHUNGTSE \u00c0 NIMALING. Aujourd\u2019hui est simplement le plus jour de trek le plus court, donc apr\u00e8s le petit d\u00e9jeuner le trek commence pour l\u2019alpage de Nimaling, \u00e7a prendra \u00e0 peine quelques heures pour atteindre le camping. Nimaling est une des plus belles hautes vall\u00e9es au Ladakh (4700m), domin\u00e9e par le magnifique sommet de Kangyatse (6400m). D\u00e9jeuner chaud au camping.\r\nApr\u00e8s le d\u00e9jeuner il est possible de rendre visite au nomades qui vivent ici avec les animaux (yaks, moutons et chevaux). D\u00eener et nuit au camping.\r\n\r\n<strong>Jour 10\u00a0:<\/strong> NIMALING AU COL DE KONGMARU LA ET SHANG SUMDO. Apr\u00e8s le petit d\u00e9jeuner d\u00e9but de la marche pour le Kongmaru La (5200m). Pour atteindre le sommer \u00e7a prendra 2 \u00e0 3h. Une fois au sommet on peut voir la vue \u00e9poustouflante sur les montagnes du Karakoram et la vall\u00e9e de Leh et autres villages. On commence la descente vers les gorges et on continue \u00e0 marcher sur la rive gauche jusqu\u2019\u00e0 Chumiktangmo. Pique-nique sur le chemin, arriv\u00e9e au camping apr\u00e8s 8 \u00e0 9h de marche. \u00c0 l\u2019arriv\u00e9e des rafra\u00eechissements seront servis. D\u00eener et nuit au camping.\r\n\r\n<strong>Jour 11\u00a0:<\/strong> SHANG SUMDO \u00c0 MARTSELANG ET LEH. On continue notre descente, on passe des maisons parmi les plus hautes de la vall\u00e9e avant de descendre dans une autre partie avec des gorges rocheuses. Le long du chemin on traverse le village de Martselang, c\u2019est juste environ 3 \u00e0 4h de marche, une voiture viendra chercher le groupe \u00e0 Martselang et transfert \u00e0 l\u2019h\u00f4tel \u00e0 Leh pour la nuit.\r\n\r\n<strong>Jour 12\u00a0:<\/strong> LEH \u00c0 DELHI. Le matin transfert vers l\u2019a\u00e9roport pour embarquer pour le vol vers Delhi.\r\n\r\n<\/div>"},"excerpt":{"rendered":"Places Covered: Leh - Spituk - Zinchen - Kandala Base - Shingo - Skiu - Markha - Thochungtse - Nimaling - Kongmaru La Pass - Shang Sumdo - Martselang Duration: 11 Nights \/ 12 Days Best Season: May to September Grade: Strenuous Altitude: 5030 mtrs This trek has been, one of the most favorite trek<div class=\"padding-top text-center\"><a href=\"https:\/\/www.ladakhzanskartrekking.com\/fr\/voyages\/trek-de-la-vallee-de-la-markha\/\" class=\"atbtn atbtn--medium atbtn--rounded atbtn--transparent\">Lire plus<i class=\"atbtn__icon atbtn__icon--right fa fa-long-arrow-right\"><\/i><\/a><\/div>","protected":false,"raw":""},"featured_media":1344,"comment_status":"open","ping_status":"closed","template":"","meta":{"_en_post_content":"<div id=\"overview\" class=\"tab-pane active\" role=\"tabpanel\">\r\n<p class=\"lh1em mb20\"><strong>Places Covered:<\/strong> Leh - Spituk - Zinchen - Kandala Base - Shingo - Skiu - Markha - Thochungtse - Nimaling - Kongmaru La Pass - Shang Sumdo - Martselang\r\n<strong>Duration:<\/strong> 11 Nights \/ 12 Days\r\n<strong>Best Season:<\/strong> May to September\r\n<strong>Grade:<\/strong> Strenuous\r\n<strong>Altitude:<\/strong> 5030 mtrs<\/p>\r\n\r\nThis trek has been, one of the most favorite trek among trekkers for a long time because of Beautiful Valley of Markha overshadowed by Kanyatse and other groups of Peaks. The numerous small villages, shepherds camps and passes are main feature of this trek. The trek begins from Spituk monastery or Stok village passing through Stok La and Gandala Pass, which takes you across Markha valley. At last it crosses Kongmaru Pass and finishes wonderful trek at the famous Hemis monastery.\r\n&nbsp;\r\n\r\n<h3><strong>Itinerary:<\/strong><\/h3>\r\n<strong>1st Day:<\/strong> DELHI TO LEH. Arrival at Leh and transfer to hotel, afternoon relax for acclimatization, overnight at hotel.\r\n\r\n<strong>2nd Day:<\/strong> LEH. Morning after breakfast short walk for acclimatization to Shanti Stupa, Sankar monastery and Leh palace, on returning hot buffet lunch at hotel. Afternoon relax and be prepared for the expedition, dinner and overnight at hotel.\r\n\r\n<strong>3rd Day: <\/strong> LEH TO SPITUK TO ZINCHEN. Morning after breakfast drive by motor car for Spituk Trekking point, from there we start the trek till Zinchen which is about 4 to 5 hrs trek through the beautiful landscapes, packed lunch enroute, on arrival at camp refreshment will be served. Dinner and overnight at camp.\r\n\r\n<strong>4th Day:<\/strong> ZINCHEN TO KANDALA BASE. After breakfast trek begins for Kandala base, pass the village of Rumbak, cross the river and (bridge) arrive in Yurutse, a very traditional house. Have packed lunch enroute, keep going further ahead and reach the base of the Kandala pass.\r\n\r\n<strong>5th Day:<\/strong> KANDALA BASE TO SHINGO. Morning after early breakfast, start moving towards the top of the Kandala pass, which will hardly take 3 to 4 hrs to reach on top. Packed lunch enroute. Easy descent towards village Shingo that will take another couple of hrs. On arrival at the camp refreshment will be served. Dinner and overnight at the camp.\r\n\r\n<strong>6th Day: <\/strong> SHINGO TO SKIU. After breakfast trek begins for Skiu, which is really easy walking through the splendid gorges, it will hardly take 3 to 4 hrs to reach the campsite. Packed lunch at campsite, on arrival refreshment will be served. Dinner and overnight at camp.\r\n\r\n<strong>7th Day:<\/strong> SKIU TO MARKHA. After breakfast start walking from an interesting path on the right bank of the river Markha. A great deal of vegetation, one can come across varieties of wild mountain flowers and animals. Packed lunch enroute. Arrive at Markha campsite after an interesting walk of 6 to 7 hrs, on arrival refreshment will be served. Dinner and overnight at the camp.\r\n\r\n<strong>8th Day: <\/strong> MARKHA TO THOCHUNGTSE. After breakfast begin trek for Thochungtse which is about 5 to 6 hrs walking distance, you can come across a beautiful monastery on the top of the mountain, today one has to cross the river three times, which is really a exciting experience. One can also see the beautiful villages of Humlung and Hankar. Packed lunch enroute; on arrival at the camp refreshments will be served. Dinner and overnight stay at the camp.\r\n\r\n<strong>9th Day: <\/strong>THOCHUNGTSE TO NIMALING. Today is basically the shortest day of the trek, so after late breakfast trek begins for Nimaling pasture, it will take hardly couple of hrs to reach at campsite. Nimaling is one of the most beautiful high valleys in Ladakh (4,700mtres), dominated by the gorgious peak Kangyatse (6,400mtres). Hot lunch at the campsite.\r\nAfter lunch one can visit the nomads living there with the animals (yaks, sheep's and horses). Dinner and overnight stay at the camp.\r\n\r\n<strong>10th Day:<\/strong> NIMALING TO KONGMARU LA PASS TO SHANG SUMDO. After early breakfast start walking for the Kongmaru la (5,200mtres). To reach on the top it will take 2 to 3 hrs time. On reaching the top one can see the mindblowing view of Karakoram ranges and the valley of Leh and other villages. Start the descent down towards the gorges and keep walking on the left bank to Chumiktangmo. Packed lunch enroute, arrive at the camp after 8 to 9 hrs walking. On arrival refreshments will be served. Dinner and overnight stay at camp.\r\n\r\n<strong>11th Day:<\/strong> SHANG SUMDO TO MARTSELANG TO LEH. Continuing our descent, we pass some of the highest located houses in the valley before descending into another section of rocky gorge. Along the way we pass through the village of Martsylang, it's just about 3-4hrs walk, car will pickup the group at Martselang and transfer to hotel at Leh for overnight stay.\r\n\r\n<strong>12th Day: <\/strong>LEH TO DELHI. Morning transfer to the airport to board the flight to Delhi.\r\n\r\n<\/div>","_en_post_name":"markha-valley-trek","_en_post_excerpt":"","_en_post_title":"Markha Valley Trek","_fr_post_content":"<div id=\"overview\" class=\"tab-pane active\" role=\"tabpanel\">\r\n<p class=\"lh1em mb20\"><strong>Lieux visit\u00e9s\u00a0:<\/strong> Leh \u2013 Spituk \u2013 Zinchen \u2013 Base du Kanda La \u2013 Shingo \u2013 Skiu \u2013 Markha \u2013 Thochungtse \u2013 Nimaling \u2013 Col du Kongmaru La \u2013 Shang Sumdo - Martselang\r\n<strong>Dur\u00e9e :<\/strong> 11 Nuits \/ 12 Jours\r\n<strong>Meilleure saison :<\/strong> Mai \u00e0 Septembre\r\n<strong>Difficult\u00e9\u00a0:<\/strong> Intense\r\n<strong>Altitude\u00a0:<\/strong> 5030 m<\/p>\r\n\r\nCe trek a \u00e9t\u00e9 un des treks favoris des trekkers pendant longtemps gr\u00e2ce la Belle Vall\u00e9e de la Markha \u00e0 l\u2019ombre du Kangyatse et d\u2019autres groupes de sommets. Les nombreux petits villages, abris de berger et cols sont les principales caract\u00e9ristiques de ce trek. Le trek commence du monast\u00e8re de Spituk ou du village de Stok, passe par le Stok La et col du Ganda La, qui vous am\u00e8ne \u00e0 travers la vall\u00e9e de la Markha. Finalement, il traverse le col de Kongmaru et ce trek merveilleux se finit au c\u00e9l\u00e8bre monast\u00e8re de Hemis.\r\n<h3>Itin\u00e9raire :<\/h3>\r\n<strong>Jour 01\u00a0:<\/strong> DELHI \u00e0 LEH. Arriv\u00e9e \u00e0 Leh et transfert \u00e0 l\u2019h\u00f4tel, repos l\u2019apr\u00e8s-midi pour l\u2019acclimatation, nuit \u00e0 l\u2019h\u00f4tel.\r\n\r\n<strong>Jour 02\u00a0:<\/strong> LEH. Le matin apr\u00e8s le petit d\u00e9jeuner petite marche pour s\u2019acclimater jusqu\u2019\u00e0 la Shanti Stupa, au monast\u00e8re de Sankar et au palais de Leh, au retour buffet chaud pour le d\u00e9jeuner \u00e0 l\u2019h\u00f4tel. Reposez-vous l\u2019apr\u00e8s-midi et soyez pr\u00eat pour l\u2019exp\u00e9dition, d\u00eener et nuit \u00e0 l\u2019h\u00f4tel.\r\n\r\n<strong>Jour 03\u00a0:<\/strong> LEH \u00c0 SPITUK ET ZINCHEN. Le matin apr\u00e8s le petit d\u00e9jeuner en voiture jusqu\u2019au point de d\u00e9part de trekking \u00e0 Spituk, d\u2019o\u00f9 nous commen\u00e7ons le trek jusqu\u2019\u00e0 Zinchen qui est \u00e0 4 \u00e0 5h de trek \u00e0 travers de magnifiques paysages, pique-nique sur le chemin, \u00e0 l\u2019arriv\u00e9e au camping un rafra\u00eechissement sera servi. D\u00eener et nuit au camping.\r\n\r\n<strong>Jour 04\u00a0:<\/strong> ZINCHEN AU CAMP DE BASE DU KANDALA. Apr\u00e8s le petit d\u00e9jeuner le trek commence pour le camp de base du Kandala, passe par le village de Rumbak, traverse la rivi\u00e8re (pont) et arrive \u00e0 Yurutse, une maison tr\u00e8s traditionnelle. Pique-nique sur le chemin, on continue plus loin et atteint le camp de base du col de Kandala.\r\n\r\n<strong>Jour 05\u00a0:<\/strong> CAMP DE BASE DU KANDALA \u00c0 SHINGO. Le matin apr\u00e8s le petit d\u00e9jeuner, on commencer \u00e0 aller vers le sommet du col de Kandala, qui est \u00e0 peine \u00e0 3 \u00e0 h de marche pour arriver au sommet. Pique-nique sur le chemin. Descente facile vers le village de Shingo qui prendra quelques heures de plus. \u00c0 l\u2019arriv\u00e9e au camping un rafra\u00eechissement sera servi. D\u00eener et nuit au camping.\r\n\r\n<strong>Jour 06\u00a0:<\/strong> SINGO \u00c0 SKIU. Apr\u00e8s le petit d\u00e9jeuner le trek pour Skiu commence, qui est tr\u00e8s facile en marchant dans des gorges splendides, \u00e7a prendra \u00e0 peine 3 \u00e0 4h pour atteindre le camping. Pique-nique au camping, \u00e0 l\u2019arriv\u00e9e un rafra\u00eechissement sera servi. D\u00eener et nuit au camping.\r\n\r\n<strong>Jour 07\u00a0:<\/strong> SKIU \u00c0 MARKHA. Apr\u00e8s le petit d\u00e9jeuner on commence \u00e0 marcher sur un chemin int\u00e9ressant sur la rive droite de la rivi\u00e8re Markha. Beaucoup de v\u00e9g\u00e9tation, on peut voir des vari\u00e9t\u00e9s de fleurs de montagne et d\u2019animaux sauvages. Pique-nique sur le chemin. Arriv\u00e9e au camping de Markha apr\u00e8s une marche int\u00e9ressante de 6 \u00e0 7h, \u00e0 l\u2019arriv\u00e9e un rafra\u00eechissement sera servi. D\u00eener et nuit au camping.\r\n\r\n<strong>Jour 08\u00a0:<\/strong> MARKHA \u00c0 THOCHUNGTSE. Apr\u00e8s le petit d\u00e9jeuner d\u00e9but du trek pour Thochungtse qui est \u00e0 environ 5 \u00e0 6h de marche, vous pouvez voir un beau monast\u00e8re sur le sommet de la montagne, aujourd\u2019hui on doit traverser la rivi\u00e8re trois fois, ce qui est une exp\u00e9rience vraiment excitante. On peut aussi voir les superbes villages de Humlung et Hankar. Pique-nique sur le chemin, \u00e0 l\u2019arriv\u00e9e au camping des rafra\u00eechissements seront servis. D\u00eener et nuit au camping.\r\n\r\n<strong>Jour 09\u00a0:<\/strong> THOCHUNGTSE \u00c0 NIMALING. Aujourd\u2019hui est simplement le plus jour de trek le plus court, donc apr\u00e8s le petit d\u00e9jeuner le trek commence pour l\u2019alpage de Nimaling, \u00e7a prendra \u00e0 peine quelques heures pour atteindre le camping. Nimaling est une des plus belles hautes vall\u00e9es au Ladakh (4700m), domin\u00e9e par le magnifique sommet de Kangyatse (6400m). D\u00e9jeuner chaud au camping.\r\nApr\u00e8s le d\u00e9jeuner il est possible de rendre visite au nomades qui vivent ici avec les animaux (yaks, moutons et chevaux). D\u00eener et nuit au camping.\r\n\r\n<strong>Jour 10\u00a0:<\/strong> NIMALING AU COL DE KONGMARU LA ET SHANG SUMDO. Apr\u00e8s le petit d\u00e9jeuner d\u00e9but de la marche pour le Kongmaru La (5200m). Pour atteindre le sommer \u00e7a prendra 2 \u00e0 3h. Une fois au sommet on peut voir la vue \u00e9poustouflante sur les montagnes du Karakoram et la vall\u00e9e de Leh et autres villages. On commence la descente vers les gorges et on continue \u00e0 marcher sur la rive gauche jusqu\u2019\u00e0 Chumiktangmo. Pique-nique sur le chemin, arriv\u00e9e au camping apr\u00e8s 8 \u00e0 9h de marche. \u00c0 l\u2019arriv\u00e9e des rafra\u00eechissements seront servis. D\u00eener et nuit au camping.\r\n\r\n<strong>Jour 11\u00a0:<\/strong> SHANG SUMDO \u00c0 MARTSELANG ET LEH. On continue notre descente, on passe des maisons parmi les plus hautes de la vall\u00e9e avant de descendre dans une autre partie avec des gorges rocheuses. Le long du chemin on traverse le village de Martselang, c\u2019est juste environ 3 \u00e0 4h de marche, une voiture viendra chercher le groupe \u00e0 Martselang et transfert \u00e0 l\u2019h\u00f4tel \u00e0 Leh pour la nuit.\r\n\r\n<strong>Jour 12\u00a0:<\/strong> LEH \u00c0 DELHI. Le matin transfert vers l\u2019a\u00e9roport pour embarquer pour le vol vers Delhi.\r\n\r\n<\/div>","_fr_post_name":"trek-de-la-vallee-de-la-markha","_fr_post_excerpt":"","_fr_post_title":"Trek de la Vall\u00e9e de la Markha","edit_language":"fr"},"product_brand":[],"product_cat":[15],"product_tag":[],"class_list":{"0":"post-1249","1":"product","2":"type-product","3":"status-publish","4":"has-post-thumbnail","6":"product_cat-uncategorized","7":"tour_category-trekking","9":"first","10":"instock","11":"shipping-taxable","12":"product-type-tour"},"_links":{"self":[{"href":"https:\/\/www.ladakhzanskartrekking.com\/fr\/wp-json\/wp\/v2\/product\/1249","targetHints":{"allow":["GET"]}}],"collection":[{"href":"https:\/\/www.ladakhzanskartrekking.com\/fr\/wp-json\/wp\/v2\/product"}],"about":[{"href":"https:\/\/www.ladakhzanskartrekking.com\/fr\/wp-json\/wp\/v2\/types\/product"}],"replies":[{"embeddable":true,"href":"https:\/\/www.ladakhzanskartrekking.com\/fr\/wp-json\/wp\/v2\/comments?post=1249"}],"wp:featuredmedia":[{"embeddable":true,"href":"https:\/\/www.ladakhzanskartrekking.com\/fr\/wp-json\/wp\/v2\/media\/1344"}],"wp:attachment":[{"href":"https:\/\/www.ladakhzanskartrekking.com\/fr\/wp-json\/wp\/v2\/media?parent=1249"}],"wp:term":[{"taxonomy":"product_brand","embeddable":true,"href":"https:\/\/www.ladakhzanskartrekking.com\/fr\/wp-json\/wp\/v2\/product_brand?post=1249"},{"taxonomy":"product_cat","embeddable":true,"href":"https:\/\/www.ladakhzanskartrekking.com\/fr\/wp-json\/wp\/v2\/product_cat?post=1249"},{"taxonomy":"product_tag","embeddable":true,"href":"https:\/\/www.ladakhzanskartrekking.com\/fr\/wp-json\/wp\/v2\/product_tag?post=1249"}],"curies":[{"name":"wp","href":"https:\/\/api.w.org\/{rel}","templated":true}]}}