{"id":1250,"date":"2018-08-08T10:39:00","date_gmt":"2018-08-08T10:39:00","guid":{"rendered":"http:\/\/www.ladakhzanskartrekking.com\/?post_type=product&#038;p=1250"},"modified":"2026-02-18T17:43:14","modified_gmt":"2026-02-18T17:43:14","slug":"trek-de-leh-photoksar-pishu","status":"publish","type":"product","link":"https:\/\/www.ladakhzanskartrekking.com\/fr\/voyages\/trek-de-leh-photoksar-pishu\/","title":{"rendered":"Trek de Leh \u2013 Photoksar \u2013 Pishu","raw":"Trek de Leh \u2013 Photoksar \u2013 Pishu"},"content":{"rendered":"<div id=\"overview\" class=\"tab-pane active\" role=\"tabpanel\">\n<p class=\"lh1em mb20\"><strong>Lieux visit\u00e9s\u00a0:<\/strong> LEH, KARGIL, PADUM, KARSHA, PISHU, HANUMIL, SNERTSE, DU HANUMAN LA \u00c0 LINGSHET, CAMP DE BASE DU SENGGE LA, PHOTOKSAR, DU SISIR LA \u00c0 HANUPATTA, WANLAH, LAMAYURU<br \/>\n<strong>Dur\u00e9e :<\/strong> 11 Nuits 12 Jours<br \/>\n<strong>Meilleure saison :<\/strong> Juin \u00e0 Septembre<br \/>\n<strong>Difficult\u00e9\u00a0:<\/strong> Mod\u00e9r\u00e9e \u00e0 Intense<\/p>\n<p>Au nord de la Grande Cha\u00eene de l\u2019Himalaya, au milieu d\u2019un enchev\u00eatrement de montagnes pointues, se situe une terre rude et fascinante, le royaume du Zanskar autrefois ind\u00e9pendant. Pris en sandwich entre la Vall\u00e9e de l\u2019Indus et les cr\u00eates principales de l\u2019Himalaya Indien, cette zone isol\u00e9e et inaccessible, bien prot\u00e9g\u00e9e par des cols enneig\u00e9s, a maintenu vivant une forme archa\u00efque du Bouddhisme Tib\u00e9tain qui fleurit dans une succession de monast\u00e8res \u00e9loign\u00e9s, dont la plupart occupent des lieux fortifi\u00e9s de fa\u00e7on spectaculaire, hauts sur des cr\u00eates rocheuses dans des vall\u00e9es isol\u00e9es.<\/p>\n<h3>Itin\u00e9raire :<\/h3>\n<p><strong>Jour \u2013 01 \u2013 Leh \u2013 Photoksar<\/strong><br \/>\nLe matin en voiture jusqu\u2019\u00e0 Photoksar et visite du monast\u00e8re d\u2019Alchi sur la route. Ensuite on va \u00e0 Photoksar en passant par le Sir Sir La \u00e0 4800m. Nuit au Camping.<\/p>\n<p><strong>Jour \u2013 02 \u2013 Photoksar \u2013 Camp de base du Sengge La<\/strong><br \/>\nLe matin apr\u00e8s le petit d\u00e9jeuner Trek jusqu\u2019au camp de base du Sengge La, 5-6h de marche en passant le Bumitse La \u00e0 4200m. Nuit au Camping.<\/p>\n<p><strong>Jour \u2013 03 \u2013 Camp de base du Sengge La \u2013 Gongma (3490m)<\/strong><br \/>\nLe matin apr\u00e8s le petit d\u00e9jeuner Trek jusqu\u2019\u00e0 Gongma 6-7h de marche. Passage du col du Sengge La \u00e0 5000m et du Kyukpa La \u00e0 3850m.<\/p>\n<p><strong>Jour \u2013 04 \u2013 Gongma \u2013 Lingshed<\/strong><br \/>\nLe matin trek jusqu\u2019\u00e0 Lingshed. C\u2019est une option pour les trekkers si ils veulent camper \u00e0 Lingshed, 3h de marche en passant le Morgon La \u00e0 4100m. Nuit au Camping.<\/p>\n<p><strong>Jour \u2013 05 \u2013 Lingshed \u2013 Camp de base du Hanamul La<\/strong><br \/>\nLe matin Trek jusqu\u2019au camp de base du Hanamul La, 3-4h de marche. Camping.<\/p>\n<p><strong>Jour \u2013 06 \u2013 Camp de base du Hanamul La \u2013 Zhingchen<\/strong><br \/>\nLe matin Trek jusqu\u2019\u00e0 Zhingchen, 6-7h de marche. Du camp de base au col de Hanamul La (4700m)\u00a0: 2h45 approximativement. Nuit au Camping.<\/p>\n<p><strong>Jour &#8211; 07\u00a0: Zhingchen \u2013 Village d\u2019Hanamur<\/strong><br \/>\nLe matin Trek jusqu\u2019au village d\u2019Hanamur, 5-6h de marche. En passant le col de Parfila \u00e0 3900m\u00a0: 1h45 jusqu\u2019au col. Nuit au Camping.<\/p>\n<p><strong>Jour \u2013 08 \u2013 Hanamur \u2013 Pishu \u2013 Karsha \u2013 Padum<\/strong><br \/>\nLe matin apr\u00e8s le petit d\u00e9jeuner Trek jusqu\u2019\u00e0 Pishu, 5-6h de marche. Ensuite en voiture jusqu\u2019\u00e0 Karsha\/Padum.<\/p>\n<p><strong>Jour \u2013 09 \u2013 Padum \u2013 Jour \u2013 10 \u2013 Padum \u2013 Jour \u2013 11 \u2013 Padum \u2013 Sankoo\/Kargil<\/strong><br \/>\nLe matin apr\u00e8s le petit d\u00e9jeuner en voiture jusqu\u2019\u00e0 Sankoo \/ Kargil en passant le col du Penzila 14000ft. C\u2019est le plus haut col de la route entre Padum et Kargil.<\/p>\n<p><strong>Jour \u2013 12 \u2013 Sankoo\/Kargil \u2013 Leh<\/strong><br \/>\nLe matin apr\u00e8s le petit d\u00e9jeuner en voiture jusqu\u2019\u00e0 Leh, 235km, en route visite de Mulbeck Chamba et du Monast\u00e8re de Lamayuru.<\/p>\n<\/div>\n","protected":false,"raw":"<div id=\"overview\" class=\"tab-pane active\" role=\"tabpanel\">\r\n<p class=\"lh1em mb20\"><strong>Lieux visit\u00e9s\u00a0:<\/strong> LEH, KARGIL, PADUM, KARSHA, PISHU, HANUMIL, SNERTSE, DU HANUMAN LA \u00c0 LINGSHET, CAMP DE BASE DU SENGGE LA, PHOTOKSAR, DU SISIR LA \u00c0 HANUPATTA, WANLAH, LAMAYURU\r\n<strong>Dur\u00e9e :<\/strong> 11 Nuits 12 Jours\r\n<strong>Meilleure saison :<\/strong> Juin \u00e0 Septembre\r\n<strong>Difficult\u00e9\u00a0:<\/strong> Mod\u00e9r\u00e9e \u00e0 Intense<\/p>\r\n\r\nAu nord de la Grande Cha\u00eene de l\u2019Himalaya, au milieu d\u2019un enchev\u00eatrement de montagnes pointues, se situe une terre rude et fascinante, le royaume du Zanskar autrefois ind\u00e9pendant. Pris en sandwich entre la Vall\u00e9e de l\u2019Indus et les cr\u00eates principales de l\u2019Himalaya Indien, cette zone isol\u00e9e et inaccessible, bien prot\u00e9g\u00e9e par des cols enneig\u00e9s, a maintenu vivant une forme archa\u00efque du Bouddhisme Tib\u00e9tain qui fleurit dans une succession de monast\u00e8res \u00e9loign\u00e9s, dont la plupart occupent des lieux fortifi\u00e9s de fa\u00e7on spectaculaire, hauts sur des cr\u00eates rocheuses dans des vall\u00e9es isol\u00e9es.\r\n<h3>Itin\u00e9raire :<\/h3>\r\n<strong>Jour \u2013 01 \u2013 Leh \u2013 Photoksar<\/strong>\r\nLe matin en voiture jusqu\u2019\u00e0 Photoksar et visite du monast\u00e8re d\u2019Alchi sur la route. Ensuite on va \u00e0 Photoksar en passant par le Sir Sir La \u00e0 4800m. Nuit au Camping.\r\n\r\n<strong>Jour \u2013 02 \u2013 Photoksar \u2013 Camp de base du Sengge La<\/strong>\r\nLe matin apr\u00e8s le petit d\u00e9jeuner Trek jusqu\u2019au camp de base du Sengge La, 5-6h de marche en passant le Bumitse La \u00e0 4200m. Nuit au Camping.\r\n\r\n<strong>Jour \u2013 03 \u2013 Camp de base du Sengge La \u2013 Gongma (3490m)<\/strong>\r\nLe matin apr\u00e8s le petit d\u00e9jeuner Trek jusqu\u2019\u00e0 Gongma 6-7h de marche. Passage du col du Sengge La \u00e0 5000m et du Kyukpa La \u00e0 3850m.\r\n\r\n<strong>Jour \u2013 04 \u2013 Gongma \u2013 Lingshed<\/strong>\r\nLe matin trek jusqu\u2019\u00e0 Lingshed. C\u2019est une option pour les trekkers si ils veulent camper \u00e0 Lingshed, 3h de marche en passant le Morgon La \u00e0 4100m. Nuit au Camping.\r\n\r\n<strong>Jour \u2013 05 \u2013 Lingshed \u2013 Camp de base du Hanamul La<\/strong>\r\nLe matin Trek jusqu\u2019au camp de base du Hanamul La, 3-4h de marche. Camping.\r\n\r\n<strong>Jour \u2013 06 \u2013 Camp de base du Hanamul La \u2013 Zhingchen<\/strong>\r\nLe matin Trek jusqu\u2019\u00e0 Zhingchen, 6-7h de marche. Du camp de base au col de Hanamul La (4700m)\u00a0: 2h45 approximativement. Nuit au Camping.\r\n\r\n<strong>Jour - 07\u00a0: Zhingchen \u2013 Village d\u2019Hanamur<\/strong>\r\nLe matin Trek jusqu\u2019au village d\u2019Hanamur, 5-6h de marche. En passant le col de Parfila \u00e0 3900m\u00a0: 1h45 jusqu\u2019au col. Nuit au Camping.\r\n\r\n<strong>Jour \u2013 08 \u2013 Hanamur \u2013 Pishu \u2013 Karsha \u2013 Padum<\/strong>\r\nLe matin apr\u00e8s le petit d\u00e9jeuner Trek jusqu\u2019\u00e0 Pishu, 5-6h de marche. Ensuite en voiture jusqu\u2019\u00e0 Karsha\/Padum.\r\n\r\n<strong>Jour \u2013 09 \u2013 Padum \u2013 Jour \u2013 10 \u2013 Padum \u2013 Jour \u2013 11 \u2013 Padum \u2013 Sankoo\/Kargil<\/strong>\r\nLe matin apr\u00e8s le petit d\u00e9jeuner en voiture jusqu\u2019\u00e0 Sankoo \/ Kargil en passant le col du Penzila 14000ft. C\u2019est le plus haut col de la route entre Padum et Kargil.\r\n\r\n<strong>Jour \u2013 12 \u2013 Sankoo\/Kargil \u2013 Leh<\/strong>\r\nLe matin apr\u00e8s le petit d\u00e9jeuner en voiture jusqu\u2019\u00e0 Leh, 235km, en route visite de Mulbeck Chamba et du Monast\u00e8re de Lamayuru.\r\n\r\n<\/div>"},"excerpt":{"rendered":"Places Covered: LEH, KARGIL, PADUM, KARSHA, PISHU, HANUMIL, SNERTSE, HANUMAN LA TO LINGSHET, BASE SINGGE LA, PHOTAKSAR, SISIR LA TO HANUPATTA, WANLAH, LAMAYURU, Duration: 11 Nights 12 Days Best Season: June to September Grade: Moderate to Strenuous North of the Great Himalayan range, amongst a tangled knot of jagged mountains, lies a rugged and fascinating<div class=\"padding-top text-center\"><a href=\"https:\/\/www.ladakhzanskartrekking.com\/fr\/voyages\/trek-de-leh-photoksar-pishu\/\" class=\"atbtn atbtn--medium atbtn--rounded atbtn--transparent\">Lire plus<i class=\"atbtn__icon atbtn__icon--right fa fa-long-arrow-right\"><\/i><\/a><\/div>","protected":false,"raw":""},"featured_media":1348,"comment_status":"open","ping_status":"closed","template":"","meta":{"_en_post_content":"<div id=\"overview\" class=\"tab-pane active\" role=\"tabpanel\">\r\n<p class=\"lh1em mb20\"><strong>Places Covered:<\/strong> LEH, KARGIL, PADUM, KARSHA, PISHU, HANUMIL, SNERTSE, HANUMAN LA TO LINGSHET, BASE SINGGE LA, PHOTAKSAR, SISIR LA TO HANUPATTA, WANLAH, LAMAYURU,\r\n<strong>Duration:<\/strong> 11 Nights 12 Days\r\n<strong>Best Season:<\/strong> June to September\r\n<strong>Grade:<\/strong> Moderate to Strenuous<\/p>\r\nNorth of the Great Himalayan range, amongst a tangled knot of jagged mountains, lies a rugged and fascinating land, the once independent kingdom of Zanskar. Sandwiched between the Indus Valley and the main crest of the Indian Himalaya, this remote and inaccessible setting, well guarded by snowy mountain passes, has kept alive an archaic form of Tibetan Buddhism which flourishes in chain of far-flung monasteries, most of which occupy spectacular fortified locations, high on rocky ridges in isolated valleys\r\n<h3><strong>Itinerary:<\/strong><\/h3>\r\n<strong>Day - 01 - Leh - Photoksar<\/strong>\r\nMorning drive to Photoksar en route visit the Alchi Gonpa. Then proceed to Photksar over the Sir Sir La 4800mt. Overnight at Camp.\r\n\r\n<strong>Day - 02 - Photoksar - Sengge La Base<\/strong>\r\nMorning after breakfast Trek to Sengge La Base 5-6hrs walk over the Bumitse La 4200 mt. Overnight at Camp\r\n\r\n<strong>Day - 03 - Sengge La Base - Gongma(3490mt)\u00a0<\/strong>\r\nMorning after breakfast Trek to Gongma 6-7hrs walk . Over the Sengge La Pass 5000mt and Kyukpa La 3850mt.\r\n\r\n<strong>Day - 04 - Gongma - Lingshed<\/strong>\r\nMorning trek to Lingshed. This is option for the trekker if they want to camp at Lingshed 3hrs walk over the Morgon La4100mt. Overnight at Camp\r\n\r\n<strong>Day - 05 - Lingshed - Hanamul La Base<\/strong>\r\nMorning Trek to Hanamul La Base 3-4hrs walk. Camp\r\n\r\n<strong>Day - 06 - Hanamul La Base - Zhingchen<\/strong>\r\nMorning Trek to Zhingchen 6-7hrs walk. From base to Hanamul La pass (4700mt) -2hr: 45minute approximately. Overnight at Camp\r\n\r\n<strong>Day - 07 - Zhingchen - Hanamur Village<\/strong>\r\nMorning Trek to Hanamur village 5-6hrs walk. Over the Parfila Pass3900 -1hr: 45minute up to pass. Overnight at Camp\r\n\r\n<strong>Day - 08 - Hanamur - Pishu -Karsha-Padum<\/strong>\r\nMorning after breakfast Trek to Pishu 5-6hrs walk. Then drive to Karsha\/Padum.\r\n\r\n<strong>Day - 09 - Padum - Day -10 - Padum - Day -11 - Padum - Sankoo\/Kargil<\/strong>\r\nMorning after breakfast drive to Sankoo \/ Kargil over the Penzila Pass 14000ft. This is the highest pass between Padum and Kargil road.\r\n\r\n<strong>Day - 12 - Sankoo\/Kargil - Leh<\/strong>\r\nMorning after breakfast drive to Leh 235km en route visit the Mulbeck Chamba and Lamayuru Gonpa.\r\n\r\n<\/div>","_en_post_name":"leh-photoksar-pishu-trek","_en_post_excerpt":"","_en_post_title":"Leh - Photoksar - Pishu Trek","_fr_post_content":"<div id=\"overview\" class=\"tab-pane active\" role=\"tabpanel\">\r\n<p class=\"lh1em mb20\"><strong>Lieux visit\u00e9s\u00a0:<\/strong> LEH, KARGIL, PADUM, KARSHA, PISHU, HANUMIL, SNERTSE, DU HANUMAN LA \u00c0 LINGSHET, CAMP DE BASE DU SENGGE LA, PHOTOKSAR, DU SISIR LA \u00c0 HANUPATTA, WANLAH, LAMAYURU\r\n<strong>Dur\u00e9e :<\/strong> 11 Nuits 12 Jours\r\n<strong>Meilleure saison :<\/strong> Juin \u00e0 Septembre\r\n<strong>Difficult\u00e9\u00a0:<\/strong> Mod\u00e9r\u00e9e \u00e0 Intense<\/p>\r\n\r\nAu nord de la Grande Cha\u00eene de l\u2019Himalaya, au milieu d\u2019un enchev\u00eatrement de montagnes pointues, se situe une terre rude et fascinante, le royaume du Zanskar autrefois ind\u00e9pendant. Pris en sandwich entre la Vall\u00e9e de l\u2019Indus et les cr\u00eates principales de l\u2019Himalaya Indien, cette zone isol\u00e9e et inaccessible, bien prot\u00e9g\u00e9e par des cols enneig\u00e9s, a maintenu vivant une forme archa\u00efque du Bouddhisme Tib\u00e9tain qui fleurit dans une succession de monast\u00e8res \u00e9loign\u00e9s, dont la plupart occupent des lieux fortifi\u00e9s de fa\u00e7on spectaculaire, hauts sur des cr\u00eates rocheuses dans des vall\u00e9es isol\u00e9es.\r\n<h3>Itin\u00e9raire :<\/h3>\r\n<strong>Jour \u2013 01 \u2013 Leh \u2013 Photoksar<\/strong>\r\nLe matin en voiture jusqu\u2019\u00e0 Photoksar et visite du monast\u00e8re d\u2019Alchi sur la route. Ensuite on va \u00e0 Photoksar en passant par le Sir Sir La \u00e0 4800m. Nuit au Camping.\r\n\r\n<strong>Jour \u2013 02 \u2013 Photoksar \u2013 Camp de base du Sengge La<\/strong>\r\nLe matin apr\u00e8s le petit d\u00e9jeuner Trek jusqu\u2019au camp de base du Sengge La, 5-6h de marche en passant le Bumitse La \u00e0 4200m. Nuit au Camping.\r\n\r\n<strong>Jour \u2013 03 \u2013 Camp de base du Sengge La \u2013 Gongma (3490m)<\/strong>\r\nLe matin apr\u00e8s le petit d\u00e9jeuner Trek jusqu\u2019\u00e0 Gongma 6-7h de marche. Passage du col du Sengge La \u00e0 5000m et du Kyukpa La \u00e0 3850m.\r\n\r\n<strong>Jour \u2013 04 \u2013 Gongma \u2013 Lingshed<\/strong>\r\nLe matin trek jusqu\u2019\u00e0 Lingshed. C\u2019est une option pour les trekkers si ils veulent camper \u00e0 Lingshed, 3h de marche en passant le Morgon La \u00e0 4100m. Nuit au Camping.\r\n\r\n<strong>Jour \u2013 05 \u2013 Lingshed \u2013 Camp de base du Hanamul La<\/strong>\r\nLe matin Trek jusqu\u2019au camp de base du Hanamul La, 3-4h de marche. Camping.\r\n\r\n<strong>Jour \u2013 06 \u2013 Camp de base du Hanamul La \u2013 Zhingchen<\/strong>\r\nLe matin Trek jusqu\u2019\u00e0 Zhingchen, 6-7h de marche. Du camp de base au col de Hanamul La (4700m)\u00a0: 2h45 approximativement. Nuit au Camping.\r\n\r\n<strong>Jour - 07\u00a0: Zhingchen \u2013 Village d\u2019Hanamur<\/strong>\r\nLe matin Trek jusqu\u2019au village d\u2019Hanamur, 5-6h de marche. En passant le col de Parfila \u00e0 3900m\u00a0: 1h45 jusqu\u2019au col. Nuit au Camping.\r\n\r\n<strong>Jour \u2013 08 \u2013 Hanamur \u2013 Pishu \u2013 Karsha \u2013 Padum<\/strong>\r\nLe matin apr\u00e8s le petit d\u00e9jeuner Trek jusqu\u2019\u00e0 Pishu, 5-6h de marche. Ensuite en voiture jusqu\u2019\u00e0 Karsha\/Padum.\r\n\r\n<strong>Jour \u2013 09 \u2013 Padum \u2013 Jour \u2013 10 \u2013 Padum \u2013 Jour \u2013 11 \u2013 Padum \u2013 Sankoo\/Kargil<\/strong>\r\nLe matin apr\u00e8s le petit d\u00e9jeuner en voiture jusqu\u2019\u00e0 Sankoo \/ Kargil en passant le col du Penzila 14000ft. C\u2019est le plus haut col de la route entre Padum et Kargil.\r\n\r\n<strong>Jour \u2013 12 \u2013 Sankoo\/Kargil \u2013 Leh<\/strong>\r\nLe matin apr\u00e8s le petit d\u00e9jeuner en voiture jusqu\u2019\u00e0 Leh, 235km, en route visite de Mulbeck Chamba et du Monast\u00e8re de Lamayuru.\r\n\r\n<\/div>","_fr_post_name":"trek-de-leh-photoksar-pishu","_fr_post_excerpt":"","_fr_post_title":"Trek de Leh \u2013 Photoksar \u2013 Pishu","edit_language":"fr"},"product_brand":[],"product_cat":[15],"product_tag":[],"class_list":{"0":"post-1250","1":"product","2":"type-product","3":"status-publish","4":"has-post-thumbnail","6":"product_cat-uncategorized","7":"tour_category-trekking","9":"first","10":"instock","11":"shipping-taxable","12":"product-type-tour"},"_links":{"self":[{"href":"https:\/\/www.ladakhzanskartrekking.com\/fr\/wp-json\/wp\/v2\/product\/1250","targetHints":{"allow":["GET"]}}],"collection":[{"href":"https:\/\/www.ladakhzanskartrekking.com\/fr\/wp-json\/wp\/v2\/product"}],"about":[{"href":"https:\/\/www.ladakhzanskartrekking.com\/fr\/wp-json\/wp\/v2\/types\/product"}],"replies":[{"embeddable":true,"href":"https:\/\/www.ladakhzanskartrekking.com\/fr\/wp-json\/wp\/v2\/comments?post=1250"}],"wp:featuredmedia":[{"embeddable":true,"href":"https:\/\/www.ladakhzanskartrekking.com\/fr\/wp-json\/wp\/v2\/media\/1348"}],"wp:attachment":[{"href":"https:\/\/www.ladakhzanskartrekking.com\/fr\/wp-json\/wp\/v2\/media?parent=1250"}],"wp:term":[{"taxonomy":"product_brand","embeddable":true,"href":"https:\/\/www.ladakhzanskartrekking.com\/fr\/wp-json\/wp\/v2\/product_brand?post=1250"},{"taxonomy":"product_cat","embeddable":true,"href":"https:\/\/www.ladakhzanskartrekking.com\/fr\/wp-json\/wp\/v2\/product_cat?post=1250"},{"taxonomy":"product_tag","embeddable":true,"href":"https:\/\/www.ladakhzanskartrekking.com\/fr\/wp-json\/wp\/v2\/product_tag?post=1250"}],"curies":[{"name":"wp","href":"https:\/\/api.w.org\/{rel}","templated":true}]}}