{"id":1251,"date":"2018-08-08T10:55:23","date_gmt":"2018-08-08T10:55:23","guid":{"rendered":"http:\/\/www.ladakhzanskartrekking.com\/?post_type=product&#038;p=1251"},"modified":"2026-04-18T10:13:56","modified_gmt":"2026-04-18T10:13:56","slug":"trek-du-marpo-la","status":"publish","type":"product","link":"https:\/\/www.ladakhzanskartrekking.com\/fr\/voyages\/trek-du-marpo-la\/","title":{"rendered":"Trek du Marpo La","raw":"Trek du Marpo La"},"content":{"rendered":"<div id=\"overview\" class=\"tab-pane active\" role=\"tabpanel\">\n<p class=\"lh1em mt20\"><strong>Dur\u00e9e\u00a0:<\/strong> 22 jours<br \/>\n<strong>Meilleure Saison\u00a0:<\/strong> Juin \u00e0 Septembre<br \/>\n<strong>Difficult\u00e9\u00a0:<\/strong> Mod\u00e9r\u00e9e \u00e0 Intense<\/p>\n<h3>Itin\u00e9raire :<\/h3>\n<p>Jour \u201301 \u2013 Delhi \u2013 Leh \u2013 \u00c0 l\u2019arriv\u00e9e transfert de l\u2019A\u00e9roport \u00e0 la Guest House.<\/p>\n<p>Jour \u201302 \u2013 Leh<\/p>\n<p>Jour \u201303 \u2013 Leh \u2013 Kanji \u2013 Le matin en voiture jusqu\u2019\u00e0 Kanji, sur la route visite du monast\u00e8re d\u2019Alchi et ensuite en voiture jusqu\u2019\u00e0 Kanji. Nuit au Camping.<\/p>\n<p>Jour \u201304 \u2013 Kanji \u2013 Camp de base du Yokma La \u2013 Trek<\/p>\n<p>Jour \u201305 \u2013 Camp de base du Yokma La \u2013 Camp de base du Nyigutse La \u2013 Trek<\/p>\n<p>Jour \u201306 \u2013 Camp de base du Nyigutse La \u2013 Camp de base du Sirsir La \u2013 Trek<\/p>\n<p>Jour \u201307 \u2013 Camp de base du Sirsir La \u2013 Photoksar \u2013 Trek<\/p>\n<p>Jour \u201308 \u2013 Photoksar \u2013 Camp de base du Senggela \u2013 Trek<\/p>\n<p>Jour \u201309 \u2013 Camp de base du Senggela \u2013 Gongma \u2013 Trek<\/p>\n<p>Jour \u201310 &#8211; Gongma \u2013 Monast\u00e8re de Lingshed \u2013 Trek<\/p>\n<p>Jour \u201311 \u2013 Monast\u00e8re de Lingshed \u2013 Abi Khosla \u2013 Trek<\/p>\n<p>Jour \u201312 \u2013 Abi Khosla \u2013 Amber \u2013 Trek<\/p>\n<p>Jour \u201313 \u2013 Amber \u2013 Manthang \u2013 Trek<\/p>\n<p>Jour \u201314 \u2013 Manthang \u2013 Ospang \u2013 Trek<\/p>\n<p>Jour \u201315 \u2013 Ospang \u2013 Dipling \u2013 Trek<\/p>\n<p>Jour \u201316 \u2013 Dipling \u2013 Camp de base du Pikdong La \u2013 Trek<\/p>\n<p>Jour \u201317 \u2013 Camp de base du Pikdong La \u2013 Un autre camp de base<\/p>\n<p>Jour \u201318 \u2013 Camp de base \u2013 Spangdeymo \u2013 Trek<\/p>\n<p>Jour \u201319 \u2013 Spangdeymo \u2013 Rangdum \u2013 Trek<\/p>\n<p>Jour \u201320 \u2013 Rangdum \u2013 Leh \u2013 En Taxi<\/p>\n<p>Jour \u201321 \u2013 Leh<\/p>\n<p>Jour \u201322 \u2013 Leh \u2013 Delhi<\/p>\n<\/div>\n","protected":false,"raw":"<div id=\"overview\" class=\"tab-pane active\" role=\"tabpanel\">\r\n<p class=\"lh1em mt20\"><strong>Dur\u00e9e\u00a0:<\/strong> 22 jours\r\n<strong>Meilleure Saison\u00a0:<\/strong> Juin \u00e0 Septembre\r\n<strong>Difficult\u00e9\u00a0:<\/strong> Mod\u00e9r\u00e9e \u00e0 Intense<\/p>\r\n<h3>Itin\u00e9raire :<\/h3>\r\nJour \u201301 \u2013 Delhi \u2013 Leh \u2013 \u00c0 l\u2019arriv\u00e9e transfert de l\u2019A\u00e9roport \u00e0 la Guest House.\r\n\r\nJour \u201302 \u2013 Leh\r\n\r\nJour \u201303 \u2013 Leh \u2013 Kanji \u2013 Le matin en voiture jusqu\u2019\u00e0 Kanji, sur la route visite du monast\u00e8re d\u2019Alchi et ensuite en voiture jusqu\u2019\u00e0 Kanji. Nuit au Camping.\r\n\r\nJour \u201304 \u2013 Kanji \u2013 Camp de base du Yokma La \u2013 Trek\r\n\r\nJour \u201305 \u2013 Camp de base du Yokma La \u2013 Camp de base du Nyigutse La \u2013 Trek\r\n\r\nJour \u201306 \u2013 Camp de base du Nyigutse La \u2013 Camp de base du Sirsir La \u2013 Trek\r\n\r\nJour \u201307 \u2013 Camp de base du Sirsir La \u2013 Photoksar \u2013 Trek\r\n\r\nJour \u201308 \u2013 Photoksar \u2013 Camp de base du Senggela \u2013 Trek\r\n\r\nJour \u201309 \u2013 Camp de base du Senggela \u2013 Gongma \u2013 Trek\r\n\r\nJour \u201310 - Gongma \u2013 Monast\u00e8re de Lingshed \u2013 Trek\r\n\r\nJour \u201311 \u2013 Monast\u00e8re de Lingshed \u2013 Abi Khosla \u2013 Trek\r\n\r\nJour \u201312 \u2013 Abi Khosla \u2013 Amber \u2013 Trek\r\n\r\nJour \u201313 \u2013 Amber \u2013 Manthang \u2013 Trek\r\n\r\nJour \u201314 \u2013 Manthang \u2013 Ospang \u2013 Trek\r\n\r\nJour \u201315 \u2013 Ospang \u2013 Dipling \u2013 Trek\r\n\r\nJour \u201316 \u2013 Dipling \u2013 Camp de base du Pikdong La \u2013 Trek\r\n\r\nJour \u201317 \u2013 Camp de base du Pikdong La \u2013 Un autre camp de base\r\n\r\nJour \u201318 \u2013 Camp de base \u2013 Spangdeymo \u2013 Trek\r\n\r\nJour \u201319 \u2013 Spangdeymo \u2013 Rangdum \u2013 Trek\r\n\r\nJour \u201320 \u2013 Rangdum \u2013 Leh \u2013 En Taxi\r\n\r\nJour \u201321 \u2013 Leh\r\n\r\nJour \u201322 \u2013 Leh \u2013 Delhi\r\n\r\n<\/div>"},"excerpt":{"rendered":"Duration: 22 Days Best Season: June to September Grade: Moderate to Strenuous &nbsp; Itinerary: Day -01 - Delhi - Leh - Arrival Transfer from Airport to Guest House. Day -02 - Leh Day -03 - Leh -Kanji - Morning drive to Kanji en route visit the Alchi Gonpa then drive to Kanji . Overnight at<div class=\"padding-top text-center\"><a href=\"https:\/\/www.ladakhzanskartrekking.com\/fr\/voyages\/trek-du-marpo-la\/\" class=\"atbtn atbtn--medium atbtn--rounded atbtn--transparent\">Lire plus<i class=\"atbtn__icon atbtn__icon--right fa fa-long-arrow-right\"><\/i><\/a><\/div>","protected":false,"raw":""},"featured_media":1351,"comment_status":"open","ping_status":"closed","template":"","meta":{"_en_post_content":"<div id=\"overview\" class=\"tab-pane active\" role=\"tabpanel\">\r\n<p class=\"lh1em mt20\"><strong>Duration:<\/strong> 22 Days\r\n<strong>Best Season:<\/strong> June to September\r\n<strong>Grade:<\/strong> Moderate to Strenuous<\/p>\r\n&nbsp;\r\n<h3><strong>Itinerary:<\/strong><\/h3>\r\nDay -01 - Delhi - Leh - Arrival Transfer from Airport to Guest House.\r\n\r\nDay -02 - Leh\r\n\r\nDay -03 - Leh -Kanji - Morning drive to Kanji en route visit the Alchi Gonpa then drive to Kanji . Overnight at Camp\r\n\r\nDay -04 - Kanji -Yokma La base - Trek\r\n\r\nDay -05 - Yokma La Bae - Nyigutse la Base - Trek\r\n\r\nDay -06 - Nyigutse La Base - Sirsir La Base - Trek\r\n\r\nDay -07 - Sirsir La Base - Photoksar - Trek Day -08 - Photoksar - Senggela Base - Trek\r\n\r\nDay -09 - Senggela Base - Gongma - Trek\r\n\r\nDay -10 - Gongma - Lingshed Gonpa- Trek\r\n\r\nDay -11 - Lingshed Gonpa- Abi Khosla - Trek\r\n\r\nDay -12 - Abi Khosla - Amber - Trek\r\n\r\nDay -13 - Amber - Manthang - Trek\r\n\r\nDay -14 - Manthang - Ospang - Trek\r\n\r\nDay -15 - Ospang - Dipling - Trek\r\n\r\nDay -16 - Dipling - Pikdong La Base - Trek\r\n\r\nDay -17 - Pikdongla Base - Another Base - Trek\r\n\r\nDay -18 - Base - Spangdeymo - Trek\r\n\r\nDay -19 - Spangdeymo - Rangdum - Trek\r\n\r\nDay -20 - Rangdum - Leh - By Taxi\r\n\r\nDay -21 - Leh\r\n\r\nDay -22 - Leh - Delhi\r\n\r\n<\/div>","_en_post_name":"marpo-la-trek","_en_post_excerpt":"","_en_post_title":"Marpo La Trek","_fr_post_content":"<div id=\"overview\" class=\"tab-pane active\" role=\"tabpanel\">\r\n<p class=\"lh1em mt20\"><strong>Dur\u00e9e\u00a0:<\/strong> 22 jours\r\n<strong>Meilleure Saison\u00a0:<\/strong> Juin \u00e0 Septembre\r\n<strong>Difficult\u00e9\u00a0:<\/strong> Mod\u00e9r\u00e9e \u00e0 Intense<\/p>\r\n<h3>Itin\u00e9raire :<\/h3>\r\nJour \u201301 \u2013 Delhi \u2013 Leh \u2013 \u00c0 l\u2019arriv\u00e9e transfert de l\u2019A\u00e9roport \u00e0 la Guest House.\r\n\r\nJour \u201302 \u2013 Leh\r\n\r\nJour \u201303 \u2013 Leh \u2013 Kanji \u2013 Le matin en voiture jusqu\u2019\u00e0 Kanji, sur la route visite du monast\u00e8re d\u2019Alchi et ensuite en voiture jusqu\u2019\u00e0 Kanji. Nuit au Camping.\r\n\r\nJour \u201304 \u2013 Kanji \u2013 Camp de base du Yokma La \u2013 Trek\r\n\r\nJour \u201305 \u2013 Camp de base du Yokma La \u2013 Camp de base du Nyigutse La \u2013 Trek\r\n\r\nJour \u201306 \u2013 Camp de base du Nyigutse La \u2013 Camp de base du Sirsir La \u2013 Trek\r\n\r\nJour \u201307 \u2013 Camp de base du Sirsir La \u2013 Photoksar \u2013 Trek\r\n\r\nJour \u201308 \u2013 Photoksar \u2013 Camp de base du Senggela \u2013 Trek\r\n\r\nJour \u201309 \u2013 Camp de base du Senggela \u2013 Gongma \u2013 Trek\r\n\r\nJour \u201310 - Gongma \u2013 Monast\u00e8re de Lingshed \u2013 Trek\r\n\r\nJour \u201311 \u2013 Monast\u00e8re de Lingshed \u2013 Abi Khosla \u2013 Trek\r\n\r\nJour \u201312 \u2013 Abi Khosla \u2013 Amber \u2013 Trek\r\n\r\nJour \u201313 \u2013 Amber \u2013 Manthang \u2013 Trek\r\n\r\nJour \u201314 \u2013 Manthang \u2013 Ospang \u2013 Trek\r\n\r\nJour \u201315 \u2013 Ospang \u2013 Dipling \u2013 Trek\r\n\r\nJour \u201316 \u2013 Dipling \u2013 Camp de base du Pikdong La \u2013 Trek\r\n\r\nJour \u201317 \u2013 Camp de base du Pikdong La \u2013 Un autre camp de base\r\n\r\nJour \u201318 \u2013 Camp de base \u2013 Spangdeymo \u2013 Trek\r\n\r\nJour \u201319 \u2013 Spangdeymo \u2013 Rangdum \u2013 Trek\r\n\r\nJour \u201320 \u2013 Rangdum \u2013 Leh \u2013 En Taxi\r\n\r\nJour \u201321 \u2013 Leh\r\n\r\nJour \u201322 \u2013 Leh \u2013 Delhi\r\n\r\n<\/div>","_fr_post_name":"trek-du-marpo-la","_fr_post_excerpt":"","_fr_post_title":"Trek du Marpo La","edit_language":"fr"},"product_brand":[],"product_cat":[15],"product_tag":[],"class_list":{"0":"post-1251","1":"product","2":"type-product","3":"status-publish","4":"has-post-thumbnail","6":"product_cat-uncategorized","7":"tour_category-trekking","9":"first","10":"instock","11":"shipping-taxable","12":"product-type-tour"},"_links":{"self":[{"href":"https:\/\/www.ladakhzanskartrekking.com\/fr\/wp-json\/wp\/v2\/product\/1251","targetHints":{"allow":["GET"]}}],"collection":[{"href":"https:\/\/www.ladakhzanskartrekking.com\/fr\/wp-json\/wp\/v2\/product"}],"about":[{"href":"https:\/\/www.ladakhzanskartrekking.com\/fr\/wp-json\/wp\/v2\/types\/product"}],"replies":[{"embeddable":true,"href":"https:\/\/www.ladakhzanskartrekking.com\/fr\/wp-json\/wp\/v2\/comments?post=1251"}],"wp:featuredmedia":[{"embeddable":true,"href":"https:\/\/www.ladakhzanskartrekking.com\/fr\/wp-json\/wp\/v2\/media\/1351"}],"wp:attachment":[{"href":"https:\/\/www.ladakhzanskartrekking.com\/fr\/wp-json\/wp\/v2\/media?parent=1251"}],"wp:term":[{"taxonomy":"product_brand","embeddable":true,"href":"https:\/\/www.ladakhzanskartrekking.com\/fr\/wp-json\/wp\/v2\/product_brand?post=1251"},{"taxonomy":"product_cat","embeddable":true,"href":"https:\/\/www.ladakhzanskartrekking.com\/fr\/wp-json\/wp\/v2\/product_cat?post=1251"},{"taxonomy":"product_tag","embeddable":true,"href":"https:\/\/www.ladakhzanskartrekking.com\/fr\/wp-json\/wp\/v2\/product_tag?post=1251"}],"curies":[{"name":"wp","href":"https:\/\/api.w.org\/{rel}","templated":true}]}}