{"id":1252,"date":"2018-08-08T11:12:43","date_gmt":"2018-08-08T11:12:43","guid":{"rendered":"http:\/\/www.ladakhzanskartrekking.com\/?post_type=product&#038;p=1252"},"modified":"2025-11-27T10:51:06","modified_gmt":"2025-11-27T10:51:06","slug":"trek-du-spiti-au-ladakh","status":"publish","type":"product","link":"https:\/\/www.ladakhzanskartrekking.com\/fr\/voyages\/trek-du-spiti-au-ladakh\/","title":{"rendered":"Trek du Spiti au Ladakh","raw":"Trek du Spiti au Ladakh"},"content":{"rendered":"<div id=\"overview\" class=\"tab-pane active\" role=\"tabpanel\">\n<strong>Lieux visit\u00e9s\u00a0:<\/strong> MANALI, Col du Rohtang, Kaza, DHANKAR, monast\u00e8re de Kyi, TASHIGANG, PANGROCHEN, PARANG LA, PARE CHU, KORZOK, Gyama, JUSQU\u2019\u00c0 RAJUNG KARU<br \/>\n<strong>Dur\u00e9e :<\/strong> 23 nuits \/ 24 jours<br \/>\n<strong>Altitude\u00a0:<\/strong> 5577m\n<p>L\u2019ancienne route de commerce vers le Ladakh et le Tibet a peut-\u00eatre \u00e9t\u00e9 goudronn\u00e9e, mais la plus grande partie de cette r\u00e9gion isol\u00e9e et spectaculaire est encore accessible seulement \u00e0 pied. Ses chemins, bien que bien fr\u00e9quent\u00e9s en haute saison, sont longs, durs et hauts, ponctu\u00e9s par quelques villages, donc soyez pr\u00eats pour ce voyage d\u2019exploration sans fin.<\/p>\n<h3>Itin\u00e9raire :<\/h3>\n<p><strong>1er Jour\u00a0:<\/strong> ARRIV\u00c9E \u00c0 DELHI. \u00c0 l\u2019arriv\u00e9e rencontre et transfert \u00e0 l\u2019h\u00f4tel. Nuit \u00e0 l\u2019h\u00f4tel.<\/p>\n<p><strong>2\u00e8me Jour\u00a0:<\/strong> LE LENDEMAIN attrapez le Train Express jusqu\u2019\u00e0 Chandigarh, et de l\u00e0 partez par la route \u00e0 Manali.<\/p>\n<p><strong>3\u00e8me Jour\u00a0:<\/strong> \u00c0 l\u2019ARRIV\u00c9E \u00c0 MANALI passez la journ\u00e9e \u00e0 vous d\u00e9tendre. Nuit \u00e0 l\u2019h\u00f4tel.<\/p>\n<p><strong>4\u00e8me Jour\u00a0:<\/strong> LE LENDEMAIN MATIN VOYAGE EN JEEP en passant le col du Rohtang \u00e0 3978m, porte vers le Lahaul, ensuite continuez en jeep en passant le Kunzam La \u00e0 4358m jusqu\u2019\u00e0 Losar, le premier village dans la vall\u00e9e du Spiti.<\/p>\n<p><strong>5\u00e8me Jour\u00a0:<\/strong> CONTINUEZ VOTRE VOYAGE EN JEEP jusqu\u2019\u00e0 Kaza, la capitale moderne du Spiti.<\/p>\n<p><strong>6\u00e8me Jour\u00a0:<\/strong> VOYAGEZ EN JEEP JUSQU\u2019AU fort de DHANKAR, l\u2019ancienne capitale du Spiti, haut au-dessus de la confluence des rivi\u00e8res Pin et Spiti. On continue ensuite jusqu\u2019au Monast\u00e8re de Tabo, un des plus grands tr\u00e9sors artistiques dans la r\u00e9gion Himalayenne, pour voir ses peintures et sculptures, dont certaines ont plus de 1000 ans.<\/p>\n<p><strong>7\u00e8me Jour\u00a0:<\/strong> CONTINUEZ VOTRE VOYAGE EN JEEP jusqu\u2019au monast\u00e8re de Kyi, le plus grand du Spiti, et Kibber, c\u00e9l\u00e8bre comme le village le plus haut du monde avec de l\u2019\u00e9lectricit\u00e9 et des services de bus quotidiens. Nuit \u00e0 Kibber.<\/p>\n<p><strong>8\u00e8me Jour\u00a0:<\/strong> MARCHE LOCALE AUTOUR DE KIBBER JUSQU\u2019\u00c0 GETE ET TASHIGANG. Deux villages parmi les plus hauts villages permanents sur terre. Vous retournez \u00e0 Kibber pour la nuit.<\/p>\n<p><strong>9\u00e8me Jour\u00a0:<\/strong> VOUS COMMENCEZ NOTRE TREK AVEC UNE MONT\u00c9E COURTE MAIS RAIDE JUSQU\u2019AUX P\u00c2TURAGES AU-DESSUS DE KIBBER.<\/p>\n<p><strong>10\u00e8me Jour\u00a0:<\/strong> CONTINUEZ LE TREK JUSQU\u2019\u00c0 PANGROCHEN. Notre dernier camping avant le Parang La. Seule une petite source maintient la vie \u00e0 ce terrain de camping haut et rocheux.<\/p>\n<p><strong>11\u00e8me Jour\u00a0:<\/strong> TREKKEZ EN PASSANT PAR LE PARANG LA et descendez le glacier \u00e9blouissant de Parang jusqu\u2019\u00e0 la belle oasis de Karsha Gongma.<\/p>\n<p><strong>12\u00e8me Jour\u00a0:<\/strong> MARCHER LE LONG DE LA VALL\u00c9E DU PARE CHU (rivi\u00e8re) jusqu\u2019\u00e0 Tarang Yogma.<\/p>\n<p><strong>13\u00e8me Jour\u00a0:<\/strong> CONTINUEZ LE LONG DU PARE CHU. Traversez la rivi\u00e8re et campez \u00e0 la large oasis de Norbu Sumdo.<\/p>\n<p><strong>14\u00e8me Jour\u00a0:<\/strong> TREK JUSQU\u2019\u00c0 KIANGDAM. Sur la rive sud du Tso Moriri, le \u00ab\u00a0Lac de Montagne\u00a0\u00bb.<\/p>\n<p><strong>15\u00e8me Jour\u00a0:<\/strong> JOUR DE REPOS DANS LE D\u00c9COR INCROYABLE DE KIANGDAM. C\u2019est difficile d\u2019imaginer un d\u00e9cor plus spectaculaire que \u00e7a.<\/p>\n<p><strong>16\u00e8me Jour\u00a0:<\/strong> TREK JUSQU\u2019\u00c0 KORZOK. Le village et le monast\u00e8re sur la rive nord du lac.<\/p>\n<p><strong>17\u00e8me Jour\u00a0:<\/strong> TREK EN PASSANT PAR BEAUCOUP de large camps de nomades et le Gyamsharma La jusqu\u2019\u00e0 Gyama.<\/p>\n<p><strong>18\u00e8me Jour\u00a0:<\/strong> PASSEZ LE KYAMAMURI LA JUSQU\u2019\u00c0 RAJUNG KARU.<\/p>\n<p><strong>19\u00e8me Jour\u00a0:<\/strong> TREK EN PASSANT LA PETITE CR\u00caTE DE HARLAM KONKA JUSQU\u2019AU PETIT VILLAGE ET MONAST\u00c8RE DE NURUCHAN.<\/p>\n<p><strong>20\u00e8me Jour\u00a0:<\/strong> TREK JUSQU\u2019AU TSO KAR. Un autre des lacs remarquables des plaines du Changtang.<\/p>\n<p><strong>21\u00e8me Jour\u00a0:<\/strong> TRAJET EN JEEP en passant le Taglang La \u00e0 5328m jusqu\u2019\u00e0 Leh.<\/p>\n<p><strong>22\u00e8me Jour\u00a0:<\/strong> PASSEZ UNE JOURN\u00c9E \u00e0 juste explorer les merveilles de Leh.<\/p>\n<p><strong>23\u00e8me Jour\u00a0:<\/strong> PARTEZ POUR DELHI avec des souvenirs inoubliables de votre Trek du Spiti au Ladakh avec Leh, le Ladakh et l\u2019Inde.<\/p>\n<p><strong>24\u00e8me Jour\u00a0:<\/strong> LE MATIN SUIVANT D\u00c9PART DE DELHI. Transfert vers l\u2019a\u00e9roport pour le vol pour la suite de votre voyage.<\/p>\n<\/div>\n","protected":false,"raw":"<div id=\"overview\" class=\"tab-pane active\" role=\"tabpanel\">\r\n<strong>Lieux visit\u00e9s\u00a0:<\/strong> MANALI, Col du Rohtang, Kaza, DHANKAR, monast\u00e8re de Kyi, TASHIGANG, PANGROCHEN, PARANG LA, PARE CHU, KORZOK, Gyama, JUSQU\u2019\u00c0 RAJUNG KARU\r\n<strong>Dur\u00e9e :<\/strong> 23 nuits \/ 24 jours\r\n<strong>Altitude\u00a0:<\/strong> 5577m\r\n\r\nL\u2019ancienne route de commerce vers le Ladakh et le Tibet a peut-\u00eatre \u00e9t\u00e9 goudronn\u00e9e, mais la plus grande partie de cette r\u00e9gion isol\u00e9e et spectaculaire est encore accessible seulement \u00e0 pied. Ses chemins, bien que bien fr\u00e9quent\u00e9s en haute saison, sont longs, durs et hauts, ponctu\u00e9s par quelques villages, donc soyez pr\u00eats pour ce voyage d\u2019exploration sans fin.\r\n<h3>Itin\u00e9raire :<\/h3>\r\n<strong>1er Jour\u00a0:<\/strong> ARRIV\u00c9E \u00c0 DELHI. \u00c0 l\u2019arriv\u00e9e rencontre et transfert \u00e0 l\u2019h\u00f4tel. Nuit \u00e0 l\u2019h\u00f4tel.\r\n\r\n<strong>2\u00e8me Jour\u00a0:<\/strong> LE LENDEMAIN attrapez le Train Express jusqu\u2019\u00e0 Chandigarh, et de l\u00e0 partez par la route \u00e0 Manali.\r\n\r\n<strong>3\u00e8me Jour\u00a0:<\/strong> \u00c0 l\u2019ARRIV\u00c9E \u00c0 MANALI passez la journ\u00e9e \u00e0 vous d\u00e9tendre. Nuit \u00e0 l\u2019h\u00f4tel.\r\n\r\n<strong>4\u00e8me Jour\u00a0:<\/strong> LE LENDEMAIN MATIN VOYAGE EN JEEP en passant le col du Rohtang \u00e0 3978m, porte vers le Lahaul, ensuite continuez en jeep en passant le Kunzam La \u00e0 4358m jusqu\u2019\u00e0 Losar, le premier village dans la vall\u00e9e du Spiti.\r\n\r\n<strong>5\u00e8me Jour\u00a0:<\/strong> CONTINUEZ VOTRE VOYAGE EN JEEP jusqu\u2019\u00e0 Kaza, la capitale moderne du Spiti.\r\n\r\n<strong>6\u00e8me Jour\u00a0:<\/strong> VOYAGEZ EN JEEP JUSQU\u2019AU fort de DHANKAR, l\u2019ancienne capitale du Spiti, haut au-dessus de la confluence des rivi\u00e8res Pin et Spiti. On continue ensuite jusqu\u2019au Monast\u00e8re de Tabo, un des plus grands tr\u00e9sors artistiques dans la r\u00e9gion Himalayenne, pour voir ses peintures et sculptures, dont certaines ont plus de 1000 ans.\r\n\r\n<strong>7\u00e8me Jour\u00a0:<\/strong> CONTINUEZ VOTRE VOYAGE EN JEEP jusqu\u2019au monast\u00e8re de Kyi, le plus grand du Spiti, et Kibber, c\u00e9l\u00e8bre comme le village le plus haut du monde avec de l\u2019\u00e9lectricit\u00e9 et des services de bus quotidiens. Nuit \u00e0 Kibber.\r\n\r\n<strong>8\u00e8me Jour\u00a0:<\/strong> MARCHE LOCALE AUTOUR DE KIBBER JUSQU\u2019\u00c0 GETE ET TASHIGANG. Deux villages parmi les plus hauts villages permanents sur terre. Vous retournez \u00e0 Kibber pour la nuit.\r\n\r\n<strong>9\u00e8me Jour\u00a0:<\/strong> VOUS COMMENCEZ NOTRE TREK AVEC UNE MONT\u00c9E COURTE MAIS RAIDE JUSQU\u2019AUX P\u00c2TURAGES AU-DESSUS DE KIBBER.\r\n\r\n<strong>10\u00e8me Jour\u00a0:<\/strong> CONTINUEZ LE TREK JUSQU\u2019\u00c0 PANGROCHEN. Notre dernier camping avant le Parang La. Seule une petite source maintient la vie \u00e0 ce terrain de camping haut et rocheux.\r\n\r\n<strong>11\u00e8me Jour\u00a0:<\/strong> TREKKEZ EN PASSANT PAR LE PARANG LA et descendez le glacier \u00e9blouissant de Parang jusqu\u2019\u00e0 la belle oasis de Karsha Gongma.\r\n\r\n<strong>12\u00e8me Jour\u00a0:<\/strong> MARCHER LE LONG DE LA VALL\u00c9E DU PARE CHU (rivi\u00e8re) jusqu\u2019\u00e0 Tarang Yogma.\r\n\r\n<strong>13\u00e8me Jour\u00a0:<\/strong> CONTINUEZ LE LONG DU PARE CHU. Traversez la rivi\u00e8re et campez \u00e0 la large oasis de Norbu Sumdo.\r\n\r\n<strong>14\u00e8me Jour\u00a0:<\/strong> TREK JUSQU\u2019\u00c0 KIANGDAM. Sur la rive sud du Tso Moriri, le \"Lac de Montagne\".\r\n\r\n<strong>15\u00e8me Jour\u00a0:<\/strong> JOUR DE REPOS DANS LE D\u00c9COR INCROYABLE DE KIANGDAM. C\u2019est difficile d\u2019imaginer un d\u00e9cor plus spectaculaire que \u00e7a.\r\n\r\n<strong>16\u00e8me Jour\u00a0:<\/strong> TREK JUSQU\u2019\u00c0 KORZOK. Le village et le monast\u00e8re sur la rive nord du lac.\r\n\r\n<strong>17\u00e8me Jour\u00a0:<\/strong> TREK EN PASSANT PAR BEAUCOUP de large camps de nomades et le Gyamsharma La jusqu\u2019\u00e0 Gyama.\r\n\r\n<strong>18\u00e8me Jour\u00a0:<\/strong> PASSEZ LE KYAMAMURI LA JUSQU\u2019\u00c0 RAJUNG KARU.\r\n\r\n<strong>19\u00e8me Jour\u00a0:<\/strong> TREK EN PASSANT LA PETITE CR\u00caTE DE HARLAM KONKA JUSQU\u2019AU PETIT VILLAGE ET MONAST\u00c8RE DE NURUCHAN.\r\n\r\n<strong>20\u00e8me Jour\u00a0:<\/strong> TREK JUSQU\u2019AU TSO KAR. Un autre des lacs remarquables des plaines du Changtang.\r\n\r\n<strong>21\u00e8me Jour\u00a0:<\/strong> TRAJET EN JEEP en passant le Taglang La \u00e0 5328m jusqu\u2019\u00e0 Leh.\r\n\r\n<strong>22\u00e8me Jour\u00a0:<\/strong> PASSEZ UNE JOURN\u00c9E \u00e0 juste explorer les merveilles de Leh.\r\n\r\n<strong>23\u00e8me Jour\u00a0:<\/strong> PARTEZ POUR DELHI avec des souvenirs inoubliables de votre Trek du Spiti au Ladakh avec Leh, le Ladakh et l\u2019Inde.\r\n\r\n<strong>24\u00e8me Jour\u00a0:<\/strong> LE MATIN SUIVANT D\u00c9PART DE DELHI. Transfert vers l\u2019a\u00e9roport pour le vol pour la suite de votre voyage.\r\n\r\n<\/div>"},"excerpt":{"rendered":"Places Covered: MANALI , Rohtang pass, Kaza, DHANKAR , Kyi gompa, TASHIGANG, PANGROCHEN, PARANG LA , PARE CHU, KORZOK, Gyama, TO RAJUNG KARU, Duration: 23 nights \/ 24 days Altitude: 5,577m The old trade route to Ladakh and Tibet may have been tarmacked, but most of this remote and spectacular region is still only accessible<div class=\"padding-top text-center\"><a href=\"https:\/\/www.ladakhzanskartrekking.com\/fr\/voyages\/trek-du-spiti-au-ladakh\/\" class=\"atbtn atbtn--medium atbtn--rounded atbtn--transparent\">Lire plus<i class=\"atbtn__icon atbtn__icon--right fa fa-long-arrow-right\"><\/i><\/a><\/div>","protected":false,"raw":""},"featured_media":1354,"comment_status":"open","ping_status":"closed","template":"","meta":{"_en_post_content":"<div id=\"overview\" class=\"tab-pane active\" role=\"tabpanel\">\r\n\r\n<strong>Places Covered:<\/strong> MANALI , Rohtang pass, Kaza, DHANKAR , Kyi gompa, TASHIGANG, PANGROCHEN, PARANG LA , PARE CHU, KORZOK, Gyama, TO RAJUNG KARU,\r\n<strong>Duration:<\/strong> 23 nights \/ 24 days\r\n<strong>Altitude:<\/strong> 5,577m\r\n\r\nThe old trade route to Ladakh and Tibet may have been tarmacked, but most of this remote and spectacular region is still only accessible on foot. Its trails, though well frequented in high season, are long, hard and high, punctuated by few settlements, so be ready for this unending exploration journey!\r\n<h3><strong>Itinerary:<\/strong><\/h3>\r\n<strong>1st Day: <\/strong>ARRIVE DELHI. On arrival meet and transfer to Hotel. Stay overnight at Hotel.\r\n\r\n<strong>2nd Day:<\/strong> NEXT DAY catch the Express Train to Chandigarh, and from there drive to Manali.\r\n\r\n<strong>3rd Day: <\/strong>UPON REACHING MANALI spend the day at leisure. Stay overnight at Hotel.\r\n\r\n<strong>4th Day:<\/strong> FOLLOWING MORNING TRAVEL BY JEEP over 3978 Rohtang pass, gateway to Lahaul, then continue by jeep over 4358 meter Kunzam La to Losar, the first village in the Spiti valley.\r\n\r\n<strong>5th Day: <\/strong>CONTINUE YOUR JOURNEY BY JEEP to Kaza, the modern capitol of Spiti.\r\n\r\n<strong>6th Day: <\/strong>TRAVEL BY JEEP TO DHANKAR fort, the former capitol of Spiti, high above the confluence of the Pin and Spiti rivers. We then continue to Tabo Gompa,one of the greatest artistic treasures in the Himalayan region, to view its paintings and sculptures, some of which are over 1000 years old.\r\n\r\n<strong>7th Day: <\/strong>CONTINUE YOUR JOURNEY BY JEEP to Kyi gompa, the largest in Spiti, and Kibber, famed as the world's highest village with electricity and daily bus service. Stay overnight at Kibber.\r\n\r\n<strong>8th Day: <\/strong>LOCAL WALK AROUND KIBBER TO GETE &amp; TASHIGANG. two villages among the highest permanentsettlements on earth. You return to Kibber for the night.\r\n\r\n<strong>9th Day:<\/strong> YOU BEGIN OUR TREK WITH A SHORT BUT STEEP CLIMB TO THE GRAZING PASTURES ABOVE KIBBER.\r\n\r\n<strong>10th Day: <\/strong>CONTINUE TREK TO PANGROCHEN. our last camp before Parang La. Only a small spring sustains life at this high, rocky campsite.\r\n\r\n<strong>11th Day: <\/strong>TREK OVER 5577 METRE PARANG LA and descend the dazzling Parang glacier to the lovely oasis of Kharsa Gongma.\r\n\r\n<strong>12th Day:<\/strong> TREK DOWN THE VALLEY OF THE PARE CHU (river) to Tarang Yogma.\r\n\r\n<strong>13th Day:<\/strong> CONTINUE DOWN THE PARE CHU. Cross the river and camp at the broad oasis of Norbu Sumdo.\r\n\r\n<strong>14th Day: <\/strong>TREK TO KIANGDAM. On the southern shore of Tso Moriri, the \"Mountain Lake\".\r\n\r\n<strong>15th Day:<\/strong> REST DAY IN THE INCREDIBLE SETTING OF KIANGDAM. It's hard to imagine a more spectacular setting than this.\r\n\r\n<strong>16th Day: <\/strong>TREK TO KORZOK. the village and gompa at the northern shore of the lake.\r\n\r\n<strong>17th Day: <\/strong>TREK PAST MANY large nomadic encampments over Gyamsharma La to Gyama.\r\n\r\n<strong>18th Day:<\/strong> CROSS THE KYAMAMURI LA TO RAJUNG KARU.\r\n\r\n<strong>19th Day: <\/strong>TREK OVER THE LOW RIDGE OF HARLAM KONKA TO THE SMALL VILLAGE AND GOMPA OF NURUCHAN.\r\n\r\n<strong>20th Day:<\/strong> TREK TO TSO KAR. Another of the remarkable lakes of the Changtang plains.\r\n\r\n<strong>21st Day: <\/strong>TRAVEL BY JEEP to over the 5328 metre Taglang La to Leh.\r\n\r\n<strong>22nd Day:<\/strong> SPEND A DAY just exploring the wonders of Leh\r\n\r\n<strong>23rd Day: <\/strong>LEAVE FOR DELHI with unforgettable memories of your Spiti to Ladakh Trek with Leh Ladakh India\r\n\r\n<strong>24th Day:<\/strong> FOLLOWING MORNING DEPART FROM DELHI. Transfer to airport for flight to onwards journey\r\n\r\n<\/div>","_en_post_name":"spiti-to-ladakh-trek","_en_post_excerpt":"","_en_post_title":"Spiti to Ladakh Trek","_fr_post_content":"<div id=\"overview\" class=\"tab-pane active\" role=\"tabpanel\">\r\n<strong>Lieux visit\u00e9s\u00a0:<\/strong> MANALI, Col du Rohtang, Kaza, DHANKAR, monast\u00e8re de Kyi, TASHIGANG, PANGROCHEN, PARANG LA, PARE CHU, KORZOK, Gyama, JUSQU\u2019\u00c0 RAJUNG KARU\r\n<strong>Dur\u00e9e :<\/strong> 23 nuits \/ 24 jours\r\n<strong>Altitude\u00a0:<\/strong> 5577m\r\n\r\nL\u2019ancienne route de commerce vers le Ladakh et le Tibet a peut-\u00eatre \u00e9t\u00e9 goudronn\u00e9e, mais la plus grande partie de cette r\u00e9gion isol\u00e9e et spectaculaire est encore accessible seulement \u00e0 pied. Ses chemins, bien que bien fr\u00e9quent\u00e9s en haute saison, sont longs, durs et hauts, ponctu\u00e9s par quelques villages, donc soyez pr\u00eats pour ce voyage d\u2019exploration sans fin.\r\n<h3>Itin\u00e9raire :<\/h3>\r\n<strong>1er Jour\u00a0:<\/strong> ARRIV\u00c9E \u00c0 DELHI. \u00c0 l\u2019arriv\u00e9e rencontre et transfert \u00e0 l\u2019h\u00f4tel. Nuit \u00e0 l\u2019h\u00f4tel.\r\n\r\n<strong>2\u00e8me Jour\u00a0:<\/strong> LE LENDEMAIN attrapez le Train Express jusqu\u2019\u00e0 Chandigarh, et de l\u00e0 partez par la route \u00e0 Manali.\r\n\r\n<strong>3\u00e8me Jour\u00a0:<\/strong> \u00c0 l\u2019ARRIV\u00c9E \u00c0 MANALI passez la journ\u00e9e \u00e0 vous d\u00e9tendre. Nuit \u00e0 l\u2019h\u00f4tel.\r\n\r\n<strong>4\u00e8me Jour\u00a0:<\/strong> LE LENDEMAIN MATIN VOYAGE EN JEEP en passant le col du Rohtang \u00e0 3978m, porte vers le Lahaul, ensuite continuez en jeep en passant le Kunzam La \u00e0 4358m jusqu\u2019\u00e0 Losar, le premier village dans la vall\u00e9e du Spiti.\r\n\r\n<strong>5\u00e8me Jour\u00a0:<\/strong> CONTINUEZ VOTRE VOYAGE EN JEEP jusqu\u2019\u00e0 Kaza, la capitale moderne du Spiti.\r\n\r\n<strong>6\u00e8me Jour\u00a0:<\/strong> VOYAGEZ EN JEEP JUSQU\u2019AU fort de DHANKAR, l\u2019ancienne capitale du Spiti, haut au-dessus de la confluence des rivi\u00e8res Pin et Spiti. On continue ensuite jusqu\u2019au Monast\u00e8re de Tabo, un des plus grands tr\u00e9sors artistiques dans la r\u00e9gion Himalayenne, pour voir ses peintures et sculptures, dont certaines ont plus de 1000 ans.\r\n\r\n<strong>7\u00e8me Jour\u00a0:<\/strong> CONTINUEZ VOTRE VOYAGE EN JEEP jusqu\u2019au monast\u00e8re de Kyi, le plus grand du Spiti, et Kibber, c\u00e9l\u00e8bre comme le village le plus haut du monde avec de l\u2019\u00e9lectricit\u00e9 et des services de bus quotidiens. Nuit \u00e0 Kibber.\r\n\r\n<strong>8\u00e8me Jour\u00a0:<\/strong> MARCHE LOCALE AUTOUR DE KIBBER JUSQU\u2019\u00c0 GETE ET TASHIGANG. Deux villages parmi les plus hauts villages permanents sur terre. Vous retournez \u00e0 Kibber pour la nuit.\r\n\r\n<strong>9\u00e8me Jour\u00a0:<\/strong> VOUS COMMENCEZ NOTRE TREK AVEC UNE MONT\u00c9E COURTE MAIS RAIDE JUSQU\u2019AUX P\u00c2TURAGES AU-DESSUS DE KIBBER.\r\n\r\n<strong>10\u00e8me Jour\u00a0:<\/strong> CONTINUEZ LE TREK JUSQU\u2019\u00c0 PANGROCHEN. Notre dernier camping avant le Parang La. Seule une petite source maintient la vie \u00e0 ce terrain de camping haut et rocheux.\r\n\r\n<strong>11\u00e8me Jour\u00a0:<\/strong> TREKKEZ EN PASSANT PAR LE PARANG LA et descendez le glacier \u00e9blouissant de Parang jusqu\u2019\u00e0 la belle oasis de Karsha Gongma.\r\n\r\n<strong>12\u00e8me Jour\u00a0:<\/strong> MARCHER LE LONG DE LA VALL\u00c9E DU PARE CHU (rivi\u00e8re) jusqu\u2019\u00e0 Tarang Yogma.\r\n\r\n<strong>13\u00e8me Jour\u00a0:<\/strong> CONTINUEZ LE LONG DU PARE CHU. Traversez la rivi\u00e8re et campez \u00e0 la large oasis de Norbu Sumdo.\r\n\r\n<strong>14\u00e8me Jour\u00a0:<\/strong> TREK JUSQU\u2019\u00c0 KIANGDAM. Sur la rive sud du Tso Moriri, le \"Lac de Montagne\".\r\n\r\n<strong>15\u00e8me Jour\u00a0:<\/strong> JOUR DE REPOS DANS LE D\u00c9COR INCROYABLE DE KIANGDAM. C\u2019est difficile d\u2019imaginer un d\u00e9cor plus spectaculaire que \u00e7a.\r\n\r\n<strong>16\u00e8me Jour\u00a0:<\/strong> TREK JUSQU\u2019\u00c0 KORZOK. Le village et le monast\u00e8re sur la rive nord du lac.\r\n\r\n<strong>17\u00e8me Jour\u00a0:<\/strong> TREK EN PASSANT PAR BEAUCOUP de large camps de nomades et le Gyamsharma La jusqu\u2019\u00e0 Gyama.\r\n\r\n<strong>18\u00e8me Jour\u00a0:<\/strong> PASSEZ LE KYAMAMURI LA JUSQU\u2019\u00c0 RAJUNG KARU.\r\n\r\n<strong>19\u00e8me Jour\u00a0:<\/strong> TREK EN PASSANT LA PETITE CR\u00caTE DE HARLAM KONKA JUSQU\u2019AU PETIT VILLAGE ET MONAST\u00c8RE DE NURUCHAN.\r\n\r\n<strong>20\u00e8me Jour\u00a0:<\/strong> TREK JUSQU\u2019AU TSO KAR. Un autre des lacs remarquables des plaines du Changtang.\r\n\r\n<strong>21\u00e8me Jour\u00a0:<\/strong> TRAJET EN JEEP en passant le Taglang La \u00e0 5328m jusqu\u2019\u00e0 Leh.\r\n\r\n<strong>22\u00e8me Jour\u00a0:<\/strong> PASSEZ UNE JOURN\u00c9E \u00e0 juste explorer les merveilles de Leh.\r\n\r\n<strong>23\u00e8me Jour\u00a0:<\/strong> PARTEZ POUR DELHI avec des souvenirs inoubliables de votre Trek du Spiti au Ladakh avec Leh, le Ladakh et l\u2019Inde.\r\n\r\n<strong>24\u00e8me Jour\u00a0:<\/strong> LE MATIN SUIVANT D\u00c9PART DE DELHI. Transfert vers l\u2019a\u00e9roport pour le vol pour la suite de votre voyage.\r\n\r\n<\/div>","_fr_post_name":"trek-du-spiti-au-ladakh","_fr_post_excerpt":"","_fr_post_title":"Trek du Spiti au Ladakh","edit_language":"fr"},"product_brand":[],"product_cat":[15],"product_tag":[],"class_list":{"0":"post-1252","1":"product","2":"type-product","3":"status-publish","4":"has-post-thumbnail","6":"product_cat-uncategorized","7":"tour_category-trekking","9":"first","10":"instock","11":"shipping-taxable","12":"product-type-tour"},"_links":{"self":[{"href":"https:\/\/www.ladakhzanskartrekking.com\/fr\/wp-json\/wp\/v2\/product\/1252","targetHints":{"allow":["GET"]}}],"collection":[{"href":"https:\/\/www.ladakhzanskartrekking.com\/fr\/wp-json\/wp\/v2\/product"}],"about":[{"href":"https:\/\/www.ladakhzanskartrekking.com\/fr\/wp-json\/wp\/v2\/types\/product"}],"replies":[{"embeddable":true,"href":"https:\/\/www.ladakhzanskartrekking.com\/fr\/wp-json\/wp\/v2\/comments?post=1252"}],"wp:featuredmedia":[{"embeddable":true,"href":"https:\/\/www.ladakhzanskartrekking.com\/fr\/wp-json\/wp\/v2\/media\/1354"}],"wp:attachment":[{"href":"https:\/\/www.ladakhzanskartrekking.com\/fr\/wp-json\/wp\/v2\/media?parent=1252"}],"wp:term":[{"taxonomy":"product_brand","embeddable":true,"href":"https:\/\/www.ladakhzanskartrekking.com\/fr\/wp-json\/wp\/v2\/product_brand?post=1252"},{"taxonomy":"product_cat","embeddable":true,"href":"https:\/\/www.ladakhzanskartrekking.com\/fr\/wp-json\/wp\/v2\/product_cat?post=1252"},{"taxonomy":"product_tag","embeddable":true,"href":"https:\/\/www.ladakhzanskartrekking.com\/fr\/wp-json\/wp\/v2\/product_tag?post=1252"}],"curies":[{"name":"wp","href":"https:\/\/api.w.org\/{rel}","templated":true}]}}