{"id":1254,"date":"2018-08-08T11:37:07","date_gmt":"2018-08-08T11:37:07","guid":{"rendered":"http:\/\/www.ladakhzanskartrekking.com\/?post_type=product&#038;p=1254"},"modified":"2026-04-18T10:14:15","modified_gmt":"2026-04-18T10:14:15","slug":"trek-de-la-vallee-de-la-rupshu","status":"publish","type":"product","link":"https:\/\/www.ladakhzanskartrekking.com\/fr\/voyages\/trek-de-la-vallee-de-la-rupshu\/","title":{"rendered":"Trek de la Vall\u00e9e de la Rupshu","raw":"Trek de la Vall\u00e9e de la Rupshu"},"content":{"rendered":"<div id=\"overview\" class=\"tab-pane active\" role=\"tabpanel\">\n<p><strong>Lieux visit\u00e9s\u00a0:<\/strong> LEH, HEMIS, SHANG SUMDO, LATZA KONGMARU, KONGMARU LA, YAKRUPAL, ZALUNG KARPO LA, DAT, YAR LA, SANGTHA, MANALI<br \/>\n<strong>Dur\u00e9e :<\/strong> 14 Nuits 15 Jours<\/p>\n<p>Au sud-est de Leh ce d\u00e9sert froid de haute altitude est l\u2019extension ouest du Plateau Tib\u00e9tain. Auparavant ferm\u00e9 aux visiteurs, cette r\u00e9gion offre quelques uns des paysages les plus spectaculaires pouvant \u00eatre trouv\u00e9s au Ladakh. C\u2019est une terre de monast\u00e8res et de hauts cols, d\u00e9coup\u00e9e par de nombreuses cr\u00eates montagneuses et travers\u00e9e par d\u2019anciennes routes de commerce. On s\u2019aventurera dans un milieu sauvage min\u00e9ral o\u00f9 seulement quelques nomades vivent, totalement d\u00e9pendant de leurs yaks et troupeaux de moutons pour leur subsistance.<\/p>\n<h3>Itin\u00e9raire :<\/h3>\n<p><strong>1er Jour\u00a0: ARRIV\u00c9E \u00c0 DELHI.<\/strong><br \/>\nTransfert de l\u2019a\u00e9roport \u00e0 l\u2019h\u00f4tel.<\/p>\n<p><strong>2\u00e8me Jour\u00a0: DELHI \u00c0 LEH (3500m) en avion.<\/strong><br \/>\nL\u2019apr\u00e8s-midi d\u00e9tente \u00e0 Leh, o\u00f9 on peut aller se promener au march\u00e9 haut en couleur.<\/p>\n<p><strong>3\u00e8me Jour\u00a0: LEH \u00c0 HEMIS (3505m) en voiture.<\/strong><br \/>\nVisite des plus c\u00e9l\u00e8bres et plus vieux monast\u00e8res du Ladakh (15\u00e8me et 17\u00e8me si\u00e8cle), Thiksey, Shey et Hemis.<\/p>\n<p><strong>4\u00e8me Jour\u00a0: HEMIS \u00c0 SHANG SUMDO (3850m) en 4h.<\/strong><br \/>\nAujourd\u2019hui on quitte la vall\u00e9e de l\u2019Indus. On descend vers Martselang, puis on remonte la vall\u00e9e, qui est assez \u00e9troite \u00e0 certains endroits, ensuite on continue le long du lit de la rivi\u00e8re jusqu\u2019\u00e0 Shang Sumdo. Une \u00e9tape courte et agr\u00e9able, en anticipation des deux longs prochains jours.<\/p>\n<p><strong>5\u00e8me Jour\u00a0: SHANG SUMDO \u00c0 LATZA KONGMARU (4800m) en 7h.<\/strong><br \/>\nOn progresse le long de la rivi\u00e8re dont les berges sont ponctu\u00e9es de roches ocres. Depuis le village de Chukirmo, le chemin m\u00e8ne dans des gorges \u00e9troites o\u00f9 les poneys doivent \u00eatre d\u00e9charg\u00e9s deux fois et monte jusqu\u2019au camp de base du Kongmaru La.<\/p>\n<p><strong>6\u00e8me Jour\u00a0: LATZA KONGMARU \u00c0 KONGMARU LA (5030m) \u2013 Langtang Chu (4250m) en 7h.<\/strong><br \/>\nDepuis le col, il y a des vues superbes vers le nord l\u2019est du Karakoram et la Chine, alors qu\u2019au sud la vue est domin\u00e9e par le bien Kang Yatze (6400m) bien form\u00e9 et la cha\u00eene du Ladakh. On prend un chemin sur les cr\u00eates et descend en zigzagant \u00e0 travers des \u00e9boulis. Apr\u00e8s le chemin descend doucement vers les alpages d\u2019\u00e9t\u00e9 de Nimaling et la vall\u00e9e de la Markha, la plus belle vall\u00e9e au Ladakh.<\/p>\n<p><strong>7\u00e8me Jour\u00a0: LANGTANG CHU \u00c0 YAKRUPAL (4700m) en 4h.<\/strong><br \/>\nOn remonte la large vall\u00e9e, et apr\u00e8s avoir travers\u00e9 un ruisseau on poursuit le long d\u2019une paroi morainique.<\/p>\n<p><strong>8\u00e8me Jour\u00a0: YAKRUPAL \u00c0 ZALUNG KARPO LA (5200m) \u2013 Sorra (4200m) en 5h.<\/strong><br \/>\nOn continue la mont\u00e9e jusqu\u2019\u00e0 ce que la vall\u00e9e se divise et on prend \u00e0 droite. \u00c0 partir du col, on suit un chemin sur les cr\u00eates menant \u00e0 un autre col, puis on plonge dans la vall\u00e9e.<\/p>\n<p><strong>9\u00e8me Jour\u00a0: SORRA \u00c0 DAT (4200m) en 5h.<\/strong><br \/>\nOn suit des gorges bois\u00e9es magnifiques jusqu\u2019\u00e0 ce qu\u2019elles s\u2019\u00e9largissent en une vall\u00e9e. Des murs \u00e0 pri\u00e8res et des chortens s\u2019\u00e9tendent sur le chemin menant aux rivi\u00e8res Sara et Dat. Dat est un village verdoyant, o\u00f9 les cultures et la v\u00e9g\u00e9tation prennent toutes les parcelles de terre.<\/p>\n<p><strong>10\u00e8me Jour\u00a0: DAT \u00c0 YAR LA (5000m) \u2013 Lungmo Che (4010m) en 6h.<\/strong><br \/>\nUne mont\u00e9e facile nous am\u00e8ne au col, d\u2019o\u00f9 on peut appr\u00e9cier une vue spectaculaire sur le Rupshu. De temps en temps quelques \u00ab\u00a0Khyangs\u00a0\u00bb, \u00e2nes sauvages, montent aux caravanes, effrayant nos poneys.<\/p>\n<p><strong>11\u00e8me Jour\u00a0: LUNGMO CHE \u00c0 SANGTHA (4200m) en 3h.<\/strong><br \/>\nEnsuite transfert en jeep jusqu\u2019\u00e0 Sarchu. Le paysage change compl\u00e8tement en une vaste plaine aride. La r\u00e9gion est principalement peupl\u00e9e par les nomades Tib\u00e9tains. La route jusqu\u2019\u00e0 Sarchu se serpente jusqu\u2019au col de Lachung La (5060m).<\/p>\n<p><strong>12\u00e8me Jour\u00a0: SARCHU \u00c0 MANALI (2000m) en jeep.<\/strong><br \/>\nCe voyage est r\u00e9compens\u00e9 par des paysages magnifiques. La route passe par d\u2019incroyables lacets, passe le lac bleu Suraj Tal, \u00e0 Darcha et passe le Col du Rohtang (3954m) le dernier col de ce voyage. Le paysage est \u00e0 couper le souffle. Le Col du Rohtang est un col tr\u00e8s large, et est un des plus beaux cols dans le Pir Panjal. La vue des deux c\u00f4t\u00e9s est exaltante.<\/p>\n<p><strong>13\u00e8me Jour\u00a0: MANALI.<\/strong><br \/>\nEntour\u00e9e par des pics de montagnes enneig\u00e9s, Manali est aussi connue comme la \u00ab\u00a0Reine des Montagnes\u00a0\u00bb. C\u2019est un lieu de march\u00e9 haut en couleurs pour les villages avoisinants. Visitez le vieux Manali, le temple Hadimba et le village de Vashisht.<\/p>\n<p><strong>14\u00e8me Jour\u00a0: MANALI \u00c0 DELHI (v\u00e9hicule Priv\u00e9).<\/strong><\/p>\n<p><strong>15\u00e8me Jour\u00a0: DELHI. Joun\u00e9e de d\u00e9tente.<\/strong><br \/>\nJour de s\u00e9curit\u00e9 pour votre vol international.<\/p>\n<p>Vous pouvez voyager vers LEH par la route et partir par les airs. C\u2019est le mieux pour une bonne acclimatation.<\/p>\n<\/div>\n","protected":false,"raw":"<div id=\"overview\" class=\"tab-pane active\" role=\"tabpanel\">\r\n\r\n<strong>Lieux visit\u00e9s\u00a0:<\/strong> LEH, HEMIS, SHANG SUMDO, LATZA KONGMARU, KONGMARU LA, YAKRUPAL, ZALUNG KARPO LA, DAT, YAR LA, SANGTHA, MANALI\r\n<strong>Dur\u00e9e :<\/strong> 14 Nuits 15 Jours\r\n\r\nAu sud-est de Leh ce d\u00e9sert froid de haute altitude est l\u2019extension ouest du Plateau Tib\u00e9tain. Auparavant ferm\u00e9 aux visiteurs, cette r\u00e9gion offre quelques uns des paysages les plus spectaculaires pouvant \u00eatre trouv\u00e9s au Ladakh. C\u2019est une terre de monast\u00e8res et de hauts cols, d\u00e9coup\u00e9e par de nombreuses cr\u00eates montagneuses et travers\u00e9e par d\u2019anciennes routes de commerce. On s\u2019aventurera dans un milieu sauvage min\u00e9ral o\u00f9 seulement quelques nomades vivent, totalement d\u00e9pendant de leurs yaks et troupeaux de moutons pour leur subsistance.\r\n<h3>Itin\u00e9raire :<\/h3>\r\n<strong>1er Jour\u00a0: ARRIV\u00c9E \u00c0 DELHI.<\/strong>\r\nTransfert de l\u2019a\u00e9roport \u00e0 l\u2019h\u00f4tel.\r\n\r\n<strong>2\u00e8me Jour\u00a0: DELHI \u00c0 LEH (3500m) en avion.<\/strong>\r\nL\u2019apr\u00e8s-midi d\u00e9tente \u00e0 Leh, o\u00f9 on peut aller se promener au march\u00e9 haut en couleur.\r\n\r\n<strong>3\u00e8me Jour\u00a0: LEH \u00c0 HEMIS (3505m) en voiture.<\/strong>\r\nVisite des plus c\u00e9l\u00e8bres et plus vieux monast\u00e8res du Ladakh (15\u00e8me et 17\u00e8me si\u00e8cle), Thiksey, Shey et Hemis.\r\n\r\n<strong>4\u00e8me Jour\u00a0: HEMIS \u00c0 SHANG SUMDO (3850m) en 4h.<\/strong>\r\nAujourd\u2019hui on quitte la vall\u00e9e de l\u2019Indus. On descend vers Martselang, puis on remonte la vall\u00e9e, qui est assez \u00e9troite \u00e0 certains endroits, ensuite on continue le long du lit de la rivi\u00e8re jusqu\u2019\u00e0 Shang Sumdo. Une \u00e9tape courte et agr\u00e9able, en anticipation des deux longs prochains jours.\r\n\r\n<strong>5\u00e8me Jour\u00a0: SHANG SUMDO \u00c0 LATZA KONGMARU (4800m) en 7h.<\/strong>\r\nOn progresse le long de la rivi\u00e8re dont les berges sont ponctu\u00e9es de roches ocres. Depuis le village de Chukirmo, le chemin m\u00e8ne dans des gorges \u00e9troites o\u00f9 les poneys doivent \u00eatre d\u00e9charg\u00e9s deux fois et monte jusqu\u2019au camp de base du Kongmaru La.\r\n\r\n<strong>6\u00e8me Jour\u00a0: LATZA KONGMARU \u00c0 KONGMARU LA (5030m) \u2013 Langtang Chu (4250m) en 7h.<\/strong>\r\nDepuis le col, il y a des vues superbes vers le nord l\u2019est du Karakoram et la Chine, alors qu\u2019au sud la vue est domin\u00e9e par le bien Kang Yatze (6400m) bien form\u00e9 et la cha\u00eene du Ladakh. On prend un chemin sur les cr\u00eates et descend en zigzagant \u00e0 travers des \u00e9boulis. Apr\u00e8s le chemin descend doucement vers les alpages d\u2019\u00e9t\u00e9 de Nimaling et la vall\u00e9e de la Markha, la plus belle vall\u00e9e au Ladakh.\r\n\r\n<strong>7\u00e8me Jour\u00a0: LANGTANG CHU \u00c0 YAKRUPAL (4700m) en 4h.<\/strong>\r\nOn remonte la large vall\u00e9e, et apr\u00e8s avoir travers\u00e9 un ruisseau on poursuit le long d\u2019une paroi morainique.\r\n\r\n<strong>8\u00e8me Jour\u00a0: YAKRUPAL \u00c0 ZALUNG KARPO LA (5200m) \u2013 Sorra (4200m) en 5h.<\/strong>\r\nOn continue la mont\u00e9e jusqu\u2019\u00e0 ce que la vall\u00e9e se divise et on prend \u00e0 droite. \u00c0 partir du col, on suit un chemin sur les cr\u00eates menant \u00e0 un autre col, puis on plonge dans la vall\u00e9e.\r\n\r\n<strong>9\u00e8me Jour\u00a0: SORRA \u00c0 DAT (4200m) en 5h.<\/strong>\r\nOn suit des gorges bois\u00e9es magnifiques jusqu\u2019\u00e0 ce qu\u2019elles s\u2019\u00e9largissent en une vall\u00e9e. Des murs \u00e0 pri\u00e8res et des chortens s\u2019\u00e9tendent sur le chemin menant aux rivi\u00e8res Sara et Dat. Dat est un village verdoyant, o\u00f9 les cultures et la v\u00e9g\u00e9tation prennent toutes les parcelles de terre.\r\n\r\n<strong>10\u00e8me Jour\u00a0: DAT \u00c0 YAR LA (5000m) \u2013 Lungmo Che (4010m) en 6h.<\/strong>\r\nUne mont\u00e9e facile nous am\u00e8ne au col, d\u2019o\u00f9 on peut appr\u00e9cier une vue spectaculaire sur le Rupshu. De temps en temps quelques \"Khyangs\", \u00e2nes sauvages, montent aux caravanes, effrayant nos poneys.\r\n\r\n<strong>11\u00e8me Jour\u00a0: LUNGMO CHE \u00c0 SANGTHA (4200m) en 3h.<\/strong>\r\nEnsuite transfert en jeep jusqu\u2019\u00e0 Sarchu. Le paysage change compl\u00e8tement en une vaste plaine aride. La r\u00e9gion est principalement peupl\u00e9e par les nomades Tib\u00e9tains. La route jusqu\u2019\u00e0 Sarchu se serpente jusqu\u2019au col de Lachung La (5060m).\r\n\r\n<strong>12\u00e8me Jour\u00a0: SARCHU \u00c0 MANALI (2000m) en jeep.<\/strong>\r\nCe voyage est r\u00e9compens\u00e9 par des paysages magnifiques. La route passe par d\u2019incroyables lacets, passe le lac bleu Suraj Tal, \u00e0 Darcha et passe le Col du Rohtang (3954m) le dernier col de ce voyage. Le paysage est \u00e0 couper le souffle. Le Col du Rohtang est un col tr\u00e8s large, et est un des plus beaux cols dans le Pir Panjal. La vue des deux c\u00f4t\u00e9s est exaltante.\r\n\r\n<strong>13\u00e8me Jour\u00a0: MANALI.<\/strong>\r\nEntour\u00e9e par des pics de montagnes enneig\u00e9s, Manali est aussi connue comme la \"Reine des Montagnes\". C\u2019est un lieu de march\u00e9 haut en couleurs pour les villages avoisinants. Visitez le vieux Manali, le temple Hadimba et le village de Vashisht.\r\n\r\n<strong>14\u00e8me Jour\u00a0: MANALI \u00c0 DELHI (v\u00e9hicule Priv\u00e9).<\/strong>\r\n\r\n<strong>15\u00e8me Jour\u00a0: DELHI. Joun\u00e9e de d\u00e9tente.<\/strong>\r\nJour de s\u00e9curit\u00e9 pour votre vol international.\r\n\r\nVous pouvez voyager vers LEH par la route et partir par les airs. C\u2019est le mieux pour une bonne acclimatation.\r\n\r\n<\/div>"},"excerpt":{"rendered":"Places Covered: LEH, HEMIS, SHANG SUMDO , LATZA KONGMARU , KONGMARU LA, YAKRUPAL, ZALUNG KARPO LA , DAT , YAR LA , SANGTHA , MANALI, Duration: 14 Nights 15 Days Southeast of Leh this high altitude cold desert is the western extension of the Tibetan Plateau. Previously closed to visitors, this region offers some of<div class=\"padding-top text-center\"><a href=\"https:\/\/www.ladakhzanskartrekking.com\/fr\/voyages\/trek-de-la-vallee-de-la-rupshu\/\" class=\"atbtn atbtn--medium atbtn--rounded atbtn--transparent\">Lire plus<i class=\"atbtn__icon atbtn__icon--right fa fa-long-arrow-right\"><\/i><\/a><\/div>","protected":false,"raw":""},"featured_media":1270,"comment_status":"open","ping_status":"closed","template":"","meta":{"_en_post_content":"<div id=\"overview\" class=\"tab-pane active\" role=\"tabpanel\">\r\n\r\n<strong>Places Covered:<\/strong> LEH, HEMIS, SHANG SUMDO , LATZA KONGMARU , KONGMARU LA, YAKRUPAL, ZALUNG KARPO LA , DAT , YAR LA , SANGTHA , MANALI,\r\n<strong>Duration:<\/strong> 14 Nights 15 Days\r\n\r\nSoutheast of Leh this high altitude cold desert is the western extension of the Tibetan Plateau. Previously closed to visitors, this region offers some of the most amazing scenery to be found in Ladakh It is a land of monasteries and high passes, dissected by numerous mountain ridges and traversed by a number of ancient trading routes. We will venture in a mineral wilderness where only a few nomads live, totally reliant on their yak and sheep herds for their subsistence\r\n&nbsp;\r\n<h3>Itinerary:<\/h3>\r\n<strong>1st Day: ARRIVE DELHI.<\/strong>\r\nAirport \u2013 hotel transfer.\r\n\r\n<strong>2nd Day: DELHI TO LEH (3500 m) by plane.<\/strong>\r\nAfternoon at leisure in Leh, where we can take a walk to the colorful bazaar.\r\n\r\n<strong>3rd Day: LEH TO HEMIS (3505 m) by car.<\/strong>\r\nVisit of the most famous and oldest monasteries of Ladakh (15th and 17th century), Thikse, Shey and Hemis.\r\n\r\n<strong>4th Day: HEMIS TO SHANG SUMDO (3850 m) in 4 h.<\/strong>\r\nToday we leave the Indus valley. We descend towards Martselang, then go up the valley, which is fairly narrow in some places, then continue along the riverbed to Shang Sumdo. A short and pleasant stage, in anticipation of the next two long following days.\r\n\r\n<strong>5th Day: SHANG SUMDO TO LATZA KONGMARU (4800 m) in 7 h.<\/strong>\r\nWe progress along the river whose banks are punctuated with ochre rocks. From Chukirmo village, the track leads into narrow gorges where ponies need to be unloaded twice and go up to the base of Kongmaru La.\r\n\r\n<strong>6th Day: LATZA GONGMARU TO KONGMARU LA (5030 m) \u2013 Langtang Chu (4250 m) in 7 h.<\/strong>\r\nFrom the pass, there are great views north towards eastern Korakoram and China, whilst the southern vista is dominated by the shapely Kang Yatze (6400 m) and the Ladakhi range. We take a ridge trail and descend zigzagging across scree. Afterwards the path easily descends towards Nimaling summer pastures and Markha valley, the most beautiful valley in Ladakh.\r\n\r\n<strong>7th Day: LANGTANG CHU TO YAKRUPAL (4700 m) in 4 h.<\/strong>\r\nWe climb up the large valley, and after crossing a stream follow on along a morainic wall.\r\n\r\n<strong>8th Day: YAKRUPAL TO ZALUNG KARPO LA (5200 m) \u2013 Sorra (4200 m) in 5 h.<\/strong>\r\nWe carry on upwards until the valley divides and take right. From the pass, we follow a ridge trail leading to another pass, then plunge into the valley.\r\n\r\n<strong>9th Day: SORRA TO DAT (4200 m) in 5 h.<\/strong>\r\nWe follow gorgeous woody gorges until they widen into a valley. Manis and shortens are spread on the trail leading Sara and Dat rivers. Dat is a green village, where cultivation and vegetation takes every fragment of land.\r\n\r\n<strong>10th Day: DAT TO YAR LA (5000 m) \u2013 Lungmo Che (4010 m) in 6 h.<\/strong>\r\nAn easy climb takes us to the pass, where we enjoy a dramatic vista over the Rupshu. Sometimes some \u201cKhyangs\u201d, wild donkeys, go up to the caravans, frightening our ponies.\r\n\r\n<strong>11th Day: LUNGMO CHE TO SANGTHA (4200 m) in 3 h.<\/strong>\r\nThen transfer by jeep to Sarchu. The landscape completely changes into a vast arid plain. Tibetan nomads mainly populate the area. The road to Sarchu winds its way up to the Lachlung La pass (5060 m).\r\n\r\n<strong>12th Day: SARCHU TO MANALI (2000 m) by jeep.<\/strong>\r\nThis journey is rewarded by magnificent landscapes. The road goes through amazing switch back roads, pass the blue Suraj Tal lake to Darcha and pass through Rohtang Pass (3954m) the last pass of this journey. The landscape is breathtaking. Rohtang Pass is a very wide pass, and is one of the most beautiful passes in the Pir Panjal. The view on both sides is exhilarating.\r\n\r\n<strong>13th Day: MANALI.<\/strong>\r\nSurrounded by snowy mountain peaks, Manali is also known as \u201cQueen of Mountains\u201d. It is a gloriously colorful market place for the surrounding villages. Visit old Manali, Hadimba temple and Vashisht village.\r\n\r\n<strong>14th Day: MANALI TO DELHI (Private vehicle).<\/strong>\r\n\r\n<strong>15th Day: DELHI. Day at leisure.<\/strong>\r\nSafety day for your international flight.\r\n\r\nYou can travel to LEH by road and exit by air. This is best for proper acclimatization.\r\n\r\n<\/div>","_en_post_name":"rupshu-valley-trek","_en_post_excerpt":"","_en_post_title":"Rupshu Valley Trek","_fr_post_content":"<div id=\"overview\" class=\"tab-pane active\" role=\"tabpanel\">\r\n\r\n<strong>Lieux visit\u00e9s\u00a0:<\/strong> LEH, HEMIS, SHANG SUMDO, LATZA KONGMARU, KONGMARU LA, YAKRUPAL, ZALUNG KARPO LA, DAT, YAR LA, SANGTHA, MANALI\r\n<strong>Dur\u00e9e :<\/strong> 14 Nuits 15 Jours\r\n\r\nAu sud-est de Leh ce d\u00e9sert froid de haute altitude est l\u2019extension ouest du Plateau Tib\u00e9tain. Auparavant ferm\u00e9 aux visiteurs, cette r\u00e9gion offre quelques uns des paysages les plus spectaculaires pouvant \u00eatre trouv\u00e9s au Ladakh. C\u2019est une terre de monast\u00e8res et de hauts cols, d\u00e9coup\u00e9e par de nombreuses cr\u00eates montagneuses et travers\u00e9e par d\u2019anciennes routes de commerce. On s\u2019aventurera dans un milieu sauvage min\u00e9ral o\u00f9 seulement quelques nomades vivent, totalement d\u00e9pendant de leurs yaks et troupeaux de moutons pour leur subsistance.\r\n<h3>Itin\u00e9raire :<\/h3>\r\n<strong>1er Jour\u00a0: ARRIV\u00c9E \u00c0 DELHI.<\/strong>\r\nTransfert de l\u2019a\u00e9roport \u00e0 l\u2019h\u00f4tel.\r\n\r\n<strong>2\u00e8me Jour\u00a0: DELHI \u00c0 LEH (3500m) en avion.<\/strong>\r\nL\u2019apr\u00e8s-midi d\u00e9tente \u00e0 Leh, o\u00f9 on peut aller se promener au march\u00e9 haut en couleur.\r\n\r\n<strong>3\u00e8me Jour\u00a0: LEH \u00c0 HEMIS (3505m) en voiture.<\/strong>\r\nVisite des plus c\u00e9l\u00e8bres et plus vieux monast\u00e8res du Ladakh (15\u00e8me et 17\u00e8me si\u00e8cle), Thiksey, Shey et Hemis.\r\n\r\n<strong>4\u00e8me Jour\u00a0: HEMIS \u00c0 SHANG SUMDO (3850m) en 4h.<\/strong>\r\nAujourd\u2019hui on quitte la vall\u00e9e de l\u2019Indus. On descend vers Martselang, puis on remonte la vall\u00e9e, qui est assez \u00e9troite \u00e0 certains endroits, ensuite on continue le long du lit de la rivi\u00e8re jusqu\u2019\u00e0 Shang Sumdo. Une \u00e9tape courte et agr\u00e9able, en anticipation des deux longs prochains jours.\r\n\r\n<strong>5\u00e8me Jour\u00a0: SHANG SUMDO \u00c0 LATZA KONGMARU (4800m) en 7h.<\/strong>\r\nOn progresse le long de la rivi\u00e8re dont les berges sont ponctu\u00e9es de roches ocres. Depuis le village de Chukirmo, le chemin m\u00e8ne dans des gorges \u00e9troites o\u00f9 les poneys doivent \u00eatre d\u00e9charg\u00e9s deux fois et monte jusqu\u2019au camp de base du Kongmaru La.\r\n\r\n<strong>6\u00e8me Jour\u00a0: LATZA KONGMARU \u00c0 KONGMARU LA (5030m) \u2013 Langtang Chu (4250m) en 7h.<\/strong>\r\nDepuis le col, il y a des vues superbes vers le nord l\u2019est du Karakoram et la Chine, alors qu\u2019au sud la vue est domin\u00e9e par le bien Kang Yatze (6400m) bien form\u00e9 et la cha\u00eene du Ladakh. On prend un chemin sur les cr\u00eates et descend en zigzagant \u00e0 travers des \u00e9boulis. Apr\u00e8s le chemin descend doucement vers les alpages d\u2019\u00e9t\u00e9 de Nimaling et la vall\u00e9e de la Markha, la plus belle vall\u00e9e au Ladakh.\r\n\r\n<strong>7\u00e8me Jour\u00a0: LANGTANG CHU \u00c0 YAKRUPAL (4700m) en 4h.<\/strong>\r\nOn remonte la large vall\u00e9e, et apr\u00e8s avoir travers\u00e9 un ruisseau on poursuit le long d\u2019une paroi morainique.\r\n\r\n<strong>8\u00e8me Jour\u00a0: YAKRUPAL \u00c0 ZALUNG KARPO LA (5200m) \u2013 Sorra (4200m) en 5h.<\/strong>\r\nOn continue la mont\u00e9e jusqu\u2019\u00e0 ce que la vall\u00e9e se divise et on prend \u00e0 droite. \u00c0 partir du col, on suit un chemin sur les cr\u00eates menant \u00e0 un autre col, puis on plonge dans la vall\u00e9e.\r\n\r\n<strong>9\u00e8me Jour\u00a0: SORRA \u00c0 DAT (4200m) en 5h.<\/strong>\r\nOn suit des gorges bois\u00e9es magnifiques jusqu\u2019\u00e0 ce qu\u2019elles s\u2019\u00e9largissent en une vall\u00e9e. Des murs \u00e0 pri\u00e8res et des chortens s\u2019\u00e9tendent sur le chemin menant aux rivi\u00e8res Sara et Dat. Dat est un village verdoyant, o\u00f9 les cultures et la v\u00e9g\u00e9tation prennent toutes les parcelles de terre.\r\n\r\n<strong>10\u00e8me Jour\u00a0: DAT \u00c0 YAR LA (5000m) \u2013 Lungmo Che (4010m) en 6h.<\/strong>\r\nUne mont\u00e9e facile nous am\u00e8ne au col, d\u2019o\u00f9 on peut appr\u00e9cier une vue spectaculaire sur le Rupshu. De temps en temps quelques \"Khyangs\", \u00e2nes sauvages, montent aux caravanes, effrayant nos poneys.\r\n\r\n<strong>11\u00e8me Jour\u00a0: LUNGMO CHE \u00c0 SANGTHA (4200m) en 3h.<\/strong>\r\nEnsuite transfert en jeep jusqu\u2019\u00e0 Sarchu. Le paysage change compl\u00e8tement en une vaste plaine aride. La r\u00e9gion est principalement peupl\u00e9e par les nomades Tib\u00e9tains. La route jusqu\u2019\u00e0 Sarchu se serpente jusqu\u2019au col de Lachung La (5060m).\r\n\r\n<strong>12\u00e8me Jour\u00a0: SARCHU \u00c0 MANALI (2000m) en jeep.<\/strong>\r\nCe voyage est r\u00e9compens\u00e9 par des paysages magnifiques. La route passe par d\u2019incroyables lacets, passe le lac bleu Suraj Tal, \u00e0 Darcha et passe le Col du Rohtang (3954m) le dernier col de ce voyage. Le paysage est \u00e0 couper le souffle. Le Col du Rohtang est un col tr\u00e8s large, et est un des plus beaux cols dans le Pir Panjal. La vue des deux c\u00f4t\u00e9s est exaltante.\r\n\r\n<strong>13\u00e8me Jour\u00a0: MANALI.<\/strong>\r\nEntour\u00e9e par des pics de montagnes enneig\u00e9s, Manali est aussi connue comme la \"Reine des Montagnes\". C\u2019est un lieu de march\u00e9 haut en couleurs pour les villages avoisinants. Visitez le vieux Manali, le temple Hadimba et le village de Vashisht.\r\n\r\n<strong>14\u00e8me Jour\u00a0: MANALI \u00c0 DELHI (v\u00e9hicule Priv\u00e9).<\/strong>\r\n\r\n<strong>15\u00e8me Jour\u00a0: DELHI. Joun\u00e9e de d\u00e9tente.<\/strong>\r\nJour de s\u00e9curit\u00e9 pour votre vol international.\r\n\r\nVous pouvez voyager vers LEH par la route et partir par les airs. C\u2019est le mieux pour une bonne acclimatation.\r\n\r\n<\/div>","_fr_post_name":"trek-de-la-vallee-de-la-rupshu","_fr_post_excerpt":"","_fr_post_title":"Trek de la Vall\u00e9e de la Rupshu","edit_language":"fr"},"product_brand":[],"product_cat":[15],"product_tag":[],"class_list":{"0":"post-1254","1":"product","2":"type-product","3":"status-publish","4":"has-post-thumbnail","6":"product_cat-uncategorized","7":"tour_category-trekking","9":"first","10":"instock","11":"shipping-taxable","12":"product-type-tour"},"_links":{"self":[{"href":"https:\/\/www.ladakhzanskartrekking.com\/fr\/wp-json\/wp\/v2\/product\/1254","targetHints":{"allow":["GET"]}}],"collection":[{"href":"https:\/\/www.ladakhzanskartrekking.com\/fr\/wp-json\/wp\/v2\/product"}],"about":[{"href":"https:\/\/www.ladakhzanskartrekking.com\/fr\/wp-json\/wp\/v2\/types\/product"}],"replies":[{"embeddable":true,"href":"https:\/\/www.ladakhzanskartrekking.com\/fr\/wp-json\/wp\/v2\/comments?post=1254"}],"wp:featuredmedia":[{"embeddable":true,"href":"https:\/\/www.ladakhzanskartrekking.com\/fr\/wp-json\/wp\/v2\/media\/1270"}],"wp:attachment":[{"href":"https:\/\/www.ladakhzanskartrekking.com\/fr\/wp-json\/wp\/v2\/media?parent=1254"}],"wp:term":[{"taxonomy":"product_brand","embeddable":true,"href":"https:\/\/www.ladakhzanskartrekking.com\/fr\/wp-json\/wp\/v2\/product_brand?post=1254"},{"taxonomy":"product_cat","embeddable":true,"href":"https:\/\/www.ladakhzanskartrekking.com\/fr\/wp-json\/wp\/v2\/product_cat?post=1254"},{"taxonomy":"product_tag","embeddable":true,"href":"https:\/\/www.ladakhzanskartrekking.com\/fr\/wp-json\/wp\/v2\/product_tag?post=1254"}],"curies":[{"name":"wp","href":"https:\/\/api.w.org\/{rel}","templated":true}]}}