{"id":1255,"date":"2018-08-08T11:43:01","date_gmt":"2018-08-08T11:43:01","guid":{"rendered":"http:\/\/www.ladakhzanskartrekking.com\/?post_type=product&#038;p=1255"},"modified":"2026-04-18T10:15:21","modified_gmt":"2026-04-18T10:15:21","slug":"trek-du-stok-kangri","status":"publish","type":"product","link":"https:\/\/www.ladakhzanskartrekking.com\/fr\/voyages\/trek-du-stok-kangri\/","title":{"rendered":"Trek du Stok Kangri","raw":"Trek du Stok Kangri"},"content":{"rendered":"<div id=\"overview\" class=\"tab-pane active\" role=\"tabpanel\">\n<strong>Lieux visit\u00e9s\u00a0:<\/strong> Leh, Stok, Mankarmo, Stok Kangri, Trek Mankarmo, village de Stok\n<p><strong>Dur\u00e9e :<\/strong> 6 Jours \/ 5 Nuits<\/p>\n<p>Atteignant une altitude impressionnante de 6153m, le Stok Kangri est un s\u00e9rieux challenge. Bien qu\u2019\u00e0 une telle hauteur, ce n\u2019est pas une ascension technique et pendant la saison ne n\u00e9cessite pas d\u2019\u00e9quipements d\u2019alpinisme avanc\u00e9s. On fait notre mont\u00e9e jusqu\u2019au camp de base sur plusieurs jours pour maximiser l\u2019acclimatation et am\u00e9liorer les chances d\u2019une tentative d\u2019ascension au sommet r\u00e9ussie. Le vue depuis le sommet est une des meilleures dans l\u2019Himalaya offrant des vues superbes du Zanskar et de la cha\u00eene du Karakoram incluant le K2 (8611m), le deuxi\u00e8me plus grand sommet au monde. C\u2019est un des sommets faisables en trek les plus connus dans l\u2019Himalaya Indien.<\/p>\n<h3>Itin\u00e9raire :<\/h3>\n<p><strong>Jour 01\u00a0: Delhi \u2013 Leh<\/strong><br \/>\nArriv\u00e9e \u00e0 Leh, Transfert \u00e0 l\u2019h\u00f4tel. Jour complet de repos. Nuit \u00e0 l\u2019H\u00f4tel.<\/p>\n<p><strong>Jour 02\u00a0: En voiture Leh \u2013 Stok puis trek jusqu\u2019\u00e0 Mankarmo (5\/6h)<\/strong><br \/>\nApr\u00e8s le petit d\u00e9jeuner t\u00f4t, en voiture jusqu\u2019au Lieu de Trekking de Stok et visite du Palais de Stok en route. Nuit au camping.<\/p>\n<p><strong>Jour 03\u00a0: Trek Mankarmo \u2013 Camp de base (3\/4h)<\/strong><br \/>\nApr\u00e8s le petit d\u00e9jeuner t\u00f4t, on continue le trek avec une ascension graduelle pour arriver au camp de base. Arriv\u00e9e au camp avant le D\u00e9jeuner. Apr\u00e8s le D\u00e9jeuner, faites une courte mont\u00e9e depuis le camp de base pour mieux s\u2019acclimater. Montez 100m de plus et revenez ensuite en bas pour se coucher t\u00f4t en pr\u00e9paration de la tentative d\u2019ascension au sommet de demain. Nuit au camping (Approximativement 4900m).<\/p>\n<p><strong>Jour 04\u00a0: Camp de base \u2013 Sommet du Stok Kangri (6150m) \u2013 Camp de base (7\/8h)<\/strong><br \/>\nT\u00f4t le matin, d\u00e9but de l\u2019ascension du sommet plein d\u2019aventures et difficile avec une ascension graduelle pour avoir les meilleures conditions m\u00e9t\u00e9o et un lever de soleil possible au sommet. Au d\u00e9but, on monte sur une cr\u00eate qui m\u00e8ne \u00e0 un grand glacier. Apr\u00e8s avoir travers\u00e9 le glacier, on monte abruptement jusqu\u2019au sommet. Cette derni\u00e8re \u00e9tape est la plus difficile et demande beaucoup de force physique et mentale. La vue panoramique depuis le sommet est sans \u00e9gale. Au nord-ouest la Cha\u00eene du Karakoram, incluant le K2 (8611m), semble sans fin. On peut voir aussi la Cha\u00eene du Zanskar. Nuit au camp de base.<\/p>\n<p><strong>Jour 05\u00a0: Jour en plus Sommet \/ Trek Mankarmo<\/strong><br \/>\nEn cas de mauvaise m\u00e9t\u00e9o. Nuit au camp de base.<\/p>\n<p><strong>Jour 06\u00a0: Trek Camp de base \u2013 village de Stok puis en voiture jusqu\u2019\u00e0 Leh (6h)<\/strong><br \/>\nApr\u00e8s le petit d\u00e9jeuner, d\u00e9but du trek facile et doux descendant dans la vall\u00e9e. C\u2019est une marche superbe passant par de nombreuses ruines d\u2019anciens forts et ch\u00e2teaux, des paysages spectaculaires et merveilleux avec des prairies charmantes. Arriv\u00e9e au village de Stok puis ensuite en voiture jusqu\u2019\u00e0 Leh. Nuit \u00e0 l\u2019H\u00f4tel.<\/p>\n<p>En volant vers la capitale du Ladakh Leh, le sommet bien form\u00e9 du Stok Kangri (20075ft) est pro\u00e9minent sur l\u2019horizon sud. Passant plusieurs jours d\u2019acclimatation, on visite les monast\u00e8res hauts en couleurs \u00e0 Shey, Thiksey et Hemis avant de partir sur le beau trek \u00e0 travers la vall\u00e9e de la Markha. Notre itin\u00e9raire m\u00e8ne par plusieurs villages isol\u00e9s et pittoresques \u00e0 la haute Plaine de Nimaling sous le sommet imposant du Kang Yatze. Passant le Kongmaru La, on suit ensuite un haut chemin inhabituel jusqu\u2019au Camp de Base du Stok Kangri, une approche de la montagne de 3 jours, qui incluse des camping superbement plac\u00e9s et des vues lointaines vers le Tibet et l\u2019est du Karakoram. Bien qu\u2019objectivement tr\u00e8s s\u00fbr et simple techniquement (incluant des pierriers \u00e0 angle faible et des pentes douces enneig\u00e9es), l\u2019ascension du Stok Kangri est \u00e0 la fois difficile et int\u00e9ressante. C\u2019est un voyage merveilleusement vari\u00e9, parfaitement adapt\u00e9 \u00e0 quelqu\u2019un cherchant son premier sommet Himalayen.<\/p>\n<\/div>\n","protected":false,"raw":"<div id=\"overview\" class=\"tab-pane active\" role=\"tabpanel\">\r\n<strong>Lieux visit\u00e9s\u00a0:<\/strong> Leh, Stok, Mankarmo, Stok Kangri, Trek Mankarmo, village de Stok\r\n\r\n<strong>Dur\u00e9e :<\/strong> 6 Jours \/ 5 Nuits\r\n\r\nAtteignant une altitude impressionnante de 6153m, le Stok Kangri est un s\u00e9rieux challenge. Bien qu\u2019\u00e0 une telle hauteur, ce n\u2019est pas une ascension technique et pendant la saison ne n\u00e9cessite pas d\u2019\u00e9quipements d\u2019alpinisme avanc\u00e9s. On fait notre mont\u00e9e jusqu\u2019au camp de base sur plusieurs jours pour maximiser l\u2019acclimatation et am\u00e9liorer les chances d\u2019une tentative d\u2019ascension au sommet r\u00e9ussie. Le vue depuis le sommet est une des meilleures dans l\u2019Himalaya offrant des vues superbes du Zanskar et de la cha\u00eene du Karakoram incluant le K2 (8611m), le deuxi\u00e8me plus grand sommet au monde. C\u2019est un des sommets faisables en trek les plus connus dans l\u2019Himalaya Indien.\r\n<h3>Itin\u00e9raire :<\/h3>\r\n<strong>Jour 01\u00a0: Delhi \u2013 Leh<\/strong>\r\nArriv\u00e9e \u00e0 Leh, Transfert \u00e0 l\u2019h\u00f4tel. Jour complet de repos. Nuit \u00e0 l\u2019H\u00f4tel.\r\n\r\n<strong>Jour 02\u00a0: En voiture Leh \u2013 Stok puis trek jusqu\u2019\u00e0 Mankarmo (5\/6h)<\/strong>\r\nApr\u00e8s le petit d\u00e9jeuner t\u00f4t, en voiture jusqu\u2019au Lieu de Trekking de Stok et visite du Palais de Stok en route. Nuit au camping.\r\n\r\n<strong>Jour 03\u00a0: Trek Mankarmo \u2013 Camp de base (3\/4h)<\/strong>\r\nApr\u00e8s le petit d\u00e9jeuner t\u00f4t, on continue le trek avec une ascension graduelle pour arriver au camp de base. Arriv\u00e9e au camp avant le D\u00e9jeuner. Apr\u00e8s le D\u00e9jeuner, faites une courte mont\u00e9e depuis le camp de base pour mieux s\u2019acclimater. Montez 100m de plus et revenez ensuite en bas pour se coucher t\u00f4t en pr\u00e9paration de la tentative d\u2019ascension au sommet de demain. Nuit au camping (Approximativement 4900m).\r\n\r\n<strong>Jour 04\u00a0: Camp de base \u2013 Sommet du Stok Kangri (6150m) \u2013 Camp de base (7\/8h)<\/strong>\r\nT\u00f4t le matin, d\u00e9but de l\u2019ascension du sommet plein d\u2019aventures et difficile avec une ascension graduelle pour avoir les meilleures conditions m\u00e9t\u00e9o et un lever de soleil possible au sommet. Au d\u00e9but, on monte sur une cr\u00eate qui m\u00e8ne \u00e0 un grand glacier. Apr\u00e8s avoir travers\u00e9 le glacier, on monte abruptement jusqu\u2019au sommet. Cette derni\u00e8re \u00e9tape est la plus difficile et demande beaucoup de force physique et mentale. La vue panoramique depuis le sommet est sans \u00e9gale. Au nord-ouest la Cha\u00eene du Karakoram, incluant le K2 (8611m), semble sans fin. On peut voir aussi la Cha\u00eene du Zanskar. Nuit au camp de base.\r\n\r\n<strong>Jour 05\u00a0: Jour en plus Sommet \/ Trek Mankarmo<\/strong>\r\nEn cas de mauvaise m\u00e9t\u00e9o. Nuit au camp de base.\r\n\r\n<strong>Jour 06\u00a0: Trek Camp de base \u2013 village de Stok puis en voiture jusqu\u2019\u00e0 Leh (6h)<\/strong>\r\nApr\u00e8s le petit d\u00e9jeuner, d\u00e9but du trek facile et doux descendant dans la vall\u00e9e. C\u2019est une marche superbe passant par de nombreuses ruines d\u2019anciens forts et ch\u00e2teaux, des paysages spectaculaires et merveilleux avec des prairies charmantes. Arriv\u00e9e au village de Stok puis ensuite en voiture jusqu\u2019\u00e0 Leh. Nuit \u00e0 l\u2019H\u00f4tel.\r\n\r\nEn volant vers la capitale du Ladakh Leh, le sommet bien form\u00e9 du Stok Kangri (20075ft) est pro\u00e9minent sur l\u2019horizon sud. Passant plusieurs jours d\u2019acclimatation, on visite les monast\u00e8res hauts en couleurs \u00e0 Shey, Thiksey et Hemis avant de partir sur le beau trek \u00e0 travers la vall\u00e9e de la Markha. Notre itin\u00e9raire m\u00e8ne par plusieurs villages isol\u00e9s et pittoresques \u00e0 la haute Plaine de Nimaling sous le sommet imposant du Kang Yatze. Passant le Kongmaru La, on suit ensuite un haut chemin inhabituel jusqu\u2019au Camp de Base du Stok Kangri, une approche de la montagne de 3 jours, qui incluse des camping superbement plac\u00e9s et des vues lointaines vers le Tibet et l\u2019est du Karakoram. Bien qu\u2019objectivement tr\u00e8s s\u00fbr et simple techniquement (incluant des pierriers \u00e0 angle faible et des pentes douces enneig\u00e9es), l\u2019ascension du Stok Kangri est \u00e0 la fois difficile et int\u00e9ressante. C\u2019est un voyage merveilleusement vari\u00e9, parfaitement adapt\u00e9 \u00e0 quelqu\u2019un cherchant son premier sommet Himalayen.\r\n\r\n<\/div>"},"excerpt":{"rendered":"Places Covered: Leh, Stok, Mankarmo, Stok Kangri , Trek Mankarmo , Stok village , Duration: 6 Days \/ 5 Nights Towering at an impressive 6153 m, Stok Kangri is a serious challenge. Although at such an impressive height, it is not a technical climb and in season requires no advanced mountaineering equipment. We work our<div class=\"padding-top text-center\"><a href=\"https:\/\/www.ladakhzanskartrekking.com\/fr\/voyages\/trek-du-stok-kangri\/\" class=\"atbtn atbtn--medium atbtn--rounded atbtn--transparent\">Lire plus<i class=\"atbtn__icon atbtn__icon--right fa fa-long-arrow-right\"><\/i><\/a><\/div>","protected":false,"raw":""},"featured_media":1365,"comment_status":"open","ping_status":"closed","template":"","meta":{"_en_post_content":"<div id=\"overview\" class=\"tab-pane active\" role=\"tabpanel\">\r\n\r\n<strong>Places Covered:<\/strong> Leh, Stok, Mankarmo, Stok Kangri , Trek Mankarmo , Stok village ,\r\n\r\n<strong>Duration:<\/strong> 6 Days \/ 5 Nights\r\n\r\nTowering at an impressive 6153 m, Stok Kangri is a serious challenge. Although at such an impressive height, it is not a technical climb and in season requires no advanced mountaineering equipment. We work our way up to base camp over a number of days to maximize acclimatization and improve chances of a successful summit attempt. The view from the top is one of the best in the Himalaya offering great views of the Zanskar and Karakoram ranges including K2 (8611 m), the second highest peak in the world. This is one of the most popular trekking peaks in the Indian Himalayas\r\n<h3>Itinerary:<\/h3>\r\n<strong>Day 01 : Delhi - Leh<\/strong>\r\nArrive Leh, Transfer to Hotel. Full day rest. Overnight Hotel.\r\n\r\n<strong>Day 02: Drive Leh - Stok then trek to Mankarmo (5\/6 hrs)<\/strong>\r\nAfter early breakfast, drive to Stok Trekking Point enroute visit the Stok Palace. Overnight at camp\r\n\r\n<strong>Day 03: Trek Mankarmo- Base Camp (3\/4 hrs)<\/strong>\r\nAfter early breakfast, continue trek with gradual ascent to reach at base camp. Arrive at campsite before Lunch. Post Lunch, take a short climb from base camp to better acclimatize. Climb a further 100 m and then come back down again to get an early night in preparation for tomorrow's summit attempt. Overnight at camp (Approx. 4900m)\r\n\r\n<strong>Day 04: Base Camp - Stok Kangri Summit (6150 m) - Base Camp (7\/8 hrs)<\/strong>\r\nEarly in the morning, start full of adventurous and challenging summit with gradual climbing to avail of the best weather conditions and a possible sunrise at the summit. First, climb onto a ridge which leads to a large glacier. After crossing the glacier, ascend steeply to the summit. This last leg is the most difficult and takes a lot of physical and mental strength. The panoramic view from the summit is second to none. To the north-west the Karakoram Range, including K2 (8611 m), seems endless. One can also see the Zanskar Range. Overnight at base camp\r\n\r\n<strong>Day 05: Day Spare Summit \/ Trek Mankarmo<\/strong>\r\nIncase bad weather. Overnight at base camp.\r\n\r\n<strong>Day 06: Trek Base Camp - Stok village then drive to Leh (6 hrs)<\/strong>\r\nPost breakfast; start easy and gentle trek descending down in the valley. This is a great walk passing by numerous ruins of old forts and castles; spectacular and wonderful landscape with charming meadows. Arrive Stok village then drive to Leh. Overnight Hotel.\r\n\r\nFlying into the Ladakhi capital of Leh, the shapely peak of Stok Kangri (20075ft.) is prominent on the southern skyline. Spending several days acclimatizing, we visit the colorful monasteries at Shey, Thikse and Hemis before setting off on the lovely trek through the Markha Valley. Our route leads by way of several remote and picturesque villages to the high Nimaling Plain below the imposing peak of Kang Yatze. Crossing the Kongmaru La, we then follow an unusual high route to Stok Kangri Base Camp, a 3-day approach to the mountain, which includes superbly located campsites and far-reaching views towards Tibet and the eastern Karakoram. Although objectively very safe and technically straightforward (involving low-angle scree and easy snow slopes), the climb on Stok Kangri is both challenging and interesting. This is a wonderfully varied trip, perfectly suited to someone seeking his or her first Himalayan summit.\r\n\r\n<\/div>","_en_post_name":"stok-kangri-trek","_en_post_excerpt":"","_en_post_title":"Stok Kangri Trek","_fr_post_content":"<div id=\"overview\" class=\"tab-pane active\" role=\"tabpanel\">\r\n<strong>Lieux visit\u00e9s\u00a0:<\/strong> Leh, Stok, Mankarmo, Stok Kangri, Trek Mankarmo, village de Stok\r\n\r\n<strong>Dur\u00e9e :<\/strong> 6 Jours \/ 5 Nuits\r\n\r\nAtteignant une altitude impressionnante de 6153m, le Stok Kangri est un s\u00e9rieux challenge. Bien qu\u2019\u00e0 une telle hauteur, ce n\u2019est pas une ascension technique et pendant la saison ne n\u00e9cessite pas d\u2019\u00e9quipements d\u2019alpinisme avanc\u00e9s. On fait notre mont\u00e9e jusqu\u2019au camp de base sur plusieurs jours pour maximiser l\u2019acclimatation et am\u00e9liorer les chances d\u2019une tentative d\u2019ascension au sommet r\u00e9ussie. Le vue depuis le sommet est une des meilleures dans l\u2019Himalaya offrant des vues superbes du Zanskar et de la cha\u00eene du Karakoram incluant le K2 (8611m), le deuxi\u00e8me plus grand sommet au monde. C\u2019est un des sommets faisables en trek les plus connus dans l\u2019Himalaya Indien.\r\n<h3>Itin\u00e9raire :<\/h3>\r\n<strong>Jour 01\u00a0: Delhi \u2013 Leh<\/strong>\r\nArriv\u00e9e \u00e0 Leh, Transfert \u00e0 l\u2019h\u00f4tel. Jour complet de repos. Nuit \u00e0 l\u2019H\u00f4tel.\r\n\r\n<strong>Jour 02\u00a0: En voiture Leh \u2013 Stok puis trek jusqu\u2019\u00e0 Mankarmo (5\/6h)<\/strong>\r\nApr\u00e8s le petit d\u00e9jeuner t\u00f4t, en voiture jusqu\u2019au Lieu de Trekking de Stok et visite du Palais de Stok en route. Nuit au camping.\r\n\r\n<strong>Jour 03\u00a0: Trek Mankarmo \u2013 Camp de base (3\/4h)<\/strong>\r\nApr\u00e8s le petit d\u00e9jeuner t\u00f4t, on continue le trek avec une ascension graduelle pour arriver au camp de base. Arriv\u00e9e au camp avant le D\u00e9jeuner. Apr\u00e8s le D\u00e9jeuner, faites une courte mont\u00e9e depuis le camp de base pour mieux s\u2019acclimater. Montez 100m de plus et revenez ensuite en bas pour se coucher t\u00f4t en pr\u00e9paration de la tentative d\u2019ascension au sommet de demain. Nuit au camping (Approximativement 4900m).\r\n\r\n<strong>Jour 04\u00a0: Camp de base \u2013 Sommet du Stok Kangri (6150m) \u2013 Camp de base (7\/8h)<\/strong>\r\nT\u00f4t le matin, d\u00e9but de l\u2019ascension du sommet plein d\u2019aventures et difficile avec une ascension graduelle pour avoir les meilleures conditions m\u00e9t\u00e9o et un lever de soleil possible au sommet. Au d\u00e9but, on monte sur une cr\u00eate qui m\u00e8ne \u00e0 un grand glacier. Apr\u00e8s avoir travers\u00e9 le glacier, on monte abruptement jusqu\u2019au sommet. Cette derni\u00e8re \u00e9tape est la plus difficile et demande beaucoup de force physique et mentale. La vue panoramique depuis le sommet est sans \u00e9gale. Au nord-ouest la Cha\u00eene du Karakoram, incluant le K2 (8611m), semble sans fin. On peut voir aussi la Cha\u00eene du Zanskar. Nuit au camp de base.\r\n\r\n<strong>Jour 05\u00a0: Jour en plus Sommet \/ Trek Mankarmo<\/strong>\r\nEn cas de mauvaise m\u00e9t\u00e9o. Nuit au camp de base.\r\n\r\n<strong>Jour 06\u00a0: Trek Camp de base \u2013 village de Stok puis en voiture jusqu\u2019\u00e0 Leh (6h)<\/strong>\r\nApr\u00e8s le petit d\u00e9jeuner, d\u00e9but du trek facile et doux descendant dans la vall\u00e9e. C\u2019est une marche superbe passant par de nombreuses ruines d\u2019anciens forts et ch\u00e2teaux, des paysages spectaculaires et merveilleux avec des prairies charmantes. Arriv\u00e9e au village de Stok puis ensuite en voiture jusqu\u2019\u00e0 Leh. Nuit \u00e0 l\u2019H\u00f4tel.\r\n\r\nEn volant vers la capitale du Ladakh Leh, le sommet bien form\u00e9 du Stok Kangri (20075ft) est pro\u00e9minent sur l\u2019horizon sud. Passant plusieurs jours d\u2019acclimatation, on visite les monast\u00e8res hauts en couleurs \u00e0 Shey, Thiksey et Hemis avant de partir sur le beau trek \u00e0 travers la vall\u00e9e de la Markha. Notre itin\u00e9raire m\u00e8ne par plusieurs villages isol\u00e9s et pittoresques \u00e0 la haute Plaine de Nimaling sous le sommet imposant du Kang Yatze. Passant le Kongmaru La, on suit ensuite un haut chemin inhabituel jusqu\u2019au Camp de Base du Stok Kangri, une approche de la montagne de 3 jours, qui incluse des camping superbement plac\u00e9s et des vues lointaines vers le Tibet et l\u2019est du Karakoram. Bien qu\u2019objectivement tr\u00e8s s\u00fbr et simple techniquement (incluant des pierriers \u00e0 angle faible et des pentes douces enneig\u00e9es), l\u2019ascension du Stok Kangri est \u00e0 la fois difficile et int\u00e9ressante. C\u2019est un voyage merveilleusement vari\u00e9, parfaitement adapt\u00e9 \u00e0 quelqu\u2019un cherchant son premier sommet Himalayen.\r\n\r\n<\/div>","_fr_post_name":"trek-du-stok-kangri","_fr_post_excerpt":"","_fr_post_title":"Trek du Stok Kangri","edit_language":"fr"},"product_brand":[],"product_cat":[15],"product_tag":[],"class_list":{"0":"post-1255","1":"product","2":"type-product","3":"status-publish","4":"has-post-thumbnail","6":"product_cat-uncategorized","7":"tour_category-trekking","9":"first","10":"instock","11":"shipping-taxable","12":"product-type-tour"},"_links":{"self":[{"href":"https:\/\/www.ladakhzanskartrekking.com\/fr\/wp-json\/wp\/v2\/product\/1255","targetHints":{"allow":["GET"]}}],"collection":[{"href":"https:\/\/www.ladakhzanskartrekking.com\/fr\/wp-json\/wp\/v2\/product"}],"about":[{"href":"https:\/\/www.ladakhzanskartrekking.com\/fr\/wp-json\/wp\/v2\/types\/product"}],"replies":[{"embeddable":true,"href":"https:\/\/www.ladakhzanskartrekking.com\/fr\/wp-json\/wp\/v2\/comments?post=1255"}],"wp:featuredmedia":[{"embeddable":true,"href":"https:\/\/www.ladakhzanskartrekking.com\/fr\/wp-json\/wp\/v2\/media\/1365"}],"wp:attachment":[{"href":"https:\/\/www.ladakhzanskartrekking.com\/fr\/wp-json\/wp\/v2\/media?parent=1255"}],"wp:term":[{"taxonomy":"product_brand","embeddable":true,"href":"https:\/\/www.ladakhzanskartrekking.com\/fr\/wp-json\/wp\/v2\/product_brand?post=1255"},{"taxonomy":"product_cat","embeddable":true,"href":"https:\/\/www.ladakhzanskartrekking.com\/fr\/wp-json\/wp\/v2\/product_cat?post=1255"},{"taxonomy":"product_tag","embeddable":true,"href":"https:\/\/www.ladakhzanskartrekking.com\/fr\/wp-json\/wp\/v2\/product_tag?post=1255"}],"curies":[{"name":"wp","href":"https:\/\/api.w.org\/{rel}","templated":true}]}}