{"id":1256,"date":"2018-08-08T11:50:29","date_gmt":"2018-08-08T11:50:29","guid":{"rendered":"http:\/\/www.ladakhzanskartrekking.com\/?post_type=product&#038;p=1256"},"modified":"2026-04-16T21:27:44","modified_gmt":"2026-04-16T21:27:44","slug":"trek-de-la-vallee-de-l-indus","status":"publish","type":"product","link":"https:\/\/www.ladakhzanskartrekking.com\/fr\/voyages\/trek-de-la-vallee-de-l-indus\/","title":{"rendered":"Trek de la Vall\u00e9e de l\u2019Indus","raw":"Trek de la Vall\u00e9e de l\u2019Indus"},"content":{"rendered":"<div id=\"overview\" class=\"tab-pane active\" role=\"tabpanel\"><strong>Lieux visit\u00e9s\u00a0:<\/strong> Delhi, LEH, Shey, Thiksey, Monast\u00e8re de Hemis, Ladakh, Monast\u00e8re de Spituk, BASGO, Yangthang, Temisgang, Lamayuru<\/div>\n<div class=\"tab-pane active\" role=\"tabpanel\">\n<p><strong>Dur\u00e9e :<\/strong> 12 Nuits 13 Jours<\/p>\n<p>Une large vall\u00e9e form\u00e9e par les principaux canaux du Fleuve de l\u2019Indus qui coulent \u00e0 travers le Ladakh, la r\u00e9gion incluse une partie du district de Leh, la r\u00e9gion de Skardu et la vaste d\u00e9sert froid qui s\u2019\u00e9tend plus loin. La Vall\u00e9e de l\u2019Indus est constitu\u00e9e de grandes \u00e9tendues de terre vallonn\u00e9es entrecoup\u00e9es par de hautes montagnes \u00e0 travers lesquelles il y a de nombreux cols. La Vall\u00e9e de l\u2019Indus est l\u2019\u00e2me du Ladakh et est strat\u00e9giquement la partie la plus importante. Ces fronti\u00e8res touchent celles du Pakistan, de l\u2019Afghanistan, de la Chine et de l\u2019Inde. Passant au milieu d\u2019un vaste milieu sauvage peupl\u00e9 au c\u0153ur m\u00eame de l\u2019Himalaya, la r\u00e9gion de la vall\u00e9e de l\u2019Indus comprend quelques uns des endroits les moins explor\u00e9s du Ladakh. Une route carrossable le long l\u2019ancienne route des caravanes \u00e0 travers les les collines entre Likkir et Temisgong, permet une excursion agr\u00e9able de deux jours, qui vous am\u00e8ne dans trois monast\u00e8res majeurs \u2013 Likkir, Rizong (aussi \u00e9pel\u00e9 Rhidzong) et Tamisgang.<\/p>\n<h3>Itin\u00e9raire :<\/h3>\n<p>1er Jour\u00a0: \u00c0 VOTRE ARRIV\u00c9E \u00c0 DELHI. Vous serez re\u00e7u par les agents de notre soci\u00e9t\u00e9 qui vous emm\u00e8nerons \u00e0 l\u2019a\u00e9roport domestique pour votre vol vers Leh.<\/p>\n<p>2\u00e8me Jour\u00a0: \u00c0 VOTRE ARRIV\u00c9E \u00c0 LEH. Vous vous enregistrerez \u00e0 l\u2019h\u00f4tel et vous acclimaterez \u00e0 la r\u00e9gion. Apr\u00e8s \u00e7a vous iriez faire une visite de la ville de Leh, incluant son palais du 17\u00e8me si\u00e8cle et son Monast\u00e8re.<\/p>\n<p>3\u00e8me Jour\u00a0: APR\u00c8S UNE NUIT et un petit d\u00e9jeuner \u00e9quilibr\u00e9 vous partirez pour votre visite des monast\u00e8res de Shey, de Thiksey et d\u2019Hemis, le c\u0153ur spirituel de la Vall\u00e9e de l\u2019Indus.<\/p>\n<p>4\u00e8me Jour\u00a0: LE SUIVANT VOUS VERRA VISITER LE C\u00c9L\u00c8BRE PALAIS DE STOK. La maison des souverains h\u00e9riditaires du Ladakh, et du Monast\u00e8re de Spituk.<\/p>\n<p>5\u00e8me Jour\u00a0: ENSUITE VOUS PARTIREZ FAIRE UNE VISITE DES MONAST\u00c8RES DE BASGO, ALCHI ET LIKIR. Le m\u00eame jour vous Camperez \u00e0 Likir.<\/p>\n<p>6\u00e8me Jour\u00a0: APR\u00c8S L\u2019AVENTURE EN CAMPING. Vous irez ensuite en trek en passant par le Pobe La (3550 m\u00e8tres) jusqu\u2019\u00e0 Yangthang.<\/p>\n<p>7\u00e8me Jour\u00a0: Le jour suivant vous irez faire votre trek vers le Monast\u00e8re de Rizong et reviendrez \u00e0 Yangthang.<\/p>\n<p>8\u00e8me Jour\u00a0: Pour s\u2019amuser plus en trekking le lendemain vous verra trekker en passant le Sermanchan La (3750 m\u00e8tres) et le Lago La (3750 m\u00e8tres) jusqu\u2019\u00e0 Ang.<\/p>\n<p>9\u00e8me Jour\u00a0: En suivant \u00e7a, le lendemain vous trekkerez jusqu\u2019\u00e0 Temisgang, passerez ensuite le Bongbong La (3630 m\u00e8tres) jusqu\u2019\u00e0 Khaltse, ensuite en jeep jusqu\u2019\u00e0 Wanlah. La m\u00eame nuit nous Camperons \u00e0 Wanlah.<\/p>\n<p>10\u00e8me Jour\u00a0: Apr\u00e8s l\u2019aventure en camping, vous irez trekker de Wanlah en passant le Prinkiti La (3725 m\u00e8tres) jusqu\u2019\u00e0 Lamayuru. La m\u00eame nuit vous Campez \u00e0 Lamayuru.<\/p>\n<p>11\u00e8me Jour\u00a0: Apr\u00e8s le trek long et fatiguant mais plein d\u2019aventures vous retournerez en jeep \u00e0 Leh.<\/p>\n<p>12\u00e8me Jour\u00a0: Apr\u00e8s avoir pass\u00e9 la nuit \u00e0 Leh vous serez ensuite emmen\u00e9 \u00e0 l\u2019a\u00e9roport pour votre vol matinal vers Delhi. \u00c0 votre arriv\u00e9e les agents de notre soci\u00e9t\u00e9 qui vous emm\u00e8neront \u00e0 votre h\u00f4tel et vous enregistreront pour une nuit vous recevront.<\/p>\n<p>13\u00e8me Jour\u00a0: Quittez Delhi avec des souvenirs inoubliables de votre Trek de la Vall\u00e9e de l\u2019Indus avec Leh, le Ladakh et l\u2019Inde et partez \u00e0 l\u2019a\u00e9roport pour attraper un vol pour la suite de votre voyage.<\/p>\n<\/div>\n","protected":false,"raw":"<div id=\"overview\" class=\"tab-pane active\" role=\"tabpanel\"><strong>Lieux visit\u00e9s\u00a0:<\/strong> Delhi, LEH, Shey, Thiksey, Monast\u00e8re de Hemis, Ladakh, Monast\u00e8re de Spituk, BASGO, Yangthang, Temisgang, Lamayuru<\/div>\r\n<div class=\"tab-pane active\" role=\"tabpanel\">\r\n\r\n<strong>Dur\u00e9e :<\/strong> 12 Nuits 13 Jours\r\n\r\nUne large vall\u00e9e form\u00e9e par les principaux canaux du Fleuve de l\u2019Indus qui coulent \u00e0 travers le Ladakh, la r\u00e9gion incluse une partie du district de Leh, la r\u00e9gion de Skardu et la vaste d\u00e9sert froid qui s\u2019\u00e9tend plus loin. La Vall\u00e9e de l\u2019Indus est constitu\u00e9e de grandes \u00e9tendues de terre vallonn\u00e9es entrecoup\u00e9es par de hautes montagnes \u00e0 travers lesquelles il y a de nombreux cols. La Vall\u00e9e de l\u2019Indus est l\u2019\u00e2me du Ladakh et est strat\u00e9giquement la partie la plus importante. Ces fronti\u00e8res touchent celles du Pakistan, de l\u2019Afghanistan, de la Chine et de l\u2019Inde. Passant au milieu d\u2019un vaste milieu sauvage peupl\u00e9 au c\u0153ur m\u00eame de l\u2019Himalaya, la r\u00e9gion de la vall\u00e9e de l\u2019Indus comprend quelques uns des endroits les moins explor\u00e9s du Ladakh. Une route carrossable le long l\u2019ancienne route des caravanes \u00e0 travers les les collines entre Likkir et Temisgong, permet une excursion agr\u00e9able de deux jours, qui vous am\u00e8ne dans trois monast\u00e8res majeurs \u2013 Likkir, Rizong (aussi \u00e9pel\u00e9 Rhidzong) et Tamisgang.\r\n<h3>Itin\u00e9raire :<\/h3>\r\n1er Jour\u00a0: \u00c0 VOTRE ARRIV\u00c9E \u00c0 DELHI. Vous serez re\u00e7u par les agents de notre soci\u00e9t\u00e9 qui vous emm\u00e8nerons \u00e0 l\u2019a\u00e9roport domestique pour votre vol vers Leh.\r\n\r\n2\u00e8me Jour\u00a0: \u00c0 VOTRE ARRIV\u00c9E \u00c0 LEH. Vous vous enregistrerez \u00e0 l\u2019h\u00f4tel et vous acclimaterez \u00e0 la r\u00e9gion. Apr\u00e8s \u00e7a vous iriez faire une visite de la ville de Leh, incluant son palais du 17\u00e8me si\u00e8cle et son Monast\u00e8re.\r\n\r\n3\u00e8me Jour\u00a0: APR\u00c8S UNE NUIT et un petit d\u00e9jeuner \u00e9quilibr\u00e9 vous partirez pour votre visite des monast\u00e8res de Shey, de Thiksey et d\u2019Hemis, le c\u0153ur spirituel de la Vall\u00e9e de l\u2019Indus.\r\n\r\n4\u00e8me Jour\u00a0: LE SUIVANT VOUS VERRA VISITER LE C\u00c9L\u00c8BRE PALAIS DE STOK. La maison des souverains h\u00e9riditaires du Ladakh, et du Monast\u00e8re de Spituk.\r\n\r\n5\u00e8me Jour\u00a0: ENSUITE VOUS PARTIREZ FAIRE UNE VISITE DES MONAST\u00c8RES DE BASGO, ALCHI ET LIKIR. Le m\u00eame jour vous Camperez \u00e0 Likir.\r\n\r\n6\u00e8me Jour\u00a0: APR\u00c8S L\u2019AVENTURE EN CAMPING. Vous irez ensuite en trek en passant par le Pobe La (3550 m\u00e8tres) jusqu\u2019\u00e0 Yangthang.\r\n\r\n7\u00e8me Jour\u00a0: Le jour suivant vous irez faire votre trek vers le Monast\u00e8re de Rizong et reviendrez \u00e0 Yangthang.\r\n\r\n8\u00e8me Jour\u00a0: Pour s\u2019amuser plus en trekking le lendemain vous verra trekker en passant le Sermanchan La (3750 m\u00e8tres) et le Lago La (3750 m\u00e8tres) jusqu\u2019\u00e0 Ang.\r\n\r\n9\u00e8me Jour\u00a0: En suivant \u00e7a, le lendemain vous trekkerez jusqu\u2019\u00e0 Temisgang, passerez ensuite le Bongbong La (3630 m\u00e8tres) jusqu\u2019\u00e0 Khaltse, ensuite en jeep jusqu\u2019\u00e0 Wanlah. La m\u00eame nuit nous Camperons \u00e0 Wanlah.\r\n\r\n10\u00e8me Jour\u00a0: Apr\u00e8s l\u2019aventure en camping, vous irez trekker de Wanlah en passant le Prinkiti La (3725 m\u00e8tres) jusqu\u2019\u00e0 Lamayuru. La m\u00eame nuit vous Campez \u00e0 Lamayuru.\r\n\r\n11\u00e8me Jour\u00a0: Apr\u00e8s le trek long et fatiguant mais plein d\u2019aventures vous retournerez en jeep \u00e0 Leh.\r\n\r\n12\u00e8me Jour\u00a0: Apr\u00e8s avoir pass\u00e9 la nuit \u00e0 Leh vous serez ensuite emmen\u00e9 \u00e0 l\u2019a\u00e9roport pour votre vol matinal vers Delhi. \u00c0 votre arriv\u00e9e les agents de notre soci\u00e9t\u00e9 qui vous emm\u00e8neront \u00e0 votre h\u00f4tel et vous enregistreront pour une nuit vous recevront.\r\n\r\n13\u00e8me Jour\u00a0: Quittez Delhi avec des souvenirs inoubliables de votre Trek de la Vall\u00e9e de l\u2019Indus avec Leh, le Ladakh et l\u2019Inde et partez \u00e0 l\u2019a\u00e9roport pour attraper un vol pour la suite de votre voyage.\r\n\r\n<\/div>"},"excerpt":{"rendered":"Places Covered: Delhi, LEH, Shey, Tikse, Hemis Gompas, Ladakh, Spitok Gompa, BASGO, Yangthang, Temisgang, Lamayuru, Duration: 12 Nights 13 Days A large valley formed by the main channels of the Indus Rivers as they flow across Ladhak, the place includes parts of Leh district, the Skardu region and the vast cold desert beyond. The Indus<div class=\"padding-top text-center\"><a href=\"https:\/\/www.ladakhzanskartrekking.com\/fr\/voyages\/trek-de-la-vallee-de-l-indus\/\" class=\"atbtn atbtn--medium atbtn--rounded atbtn--transparent\">Lire plus<i class=\"atbtn__icon atbtn__icon--right fa fa-long-arrow-right\"><\/i><\/a><\/div>","protected":false,"raw":""},"featured_media":1367,"comment_status":"open","ping_status":"closed","template":"","meta":{"_en_post_content":"<div id=\"overview\" class=\"tab-pane active\" role=\"tabpanel\">\r\n\r\n<strong>Places Covered:<\/strong> Delhi, LEH, Shey, Tikse, Hemis Gompas, Ladakh, Spitok Gompa, BASGO, Yangthang, Temisgang, Lamayuru,\r\n\r\n<strong>Duration:<\/strong> 12 Nights 13 Days\r\n\r\nA large valley formed by the main channels of the Indus Rivers as they flow across Ladhak, the place includes parts of Leh district, the Skardu region and the vast cold desert beyond. The Indus Valley consists of large stretches of undulating lands interspersed by high mountains across which there are many passes. The Indus Valley is the soul of Ladakh and is strategically the most important part. Its border touches those of Pakistan, Afghanistan, China and India. Passing through a vast inhabited wilderness at the very heart of the Himalayas, the Indus valley region comprises of some of the least explored places of Ladakh. A motorable road along the old carvan route through the hills between Likkir and Temisgong, makes a leisurely two-day hike, which takes in three major monastries - Likkir, Rizong (also spelt as Rhidzong) and Tamisgang\r\n&nbsp;\r\n<h3>Itinerary:<\/h3>\r\n\r\n1st Day: AT YOUR ARRIVAL IN DELHI. You will be received by our company officials who will then take you to the domestic airport for your flight to Leh.\r\n\r\n2nd Day: ON YOUR ARRIVAL AT LEH. You will check into your hotel and get acclimatized to the place. After that you will proceed for a tour of Leh city, including its 17th century palace and Gompa.\r\n\r\n3rd Day: AFTER AN OVERNIGHT stay and a healthy breakfast you will go for your tour of Shey, Tikse, and Hemis Gompas, the spiritual heart of the Indus Valley.\r\n\r\n4th Day: THE NEXT WILL SEE YOU TOUR THE FAMOUS STOK PALACE. Home of the hereditary rulers of Ladakh, and Spitok Gompa.\r\n\r\n5th Day: FURTHER YOU WILL GO ON A TOUR OF BASGO, ALCHI, AND LIKIR GOMPAS. The same day you will Camp at Likir.\r\n\r\n6th Day: AFTER THE CAMPING ADVENTURE. You will then move on to trek over Pobe la (3,550 metres) to Yangthang.\r\n\r\n7th Day: The following day you will proceed to your trek to Rizong Gompa and then return back to Yangthang.\r\n\r\n8th Day: For more fun on trekking the next day will see you trek over Sermanchan la (3,750 metres) and Lago la (3,750 metres) to Ang.\r\n\r\n9th day: Following this, the nest day you will trek to Temisgang, then over Bongbong la (3,630 metres) to Khaltse, then by jeep to Wanlah. The same night we will Camp at Wanlah.\r\n\r\n10th Day: After the camp adventure, you will then move on to trek from Wanlah over Prinkiti la (3,725 metres) to Lamayuru. The same night you Camp at the Lamayuru.\r\n\r\n11th Day: After the long tiring but full of adventure trekking trip you will return by jeep to Leh.\r\n\r\n12th Day: Having spent the night at Leh you will then be taken to the airport for your morning flight to Delhi. On your arrival our company officials who will take you to your hotel and check you in for an overnight stay will receive you.\r\n\r\n13th Day: Leave Delhi with unforgettable memories of your Indus Valley Trek with Leh Ladakh India and get transfers to airport for catching a flight to your onward journey.\r\n\r\n<\/div>","_en_post_name":"indus-valley-trek","_en_post_excerpt":"","_en_post_title":"Indus Valley Trek","_fr_post_content":"<div id=\"overview\" class=\"tab-pane active\" role=\"tabpanel\"><strong>Lieux visit\u00e9s\u00a0:<\/strong> Delhi, LEH, Shey, Thiksey, Monast\u00e8re de Hemis, Ladakh, Monast\u00e8re de Spituk, BASGO, Yangthang, Temisgang, Lamayuru<\/div>\r\n<div class=\"tab-pane active\" role=\"tabpanel\">\r\n\r\n<strong>Dur\u00e9e :<\/strong> 12 Nuits 13 Jours\r\n\r\nUne large vall\u00e9e form\u00e9e par les principaux canaux du Fleuve de l\u2019Indus qui coulent \u00e0 travers le Ladakh, la r\u00e9gion incluse une partie du district de Leh, la r\u00e9gion de Skardu et la vaste d\u00e9sert froid qui s\u2019\u00e9tend plus loin. La Vall\u00e9e de l\u2019Indus est constitu\u00e9e de grandes \u00e9tendues de terre vallonn\u00e9es entrecoup\u00e9es par de hautes montagnes \u00e0 travers lesquelles il y a de nombreux cols. La Vall\u00e9e de l\u2019Indus est l\u2019\u00e2me du Ladakh et est strat\u00e9giquement la partie la plus importante. Ces fronti\u00e8res touchent celles du Pakistan, de l\u2019Afghanistan, de la Chine et de l\u2019Inde. Passant au milieu d\u2019un vaste milieu sauvage peupl\u00e9 au c\u0153ur m\u00eame de l\u2019Himalaya, la r\u00e9gion de la vall\u00e9e de l\u2019Indus comprend quelques uns des endroits les moins explor\u00e9s du Ladakh. Une route carrossable le long l\u2019ancienne route des caravanes \u00e0 travers les les collines entre Likkir et Temisgong, permet une excursion agr\u00e9able de deux jours, qui vous am\u00e8ne dans trois monast\u00e8res majeurs \u2013 Likkir, Rizong (aussi \u00e9pel\u00e9 Rhidzong) et Tamisgang.\r\n<h3>Itin\u00e9raire :<\/h3>\r\n1er Jour\u00a0: \u00c0 VOTRE ARRIV\u00c9E \u00c0 DELHI. Vous serez re\u00e7u par les agents de notre soci\u00e9t\u00e9 qui vous emm\u00e8nerons \u00e0 l\u2019a\u00e9roport domestique pour votre vol vers Leh.\r\n\r\n2\u00e8me Jour\u00a0: \u00c0 VOTRE ARRIV\u00c9E \u00c0 LEH. Vous vous enregistrerez \u00e0 l\u2019h\u00f4tel et vous acclimaterez \u00e0 la r\u00e9gion. Apr\u00e8s \u00e7a vous iriez faire une visite de la ville de Leh, incluant son palais du 17\u00e8me si\u00e8cle et son Monast\u00e8re.\r\n\r\n3\u00e8me Jour\u00a0: APR\u00c8S UNE NUIT et un petit d\u00e9jeuner \u00e9quilibr\u00e9 vous partirez pour votre visite des monast\u00e8res de Shey, de Thiksey et d\u2019Hemis, le c\u0153ur spirituel de la Vall\u00e9e de l\u2019Indus.\r\n\r\n4\u00e8me Jour\u00a0: LE SUIVANT VOUS VERRA VISITER LE C\u00c9L\u00c8BRE PALAIS DE STOK. La maison des souverains h\u00e9riditaires du Ladakh, et du Monast\u00e8re de Spituk.\r\n\r\n5\u00e8me Jour\u00a0: ENSUITE VOUS PARTIREZ FAIRE UNE VISITE DES MONAST\u00c8RES DE BASGO, ALCHI ET LIKIR. Le m\u00eame jour vous Camperez \u00e0 Likir.\r\n\r\n6\u00e8me Jour\u00a0: APR\u00c8S L\u2019AVENTURE EN CAMPING. Vous irez ensuite en trek en passant par le Pobe La (3550 m\u00e8tres) jusqu\u2019\u00e0 Yangthang.\r\n\r\n7\u00e8me Jour\u00a0: Le jour suivant vous irez faire votre trek vers le Monast\u00e8re de Rizong et reviendrez \u00e0 Yangthang.\r\n\r\n8\u00e8me Jour\u00a0: Pour s\u2019amuser plus en trekking le lendemain vous verra trekker en passant le Sermanchan La (3750 m\u00e8tres) et le Lago La (3750 m\u00e8tres) jusqu\u2019\u00e0 Ang.\r\n\r\n9\u00e8me Jour\u00a0: En suivant \u00e7a, le lendemain vous trekkerez jusqu\u2019\u00e0 Temisgang, passerez ensuite le Bongbong La (3630 m\u00e8tres) jusqu\u2019\u00e0 Khaltse, ensuite en jeep jusqu\u2019\u00e0 Wanlah. La m\u00eame nuit nous Camperons \u00e0 Wanlah.\r\n\r\n10\u00e8me Jour\u00a0: Apr\u00e8s l\u2019aventure en camping, vous irez trekker de Wanlah en passant le Prinkiti La (3725 m\u00e8tres) jusqu\u2019\u00e0 Lamayuru. La m\u00eame nuit vous Campez \u00e0 Lamayuru.\r\n\r\n11\u00e8me Jour\u00a0: Apr\u00e8s le trek long et fatiguant mais plein d\u2019aventures vous retournerez en jeep \u00e0 Leh.\r\n\r\n12\u00e8me Jour\u00a0: Apr\u00e8s avoir pass\u00e9 la nuit \u00e0 Leh vous serez ensuite emmen\u00e9 \u00e0 l\u2019a\u00e9roport pour votre vol matinal vers Delhi. \u00c0 votre arriv\u00e9e les agents de notre soci\u00e9t\u00e9 qui vous emm\u00e8neront \u00e0 votre h\u00f4tel et vous enregistreront pour une nuit vous recevront.\r\n\r\n13\u00e8me Jour\u00a0: Quittez Delhi avec des souvenirs inoubliables de votre Trek de la Vall\u00e9e de l\u2019Indus avec Leh, le Ladakh et l\u2019Inde et partez \u00e0 l\u2019a\u00e9roport pour attraper un vol pour la suite de votre voyage.\r\n\r\n<\/div>","_fr_post_name":"trek-de-la-vallee-de-l-indus","_fr_post_excerpt":"","_fr_post_title":"Trek de la Vall\u00e9e de l\u2019Indus","edit_language":"fr"},"product_brand":[],"product_cat":[15],"product_tag":[],"class_list":{"0":"post-1256","1":"product","2":"type-product","3":"status-publish","4":"has-post-thumbnail","6":"product_cat-uncategorized","7":"tour_category-trekking","9":"first","10":"instock","11":"shipping-taxable","12":"product-type-tour"},"_links":{"self":[{"href":"https:\/\/www.ladakhzanskartrekking.com\/fr\/wp-json\/wp\/v2\/product\/1256","targetHints":{"allow":["GET"]}}],"collection":[{"href":"https:\/\/www.ladakhzanskartrekking.com\/fr\/wp-json\/wp\/v2\/product"}],"about":[{"href":"https:\/\/www.ladakhzanskartrekking.com\/fr\/wp-json\/wp\/v2\/types\/product"}],"replies":[{"embeddable":true,"href":"https:\/\/www.ladakhzanskartrekking.com\/fr\/wp-json\/wp\/v2\/comments?post=1256"}],"wp:featuredmedia":[{"embeddable":true,"href":"https:\/\/www.ladakhzanskartrekking.com\/fr\/wp-json\/wp\/v2\/media\/1367"}],"wp:attachment":[{"href":"https:\/\/www.ladakhzanskartrekking.com\/fr\/wp-json\/wp\/v2\/media?parent=1256"}],"wp:term":[{"taxonomy":"product_brand","embeddable":true,"href":"https:\/\/www.ladakhzanskartrekking.com\/fr\/wp-json\/wp\/v2\/product_brand?post=1256"},{"taxonomy":"product_cat","embeddable":true,"href":"https:\/\/www.ladakhzanskartrekking.com\/fr\/wp-json\/wp\/v2\/product_cat?post=1256"},{"taxonomy":"product_tag","embeddable":true,"href":"https:\/\/www.ladakhzanskartrekking.com\/fr\/wp-json\/wp\/v2\/product_tag?post=1256"}],"curies":[{"name":"wp","href":"https:\/\/api.w.org\/{rel}","templated":true}]}}