{"id":1375,"date":"2018-09-27T06:04:22","date_gmt":"2018-09-27T06:04:22","guid":{"rendered":"http:\/\/www.ladakhzanskartrekking.com\/?post_type=product&#038;p=1375"},"modified":"2025-12-03T14:20:17","modified_gmt":"2025-12-03T14:20:17","slug":"trek-de-lamayuru-a-alchi","status":"publish","type":"product","link":"https:\/\/www.ladakhzanskartrekking.com\/fr\/voyages\/trek-de-lamayuru-a-alchi\/","title":{"rendered":"Trek de Lamayuru \u00e0 Alchi","raw":"Trek de Lamayuru \u00e0 Alchi"},"content":{"rendered":"<div id=\"overview\" class=\"tab-pane active\" role=\"tabpanel\">\n<p><strong>Lieux visit\u00e9s\u00a0:<\/strong> LEH, LAMAYURU, WANLA, CAMP DE BASE DU TAR LA, MANG GYU, ALCHI<br \/>\n<strong>Dur\u00e9e :<\/strong> 8 Nuits 9 Jours<br \/>\n<strong>Meilleure saison :<\/strong> Juin &#8211; Octobre<br \/>\n<strong>Difficult\u00e9\u00a0:<\/strong> Mod\u00e9r\u00e9e \u00e0 Difficile<br \/>\n<strong>Altitude\u00a0:<\/strong> 5250 m\/17220 ft<\/p>\n<p>Un trek court qui vous am\u00e8ne \u00e0 trois des plus anciens monast\u00e8res du Ladakh tout \u00e7a en cinq jours. La beaut\u00e9 du trek est qu\u2019il vous am\u00e8ne aux monast\u00e8res par un chemin rarement utilis\u00e9 loin de la route Leh-Srinagar.<\/p>\n<h3>Itin\u00e9raire :<\/h3>\n<p><strong>1er Jour\u00a0:<\/strong> ARRIV\u00c9E \u00c0 DELHI<\/p>\n<p><strong>2\u00e8me Jour\u00a0:<\/strong> DELHI \u00c0 LEH. Jour complet de relaxation \u00e0 l\u2019h\u00f4tel pour l\u2019acclimatation.<\/p>\n<p><strong>3\u00e8me Jour\u00a0:<\/strong> LEH \u00c0 LAMAYURU. On quitte Leh le matin pour Lamayuru. Sur la route, on passe par quelques uns des plus anciens et des plus c\u00e9l\u00e8bres monast\u00e8res au Ladakh, fond\u00e9s autour du 11\u00e8me si\u00e8cle par Lotsawa Rinchen Zangpo, Lamayuru, Likir et Alchi offrent des visites vraiment m\u00e9morables du fait de leur \u00e2ge et de leur histoire. Apr\u00e8s \u00eatre arriv\u00e9s \u00e0 Lamayuru (3420m) on passera la journ\u00e9e \u00e0 explorer l\u2019ancien monast\u00e8re et \u00e0 se pr\u00e9parer pour le lendemain.<\/p>\n<p><strong>4\u00e8me Jour\u00a0:<\/strong> LAMAYURU \u00c0 WANLA. On fait nos sacs \u00e0 dos, on regarde les chevaux \u00eatre pr\u00eats, et on part pour le premier jour de notre aventure. Un chemin doux m\u00e8ne jusqu\u2019au petit col du Prinkti La (3750m) avant de descendre en direction de Shilla et les 3 derniers kilom\u00e8tres jusqu\u2019\u00e0 Wanla (3250m). On campe ici pour la nuit et on passe l\u2019apr\u00e8s-midi en se relaxant au soleil ou en explorant le Monast\u00e8re \u00e0 Wanla, avant de se rassembler pour un bon d\u00eener.<\/p>\n<p><strong>5\u00e8me Jour\u00a0:<\/strong> WANLA AU CAMP DE BASE DU TAR LA (4200m\/13776ft). Aujourd\u2019hui sera un long jour en passant par quelques villages jusqu\u2019\u00e0 ce vous arriviez au camp de base du Tar La.<\/p>\n<p><strong>6\u00e8me Jour\u00a0:<\/strong> CAMP DE BASE DU TAR LA (4300m\/14105ft) EN PASSANT PAR LE TAR LA (5250m\/17220ft). Le chemin monte et descend quelques fois avant que vous arriviez au Tar La. La descente jusqu\u2019au village de Tar est sur des rochers.<\/p>\n<p><strong>7\u00e8me Jour\u00a0:<\/strong> TAR \u00c0 MANG GYU. Traverser un petit col au-dessus de Tar vous am\u00e8ne au village de Mang Gyu. Il y a un petit monast\u00e8re au village qui m\u00e9rite une visite.<\/p>\n<p><strong>8\u00e8me Jour\u00a0:<\/strong> MANG GYU \u00c0 ALCHI ET LEH. Le dernier jour du trek est un jour court jusqu\u2019au village de Gera d\u2019o\u00f9 un v\u00e9hicule viendra vous chercher et vous d\u00e9posera \u00e0 Leh apr\u00e8s avoir visit\u00e9 Alchi et Likir.<\/p>\n<p><strong>9\u00e8me Jour\u00a0:<\/strong> LEH \u00c0 DELHI. Le matin transfert \u00e0 l\u2019a\u00e9roport pour attraper le vol pour Delhi.<\/p>\n<\/div>\n","protected":false,"raw":"<div id=\"overview\" class=\"tab-pane active\" role=\"tabpanel\">\r\n\r\n<strong>Lieux visit\u00e9s\u00a0:<\/strong> LEH, LAMAYURU, WANLA, CAMP DE BASE DU TAR LA, MANG GYU, ALCHI\r\n<strong>Dur\u00e9e :<\/strong> 8 Nuits 9 Jours\r\n<strong>Meilleure saison :<\/strong> Juin - Octobre\r\n<strong>Difficult\u00e9\u00a0:<\/strong> Mod\u00e9r\u00e9e \u00e0 Difficile\r\n<strong>Altitude\u00a0:<\/strong> 5250 m\/17220 ft\r\n\r\nUn trek court qui vous am\u00e8ne \u00e0 trois des plus anciens monast\u00e8res du Ladakh tout \u00e7a en cinq jours. La beaut\u00e9 du trek est qu\u2019il vous am\u00e8ne aux monast\u00e8res par un chemin rarement utilis\u00e9 loin de la route Leh-Srinagar.\r\n<h3>Itin\u00e9raire :<\/h3>\r\n<strong>1er Jour\u00a0:<\/strong> ARRIV\u00c9E \u00c0 DELHI\r\n\r\n<strong>2\u00e8me Jour\u00a0:<\/strong> DELHI \u00c0 LEH. Jour complet de relaxation \u00e0 l\u2019h\u00f4tel pour l\u2019acclimatation.\r\n\r\n<strong>3\u00e8me Jour\u00a0:<\/strong> LEH \u00c0 LAMAYURU. On quitte Leh le matin pour Lamayuru. Sur la route, on passe par quelques uns des plus anciens et des plus c\u00e9l\u00e8bres monast\u00e8res au Ladakh, fond\u00e9s autour du 11\u00e8me si\u00e8cle par Lotsawa Rinchen Zangpo, Lamayuru, Likir et Alchi offrent des visites vraiment m\u00e9morables du fait de leur \u00e2ge et de leur histoire. Apr\u00e8s \u00eatre arriv\u00e9s \u00e0 Lamayuru (3420m) on passera la journ\u00e9e \u00e0 explorer l\u2019ancien monast\u00e8re et \u00e0 se pr\u00e9parer pour le lendemain.\r\n\r\n<strong>4\u00e8me Jour\u00a0:<\/strong> LAMAYURU \u00c0 WANLA. On fait nos sacs \u00e0 dos, on regarde les chevaux \u00eatre pr\u00eats, et on part pour le premier jour de notre aventure. Un chemin doux m\u00e8ne jusqu\u2019au petit col du Prinkti La (3750m) avant de descendre en direction de Shilla et les 3 derniers kilom\u00e8tres jusqu\u2019\u00e0 Wanla (3250m). On campe ici pour la nuit et on passe l\u2019apr\u00e8s-midi en se relaxant au soleil ou en explorant le Monast\u00e8re \u00e0 Wanla, avant de se rassembler pour un bon d\u00eener.\r\n\r\n<strong>5\u00e8me Jour\u00a0:<\/strong> WANLA AU CAMP DE BASE DU TAR LA (4200m\/13776ft). Aujourd\u2019hui sera un long jour en passant par quelques villages jusqu\u2019\u00e0 ce vous arriviez au camp de base du Tar La.\r\n\r\n<strong>6\u00e8me Jour\u00a0:<\/strong> CAMP DE BASE DU TAR LA (4300m\/14105ft) EN PASSANT PAR LE TAR LA (5250m\/17220ft). Le chemin monte et descend quelques fois avant que vous arriviez au Tar La. La descente jusqu\u2019au village de Tar est sur des rochers.\r\n\r\n<strong>7\u00e8me Jour\u00a0:<\/strong> TAR \u00c0 MANG GYU. Traverser un petit col au-dessus de Tar vous am\u00e8ne au village de Mang Gyu. Il y a un petit monast\u00e8re au village qui m\u00e9rite une visite.\r\n\r\n<strong>8\u00e8me Jour\u00a0:<\/strong> MANG GYU \u00c0 ALCHI ET LEH. Le dernier jour du trek est un jour court jusqu\u2019au village de Gera d\u2019o\u00f9 un v\u00e9hicule viendra vous chercher et vous d\u00e9posera \u00e0 Leh apr\u00e8s avoir visit\u00e9 Alchi et Likir.\r\n\r\n<strong>9\u00e8me Jour\u00a0:<\/strong> LEH \u00c0 DELHI. Le matin transfert \u00e0 l\u2019a\u00e9roport pour attraper le vol pour Delhi.\r\n\r\n<\/div>"},"excerpt":{"rendered":"Places Covered: LEH, LAMAYURU, WANLA, BASE OF TAR LA , MANG GYU, ALCHI Duration: 8 Nights 9 Days Best Season: June \u2013 October Grade: Moderate to Challenging Altitude: 5250 mts\/17220 ft A short trek that takes you to three of the oldest monasteries of Ladakh all in five days. The beauty of the trek is<div class=\"padding-top text-center\"><a href=\"https:\/\/www.ladakhzanskartrekking.com\/fr\/voyages\/trek-de-lamayuru-a-alchi\/\" class=\"atbtn atbtn--medium atbtn--rounded atbtn--transparent\">Lire plus<i class=\"atbtn__icon atbtn__icon--right fa fa-long-arrow-right\"><\/i><\/a><\/div>","protected":false,"raw":""},"featured_media":1377,"comment_status":"open","ping_status":"closed","template":"","meta":{"_en_post_content":"<div id=\"overview\" class=\"tab-pane active\" role=\"tabpanel\">\r\n\r\n<strong>Places Covered:<\/strong> LEH, LAMAYURU, WANLA, BASE OF TAR LA , MANG GYU, ALCHI\r\n<strong>Duration:<\/strong> 8 Nights 9 Days\r\n<strong>Best Season:<\/strong> June \u2013 October\r\n<strong>Grade:<\/strong> Moderate to Challenging\r\n<strong>Altitude:<\/strong> 5250 mts\/17220 ft\r\n\r\nA short trek that takes you to three of the oldest monasteries of Ladakh all in five days. The beauty of the trek is that it takes you to monasteries by a rarely used trail away from the Leh-Srinagar highway\r\n&nbsp;\r\n<h3>Itinerary:<\/h3>\r\n<strong>1st Day:<\/strong> ARRIVE DELHI.\r\n\r\n<strong>2nd Day: <\/strong>DELHI TO LEH. Full day relax at the hotel for the acclimatisation.\r\n\r\n<strong>3rd Day:<\/strong> LEH TO LAMAYURU. We leave Leh in the morning for Lamayuru. Along the way, we come across some of the oldest and most famous monasteries in Ladakh, founded around 11th century by Lotsawa Rinchen Sangpo Lamayuru, Likir and Alchi offer truly memorable visits on account of their age and history. After reaching Lamayuru (3420m) we will spend the day exploring the ancient monastery and to prepare for the next day.\r\n\r\n<strong>4th Day: <\/strong>LAMAYURU TO WANLA. We pack our small backpacks, watch the horses get ready, and set off for this first day of our adventure. A gentle trail leads up to the small pass of Prinkti La (3750m) before heading down to the village of Shilla and the last 3 km to Wanla (3250m).Here we set up camp for the night and spend the afternoon relaxing in the sun or exploring the Gompa in Wanla, before we gather around for a good dinner.\r\n\r\n<strong>5th Day:<\/strong> WANLA TO BASE OF TAR LA (4200 mts\/13776 ft). Today will be a long day past a couple of villages till you arrive at the base of Tar La.\r\n\r\n<strong>6th Day: <\/strong>BASE OF TAR LA TO TAR (4300 mts\/14105 ft) VIA TAR LA (5250 mts\/17220 ft). The trail ascends and descends a few times before you arrive at Tar La. The way down to the village of Tar is over boulders.\r\n\r\n<strong>7th Day: <\/strong>TAR TO MANG GYU. Crossing a small pass above Tar will bring you the village of Mang Gyu. There is a small monastery in the village that is worth a visit.\r\n\r\n<strong>8th Day: <\/strong>MANG GYU TO ALCHI TO LEH. The last day's trek is a short one to the village of Gera from where a vehicle will pick you up and drop you to Leh after visiting Alchi and Likir.\r\n\r\n<strong>9th Day: <\/strong>LEH TO DELHI. In the morning transfer to airport to catch the flight for Delhi\r\n\r\n<\/div>","_en_post_name":"lamayuru-to-alchi-trek","_en_post_excerpt":"","_en_post_title":"Lamayuru to Alchi Trek","_fr_post_content":"<div id=\"overview\" class=\"tab-pane active\" role=\"tabpanel\">\r\n\r\n<strong>Lieux visit\u00e9s\u00a0:<\/strong> LEH, LAMAYURU, WANLA, CAMP DE BASE DU TAR LA, MANG GYU, ALCHI\r\n<strong>Dur\u00e9e :<\/strong> 8 Nuits 9 Jours\r\n<strong>Meilleure saison :<\/strong> Juin - Octobre\r\n<strong>Difficult\u00e9\u00a0:<\/strong> Mod\u00e9r\u00e9e \u00e0 Difficile\r\n<strong>Altitude\u00a0:<\/strong> 5250 m\/17220 ft\r\n\r\nUn trek court qui vous am\u00e8ne \u00e0 trois des plus anciens monast\u00e8res du Ladakh tout \u00e7a en cinq jours. La beaut\u00e9 du trek est qu\u2019il vous am\u00e8ne aux monast\u00e8res par un chemin rarement utilis\u00e9 loin de la route Leh-Srinagar.\r\n<h3>Itin\u00e9raire :<\/h3>\r\n<strong>1er Jour\u00a0:<\/strong> ARRIV\u00c9E \u00c0 DELHI\r\n\r\n<strong>2\u00e8me Jour\u00a0:<\/strong> DELHI \u00c0 LEH. Jour complet de relaxation \u00e0 l\u2019h\u00f4tel pour l\u2019acclimatation.\r\n\r\n<strong>3\u00e8me Jour\u00a0:<\/strong> LEH \u00c0 LAMAYURU. On quitte Leh le matin pour Lamayuru. Sur la route, on passe par quelques uns des plus anciens et des plus c\u00e9l\u00e8bres monast\u00e8res au Ladakh, fond\u00e9s autour du 11\u00e8me si\u00e8cle par Lotsawa Rinchen Zangpo, Lamayuru, Likir et Alchi offrent des visites vraiment m\u00e9morables du fait de leur \u00e2ge et de leur histoire. Apr\u00e8s \u00eatre arriv\u00e9s \u00e0 Lamayuru (3420m) on passera la journ\u00e9e \u00e0 explorer l\u2019ancien monast\u00e8re et \u00e0 se pr\u00e9parer pour le lendemain.\r\n\r\n<strong>4\u00e8me Jour\u00a0:<\/strong> LAMAYURU \u00c0 WANLA. On fait nos sacs \u00e0 dos, on regarde les chevaux \u00eatre pr\u00eats, et on part pour le premier jour de notre aventure. Un chemin doux m\u00e8ne jusqu\u2019au petit col du Prinkti La (3750m) avant de descendre en direction de Shilla et les 3 derniers kilom\u00e8tres jusqu\u2019\u00e0 Wanla (3250m). On campe ici pour la nuit et on passe l\u2019apr\u00e8s-midi en se relaxant au soleil ou en explorant le Monast\u00e8re \u00e0 Wanla, avant de se rassembler pour un bon d\u00eener.\r\n\r\n<strong>5\u00e8me Jour\u00a0:<\/strong> WANLA AU CAMP DE BASE DU TAR LA (4200m\/13776ft). Aujourd\u2019hui sera un long jour en passant par quelques villages jusqu\u2019\u00e0 ce vous arriviez au camp de base du Tar La.\r\n\r\n<strong>6\u00e8me Jour\u00a0:<\/strong> CAMP DE BASE DU TAR LA (4300m\/14105ft) EN PASSANT PAR LE TAR LA (5250m\/17220ft). Le chemin monte et descend quelques fois avant que vous arriviez au Tar La. La descente jusqu\u2019au village de Tar est sur des rochers.\r\n\r\n<strong>7\u00e8me Jour\u00a0:<\/strong> TAR \u00c0 MANG GYU. Traverser un petit col au-dessus de Tar vous am\u00e8ne au village de Mang Gyu. Il y a un petit monast\u00e8re au village qui m\u00e9rite une visite.\r\n\r\n<strong>8\u00e8me Jour\u00a0:<\/strong> MANG GYU \u00c0 ALCHI ET LEH. Le dernier jour du trek est un jour court jusqu\u2019au village de Gera d\u2019o\u00f9 un v\u00e9hicule viendra vous chercher et vous d\u00e9posera \u00e0 Leh apr\u00e8s avoir visit\u00e9 Alchi et Likir.\r\n\r\n<strong>9\u00e8me Jour\u00a0:<\/strong> LEH \u00c0 DELHI. Le matin transfert \u00e0 l\u2019a\u00e9roport pour attraper le vol pour Delhi.\r\n\r\n<\/div>","_fr_post_name":"trek-de-lamayuru-a-alchi","_fr_post_excerpt":"","_fr_post_title":"Trek de Lamayuru \u00e0 Alchi","edit_language":"fr"},"product_brand":[],"product_cat":[15],"product_tag":[],"class_list":{"0":"post-1375","1":"product","2":"type-product","3":"status-publish","4":"has-post-thumbnail","6":"product_cat-uncategorized","7":"tour_category-trekking","9":"first","10":"instock","11":"shipping-taxable","12":"product-type-tour"},"_links":{"self":[{"href":"https:\/\/www.ladakhzanskartrekking.com\/fr\/wp-json\/wp\/v2\/product\/1375","targetHints":{"allow":["GET"]}}],"collection":[{"href":"https:\/\/www.ladakhzanskartrekking.com\/fr\/wp-json\/wp\/v2\/product"}],"about":[{"href":"https:\/\/www.ladakhzanskartrekking.com\/fr\/wp-json\/wp\/v2\/types\/product"}],"replies":[{"embeddable":true,"href":"https:\/\/www.ladakhzanskartrekking.com\/fr\/wp-json\/wp\/v2\/comments?post=1375"}],"wp:featuredmedia":[{"embeddable":true,"href":"https:\/\/www.ladakhzanskartrekking.com\/fr\/wp-json\/wp\/v2\/media\/1377"}],"wp:attachment":[{"href":"https:\/\/www.ladakhzanskartrekking.com\/fr\/wp-json\/wp\/v2\/media?parent=1375"}],"wp:term":[{"taxonomy":"product_brand","embeddable":true,"href":"https:\/\/www.ladakhzanskartrekking.com\/fr\/wp-json\/wp\/v2\/product_brand?post=1375"},{"taxonomy":"product_cat","embeddable":true,"href":"https:\/\/www.ladakhzanskartrekking.com\/fr\/wp-json\/wp\/v2\/product_cat?post=1375"},{"taxonomy":"product_tag","embeddable":true,"href":"https:\/\/www.ladakhzanskartrekking.com\/fr\/wp-json\/wp\/v2\/product_tag?post=1375"}],"curies":[{"name":"wp","href":"https:\/\/api.w.org\/{rel}","templated":true}]}}