{"id":1380,"date":"2018-09-28T08:53:23","date_gmt":"2018-09-28T08:53:23","guid":{"rendered":"http:\/\/www.ladakhzanskartrekking.com\/?post_type=product&#038;p=1380"},"modified":"2026-04-16T21:30:40","modified_gmt":"2026-04-16T21:30:40","slug":"trek-de-la-vallee-de-la-nubra","status":"publish","type":"product","link":"https:\/\/www.ladakhzanskartrekking.com\/fr\/voyages\/trek-de-la-vallee-de-la-nubra\/","title":{"rendered":"Trek de la Vall\u00e9e de la Nubra","raw":"Trek de la Vall\u00e9e de la Nubra"},"content":{"rendered":"<div id=\"overview\" class=\"tab-pane active\" role=\"tabpanel\">\n<p><strong>Lieux visit\u00e9s\u00a0:<\/strong> Leh, monast\u00e8re, vall\u00e9e de l\u2019Indus, village de Sabu, camp de base du Digar La, Chumik Yogma, Tangyar, Dhungle, Zule Tokpo, Pangong Lake<br \/>\n<strong>Dur\u00e9e :<\/strong> 14 Nuits 15 Jours<br \/>\n<strong>Meilleure saison :<\/strong> Juillet \u00e0 Octobre<br \/>\n<strong>Difficult\u00e9\u00a0:<\/strong> Facile<br \/>\n<strong>Altitude\u00a0:<\/strong> 5456 m\/17895 ft<\/p>\n<p>Le Ladakh et la vall\u00e9e de la Nubra a \u00e9t\u00e9 un carrefour pour les activit\u00e9s commerciales entre l\u2019Inde, le Tibet et l\u2019Asie Centrale. C\u2019\u00e9tait une \u00e9tape importante pour les caravanes suivant la Route de la Soie, qui \u00e9changer leurs mules pour les fameux chameaux de Bactriane. L\u2019 \u00e9volution g\u00e9opolitique a tendance \u00e0 transformer la vall\u00e9e de la Nubra en un lieu p\u00e9tillant unique accessible seulement par les plus hautes routes carrossables au monde, passant par le col de Khardung La \u00e0 une altitude de 5400m. Se situant approximativement 400m plus bas que Leh, la Nubra arbore un climat beaucoup plus doux, qui permet \u00e0 ses habitants de cultiver plus largement, compar\u00e9 \u00e0 leurs homologues dans la vall\u00e9e principale de l\u2019Indus. C\u2019est seulement depuis 1995 que la r\u00e9gion ferm\u00e9e de la Nubra s\u2019est ouverte aux \u00e9trangers. L\u2019itin\u00e9raire relie les vall\u00e9es de l\u2019Indus et de la Nubra, \u00e0 travers des paysages min\u00e9raux, dans une atmosph\u00e8re de traditions ancestrales.<\/p>\n<h3>Itin\u00e9raire :<\/h3>\n<p>1er Jour\u00a0: \u00c0 votre Arriv\u00e9e \u00e0 Delhi vous serez re\u00e7u par des agents de la soci\u00e9t\u00e9 et emmen\u00e9 pour attraper le vol t\u00f4t le matin vers Leh.<\/p>\n<p>2\u00e8me Jour\u00a0: En arrivant \u00e0 Leh vous serez emmen\u00e9 pour une Visite de la ville de Leh, incluant le palais du 17\u00e8me si\u00e8cle et le monast\u00e8re.<\/p>\n<p>3\u00e8me ou 4\u00e8me Jour\u00a0: Les jours suivants vous serez occup\u00e9 \u00e0 visiter les monast\u00e8res et palais de la vall\u00e9e de l\u2019Indus.<\/p>\n<p>5\u00e8me Jour\u00a0: Apr\u00e8s une balade matinale vous partirez pour le Monast\u00e8re de Sankar, puis pour le village proche de Sabu. Nuit \u00e0 Sabu.<\/p>\n<p>6\u00e8me Jour\u00a0: \u00c0 Sabu, vous rencontrez vos chevaux et commencez le trek tant attendu. Votre premier jour vous am\u00e8nera \u00e0 travers de belles zones de p\u00e2turage au camping \u00e0 Polu Digar. Depuis ce point de vue, les Montagnes de Stok semblent flotter majestueusement au-dessus de la vall\u00e9e de l\u2019Indus.<\/p>\n<p>7\u00e8me Jour\u00a0: Le jour suivant \u00e9galement vous continuez en montant jusqu\u2019au camp de base du Digar La, petites journ\u00e9es pour vous aider \u00e0 vous acclimater.<\/p>\n<p>8\u00e8me Jour\u00a0: Vous partez t\u00f4t pour franchir le col de Digar La \u00e0 17230ft. Depuis le sommet, la vue s\u2019\u00e9tend au sud vers la cha\u00eene du Zanskar et au nord vers la cha\u00eene de Saser, les sommets les plus hauts du Ladakh. La descente est r\u00e9guli\u00e8re et vous campez pr\u00e8s d\u2019un beau ruisseau sinueux \u00e0 Chumik Yogma.<\/p>\n<p>9\u00e8me Jour\u00a0: Vous continuez de descendre en passant le village de Digar jusqu\u2019au petit village d\u2019Aghyam.<\/p>\n<p>10\u00e8me Jour\u00a0: Le lendemain est un trek jusqu\u2019\u00e0 Tangyar, un village prosp\u00e8re dans un lieu remarquable.<\/p>\n<p>11\u00e8me Jour\u00a0: Continuez de trekker en montant jusqu\u2019\u00e0 Dhungle, notre camp de base pour le col.<\/p>\n<p>12\u00e8me Jour\u00a0: Vous arrivez \u00e0 votre second col\u00a0! Montez le col de Wuri La \u00e0 17061ft pour avoir des vues jusqu\u2019au Karakoram au Pakistan\u00a0! Descendez au camping \u00e0 Zule Tokpo.<\/p>\n<p>13\u00e8me Jour\u00a0: Finissez le trek avec une courte marche jusqu\u2019au village de Sabu, et au monast\u00e8re de TakTok, un ancien temple construit dans une grotte impressionnante. Voyagez en jeep par le col de Chang La \u00e0 plus de 18000ft jusqu\u2019au village de Tangtse, o\u00f9 vous campez dans des prairies idylliques.<\/p>\n<p>14\u00e8me Jour\u00a0: Vous explorez la rive du Lac Pangong aux couleurs turquoise et azure brillantes, le plus grand du Ladakh et un des plus grands lacs sal\u00e9s d\u2019Asie Centrale. La proximit\u00e9 avec la fronti\u00e8re Chinoise nous emp\u00eache de p\u00e9n\u00e9trer plus loin que la rive ouest ou que le camping sur le bord du lac, mais les vues sont extraordinaires. Notre retour vers Leh nous refait passer par le Chang La, le deuxi\u00e8me plus haute route carrossable sur terre. De retour dans la vall\u00e9e de l\u2019Indus, on visite le peu connu monast\u00e8re de Chemrey avant de retourner \u00e0 Leh ce soir.<\/p>\n<p>15\u00e8me Jour\u00a0: Le lendemain matin partez pour Delhi avec des souvenirs inoubliables de votre Trek de la Vall\u00e9e de la Nubra avec Leh, le Ladakh et l\u2019Inde. \u00c0 l\u2019arriv\u00e9e \u00e0 Delhi enregistrez-vous \u00e0 un H\u00f4tel pour une nuit.<\/p>\n<\/div>\n","protected":false,"raw":"<div id=\"overview\" class=\"tab-pane active\" role=\"tabpanel\">\r\n\r\n<strong>Lieux visit\u00e9s\u00a0:<\/strong> Leh, monast\u00e8re, vall\u00e9e de l\u2019Indus, village de Sabu, camp de base du Digar La, Chumik Yogma, Tangyar, Dhungle, Zule Tokpo, Pangong Lake\r\n<strong>Dur\u00e9e :<\/strong> 14 Nuits 15 Jours\r\n<strong>Meilleure saison :<\/strong> Juillet \u00e0 Octobre\r\n<strong>Difficult\u00e9\u00a0:<\/strong> Facile\r\n<strong>Altitude\u00a0:<\/strong> 5456 m\/17895 ft\r\n\r\nLe Ladakh et la vall\u00e9e de la Nubra a \u00e9t\u00e9 un carrefour pour les activit\u00e9s commerciales entre l\u2019Inde, le Tibet et l\u2019Asie Centrale. C\u2019\u00e9tait une \u00e9tape importante pour les caravanes suivant la Route de la Soie, qui \u00e9changer leurs mules pour les fameux chameaux de Bactriane. L\u2019 \u00e9volution g\u00e9opolitique a tendance \u00e0 transformer la vall\u00e9e de la Nubra en un lieu p\u00e9tillant unique accessible seulement par les plus hautes routes carrossables au monde, passant par le col de Khardung La \u00e0 une altitude de 5400m. Se situant approximativement 400m plus bas que Leh, la Nubra arbore un climat beaucoup plus doux, qui permet \u00e0 ses habitants de cultiver plus largement, compar\u00e9 \u00e0 leurs homologues dans la vall\u00e9e principale de l\u2019Indus. C\u2019est seulement depuis 1995 que la r\u00e9gion ferm\u00e9e de la Nubra s\u2019est ouverte aux \u00e9trangers. L\u2019itin\u00e9raire relie les vall\u00e9es de l\u2019Indus et de la Nubra, \u00e0 travers des paysages min\u00e9raux, dans une atmosph\u00e8re de traditions ancestrales.\r\n<h3>Itin\u00e9raire :<\/h3>\r\n1er Jour\u00a0: \u00c0 votre Arriv\u00e9e \u00e0 Delhi vous serez re\u00e7u par des agents de la soci\u00e9t\u00e9 et emmen\u00e9 pour attraper le vol t\u00f4t le matin vers Leh.\r\n\r\n2\u00e8me Jour\u00a0: En arrivant \u00e0 Leh vous serez emmen\u00e9 pour une Visite de la ville de Leh, incluant le palais du 17\u00e8me si\u00e8cle et le monast\u00e8re.\r\n\r\n3\u00e8me ou 4\u00e8me Jour\u00a0: Les jours suivants vous serez occup\u00e9 \u00e0 visiter les monast\u00e8res et palais de la vall\u00e9e de l\u2019Indus.\r\n\r\n5\u00e8me Jour\u00a0: Apr\u00e8s une balade matinale vous partirez pour le Monast\u00e8re de Sankar, puis pour le village proche de Sabu. Nuit \u00e0 Sabu.\r\n\r\n6\u00e8me Jour\u00a0: \u00c0 Sabu, vous rencontrez vos chevaux et commencez le trek tant attendu. Votre premier jour vous am\u00e8nera \u00e0 travers de belles zones de p\u00e2turage au camping \u00e0 Polu Digar. Depuis ce point de vue, les Montagnes de Stok semblent flotter majestueusement au-dessus de la vall\u00e9e de l\u2019Indus.\r\n\r\n7\u00e8me Jour\u00a0: Le jour suivant \u00e9galement vous continuez en montant jusqu\u2019au camp de base du Digar La, petites journ\u00e9es pour vous aider \u00e0 vous acclimater.\r\n\r\n8\u00e8me Jour\u00a0: Vous partez t\u00f4t pour franchir le col de Digar La \u00e0 17230ft. Depuis le sommet, la vue s\u2019\u00e9tend au sud vers la cha\u00eene du Zanskar et au nord vers la cha\u00eene de Saser, les sommets les plus hauts du Ladakh. La descente est r\u00e9guli\u00e8re et vous campez pr\u00e8s d\u2019un beau ruisseau sinueux \u00e0 Chumik Yogma.\r\n\r\n9\u00e8me Jour\u00a0: Vous continuez de descendre en passant le village de Digar jusqu\u2019au petit village d\u2019Aghyam.\r\n\r\n10\u00e8me Jour\u00a0: Le lendemain est un trek jusqu\u2019\u00e0 Tangyar, un village prosp\u00e8re dans un lieu remarquable.\r\n\r\n11\u00e8me Jour\u00a0: Continuez de trekker en montant jusqu\u2019\u00e0 Dhungle, notre camp de base pour le col.\r\n\r\n12\u00e8me Jour\u00a0: Vous arrivez \u00e0 votre second col\u00a0! Montez le col de Wuri La \u00e0 17061ft pour avoir des vues jusqu\u2019au Karakoram au Pakistan\u00a0! Descendez au camping \u00e0 Zule Tokpo.\r\n\r\n13\u00e8me Jour\u00a0: Finissez le trek avec une courte marche jusqu\u2019au village de Sabu, et au monast\u00e8re de TakTok, un ancien temple construit dans une grotte impressionnante. Voyagez en jeep par le col de Chang La \u00e0 plus de 18000ft jusqu\u2019au village de Tangtse, o\u00f9 vous campez dans des prairies idylliques.\r\n\r\n14\u00e8me Jour\u00a0: Vous explorez la rive du Lac Pangong aux couleurs turquoise et azure brillantes, le plus grand du Ladakh et un des plus grands lacs sal\u00e9s d\u2019Asie Centrale. La proximit\u00e9 avec la fronti\u00e8re Chinoise nous emp\u00eache de p\u00e9n\u00e9trer plus loin que la rive ouest ou que le camping sur le bord du lac, mais les vues sont extraordinaires. Notre retour vers Leh nous refait passer par le Chang La, le deuxi\u00e8me plus haute route carrossable sur terre. De retour dans la vall\u00e9e de l\u2019Indus, on visite le peu connu monast\u00e8re de Chemrey avant de retourner \u00e0 Leh ce soir.\r\n\r\n15\u00e8me Jour\u00a0: Le lendemain matin partez pour Delhi avec des souvenirs inoubliables de votre Trek de la Vall\u00e9e de la Nubra avec Leh, le Ladakh et l\u2019Inde. \u00c0 l\u2019arriv\u00e9e \u00e0 Delhi enregistrez-vous \u00e0 un H\u00f4tel pour une nuit.\r\n\r\n<\/div>"},"excerpt":{"rendered":"Places Covered: Leh, gompa, Indus valley, village of Sabu, Digar La base camp, Chumik Yogma,Tangyar, Dhungle, Zule Tokpo, Pangong Lake Duration: 14 Nights 15 Days Best Season: July to October Grade: Easy Altitude: 5456 mtrs\/17895 ft Ladakh and the Nubra valley has been a crossroad for commercial activities between India, Tibet and Central Asia. It<div class=\"padding-top text-center\"><a href=\"https:\/\/www.ladakhzanskartrekking.com\/fr\/voyages\/trek-de-la-vallee-de-la-nubra\/\" class=\"atbtn atbtn--medium atbtn--rounded atbtn--transparent\">Lire plus<i class=\"atbtn__icon atbtn__icon--right fa fa-long-arrow-right\"><\/i><\/a><\/div>","protected":false,"raw":""},"featured_media":1381,"comment_status":"open","ping_status":"closed","template":"","meta":{"_en_post_content":"<div id=\"overview\" class=\"tab-pane active\" role=\"tabpanel\">\r\n\r\n<strong>Places Covered:<\/strong> Leh, gompa, Indus valley, village of Sabu, Digar La base camp, Chumik Yogma,Tangyar, Dhungle, Zule Tokpo, Pangong Lake\r\n<strong>Duration:<\/strong> 14 Nights 15 Days\r\n<strong>Best Season:<\/strong> July to October\r\n<strong>Grade:<\/strong> Easy\r\n<strong>Altitude:<\/strong> 5456 mtrs\/17895 ft\r\n\r\nLadakh and the Nubra valley has been a crossroad for commercial activities between India, Tibet and Central Asia. It was an important stage for caravans following the Silk Road, which where swapping their mules for the famous camels of Bactriane. The geopolitics evolution tended to transform the Nubra valley into a unique bubbly place only accessible by highest motorable roads in the world, passing over the Khardung la pass at a height of 5400 m. Lying approximately 400m lower than Leh, Nubra sports a much milder climate, which enables its inhabitants to cultivate more extensively, as compared to their counterparts in the main Indus valley. It is only since 1995 that the restricted area of the Nubra opened its ours to foreigners. The itinerary links the Indus and Nubra valley, through mineral landscapes, in an atmosphere of ancestral traditions\r\n<h3>Itinerary:<\/h3>\r\n1st Day: On your Arrival in Delhi you will be received by company officials and taken to catch the early morning flight to Leh.\r\n\r\n2nd Day: Upon reaching Leh you will be taken for a Tour of Leh city, including the 17th century palace and gompa.\r\n\r\n3rd or 4th Day: Next few days you will be busy touring the monasteries and palaces of the Indus valley.\r\n\r\n5th Day: After a morning stroll you leave for Sankar Gompa, then to the nearby village of Sabu. Overnight stay will be in Sabu.\r\n\r\n6th Day: In Sabu, you meet your horses and begin the much-awaited trek. Your first day will take you through lovely grazing areas to the campsite at Polu Digar. From this vantage point, the Stok Mountains appear to float majestically above the Indus valley.\r\n\r\n7th Day: The following day also you continue upward to the Digar La base camp, short days to aid acclimatize.\r\n\r\n8th Day: You make an early start to cross the 17,230 ft. Digar La. From the top, views stretch south to the Zanskar range and north to the Saser range, Ladakh's highest peaks. The descent is steady and you camp by a lovely meandering stream at Chumik Yogma.\r\n\r\n9th Day: You continue down through the village of Digar to the tiny settlement of Aghyam.\r\n\r\n10th Day: The next day is followed by trek to Tangyar, a prosperous village in a remarkable location.\r\n\r\n11th Day: Continue you trekking upward to Dhungle, our base camp for the pass.\r\n\r\n12th Day: You reach your second pass! Ascend the 17,061-foot Wuri La for views all the way to the Karakoram in Pakistan! Descend to camp at Zule Tokpo.\r\n\r\n13th Day: Finish the trek with a short walk out to the village of Sabu, and the TakTok gompa, an ancient shrine built within an impressive cave. Travel by jeep over 18,000 foot plus Chang La to the village of Tangtse, where you camp amongst idyllic meadows.\r\n\r\n14th Day: You explore the shoreline of the brilliant turquoise and azure Pangong Lake, Ladakh's largest and one of the great salt lakes of Central Asia. Proximity to the Chinese border prevents us from penetrating much beyond the western shore or camping at the lakeside, but the views are stupendous. Our return to Leh takes us back over Chang La, the second highest motorable road on earth. Back in the Indus valley, we visit the little-known gompa of Chemrey before returning to Leh that evening.\r\n\r\n15th Day: The next morning leave for Delhi with unforgettable memories of your Nubra Valley Trek with Leh Ladakh India. On arrival in Delhi check in to a Hotel for overnight stay.\r\n\r\n<\/div>","_en_post_name":"nubra-valley-trek","_en_post_excerpt":"","_en_post_title":"Nubra Valley Trek","_fr_post_content":"<div id=\"overview\" class=\"tab-pane active\" role=\"tabpanel\">\r\n\r\n<strong>Lieux visit\u00e9s\u00a0:<\/strong> Leh, monast\u00e8re, vall\u00e9e de l\u2019Indus, village de Sabu, camp de base du Digar La, Chumik Yogma, Tangyar, Dhungle, Zule Tokpo, Pangong Lake\r\n<strong>Dur\u00e9e :<\/strong> 14 Nuits 15 Jours\r\n<strong>Meilleure saison :<\/strong> Juillet \u00e0 Octobre\r\n<strong>Difficult\u00e9\u00a0:<\/strong> Facile\r\n<strong>Altitude\u00a0:<\/strong> 5456 m\/17895 ft\r\n\r\nLe Ladakh et la vall\u00e9e de la Nubra a \u00e9t\u00e9 un carrefour pour les activit\u00e9s commerciales entre l\u2019Inde, le Tibet et l\u2019Asie Centrale. C\u2019\u00e9tait une \u00e9tape importante pour les caravanes suivant la Route de la Soie, qui \u00e9changer leurs mules pour les fameux chameaux de Bactriane. L\u2019 \u00e9volution g\u00e9opolitique a tendance \u00e0 transformer la vall\u00e9e de la Nubra en un lieu p\u00e9tillant unique accessible seulement par les plus hautes routes carrossables au monde, passant par le col de Khardung La \u00e0 une altitude de 5400m. Se situant approximativement 400m plus bas que Leh, la Nubra arbore un climat beaucoup plus doux, qui permet \u00e0 ses habitants de cultiver plus largement, compar\u00e9 \u00e0 leurs homologues dans la vall\u00e9e principale de l\u2019Indus. C\u2019est seulement depuis 1995 que la r\u00e9gion ferm\u00e9e de la Nubra s\u2019est ouverte aux \u00e9trangers. L\u2019itin\u00e9raire relie les vall\u00e9es de l\u2019Indus et de la Nubra, \u00e0 travers des paysages min\u00e9raux, dans une atmosph\u00e8re de traditions ancestrales.\r\n<h3>Itin\u00e9raire :<\/h3>\r\n1er Jour\u00a0: \u00c0 votre Arriv\u00e9e \u00e0 Delhi vous serez re\u00e7u par des agents de la soci\u00e9t\u00e9 et emmen\u00e9 pour attraper le vol t\u00f4t le matin vers Leh.\r\n\r\n2\u00e8me Jour\u00a0: En arrivant \u00e0 Leh vous serez emmen\u00e9 pour une Visite de la ville de Leh, incluant le palais du 17\u00e8me si\u00e8cle et le monast\u00e8re.\r\n\r\n3\u00e8me ou 4\u00e8me Jour\u00a0: Les jours suivants vous serez occup\u00e9 \u00e0 visiter les monast\u00e8res et palais de la vall\u00e9e de l\u2019Indus.\r\n\r\n5\u00e8me Jour\u00a0: Apr\u00e8s une balade matinale vous partirez pour le Monast\u00e8re de Sankar, puis pour le village proche de Sabu. Nuit \u00e0 Sabu.\r\n\r\n6\u00e8me Jour\u00a0: \u00c0 Sabu, vous rencontrez vos chevaux et commencez le trek tant attendu. Votre premier jour vous am\u00e8nera \u00e0 travers de belles zones de p\u00e2turage au camping \u00e0 Polu Digar. Depuis ce point de vue, les Montagnes de Stok semblent flotter majestueusement au-dessus de la vall\u00e9e de l\u2019Indus.\r\n\r\n7\u00e8me Jour\u00a0: Le jour suivant \u00e9galement vous continuez en montant jusqu\u2019au camp de base du Digar La, petites journ\u00e9es pour vous aider \u00e0 vous acclimater.\r\n\r\n8\u00e8me Jour\u00a0: Vous partez t\u00f4t pour franchir le col de Digar La \u00e0 17230ft. Depuis le sommet, la vue s\u2019\u00e9tend au sud vers la cha\u00eene du Zanskar et au nord vers la cha\u00eene de Saser, les sommets les plus hauts du Ladakh. La descente est r\u00e9guli\u00e8re et vous campez pr\u00e8s d\u2019un beau ruisseau sinueux \u00e0 Chumik Yogma.\r\n\r\n9\u00e8me Jour\u00a0: Vous continuez de descendre en passant le village de Digar jusqu\u2019au petit village d\u2019Aghyam.\r\n\r\n10\u00e8me Jour\u00a0: Le lendemain est un trek jusqu\u2019\u00e0 Tangyar, un village prosp\u00e8re dans un lieu remarquable.\r\n\r\n11\u00e8me Jour\u00a0: Continuez de trekker en montant jusqu\u2019\u00e0 Dhungle, notre camp de base pour le col.\r\n\r\n12\u00e8me Jour\u00a0: Vous arrivez \u00e0 votre second col\u00a0! Montez le col de Wuri La \u00e0 17061ft pour avoir des vues jusqu\u2019au Karakoram au Pakistan\u00a0! Descendez au camping \u00e0 Zule Tokpo.\r\n\r\n13\u00e8me Jour\u00a0: Finissez le trek avec une courte marche jusqu\u2019au village de Sabu, et au monast\u00e8re de TakTok, un ancien temple construit dans une grotte impressionnante. Voyagez en jeep par le col de Chang La \u00e0 plus de 18000ft jusqu\u2019au village de Tangtse, o\u00f9 vous campez dans des prairies idylliques.\r\n\r\n14\u00e8me Jour\u00a0: Vous explorez la rive du Lac Pangong aux couleurs turquoise et azure brillantes, le plus grand du Ladakh et un des plus grands lacs sal\u00e9s d\u2019Asie Centrale. La proximit\u00e9 avec la fronti\u00e8re Chinoise nous emp\u00eache de p\u00e9n\u00e9trer plus loin que la rive ouest ou que le camping sur le bord du lac, mais les vues sont extraordinaires. Notre retour vers Leh nous refait passer par le Chang La, le deuxi\u00e8me plus haute route carrossable sur terre. De retour dans la vall\u00e9e de l\u2019Indus, on visite le peu connu monast\u00e8re de Chemrey avant de retourner \u00e0 Leh ce soir.\r\n\r\n15\u00e8me Jour\u00a0: Le lendemain matin partez pour Delhi avec des souvenirs inoubliables de votre Trek de la Vall\u00e9e de la Nubra avec Leh, le Ladakh et l\u2019Inde. \u00c0 l\u2019arriv\u00e9e \u00e0 Delhi enregistrez-vous \u00e0 un H\u00f4tel pour une nuit.\r\n\r\n<\/div>","_fr_post_name":"trek-de-la-vallee-de-la-nubra","_fr_post_excerpt":"","_fr_post_title":"Trek de la Vall\u00e9e de la Nubra","edit_language":"fr"},"product_brand":[],"product_cat":[15],"product_tag":[],"class_list":{"0":"post-1380","1":"product","2":"type-product","3":"status-publish","4":"has-post-thumbnail","6":"product_cat-uncategorized","7":"tour_category-trekking","9":"first","10":"instock","11":"shipping-taxable","12":"product-type-tour"},"_links":{"self":[{"href":"https:\/\/www.ladakhzanskartrekking.com\/fr\/wp-json\/wp\/v2\/product\/1380","targetHints":{"allow":["GET"]}}],"collection":[{"href":"https:\/\/www.ladakhzanskartrekking.com\/fr\/wp-json\/wp\/v2\/product"}],"about":[{"href":"https:\/\/www.ladakhzanskartrekking.com\/fr\/wp-json\/wp\/v2\/types\/product"}],"replies":[{"embeddable":true,"href":"https:\/\/www.ladakhzanskartrekking.com\/fr\/wp-json\/wp\/v2\/comments?post=1380"}],"wp:featuredmedia":[{"embeddable":true,"href":"https:\/\/www.ladakhzanskartrekking.com\/fr\/wp-json\/wp\/v2\/media\/1381"}],"wp:attachment":[{"href":"https:\/\/www.ladakhzanskartrekking.com\/fr\/wp-json\/wp\/v2\/media?parent=1380"}],"wp:term":[{"taxonomy":"product_brand","embeddable":true,"href":"https:\/\/www.ladakhzanskartrekking.com\/fr\/wp-json\/wp\/v2\/product_brand?post=1380"},{"taxonomy":"product_cat","embeddable":true,"href":"https:\/\/www.ladakhzanskartrekking.com\/fr\/wp-json\/wp\/v2\/product_cat?post=1380"},{"taxonomy":"product_tag","embeddable":true,"href":"https:\/\/www.ladakhzanskartrekking.com\/fr\/wp-json\/wp\/v2\/product_tag?post=1380"}],"curies":[{"name":"wp","href":"https:\/\/api.w.org\/{rel}","templated":true}]}}