{"id":1383,"date":"2018-09-28T10:03:17","date_gmt":"2018-09-28T10:03:17","guid":{"rendered":"http:\/\/www.ladakhzanskartrekking.com\/?post_type=product&#038;p=1383"},"modified":"2026-03-12T22:42:15","modified_gmt":"2026-03-12T22:42:15","slug":"trek-de-lamayuru-a-chilling","status":"publish","type":"product","link":"https:\/\/www.ladakhzanskartrekking.com\/fr\/voyages\/trek-de-lamayuru-a-chilling\/","title":{"rendered":"Trek de Lamayuru \u00e0 Chilling","raw":"Trek de Lamayuru \u00e0 Chilling"},"content":{"rendered":"<div id=\"overview\" class=\"tab-pane active\" role=\"tabpanel\">\n<p><strong>Lieux visit\u00e9s\u00a0:<\/strong> LEH, DE THIKSEY \u00c0 HEMIS, LAMAYURU, HINJU, SUMDO DOKSA, CAMP DE BASE DU DUNG DUNG, CHILLING<br \/>\n<strong>Dur\u00e9e :<\/strong> 9 Nuits 10 Jours<br \/>\n<strong>Meilleure saison :<\/strong> Juin \u00e0 Octobre<br \/>\n<strong>Difficult\u00e9\u00a0:<\/strong> Mod\u00e9r\u00e9e \u00e0 Difficile<br \/>\n<strong>Altitude\u00a0:<\/strong> 4950 m\/16236 ft<\/p>\n<p>H\u00e9bergement dans une guest house ou un terrain de camping est disponible \u00e0 Lamayuru. C\u2019est un grand village, des chevaux et des porteurs sont disponibles dans ce village mais acheter de la nourriture et l\u2019\u00e9quipement de trekking \u00e0 Leh. Le trek avec poneys va au sud-est de Lamayuru, suit un chemin bien marqu\u00e9 le long de la pente qui monte graduellement au sommet du col de Prinkti La haut de 3500m. Ensuite les chemins descendent dans une gorge tr\u00e8s \u00e9troite jusqu\u2019\u00e0 ce que vous arriviez au village de Shela. La route traverse la vall\u00e9e de Shela et Wanla peut \u00eatre vu d\u2019ici \u00e0 une distance de 5km. Et vous pouvez visiter le monast\u00e8re et un ch\u00e2teau en ruine.<\/p>\n<h3>Itin\u00e9raire :<\/h3>\n<p>1er Jour\u00a0: DELHI \u00c0 LEH (Repos Complet \u00e0 Leh pour l\u2019acclimatation). Prenez le vol matinal pour Leh. Enregistrez-vous \u00e0 la guest house et d\u00e9tendez-vous toute la journ\u00e9e. C\u2019est n\u00e9cessaire pour s\u2019acclimater. Nuit \u00e0 la guest house.<\/p>\n<p>2\u00e8me Jour\u00a0: LEH \u00c0 SHEY, THIKSEY ET HEMIS. Ce jour-l\u00e0 vous irez faire une visite de quelques anciens monast\u00e8res dans cette r\u00e9gion.<\/p>\n<p>3\u00e8me Jour\u00a0: LEH \u00c0 WANLA EN PASSANT PAR LAMAYURU 4h. Le trajet de Leh \u00e0 Lamayuru prend environ trois heures. Apr\u00e8s une visite de l\u2019ancien monast\u00e8re \u00e0 Lamayuru, vous pouvez commencer votre marche vers Wanla qui est une petite heure de marche, apr\u00e8s un petit col le Prinkti La (3750m). D\u00eener et nuit dans une guest house.<\/p>\n<p>4\u00e8me Jour\u00a0: WANLA \u00c0 HINJU (3720m\/12205ft) 5h. Le trek d\u2019aujourd\u2019hui serpente \u00e0 travers d\u2019autres villages Ladakhi pittoresques avant d\u2019arriver au camping dans une prairie en dehors du village de Hinju.<\/p>\n<p>5\u00e8me Jour\u00a0: HINJU \u00c0 SUMDO DOKSA (4430m\/14530ft) EN PASSANT PAR LE KONGSKIL LA (4950m\/16236ft) 6h. Une mont\u00e9e graduelle vous am\u00e8nera \u00e0 la cr\u00eate du Kongskil La d\u2019o\u00f9 vous aurez de belles vues des montagnes de Stok et de la cha\u00eene du Karakoram. Le col de l\u2019autre c\u00f4t\u00e9 est des \u00e9boulis et un peu difficile \u00e0 n\u00e9gocier.<\/p>\n<p>6\u00e8me Jour\u00a0: SUMDA DOKSA AU CAMP DE BASE DU DUNG DUNG LA (4430m\/14530ft) 5h. Apr\u00e8s la travers\u00e9e de plusieurs rivi\u00e8res et le village de Sumdo Chenmo, le chemin commence \u00e0 monter graduellement jusqu\u2019au camp de base du Dung Dung Chan La. Regardez autour pour voir des edelweiss et d\u2019autres fleurs rares du Ladakh le long du chemin.<\/p>\n<p>7\u00e8me Jour\u00a0: CAMP DE BASE DU DUNG DUNG CHAN LA \u00c0 CHILLING (3550m\/11645ft) 5h. C\u2019est une mont\u00e9e droite depuis le col du Dung Dung Chan La. Le chemin descends ensuite graduellement jusqu\u2019au village de Chilling d\u2019o\u00f9 un v\u00e9hicule viendra vous chercher et vous d\u00e9posera \u00e0 Leh.<\/p>\n<p>8\u00e8me Jour\u00a0: JOURN\u00c9E LIBRE \u00c0 CHILLING. Le jour est pour des explorations.<\/p>\n<p>9\u00e8me Jour\u00a0: CHILLING \u00c0 LEH. Le matin on va partir en voiture pour Leh le long de la Rivi\u00e8re Zanskar et \u00e9ventuellement atteindre sa confluence avec le Fleuve de l\u2019Indus. \u00c0 partir d\u2019ici la route est bonne et c\u2019est un trajet facile de retour \u00e0 Leh. \u00c0 l\u2019arriv\u00e9e transfert \u00e0 l\u2019h\u00f4tel. D\u00eener et nuit \u00e0 l\u2019h\u00f4tel.<\/p>\n<p>10\u00e8me Jour\u00a0: LEH \u00c0 DELHI. Le matin transfert \u00e0 l\u2019a\u00e9roport pour attraper le vol pour Delhi. \u00c0 l\u2019arriv\u00e9e \u00e0 Delhi faites une visite guid\u00e9e d\u2019une demi-journ\u00e9e. Le soir transfert vers l\u2019a\u00e9roport International pour attraper le vol suivant.<\/p>\n<\/div>\n","protected":false,"raw":"<div id=\"overview\" class=\"tab-pane active\" role=\"tabpanel\">\r\n\r\n<strong>Lieux visit\u00e9s\u00a0:<\/strong> LEH, DE THIKSEY \u00c0 HEMIS, LAMAYURU, HINJU, SUMDO DOKSA, CAMP DE BASE DU DUNG DUNG, CHILLING\r\n<strong>Dur\u00e9e :<\/strong> 9 Nuits 10 Jours\r\n<strong>Meilleure saison :<\/strong> Juin \u00e0 Octobre\r\n<strong>Difficult\u00e9\u00a0:<\/strong> Mod\u00e9r\u00e9e \u00e0 Difficile\r\n<strong>Altitude\u00a0:<\/strong> 4950 m\/16236 ft\r\n\r\nH\u00e9bergement dans une guest house ou un terrain de camping est disponible \u00e0 Lamayuru. C\u2019est un grand village, des chevaux et des porteurs sont disponibles dans ce village mais acheter de la nourriture et l\u2019\u00e9quipement de trekking \u00e0 Leh. Le trek avec poneys va au sud-est de Lamayuru, suit un chemin bien marqu\u00e9 le long de la pente qui monte graduellement au sommet du col de Prinkti La haut de 3500m. Ensuite les chemins descendent dans une gorge tr\u00e8s \u00e9troite jusqu\u2019\u00e0 ce que vous arriviez au village de Shela. La route traverse la vall\u00e9e de Shela et Wanla peut \u00eatre vu d\u2019ici \u00e0 une distance de 5km. Et vous pouvez visiter le monast\u00e8re et un ch\u00e2teau en ruine.\r\n<h3>Itin\u00e9raire :<\/h3>\r\n1er Jour\u00a0: DELHI \u00c0 LEH (Repos Complet \u00e0 Leh pour l\u2019acclimatation). Prenez le vol matinal pour Leh. Enregistrez-vous \u00e0 la guest house et d\u00e9tendez-vous toute la journ\u00e9e. C\u2019est n\u00e9cessaire pour s\u2019acclimater. Nuit \u00e0 la guest house.\r\n\r\n2\u00e8me Jour\u00a0: LEH \u00c0 SHEY, THIKSEY ET HEMIS. Ce jour-l\u00e0 vous irez faire une visite de quelques anciens monast\u00e8res dans cette r\u00e9gion.\r\n\r\n3\u00e8me Jour\u00a0: LEH \u00c0 WANLA EN PASSANT PAR LAMAYURU 4h. Le trajet de Leh \u00e0 Lamayuru prend environ trois heures. Apr\u00e8s une visite de l\u2019ancien monast\u00e8re \u00e0 Lamayuru, vous pouvez commencer votre marche vers Wanla qui est une petite heure de marche, apr\u00e8s un petit col le Prinkti La (3750m). D\u00eener et nuit dans une guest house.\r\n\r\n4\u00e8me Jour\u00a0: WANLA \u00c0 HINJU (3720m\/12205ft) 5h. Le trek d\u2019aujourd\u2019hui serpente \u00e0 travers d\u2019autres villages Ladakhi pittoresques avant d\u2019arriver au camping dans une prairie en dehors du village de Hinju.\r\n\r\n5\u00e8me Jour\u00a0: HINJU \u00c0 SUMDO DOKSA (4430m\/14530ft) EN PASSANT PAR LE KONGSKIL LA (4950m\/16236ft) 6h. Une mont\u00e9e graduelle vous am\u00e8nera \u00e0 la cr\u00eate du Kongskil La d\u2019o\u00f9 vous aurez de belles vues des montagnes de Stok et de la cha\u00eene du Karakoram. Le col de l\u2019autre c\u00f4t\u00e9 est des \u00e9boulis et un peu difficile \u00e0 n\u00e9gocier.\r\n\r\n6\u00e8me Jour\u00a0: SUMDA DOKSA AU CAMP DE BASE DU DUNG DUNG LA (4430m\/14530ft) 5h. Apr\u00e8s la travers\u00e9e de plusieurs rivi\u00e8res et le village de Sumdo Chenmo, le chemin commence \u00e0 monter graduellement jusqu\u2019au camp de base du Dung Dung Chan La. Regardez autour pour voir des edelweiss et d\u2019autres fleurs rares du Ladakh le long du chemin.\r\n\r\n7\u00e8me Jour\u00a0: CAMP DE BASE DU DUNG DUNG CHAN LA \u00c0 CHILLING (3550m\/11645ft) 5h. C\u2019est une mont\u00e9e droite depuis le col du Dung Dung Chan La. Le chemin descends ensuite graduellement jusqu\u2019au village de Chilling d\u2019o\u00f9 un v\u00e9hicule viendra vous chercher et vous d\u00e9posera \u00e0 Leh.\r\n\r\n8\u00e8me Jour\u00a0: JOURN\u00c9E LIBRE \u00c0 CHILLING. Le jour est pour des explorations.\r\n\r\n9\u00e8me Jour\u00a0: CHILLING \u00c0 LEH. Le matin on va partir en voiture pour Leh le long de la Rivi\u00e8re Zanskar et \u00e9ventuellement atteindre sa confluence avec le Fleuve de l\u2019Indus. \u00c0 partir d\u2019ici la route est bonne et c\u2019est un trajet facile de retour \u00e0 Leh. \u00c0 l\u2019arriv\u00e9e transfert \u00e0 l\u2019h\u00f4tel. D\u00eener et nuit \u00e0 l\u2019h\u00f4tel.\r\n\r\n10\u00e8me Jour\u00a0: LEH \u00c0 DELHI. Le matin transfert \u00e0 l\u2019a\u00e9roport pour attraper le vol pour Delhi. \u00c0 l\u2019arriv\u00e9e \u00e0 Delhi faites une visite guid\u00e9e d\u2019une demi-journ\u00e9e. Le soir transfert vers l\u2019a\u00e9roport International pour attraper le vol suivant.\r\n\r\n<\/div>"},"excerpt":{"rendered":"Places Covered: LEH, THIKSEY TO HEMIS, LAMAYURU, HINJU, SUMDO DOKSA , BASE OF DUNG DUNG , CHILLING Duration: 9 Nights 10 Days Best Season: June to October Grade: Moderate to Challenging Altitude: 4950 mts\/16236 ft Accommodation in a guest house or camping site is available in Lamayuru. It is a big village, horses and porters<div class=\"padding-top text-center\"><a href=\"https:\/\/www.ladakhzanskartrekking.com\/fr\/voyages\/trek-de-lamayuru-a-chilling\/\" class=\"atbtn atbtn--medium atbtn--rounded atbtn--transparent\">Lire plus<i class=\"atbtn__icon atbtn__icon--right fa fa-long-arrow-right\"><\/i><\/a><\/div>","protected":false,"raw":""},"featured_media":1384,"comment_status":"open","ping_status":"closed","template":"","meta":{"_en_post_content":"<div id=\"overview\" class=\"tab-pane active\" role=\"tabpanel\">\r\n\r\n<strong>Places Covered:<\/strong> LEH, THIKSEY TO HEMIS, LAMAYURU, HINJU, SUMDO DOKSA , BASE OF DUNG DUNG , CHILLING\r\n<strong>Duration:<\/strong> 9 Nights 10 Days\r\n<strong>Best Season:<\/strong> June to October\r\n<strong>Grade:<\/strong> Moderate to Challenging\r\n<strong>Altitude:<\/strong> 4950 mts\/16236 ft\r\n\r\nAccommodation in a guest house or camping site is available in Lamayuru. It is a big village, horses and porters are available in this village but purchase food stuff and trekking equipment from Leh. The pony trek goes to the south east of Lamayuru, follow the well mark path along a slope which rises gradually to the top of the Prinkitila 3,500 Mtrs high. Then the paths descend down a very narrow gorge till you reach Shela village. The road traverse through the valley of Shela and Wanla can be seen from here at the distance of 5 Kms. And can visit the monastery and a castle in ruin\r\n<h3>Itinerary:<\/h3>\r\n1st Day: DELHI TO LEH (Complete Rest in Leh for acclimatisation). Take the morning flight for Leh. Check into the guest house and relax the whole day. This is necessary for getting acclimatised. Overnight at the guesthouse.\r\n\r\n2nd Day: LEH TO SHEY TO THIKSEY TO HEMIS. On this day you will go a sightseeing trip to some ancient monasteries in this area.\r\n\r\n3rd Day: LEH TO WANLA VIA LAMAYURU 4 hrs. The drive from Leh to Lamayuru takes about three hours. After a visit to the ancient monastery at Lamayuru, you can start your walk to Wanla which is a short hour away; past a small pass Prinkti La (3750m). Dinner and overnight stay in guest house.\r\n\r\n4th Day: WANLA TO HINJU (3720 mts\/12205 ft) 5 hrs. Today's trek winds through more quaint Ladakhi villages before arriving at the meadow camp outside the village of Hinju.\r\n\r\n5th Day: HINJU TO SUMDO DOKSA (4430 mts\/14530 ft) VIA KONGSKIL LA (4950 mts\/16236 ft) 6 hrs. A gradual ascent will bring you to the Kongskil La ridge from where you will get great views of Stok and Karakoram ranges. The other side pass is scree and a little difficult to negotiate.\r\n\r\n6th Day: SUMDA DOKSA TO BASE OF DUNG DUNG CHAN LA (4430 mts\/14530 ft) 5 hrs. After a few river crossings and the village of Sumdo Chenmo, the trails starts gradually ascending to the base of Dung Dung Chan La. Look out for edelweiss and other rare flowers of Ladakh along the way.\r\n\r\n7th Day: BASE OF DUNG DUNG CHAN LA TO CHILLING (3550 mts\/11645 ft) 5 hrs. It's a straight climb from the Dung Dung Chan La pass. The trail then descends gradually to the village of Chilling from where a vehicle will pick you up and drop you off at Leh.\r\n\r\n8th Day: FREE DAY AT CHILLING. The day is for explorations.\r\n\r\n9th Day: CHILLING TO LEH. In the morning we will drive for Leh along with Zanskar River &amp; eventually reach its confluence with the River Indus. From here theroad is good &amp; it is easy drive back to Leh. On arrival transfer to hotel. Dinner &amp; overnight stay in hotel.\r\n\r\n10th Day: LEH TO DELHI. In the morning transfer to the airport to catch flight for Delhi. On arrival at Delhi take a half day guided sightseeing. In the evening transfer to International airport to catch onwards flight.\r\n\r\n<\/div>","_en_post_name":"lamayuru-to-chilling-trek","_en_post_excerpt":"","_en_post_title":"Lamayuru to Chilling Trek","_fr_post_content":"<div id=\"overview\" class=\"tab-pane active\" role=\"tabpanel\">\r\n\r\n<strong>Lieux visit\u00e9s\u00a0:<\/strong> LEH, DE THIKSEY \u00c0 HEMIS, LAMAYURU, HINJU, SUMDO DOKSA, CAMP DE BASE DU DUNG DUNG, CHILLING\r\n<strong>Dur\u00e9e :<\/strong> 9 Nuits 10 Jours\r\n<strong>Meilleure saison :<\/strong> Juin \u00e0 Octobre\r\n<strong>Difficult\u00e9\u00a0:<\/strong> Mod\u00e9r\u00e9e \u00e0 Difficile\r\n<strong>Altitude\u00a0:<\/strong> 4950 m\/16236 ft\r\n\r\nH\u00e9bergement dans une guest house ou un terrain de camping est disponible \u00e0 Lamayuru. C\u2019est un grand village, des chevaux et des porteurs sont disponibles dans ce village mais acheter de la nourriture et l\u2019\u00e9quipement de trekking \u00e0 Leh. Le trek avec poneys va au sud-est de Lamayuru, suit un chemin bien marqu\u00e9 le long de la pente qui monte graduellement au sommet du col de Prinkti La haut de 3500m. Ensuite les chemins descendent dans une gorge tr\u00e8s \u00e9troite jusqu\u2019\u00e0 ce que vous arriviez au village de Shela. La route traverse la vall\u00e9e de Shela et Wanla peut \u00eatre vu d\u2019ici \u00e0 une distance de 5km. Et vous pouvez visiter le monast\u00e8re et un ch\u00e2teau en ruine.\r\n<h3>Itin\u00e9raire :<\/h3>\r\n1er Jour\u00a0: DELHI \u00c0 LEH (Repos Complet \u00e0 Leh pour l\u2019acclimatation). Prenez le vol matinal pour Leh. Enregistrez-vous \u00e0 la guest house et d\u00e9tendez-vous toute la journ\u00e9e. C\u2019est n\u00e9cessaire pour s\u2019acclimater. Nuit \u00e0 la guest house.\r\n\r\n2\u00e8me Jour\u00a0: LEH \u00c0 SHEY, THIKSEY ET HEMIS. Ce jour-l\u00e0 vous irez faire une visite de quelques anciens monast\u00e8res dans cette r\u00e9gion.\r\n\r\n3\u00e8me Jour\u00a0: LEH \u00c0 WANLA EN PASSANT PAR LAMAYURU 4h. Le trajet de Leh \u00e0 Lamayuru prend environ trois heures. Apr\u00e8s une visite de l\u2019ancien monast\u00e8re \u00e0 Lamayuru, vous pouvez commencer votre marche vers Wanla qui est une petite heure de marche, apr\u00e8s un petit col le Prinkti La (3750m). D\u00eener et nuit dans une guest house.\r\n\r\n4\u00e8me Jour\u00a0: WANLA \u00c0 HINJU (3720m\/12205ft) 5h. Le trek d\u2019aujourd\u2019hui serpente \u00e0 travers d\u2019autres villages Ladakhi pittoresques avant d\u2019arriver au camping dans une prairie en dehors du village de Hinju.\r\n\r\n5\u00e8me Jour\u00a0: HINJU \u00c0 SUMDO DOKSA (4430m\/14530ft) EN PASSANT PAR LE KONGSKIL LA (4950m\/16236ft) 6h. Une mont\u00e9e graduelle vous am\u00e8nera \u00e0 la cr\u00eate du Kongskil La d\u2019o\u00f9 vous aurez de belles vues des montagnes de Stok et de la cha\u00eene du Karakoram. Le col de l\u2019autre c\u00f4t\u00e9 est des \u00e9boulis et un peu difficile \u00e0 n\u00e9gocier.\r\n\r\n6\u00e8me Jour\u00a0: SUMDA DOKSA AU CAMP DE BASE DU DUNG DUNG LA (4430m\/14530ft) 5h. Apr\u00e8s la travers\u00e9e de plusieurs rivi\u00e8res et le village de Sumdo Chenmo, le chemin commence \u00e0 monter graduellement jusqu\u2019au camp de base du Dung Dung Chan La. Regardez autour pour voir des edelweiss et d\u2019autres fleurs rares du Ladakh le long du chemin.\r\n\r\n7\u00e8me Jour\u00a0: CAMP DE BASE DU DUNG DUNG CHAN LA \u00c0 CHILLING (3550m\/11645ft) 5h. C\u2019est une mont\u00e9e droite depuis le col du Dung Dung Chan La. Le chemin descends ensuite graduellement jusqu\u2019au village de Chilling d\u2019o\u00f9 un v\u00e9hicule viendra vous chercher et vous d\u00e9posera \u00e0 Leh.\r\n\r\n8\u00e8me Jour\u00a0: JOURN\u00c9E LIBRE \u00c0 CHILLING. Le jour est pour des explorations.\r\n\r\n9\u00e8me Jour\u00a0: CHILLING \u00c0 LEH. Le matin on va partir en voiture pour Leh le long de la Rivi\u00e8re Zanskar et \u00e9ventuellement atteindre sa confluence avec le Fleuve de l\u2019Indus. \u00c0 partir d\u2019ici la route est bonne et c\u2019est un trajet facile de retour \u00e0 Leh. \u00c0 l\u2019arriv\u00e9e transfert \u00e0 l\u2019h\u00f4tel. D\u00eener et nuit \u00e0 l\u2019h\u00f4tel.\r\n\r\n10\u00e8me Jour\u00a0: LEH \u00c0 DELHI. Le matin transfert \u00e0 l\u2019a\u00e9roport pour attraper le vol pour Delhi. \u00c0 l\u2019arriv\u00e9e \u00e0 Delhi faites une visite guid\u00e9e d\u2019une demi-journ\u00e9e. Le soir transfert vers l\u2019a\u00e9roport International pour attraper le vol suivant.\r\n\r\n<\/div>","_fr_post_name":"trek-de-lamayuru-a-chilling","_fr_post_excerpt":"","_fr_post_title":"Trek de Lamayuru \u00e0 Chilling","edit_language":"fr"},"product_brand":[],"product_cat":[15],"product_tag":[],"class_list":{"0":"post-1383","1":"product","2":"type-product","3":"status-publish","4":"has-post-thumbnail","6":"product_cat-uncategorized","7":"tour_category-trekking","9":"first","10":"instock","11":"shipping-taxable","12":"product-type-tour"},"_links":{"self":[{"href":"https:\/\/www.ladakhzanskartrekking.com\/fr\/wp-json\/wp\/v2\/product\/1383","targetHints":{"allow":["GET"]}}],"collection":[{"href":"https:\/\/www.ladakhzanskartrekking.com\/fr\/wp-json\/wp\/v2\/product"}],"about":[{"href":"https:\/\/www.ladakhzanskartrekking.com\/fr\/wp-json\/wp\/v2\/types\/product"}],"replies":[{"embeddable":true,"href":"https:\/\/www.ladakhzanskartrekking.com\/fr\/wp-json\/wp\/v2\/comments?post=1383"}],"wp:featuredmedia":[{"embeddable":true,"href":"https:\/\/www.ladakhzanskartrekking.com\/fr\/wp-json\/wp\/v2\/media\/1384"}],"wp:attachment":[{"href":"https:\/\/www.ladakhzanskartrekking.com\/fr\/wp-json\/wp\/v2\/media?parent=1383"}],"wp:term":[{"taxonomy":"product_brand","embeddable":true,"href":"https:\/\/www.ladakhzanskartrekking.com\/fr\/wp-json\/wp\/v2\/product_brand?post=1383"},{"taxonomy":"product_cat","embeddable":true,"href":"https:\/\/www.ladakhzanskartrekking.com\/fr\/wp-json\/wp\/v2\/product_cat?post=1383"},{"taxonomy":"product_tag","embeddable":true,"href":"https:\/\/www.ladakhzanskartrekking.com\/fr\/wp-json\/wp\/v2\/product_tag?post=1383"}],"curies":[{"name":"wp","href":"https:\/\/api.w.org\/{rel}","templated":true}]}}