{"id":1386,"date":"2018-09-28T10:10:35","date_gmt":"2018-09-28T10:10:35","guid":{"rendered":"http:\/\/www.ladakhzanskartrekking.com\/?post_type=product&#038;p=1386"},"modified":"2025-12-09T14:29:43","modified_gmt":"2025-12-09T14:29:43","slug":"trek-de-lamayuru-a-hemis-par-la-vallee-de-la-markha","status":"publish","type":"product","link":"https:\/\/www.ladakhzanskartrekking.com\/fr\/voyages\/trek-de-lamayuru-a-hemis-par-la-vallee-de-la-markha\/","title":{"rendered":"Trek de Lamayuru \u00e0 Hemis par la Vall\u00e9e de la Markha","raw":"Trek de Lamayuru \u00e0 Hemis par la Vall\u00e9e de la Markha"},"content":{"rendered":"<div id=\"overview\" class=\"tab-pane active\" role=\"tabpanel\">\n<p><strong>Lieux visit\u00e9s\u00a0:<\/strong> LEH, LAMAYURU, WANLA, HINJU, SUMDA CHENMO, DUNDUNCHAN LA, SKU, MARKHA, THACHUNGTSE, NIMALING, SHANG SUMDO, HEMIS, Monast\u00e8re de Hemis<br \/>\n<strong>Dur\u00e9e :<\/strong> 15 Nuits 16 Jours<br \/>\n<strong>Meilleure saison :<\/strong> Juin \u00e0 Octobre<br \/>\n<strong>Difficult\u00e9\u00a0:<\/strong> Mod\u00e9r\u00e9e \u00e0 Difficile<\/p>\n<p>Lamayuru, le plus vieux monast\u00e8re est situ\u00e9 au point de d\u00e9part de ce trek, qui finit \u00e0 Hemis le monast\u00e8re le plus Riche et le plus c\u00e9l\u00e8bre du Ladakh. Il y a beaucoup de Cols sur ce chemin. Il passe par le parc national de Hemis, \u00e9tablit pour pr\u00e9server les l\u00e9opards des neiges et d\u2019autres animaux sauvages. Mais il y a seulement 10 % de chance de voir un l\u00e9opard des neiges. Plus loin il entre dans la belle vall\u00e9e de la Markha, qui est \u00e0 l\u2019ombre de nombreux Sommets. Les hauts p\u00e2turages \u00e0 pa\u00eetre pour les yaks et les ch\u00e8vres sont parsem\u00e9s d\u2019animaux.<\/p>\n<h3>Itin\u00e9raire :<\/h3>\n<p>1er Jour\u00a0: ARRIV\u00c9E \u00c0 DELHI. O\u00f9 vous serez accueilli et transf\u00e9r\u00e9 \u00e0 votre h\u00f4tel.<\/p>\n<p>2\u00e8me Jour\u00a0: DELHI \u00c0 LEH PAR LES AIRS.<\/p>\n<p>3\u00e8me Jour\u00a0: LEH \u00c0 LAMAYURU (130km) 7 heures. Quittez Leh pour Lamayuru, 125km depuis Leh. Visitez les monast\u00e8res de Alchi et Likir sur la route de Lamayuru. Arrivez \u00e0 Lamayuru l\u2019apr\u00e8s-midi et visitez le monast\u00e8re de Lamayuru. Nuit au Camping.<\/p>\n<p>4\u00e8me Jour\u00a0: LAMAYURU \u00c0 WANLA. 4-5 heures. Commencez votre trek apr\u00e8s le petit d\u00e9jeuner en passant le Pirkiting La (3700m) d\u2019o\u00f9 vous pouvez avoir une vue spectaculaire sur les Montagnes du Zanskar et le Konzske La. La descente raide vous m\u00e8ne au premier camping \u00e0 Wanla un joli village en passant par Shellakung. Nuit au Camping.<\/p>\n<p>5\u00e8me Jour\u00a0: WANLA \u00c0 HINJU 5-6 heures. Quittez Wanla pour Hinju apr\u00e8s le petit d\u00e9jeuner avec de belles vues des montagnes et des gorges \u00e9troites. Le village d\u2019Hinju a des drapeaux \u00e0 pri\u00e8res \u00e0 l\u2019entr\u00e9e du village. Nuit \u00e0 l\u2019H\u00f4tel.<\/p>\n<p>6\u00e8me Jour\u00a0: HINJU \u00c0 SUMDA CHENMO 5-6 heures. Allez vers Sumda Chenmo en passant par le Konski La \u00e0 4900m. D\u2019o\u00f9 vous pouvez avoir une vue du chemin depuis le Pirkiti La. La Vall\u00e9e de l\u2019autre c\u00f4t\u00e9 du Kanski La a quelques abris de bergers de Hinju o\u00f9 ils font du beurre et du fromage. Nuit au Camping.<\/p>\n<p>7\u00e8me Jour\u00a0: SUMDA CHENMO \u00c0 DUNDUNCHAN LA 5-6 heure. Le chemin m\u00e8ne au camp de base du Dundunchan La et de Sumda Chu. Arriv\u00e9e au camp de base du col apr\u00e8s une bonne marche de 4-5 heures. Nuit au camping.<\/p>\n<p>8\u00e8me Jour\u00a0: CAMP DE BASE DU DUNDUNCHAN LA \u00c0 CHILLING 5-6 heures. Vous avez une vue fantastique depuis le Dundunchan La (4700m) et le chemin m\u00e8ne au village de Chilling o\u00f9 la Rivi\u00e8re Zanskar coule vers le village de Nimo. Le village de Chilling est c\u00e9l\u00e8bre pour ses \u0153uvres en m\u00e9tal au Ladakh. Initialement les gens de Chilling ont \u00e9t\u00e9 emmen\u00e9s au Ladakh du N\u00e9pal. Deldan Namgyal voulait faire construire la statue de Shakyamuni Bouddha \u00e0 Shey. Apr\u00e8s la r\u00e9alisation de la statue ils ont \u00e9t\u00e9 r\u00e9compens\u00e9s par le roi avec des terres \u00e0 Chilling et se sont install\u00e9s ici. Nuit au Camping.<\/p>\n<p>9\u00e8me Jour\u00a0: CHILLING \u00c0 SKU 4-5 heures. Ici vous devez traverser la Rivi\u00e8re Zanskar avec une t\u00e9l\u00e9cabine avec vos bagages car les poneys ne peuvent pas traverser avec des choses. Peut-\u00eatre que vous devrez changer les poneys, car c\u2019est difficile de traverser la rivi\u00e8re au milieu de l\u2019\u00e9t\u00e9. Arrivez \u00e0 Sku en passant par Kaya. Nuit au Camping.<\/p>\n<p>10\u00e8me Jour\u00a0: SKU \u00c0 MARKHA 7-8 heures. Sku \u00e9tant comparativement \u00e0 une plus basse altitude c\u2019est un peu chaud en \u00c9t\u00e9. Marcher le long de la Rivi\u00e8re Markha et ensuite \u00e0 travers des broussailles. Sur le chemin en traversant, vous pouvez avoir une vue magnifique sur le fond de la vall\u00e9e. Markha est magnifique avec le sommet du Kang Yatze (6400m) qui fait de l\u2019ombre \u00e0 la vall\u00e9e. Nuit au Camping.<\/p>\n<p>11\u00e8me Jour\u00a0: MARKHA \u00c0 THACHUNGTSE 5-6 heures. Le chemin se s\u00e9pare d\u00e8s que vous quittez le village et marchez sur une falaise abrupte. Apr\u00e8s avoir travers\u00e9 deux fois la rivi\u00e8re vous pouvez voir un Monast\u00e8re en haut sur la gauche. Arrivez \u00e0 Thachungtse apr\u00e8s une belle marche en passant par Umlung. Nuit au Camping.<\/p>\n<p>12\u00e8me Jour\u00a0: THACHUNGTSE \u00c0 NIMALING 4-5 heures. Vous pouvez avoir de belles vues du Kangyatse apr\u00e8s avoir travers\u00e9 plusieurs murs de Mani. Arrivez \u00e0 Nimaling apr\u00e8s la descente qui est un p\u00e2turage pour les villageois de Markha. Nuit en tente.<\/p>\n<p>13\u00e8me Jour\u00a0: NIMALING \u00c0 SHANG SUMDO 6-7 heures. Marcher vers Shang Sumdo en passant par le col de Kongmaru La (5100m). C\u2019est le plus haut col dans ce trek et une bonne marche pendant environ 7 heures. Arrivez \u00e0 Shang Sumdo le soir. Nuit en Tente.<\/p>\n<p>14\u00e8me Jour\u00a0: SHANG SUMDO \u00c0 HEMIS 5 heures. Marcher le long du ruisseau en descendant jusqu\u2019au monast\u00e8re de Hemis, qui est un des plus anciens et des plus riches monast\u00e8res au Ladakh et en voiture jusqu\u2019\u00e0 Leh ou campez \u00e0 Hemis.<\/p>\n<p>15\u00e8me Jour\u00a0: LEH \u2013 Visitez le Monast\u00e8re de Hemis, le Monast\u00e8re de Thiksay et le Palais de Shey en voiture. Nuit \u00e0 l\u2019H\u00f4tel \u00e0 Leh.<\/p>\n<p>16\u00e8me Jour\u00a0: PRENEZ L\u2019AVION VERS DELHI.<\/p>\n<\/div>\n","protected":false,"raw":"<div id=\"overview\" class=\"tab-pane active\" role=\"tabpanel\">\r\n\r\n<strong>Lieux visit\u00e9s\u00a0:<\/strong> LEH, LAMAYURU, WANLA, HINJU, SUMDA CHENMO, DUNDUNCHAN LA, SKU, MARKHA, THACHUNGTSE, NIMALING, SHANG SUMDO, HEMIS, Monast\u00e8re de Hemis\r\n<strong>Dur\u00e9e :<\/strong> 15 Nuits 16 Jours\r\n<strong>Meilleure saison :<\/strong> Juin \u00e0 Octobre\r\n<strong>Difficult\u00e9\u00a0:<\/strong> Mod\u00e9r\u00e9e \u00e0 Difficile\r\n\r\nLamayuru, le plus vieux monast\u00e8re est situ\u00e9 au point de d\u00e9part de ce trek, qui finit \u00e0 Hemis le monast\u00e8re le plus Riche et le plus c\u00e9l\u00e8bre du Ladakh. Il y a beaucoup de Cols sur ce chemin. Il passe par le parc national de Hemis, \u00e9tablit pour pr\u00e9server les l\u00e9opards des neiges et d\u2019autres animaux sauvages. Mais il y a seulement 10 % de chance de voir un l\u00e9opard des neiges. Plus loin il entre dans la belle vall\u00e9e de la Markha, qui est \u00e0 l\u2019ombre de nombreux Sommets. Les hauts p\u00e2turages \u00e0 pa\u00eetre pour les yaks et les ch\u00e8vres sont parsem\u00e9s d\u2019animaux.\r\n<h3>Itin\u00e9raire :<\/h3>\r\n1er Jour\u00a0: ARRIV\u00c9E \u00c0 DELHI. O\u00f9 vous serez accueilli et transf\u00e9r\u00e9 \u00e0 votre h\u00f4tel.\r\n\r\n2\u00e8me Jour\u00a0: DELHI \u00c0 LEH PAR LES AIRS.\r\n\r\n3\u00e8me Jour\u00a0: LEH \u00c0 LAMAYURU (130km) 7 heures. Quittez Leh pour Lamayuru, 125km depuis Leh. Visitez les monast\u00e8res de Alchi et Likir sur la route de Lamayuru. Arrivez \u00e0 Lamayuru l\u2019apr\u00e8s-midi et visitez le monast\u00e8re de Lamayuru. Nuit au Camping.\r\n\r\n4\u00e8me Jour\u00a0: LAMAYURU \u00c0 WANLA. 4-5 heures. Commencez votre trek apr\u00e8s le petit d\u00e9jeuner en passant le Pirkiting La (3700m) d\u2019o\u00f9 vous pouvez avoir une vue spectaculaire sur les Montagnes du Zanskar et le Konzske La. La descente raide vous m\u00e8ne au premier camping \u00e0 Wanla un joli village en passant par Shellakung. Nuit au Camping.\r\n\r\n5\u00e8me Jour\u00a0: WANLA \u00c0 HINJU 5-6 heures. Quittez Wanla pour Hinju apr\u00e8s le petit d\u00e9jeuner avec de belles vues des montagnes et des gorges \u00e9troites. Le village d\u2019Hinju a des drapeaux \u00e0 pri\u00e8res \u00e0 l\u2019entr\u00e9e du village. Nuit \u00e0 l\u2019H\u00f4tel.\r\n\r\n6\u00e8me Jour\u00a0: HINJU \u00c0 SUMDA CHENMO 5-6 heures. Allez vers Sumda Chenmo en passant par le Konski La \u00e0 4900m. D\u2019o\u00f9 vous pouvez avoir une vue du chemin depuis le Pirkiti La. La Vall\u00e9e de l\u2019autre c\u00f4t\u00e9 du Kanski La a quelques abris de bergers de Hinju o\u00f9 ils font du beurre et du fromage. Nuit au Camping.\r\n\r\n7\u00e8me Jour\u00a0: SUMDA CHENMO \u00c0 DUNDUNCHAN LA 5-6 heure. Le chemin m\u00e8ne au camp de base du Dundunchan La et de Sumda Chu. Arriv\u00e9e au camp de base du col apr\u00e8s une bonne marche de 4-5 heures. Nuit au camping.\r\n\r\n8\u00e8me Jour\u00a0: CAMP DE BASE DU DUNDUNCHAN LA \u00c0 CHILLING 5-6 heures. Vous avez une vue fantastique depuis le Dundunchan La (4700m) et le chemin m\u00e8ne au village de Chilling o\u00f9 la Rivi\u00e8re Zanskar coule vers le village de Nimo. Le village de Chilling est c\u00e9l\u00e8bre pour ses \u0153uvres en m\u00e9tal au Ladakh. Initialement les gens de Chilling ont \u00e9t\u00e9 emmen\u00e9s au Ladakh du N\u00e9pal. Deldan Namgyal voulait faire construire la statue de Shakyamuni Bouddha \u00e0 Shey. Apr\u00e8s la r\u00e9alisation de la statue ils ont \u00e9t\u00e9 r\u00e9compens\u00e9s par le roi avec des terres \u00e0 Chilling et se sont install\u00e9s ici. Nuit au Camping.\r\n\r\n9\u00e8me Jour\u00a0: CHILLING \u00c0 SKU 4-5 heures. Ici vous devez traverser la Rivi\u00e8re Zanskar avec une t\u00e9l\u00e9cabine avec vos bagages car les poneys ne peuvent pas traverser avec des choses. Peut-\u00eatre que vous devrez changer les poneys, car c\u2019est difficile de traverser la rivi\u00e8re au milieu de l\u2019\u00e9t\u00e9. Arrivez \u00e0 Sku en passant par Kaya. Nuit au Camping.\r\n\r\n10\u00e8me Jour\u00a0: SKU \u00c0 MARKHA 7-8 heures. Sku \u00e9tant comparativement \u00e0 une plus basse altitude c\u2019est un peu chaud en \u00c9t\u00e9. Marcher le long de la Rivi\u00e8re Markha et ensuite \u00e0 travers des broussailles. Sur le chemin en traversant, vous pouvez avoir une vue magnifique sur le fond de la vall\u00e9e. Markha est magnifique avec le sommet du Kang Yatze (6400m) qui fait de l\u2019ombre \u00e0 la vall\u00e9e. Nuit au Camping.\r\n\r\n11\u00e8me Jour\u00a0: MARKHA \u00c0 THACHUNGTSE 5-6 heures. Le chemin se s\u00e9pare d\u00e8s que vous quittez le village et marchez sur une falaise abrupte. Apr\u00e8s avoir travers\u00e9 deux fois la rivi\u00e8re vous pouvez voir un Monast\u00e8re en haut sur la gauche. Arrivez \u00e0 Thachungtse apr\u00e8s une belle marche en passant par Umlung. Nuit au Camping.\r\n\r\n12\u00e8me Jour\u00a0: THACHUNGTSE \u00c0 NIMALING 4-5 heures. Vous pouvez avoir de belles vues du Kangyatse apr\u00e8s avoir travers\u00e9 plusieurs murs de Mani. Arrivez \u00e0 Nimaling apr\u00e8s la descente qui est un p\u00e2turage pour les villageois de Markha. Nuit en tente.\r\n\r\n13\u00e8me Jour\u00a0: NIMALING \u00c0 SHANG SUMDO 6-7 heures. Marcher vers Shang Sumdo en passant par le col de Kongmaru La (5100m). C\u2019est le plus haut col dans ce trek et une bonne marche pendant environ 7 heures. Arrivez \u00e0 Shang Sumdo le soir. Nuit en Tente.\r\n\r\n14\u00e8me Jour\u00a0: SHANG SUMDO \u00c0 HEMIS 5 heures. Marcher le long du ruisseau en descendant jusqu\u2019au monast\u00e8re de Hemis, qui est un des plus anciens et des plus riches monast\u00e8res au Ladakh et en voiture jusqu\u2019\u00e0 Leh ou campez \u00e0 Hemis.\r\n\r\n15\u00e8me Jour\u00a0: LEH \u2013 Visitez le Monast\u00e8re de Hemis, le Monast\u00e8re de Thiksay et le Palais de Shey en voiture. Nuit \u00e0 l\u2019H\u00f4tel \u00e0 Leh.\r\n\r\n16\u00e8me Jour\u00a0: PRENEZ L\u2019AVION VERS DELHI.\r\n\r\n<\/div>"},"excerpt":{"rendered":"Places Covered: LEH, LAMAYURU, WANLA, HINJU , SUMDA CHENMO , DUNDUNCHAN LA , SKU , MARKHA , THACHUNGTSE, NIMALING , SHANG SUMDO , HEMIS ,Hemis Monastery Duration: 15 Nights 16 Days Best Season: June to October Grade: Moderate to Challenging Lamayuru, the oldest monastery is situated on the starting point of this trek, which finishes<div class=\"padding-top text-center\"><a href=\"https:\/\/www.ladakhzanskartrekking.com\/fr\/voyages\/trek-de-lamayuru-a-hemis-par-la-vallee-de-la-markha\/\" class=\"atbtn atbtn--medium atbtn--rounded atbtn--transparent\">Lire plus<i class=\"atbtn__icon atbtn__icon--right fa fa-long-arrow-right\"><\/i><\/a><\/div>","protected":false,"raw":""},"featured_media":1387,"comment_status":"open","ping_status":"closed","template":"","meta":{"_en_post_content":"<div id=\"overview\" class=\"tab-pane active\" role=\"tabpanel\">\r\n\r\n<strong>Places Covered:<\/strong> LEH, LAMAYURU, WANLA, HINJU , SUMDA CHENMO , DUNDUNCHAN LA , SKU , MARKHA , THACHUNGTSE, NIMALING , SHANG SUMDO , HEMIS ,Hemis Monastery\r\n<strong>Duration:<\/strong> 15 Nights 16 Days\r\n<strong>Best Season:<\/strong> June to October\r\n<strong>Grade:<\/strong> Moderate to Challenging\r\n\r\nLamayuru, the oldest monastery is situated on the starting point of this trek, which finishes at Hemis the Richest and most famous monastery of Ladakh. There are many Passes on this trail. It passes through Hemis national park, established to preserve snow leopard and other wild animals. But there is only 10% chance to view a snow leopard. Further it enters beautiful valley of Markha, which is overshadowed by many Peaks. The high pasturelands to graze yaks &amp; goats are dotted with animals\r\n&nbsp;\r\n<h3>Itinerary:<\/h3>\r\n1st Day: ARRIVE DELHI. where you will be met and transferred to your hotel.\r\n\r\n2nd Day: DELHI TO LEH BY AIR.\r\n\r\n3rd Day: LEH TO LAMAYURU (130 Km.) 7 hours. Leave Leh for Lamayuru; 125 Kms from Leh: Visit Alchi, Liker monastery on the way to Lamayuru. Arrive Lamayuru by afternoon and visit Lamayuru monastery. Overnight in Camp\r\n\r\n4th Day: LAMAYURU TO WANLA. 4-5 hours. Start you trek after the breakfast via Pirkiting La (3700 mtrs.) from where you can have spectacular view of Zangskar Mountains and Konzske La. The steep descends leads you to first camp at Wanla a pretty village via Shellakung. Over night in Camp.\r\n\r\n5th Day: WANLA TO HINJU 5-6 hours. Leave Wanla for Hinju after the breakfast the nice views of mountains and narrow gorges. The Hinju village comes with the prayer flags in the starting of village. Overnight in Hotel.\r\n\r\n6th Day: HINJU TO SUMDA CHENMO 5-6 hours. Procced towards Sumda Chenmo via Konski La 4900 mtrs. From where you can have a view of back route fromPirkiti La. The Valley across the Kanski La has a few huts of shepherds from Hinju where they make butter and cheese.. Overnight in Camp.\r\n\r\n7th Day: SUMDA CHENMO TO DUNDUNCHAN LA 5-6 hours. The trail leads to Dundunchan la Base along with Sumda chu .Arrive base of the pass after a good walk for 4-5 hours. Overnight in camp.\r\n\r\n8th Day: DUNDUNCHAN LA BASE TO CHILLING 5-6 hours. Have a fantastic view from Dundunchan La (4700 mtrs) and trail Leads to Chilling village where the Zangskar River follows towards Nimo village. The chilling village is famous for metal works in Ladakh. Initially the people of Chilling were brought to Ladakh from Nepal Deldan Namgyal to built the statue of Shakyamuni Buddha at Shey. After completion of statue they rewarded with Land at chilling and settled down here by king. Over night in Camp.\r\n\r\n9th Day: CHILLING TO SKU 4-5 hours. Here you need to cross Zangskar River with a cable car with you Laugges as pony cannot cross with things. May be youhave to change the ponies, as it is difficult to cross the river in mid summer.Reach Sku via Kaya Overnight in Camp .\r\n\r\n10th Day: SKU TO MARKHA 7-8 hours. Sku is comparatively being on a lower altitude it is bit hot in Summer. Walk along the Markha River and then throne scrub. On The way passing through, you can have a wonderful view of back down valley. Markha makes beautiful by Kang- Yatse peak (6400 mtrs.) which over shadows the valley. Overnight in Camp.\r\n\r\n11th Day: MARKHA TO THACHUNGTSE 5-6 hours. The trail splits as soon as you leave the village walk thorough a steep cliff. After double-crossing the river you can view a Gonpa up to the left. Arrive Thachungtse after a lovely walk through Umlung. Overnight in Camp.\r\n\r\n12th Day: THACHUNGTSE TO NIMALING 4-5 hours. You can have beautiful views of Kangyatse after passing through several Mani walls. Arrive Nimaling afterdescends which is a pastureland for Markha villagers. Overnight in tent.\r\n\r\n13th Day: NIMALING TO SHANG SUMDO 6-7 hours. Walk towards Shang Sumdo via Kongmaru La pass (5100 mtrs.), This the highest pass in this trek and good walk for around 7 hours. Arrive Shang Sumdo by evening. Overnight in Tent.\r\n\r\n14th Day:SHANG SUMDO TO HEMIS 5 hours. Walk along the stream down to Hemis monastery, which is one of the oldest and richest monasteries in Ladakh and drive to Leh or camp at Hemis.\r\n\r\n15th Day: LEH - Visit Hemis Monastery Thiksay Monastery and Shey Palace by car overnight Hotel in Leh\r\n\r\n16th Day: FLY TO DELHI\r\n\r\n<\/div>","_en_post_name":"lamayuru-to-hemis-via-markha-valley-trek","_en_post_excerpt":"","_en_post_title":"Lamayuru to Hemis via Markha Valley Trek","_fr_post_content":"<div id=\"overview\" class=\"tab-pane active\" role=\"tabpanel\">\r\n\r\n<strong>Lieux visit\u00e9s\u00a0:<\/strong> LEH, LAMAYURU, WANLA, HINJU, SUMDA CHENMO, DUNDUNCHAN LA, SKU, MARKHA, THACHUNGTSE, NIMALING, SHANG SUMDO, HEMIS, Monast\u00e8re de Hemis\r\n<strong>Dur\u00e9e :<\/strong> 15 Nuits 16 Jours\r\n<strong>Meilleure saison :<\/strong> Juin \u00e0 Octobre\r\n<strong>Difficult\u00e9\u00a0:<\/strong> Mod\u00e9r\u00e9e \u00e0 Difficile\r\n\r\nLamayuru, le plus vieux monast\u00e8re est situ\u00e9 au point de d\u00e9part de ce trek, qui finit \u00e0 Hemis le monast\u00e8re le plus Riche et le plus c\u00e9l\u00e8bre du Ladakh. Il y a beaucoup de Cols sur ce chemin. Il passe par le parc national de Hemis, \u00e9tablit pour pr\u00e9server les l\u00e9opards des neiges et d\u2019autres animaux sauvages. Mais il y a seulement 10 % de chance de voir un l\u00e9opard des neiges. Plus loin il entre dans la belle vall\u00e9e de la Markha, qui est \u00e0 l\u2019ombre de nombreux Sommets. Les hauts p\u00e2turages \u00e0 pa\u00eetre pour les yaks et les ch\u00e8vres sont parsem\u00e9s d\u2019animaux.\r\n<h3>Itin\u00e9raire :<\/h3>\r\n1er Jour\u00a0: ARRIV\u00c9E \u00c0 DELHI. O\u00f9 vous serez accueilli et transf\u00e9r\u00e9 \u00e0 votre h\u00f4tel.\r\n\r\n2\u00e8me Jour\u00a0: DELHI \u00c0 LEH PAR LES AIRS.\r\n\r\n3\u00e8me Jour\u00a0: LEH \u00c0 LAMAYURU (130km) 7 heures. Quittez Leh pour Lamayuru, 125km depuis Leh. Visitez les monast\u00e8res de Alchi et Likir sur la route de Lamayuru. Arrivez \u00e0 Lamayuru l\u2019apr\u00e8s-midi et visitez le monast\u00e8re de Lamayuru. Nuit au Camping.\r\n\r\n4\u00e8me Jour\u00a0: LAMAYURU \u00c0 WANLA. 4-5 heures. Commencez votre trek apr\u00e8s le petit d\u00e9jeuner en passant le Pirkiting La (3700m) d\u2019o\u00f9 vous pouvez avoir une vue spectaculaire sur les Montagnes du Zanskar et le Konzske La. La descente raide vous m\u00e8ne au premier camping \u00e0 Wanla un joli village en passant par Shellakung. Nuit au Camping.\r\n\r\n5\u00e8me Jour\u00a0: WANLA \u00c0 HINJU 5-6 heures. Quittez Wanla pour Hinju apr\u00e8s le petit d\u00e9jeuner avec de belles vues des montagnes et des gorges \u00e9troites. Le village d\u2019Hinju a des drapeaux \u00e0 pri\u00e8res \u00e0 l\u2019entr\u00e9e du village. Nuit \u00e0 l\u2019H\u00f4tel.\r\n\r\n6\u00e8me Jour\u00a0: HINJU \u00c0 SUMDA CHENMO 5-6 heures. Allez vers Sumda Chenmo en passant par le Konski La \u00e0 4900m. D\u2019o\u00f9 vous pouvez avoir une vue du chemin depuis le Pirkiti La. La Vall\u00e9e de l\u2019autre c\u00f4t\u00e9 du Kanski La a quelques abris de bergers de Hinju o\u00f9 ils font du beurre et du fromage. Nuit au Camping.\r\n\r\n7\u00e8me Jour\u00a0: SUMDA CHENMO \u00c0 DUNDUNCHAN LA 5-6 heure. Le chemin m\u00e8ne au camp de base du Dundunchan La et de Sumda Chu. Arriv\u00e9e au camp de base du col apr\u00e8s une bonne marche de 4-5 heures. Nuit au camping.\r\n\r\n8\u00e8me Jour\u00a0: CAMP DE BASE DU DUNDUNCHAN LA \u00c0 CHILLING 5-6 heures. Vous avez une vue fantastique depuis le Dundunchan La (4700m) et le chemin m\u00e8ne au village de Chilling o\u00f9 la Rivi\u00e8re Zanskar coule vers le village de Nimo. Le village de Chilling est c\u00e9l\u00e8bre pour ses \u0153uvres en m\u00e9tal au Ladakh. Initialement les gens de Chilling ont \u00e9t\u00e9 emmen\u00e9s au Ladakh du N\u00e9pal. Deldan Namgyal voulait faire construire la statue de Shakyamuni Bouddha \u00e0 Shey. Apr\u00e8s la r\u00e9alisation de la statue ils ont \u00e9t\u00e9 r\u00e9compens\u00e9s par le roi avec des terres \u00e0 Chilling et se sont install\u00e9s ici. Nuit au Camping.\r\n\r\n9\u00e8me Jour\u00a0: CHILLING \u00c0 SKU 4-5 heures. Ici vous devez traverser la Rivi\u00e8re Zanskar avec une t\u00e9l\u00e9cabine avec vos bagages car les poneys ne peuvent pas traverser avec des choses. Peut-\u00eatre que vous devrez changer les poneys, car c\u2019est difficile de traverser la rivi\u00e8re au milieu de l\u2019\u00e9t\u00e9. Arrivez \u00e0 Sku en passant par Kaya. Nuit au Camping.\r\n\r\n10\u00e8me Jour\u00a0: SKU \u00c0 MARKHA 7-8 heures. Sku \u00e9tant comparativement \u00e0 une plus basse altitude c\u2019est un peu chaud en \u00c9t\u00e9. Marcher le long de la Rivi\u00e8re Markha et ensuite \u00e0 travers des broussailles. Sur le chemin en traversant, vous pouvez avoir une vue magnifique sur le fond de la vall\u00e9e. Markha est magnifique avec le sommet du Kang Yatze (6400m) qui fait de l\u2019ombre \u00e0 la vall\u00e9e. Nuit au Camping.\r\n\r\n11\u00e8me Jour\u00a0: MARKHA \u00c0 THACHUNGTSE 5-6 heures. Le chemin se s\u00e9pare d\u00e8s que vous quittez le village et marchez sur une falaise abrupte. Apr\u00e8s avoir travers\u00e9 deux fois la rivi\u00e8re vous pouvez voir un Monast\u00e8re en haut sur la gauche. Arrivez \u00e0 Thachungtse apr\u00e8s une belle marche en passant par Umlung. Nuit au Camping.\r\n\r\n12\u00e8me Jour\u00a0: THACHUNGTSE \u00c0 NIMALING 4-5 heures. Vous pouvez avoir de belles vues du Kangyatse apr\u00e8s avoir travers\u00e9 plusieurs murs de Mani. Arrivez \u00e0 Nimaling apr\u00e8s la descente qui est un p\u00e2turage pour les villageois de Markha. Nuit en tente.\r\n\r\n13\u00e8me Jour\u00a0: NIMALING \u00c0 SHANG SUMDO 6-7 heures. Marcher vers Shang Sumdo en passant par le col de Kongmaru La (5100m). C\u2019est le plus haut col dans ce trek et une bonne marche pendant environ 7 heures. Arrivez \u00e0 Shang Sumdo le soir. Nuit en Tente.\r\n\r\n14\u00e8me Jour\u00a0: SHANG SUMDO \u00c0 HEMIS 5 heures. Marcher le long du ruisseau en descendant jusqu\u2019au monast\u00e8re de Hemis, qui est un des plus anciens et des plus riches monast\u00e8res au Ladakh et en voiture jusqu\u2019\u00e0 Leh ou campez \u00e0 Hemis.\r\n\r\n15\u00e8me Jour\u00a0: LEH \u2013 Visitez le Monast\u00e8re de Hemis, le Monast\u00e8re de Thiksay et le Palais de Shey en voiture. Nuit \u00e0 l\u2019H\u00f4tel \u00e0 Leh.\r\n\r\n16\u00e8me Jour\u00a0: PRENEZ L\u2019AVION VERS DELHI.\r\n\r\n<\/div>","_fr_post_name":"trek-de-lamayuru-a-hemis-par-la-vallee-de-la-markha","_fr_post_excerpt":"","_fr_post_title":"Trek de Lamayuru \u00e0 Hemis par la Vall\u00e9e de la Markha","edit_language":"fr"},"product_brand":[],"product_cat":[15],"product_tag":[],"class_list":{"0":"post-1386","1":"product","2":"type-product","3":"status-publish","4":"has-post-thumbnail","6":"product_cat-uncategorized","7":"tour_category-trekking","9":"first","10":"instock","11":"shipping-taxable","12":"product-type-tour"},"_links":{"self":[{"href":"https:\/\/www.ladakhzanskartrekking.com\/fr\/wp-json\/wp\/v2\/product\/1386","targetHints":{"allow":["GET"]}}],"collection":[{"href":"https:\/\/www.ladakhzanskartrekking.com\/fr\/wp-json\/wp\/v2\/product"}],"about":[{"href":"https:\/\/www.ladakhzanskartrekking.com\/fr\/wp-json\/wp\/v2\/types\/product"}],"replies":[{"embeddable":true,"href":"https:\/\/www.ladakhzanskartrekking.com\/fr\/wp-json\/wp\/v2\/comments?post=1386"}],"wp:featuredmedia":[{"embeddable":true,"href":"https:\/\/www.ladakhzanskartrekking.com\/fr\/wp-json\/wp\/v2\/media\/1387"}],"wp:attachment":[{"href":"https:\/\/www.ladakhzanskartrekking.com\/fr\/wp-json\/wp\/v2\/media?parent=1386"}],"wp:term":[{"taxonomy":"product_brand","embeddable":true,"href":"https:\/\/www.ladakhzanskartrekking.com\/fr\/wp-json\/wp\/v2\/product_brand?post=1386"},{"taxonomy":"product_cat","embeddable":true,"href":"https:\/\/www.ladakhzanskartrekking.com\/fr\/wp-json\/wp\/v2\/product_cat?post=1386"},{"taxonomy":"product_tag","embeddable":true,"href":"https:\/\/www.ladakhzanskartrekking.com\/fr\/wp-json\/wp\/v2\/product_tag?post=1386"}],"curies":[{"name":"wp","href":"https:\/\/api.w.org\/{rel}","templated":true}]}}