{"id":1399,"date":"2018-09-28T11:46:49","date_gmt":"2018-09-28T11:46:49","guid":{"rendered":"http:\/\/www.ladakhzanskartrekking.com\/?post_type=product&#038;p=1399"},"modified":"2026-01-30T20:23:26","modified_gmt":"2026-01-30T20:23:26","slug":"trek-de-zara-a-chilling","status":"publish","type":"product","link":"https:\/\/www.ladakhzanskartrekking.com\/fr\/voyages\/trek-de-zara-a-chilling\/","title":{"rendered":"Trek de Zara \u00e0 Chilling","raw":"Trek de Zara \u00e0 Chilling"},"content":{"rendered":"<div id=\"overview\" class=\"tab-pane active\" role=\"tabpanel\">\n<p><strong>Lieux visit\u00e9s\u00a0:<\/strong> Leh, Chilling, Markha, Themskachan Bao, Rabrang, Tsokra, Dat, Lungmoche, Zara<br \/>\n<strong>Dur\u00e9e :<\/strong> 11 Nuits 12 Jours<br \/>\n<strong>Meilleure saison :<\/strong> Juillet &#8211; Septembre<\/p>\n<h3>Itin\u00e9raire :<\/h3>\n<table class=\"table table-bordered table-striped table-booking-history\" border=\"0\" width=\"100%\" cellspacing=\"0\" cellpadding=\"5\">\n<tbody>\n<tr>\n<td valign=\"top\"><strong>Jour<\/strong><\/td>\n<td valign=\"top\"><strong>Itin\u00e9raire Jour Par Jour<\/strong><\/td>\n<td valign=\"top\"><strong>Altitude<\/strong><\/td>\n<td valign=\"top\"><strong>H\u00f4tel\/Camping<\/strong><\/td>\n<\/tr>\n<tr>\n<td valign=\"top\">01<\/td>\n<td valign=\"top\">Delhi \u2013 Leh \u2013 \u00c0 l\u2019arriv\u00e9e transfert de l\u2019a\u00e9roport \u00e0 l\u2019H\u00f4tel<\/td>\n<td valign=\"top\">3500 m<\/td>\n<td valign=\"top\">H\u00f4tel<\/td>\n<\/tr>\n<tr>\n<td valign=\"top\">02<\/td>\n<td valign=\"top\">Leh<\/td>\n<td valign=\"top\"><\/td>\n<td valign=\"top\">H\u00f4tel<\/td>\n<\/tr>\n<tr>\n<td valign=\"top\">03<\/td>\n<td valign=\"top\">Leh<\/td>\n<td valign=\"top\"><\/td>\n<td valign=\"top\">H\u00f4tel<\/td>\n<\/tr>\n<tr>\n<td valign=\"top\">04<\/td>\n<td valign=\"top\">Leh \u2013 Chilling \u2013 Skiu \u2013 Le matin apr\u00e8s le petit d\u00e9jeuner en voiture jusqu\u2019\u00e0 Chilling en 1 heure et demi ensuite trek jusqu\u2019\u00e0 Skiu en prenant une T\u00e9l\u00e9cabine (panier) 2-3h de marche.<\/td>\n<td valign=\"top\">3300 m<\/td>\n<td valign=\"top\">Camping<\/td>\n<\/tr>\n<tr>\n<td valign=\"top\">05<\/td>\n<td valign=\"top\">Skiu \u2013 Markha \u2013 Trek \u2013 Trek jusqu\u2019\u00e0 Markha 6-7h de marche.<\/td>\n<td valign=\"top\">3710 m<\/td>\n<td valign=\"top\">Camping<\/td>\n<\/tr>\n<tr>\n<td valign=\"top\">06<\/td>\n<td valign=\"top\">Markha \u2013 Themskachan Bao \u2013 Trek \u2013 Trek jusqu\u2019\u00e0 Themskachan bao 6-7h de marche.<\/td>\n<td valign=\"top\">3850 m<\/td>\n<td valign=\"top\">Camping<\/td>\n<\/tr>\n<tr>\n<td valign=\"top\">07<\/td>\n<td valign=\"top\">Themskachan Bao \u2013 Rabrang \u2013 Trek \u2013 Trek jusqu\u2019\u00e0 Rabang en passant le Rabrang La \u00e0 4750m 7-8h de marche.<\/td>\n<td valign=\"top\">4050 m<\/td>\n<td valign=\"top\">Camping<\/td>\n<\/tr>\n<tr>\n<td valign=\"top\">08<\/td>\n<td valign=\"top\">Rabrang \u2013 Tsokra \u2013 Trek \u2013 Trek jusqu\u2019\u00e0 Tsokra en passant le Zalungkarpo La \u00e0 5050m 6-7h de marche.<\/td>\n<td valign=\"top\">4060 m<\/td>\n<td valign=\"top\">Camping<\/td>\n<\/tr>\n<tr>\n<td valign=\"top\">09<\/td>\n<td valign=\"top\">Tsokra \u2013 Dat \u2013 Trek \u2013 Trek jusqu\u2019\u00e0 Dat 5-6h de marche.<\/td>\n<td valign=\"top\">4200 m<\/td>\n<td valign=\"top\">Camping<\/td>\n<\/tr>\n<tr>\n<td valign=\"top\">10<\/td>\n<td valign=\"top\">Dat \u2013 Lungmoche \u2013 Trek \u2013 Trek jusqu\u2019\u00e0 Lungmoche 5-6h de marche en passant le Yar La \u00e0 4950m.<\/td>\n<td valign=\"top\">4550 m<\/td>\n<td valign=\"top\">Camping<\/td>\n<\/tr>\n<tr>\n<td valign=\"top\">11<\/td>\n<td valign=\"top\">Lungmoche \u2013 \u00a0Zara \u2013 Trek \u2013 Trek jusqu\u2019\u00e0 Zara.<\/td>\n<td valign=\"top\"><\/td>\n<td valign=\"top\">Camping<\/td>\n<\/tr>\n<tr>\n<td valign=\"top\">12<\/td>\n<td valign=\"top\">Zara \u2013 Leh \u2013 Le matin apr\u00e8s le petit d\u00e9jeuner en voiture jusqu\u2019\u00e0 Leh.<\/td>\n<td valign=\"top\"><\/td>\n<td valign=\"top\">H\u00f4tel<\/td>\n<\/tr>\n<\/tbody>\n<\/table>\n<\/div>\n","protected":false,"raw":"<div id=\"overview\" class=\"tab-pane active\" role=\"tabpanel\">\r\n\r\n<strong>Lieux visit\u00e9s\u00a0:<\/strong> Leh, Chilling, Markha, Themskachan Bao, Rabrang, Tsokra, Dat, Lungmoche, Zara\r\n<strong>Dur\u00e9e :<\/strong> 11 Nuits 12 Jours\r\n<strong>Meilleure saison :<\/strong> Juillet - Septembre\r\n<h3>Itin\u00e9raire :<\/h3>\r\n<table class=\"table table-bordered table-striped table-booking-history\" border=\"0\" width=\"100%\" cellspacing=\"0\" cellpadding=\"5\">\r\n<tbody>\r\n<tr>\r\n<td valign=\"top\"><strong>Jour<\/strong><\/td>\r\n<td valign=\"top\"><strong>Itin\u00e9raire Jour Par Jour<\/strong><\/td>\r\n<td valign=\"top\"><strong>Altitude<\/strong><\/td>\r\n<td valign=\"top\"><strong>H\u00f4tel\/Camping<\/strong><\/td>\r\n<\/tr>\r\n<tr>\r\n<td valign=\"top\">01<\/td>\r\n<td valign=\"top\">Delhi \u2013 Leh \u2013 \u00c0 l\u2019arriv\u00e9e transfert de l\u2019a\u00e9roport \u00e0 l\u2019H\u00f4tel<\/td>\r\n<td valign=\"top\">3500 m<\/td>\r\n<td valign=\"top\">H\u00f4tel<\/td>\r\n<\/tr>\r\n<tr>\r\n<td valign=\"top\">02<\/td>\r\n<td valign=\"top\">Leh<\/td>\r\n<td valign=\"top\"><\/td>\r\n<td valign=\"top\">H\u00f4tel<\/td>\r\n<\/tr>\r\n<tr>\r\n<td valign=\"top\">03<\/td>\r\n<td valign=\"top\">Leh<\/td>\r\n<td valign=\"top\"><\/td>\r\n<td valign=\"top\">H\u00f4tel<\/td>\r\n<\/tr>\r\n<tr>\r\n<td valign=\"top\">04<\/td>\r\n<td valign=\"top\">Leh \u2013 Chilling \u2013 Skiu \u2013 Le matin apr\u00e8s le petit d\u00e9jeuner en voiture jusqu\u2019\u00e0 Chilling en 1 heure et demi ensuite trek jusqu\u2019\u00e0 Skiu en prenant une T\u00e9l\u00e9cabine (panier) 2-3h de marche.<\/td>\r\n<td valign=\"top\">3300 m<\/td>\r\n<td valign=\"top\">Camping<\/td>\r\n<\/tr>\r\n<tr>\r\n<td valign=\"top\">05<\/td>\r\n<td valign=\"top\">Skiu \u2013 Markha \u2013 Trek \u2013 Trek jusqu\u2019\u00e0 Markha 6-7h de marche.<\/td>\r\n<td valign=\"top\">3710 m<\/td>\r\n<td valign=\"top\">Camping<\/td>\r\n<\/tr>\r\n<tr>\r\n<td valign=\"top\">06<\/td>\r\n<td valign=\"top\">Markha \u2013 Themskachan Bao \u2013 Trek \u2013 Trek jusqu\u2019\u00e0 Themskachan bao 6-7h de marche.<\/td>\r\n<td valign=\"top\">3850 m<\/td>\r\n<td valign=\"top\">Camping<\/td>\r\n<\/tr>\r\n<tr>\r\n<td valign=\"top\">07<\/td>\r\n<td valign=\"top\">Themskachan Bao \u2013 Rabrang \u2013 Trek \u2013 Trek jusqu\u2019\u00e0 Rabang en passant le Rabrang La \u00e0 4750m 7-8h de marche.<\/td>\r\n<td valign=\"top\">4050 m<\/td>\r\n<td valign=\"top\">Camping<\/td>\r\n<\/tr>\r\n<tr>\r\n<td valign=\"top\">08<\/td>\r\n<td valign=\"top\">Rabrang \u2013 Tsokra \u2013 Trek \u2013 Trek jusqu\u2019\u00e0 Tsokra en passant le Zalungkarpo La \u00e0 5050m 6-7h de marche.<\/td>\r\n<td valign=\"top\">4060 m<\/td>\r\n<td valign=\"top\">Camping<\/td>\r\n<\/tr>\r\n<tr>\r\n<td valign=\"top\">09<\/td>\r\n<td valign=\"top\">Tsokra \u2013 Dat \u2013 Trek \u2013 Trek jusqu\u2019\u00e0 Dat 5-6h de marche.<\/td>\r\n<td valign=\"top\">4200 m<\/td>\r\n<td valign=\"top\">Camping<\/td>\r\n<\/tr>\r\n<tr>\r\n<td valign=\"top\">10<\/td>\r\n<td valign=\"top\">Dat \u2013 Lungmoche \u2013 Trek \u2013 Trek jusqu\u2019\u00e0 Lungmoche 5-6h de marche en passant le Yar La \u00e0 4950m.<\/td>\r\n<td valign=\"top\">4550 m<\/td>\r\n<td valign=\"top\">Camping<\/td>\r\n<\/tr>\r\n<tr>\r\n<td valign=\"top\">11<\/td>\r\n<td valign=\"top\">Lungmoche \u2013 \u00a0Zara \u2013 Trek \u2013 Trek jusqu\u2019\u00e0 Zara.<\/td>\r\n<td valign=\"top\"><\/td>\r\n<td valign=\"top\">Camping<\/td>\r\n<\/tr>\r\n<tr>\r\n<td valign=\"top\">12<\/td>\r\n<td valign=\"top\">Zara \u2013 Leh \u2013 Le matin apr\u00e8s le petit d\u00e9jeuner en voiture jusqu\u2019\u00e0 Leh.<\/td>\r\n<td valign=\"top\"><\/td>\r\n<td valign=\"top\">H\u00f4tel<\/td>\r\n<\/tr>\r\n<\/tbody>\r\n<\/table>\r\n<\/div>"},"excerpt":{"rendered":"Places Covered: Leh, Chilling, Markha , ThemskachnBao, Rabrang, Tsokra , Dat, Lungmoche, Zara Duration: 11 Nights 12 Days Best Season: July - September &nbsp; Itinerary: Day Day By Day Itinerary Altitude Hotel\/Camp 01 Delhi \u2013 Leh \u2013 Arrival Transfer from airport to Hotel 3500 mt Hotel 02 Leh - Hotel 03 Leh Hotel 04 Leh<div class=\"padding-top text-center\"><a href=\"https:\/\/www.ladakhzanskartrekking.com\/fr\/voyages\/trek-de-zara-a-chilling\/\" class=\"atbtn atbtn--medium atbtn--rounded atbtn--transparent\">Lire plus<i class=\"atbtn__icon atbtn__icon--right fa fa-long-arrow-right\"><\/i><\/a><\/div>","protected":false,"raw":""},"featured_media":1402,"comment_status":"open","ping_status":"closed","template":"","meta":{"_en_post_content":"<div id=\"overview\" class=\"tab-pane active\" role=\"tabpanel\">\r\n\r\n<strong>Places Covered:<\/strong> Leh, Chilling, Markha , ThemskachnBao, Rabrang, Tsokra , Dat, Lungmoche, Zara\r\n<strong>Duration:<\/strong> 11 Nights 12 Days\r\n<strong>Best Season:<\/strong> July - September\r\n\r\n&nbsp;\r\n<h3>Itinerary:<\/h3>\r\n<table class=\"table table-bordered table-striped table-booking-history\" border=\"0\" width=\"100%\" cellspacing=\"0\" cellpadding=\"5\">\r\n<tbody>\r\n<tr>\r\n<td valign=\"top\"><strong>Day<\/strong><\/td>\r\n<td valign=\"top\"><strong>Day By Day Itinerary<\/strong><\/td>\r\n<td valign=\"top\"><strong>Altitude<\/strong><\/td>\r\n<td valign=\"top\"><strong>Hotel\/Camp<\/strong><\/td>\r\n<\/tr>\r\n<tr>\r\n<td valign=\"top\">01<\/td>\r\n<td valign=\"top\">Delhi \u2013 Leh \u2013 Arrival Transfer from airport to Hotel<\/td>\r\n<td valign=\"top\">3500 mt<\/td>\r\n<td valign=\"top\">Hotel<\/td>\r\n<\/tr>\r\n<tr>\r\n<td valign=\"top\">02<\/td>\r\n<td valign=\"top\">Leh -<\/td>\r\n<td valign=\"top\"><\/td>\r\n<td valign=\"top\">Hotel<\/td>\r\n<\/tr>\r\n<tr>\r\n<td valign=\"top\">03<\/td>\r\n<td valign=\"top\">Leh<\/td>\r\n<td valign=\"top\"><\/td>\r\n<td valign=\"top\">Hotel<\/td>\r\n<\/tr>\r\n<tr>\r\n<td valign=\"top\">04<\/td>\r\n<td valign=\"top\">Leh - Chilling \u2013 Skiu -Morning After breakfast drive to Chilling 1 and half hrs dive then trek to Skiu over the Cable Car (Trolley) 2-3hrs walk.<\/td>\r\n<td valign=\"top\">3300 mt<\/td>\r\n<td valign=\"top\">Camp<\/td>\r\n<\/tr>\r\n<tr>\r\n<td valign=\"top\">05<\/td>\r\n<td valign=\"top\">Skiu \u2013 Markha \u2013 Trek \u2013 Trek to Markha 6-7hrs walk.<\/td>\r\n<td valign=\"top\">3710 mt<\/td>\r\n<td valign=\"top\">Camp<\/td>\r\n<\/tr>\r\n<tr>\r\n<td valign=\"top\">06<\/td>\r\n<td valign=\"top\">Markha \u2013 Themskachan Bao \u2013 Trek \u2013 Trek to Themskachn bao 6-7hrs walk.<\/td>\r\n<td valign=\"top\">3850 mt<\/td>\r\n<td valign=\"top\">Camp<\/td>\r\n<\/tr>\r\n<tr>\r\n<td valign=\"top\">07<\/td>\r\n<td valign=\"top\">ThemskachnBao \u2013 Rabrang \u2013 Trek \u2013 Trek to Rabang over the Rabrang La 4750mt 7-8hrs walk.<\/td>\r\n<td valign=\"top\">4050 mt<\/td>\r\n<td valign=\"top\">Camp<\/td>\r\n<\/tr>\r\n<tr>\r\n<td valign=\"top\">08<\/td>\r\n<td valign=\"top\">Rabrang \u2013 Tsokra \u2013 Trek -\u00a0 Trek to Tsokra over the Zalungkarpo\r\nLa 5050mt 6-7hrs walk.<\/td>\r\n<td valign=\"top\">4060 mt<\/td>\r\n<td valign=\"top\">Camp<\/td>\r\n<\/tr>\r\n<tr>\r\n<td valign=\"top\">09<\/td>\r\n<td valign=\"top\">Tsokra \u2013 Dat \u2013 Trek \u2013 Trek to Dat 5-6hrs walk.<\/td>\r\n<td valign=\"top\">4200 mt<\/td>\r\n<td valign=\"top\">Camp<\/td>\r\n<\/tr>\r\n<tr>\r\n<td valign=\"top\">10<\/td>\r\n<td valign=\"top\">Dat \u2013 Lungmoche \u2013 Trek \u2013 Trek to Lungmoche 5-6hrs walk over the Yar La 4950mt.<\/td>\r\n<td valign=\"top\">4550 mt<\/td>\r\n<td valign=\"top\">Camp<\/td>\r\n<\/tr>\r\n<tr>\r\n<td valign=\"top\">11<\/td>\r\n<td valign=\"top\">Lungmoche \u2013 \u00a0Zara \u2013 Trek \u2013 Trek to Zara<\/td>\r\n<td valign=\"top\"><\/td>\r\n<td valign=\"top\">Camp<\/td>\r\n<\/tr>\r\n<tr>\r\n<td valign=\"top\">12<\/td>\r\n<td valign=\"top\">Zara \u2013 Leh \u2013 Morning after breakfast drive to Leh<\/td>\r\n<td valign=\"top\"><\/td>\r\n<td valign=\"top\">Hotel<\/td>\r\n<\/tr>\r\n<\/tbody>\r\n<\/table>\r\n<\/div>","_en_post_name":"zara-to-chilling-trek","_en_post_excerpt":"","_en_post_title":"Zara to Chilling Trek","_fr_post_content":"<div id=\"overview\" class=\"tab-pane active\" role=\"tabpanel\">\r\n\r\n<strong>Lieux visit\u00e9s\u00a0:<\/strong> Leh, Chilling, Markha, Themskachan Bao, Rabrang, Tsokra, Dat, Lungmoche, Zara\r\n<strong>Dur\u00e9e :<\/strong> 11 Nuits 12 Jours\r\n<strong>Meilleure saison :<\/strong> Juillet - Septembre\r\n<h3>Itin\u00e9raire :<\/h3>\r\n<table class=\"table table-bordered table-striped table-booking-history\" border=\"0\" width=\"100%\" cellspacing=\"0\" cellpadding=\"5\">\r\n<tbody>\r\n<tr>\r\n<td valign=\"top\"><strong>Jour<\/strong><\/td>\r\n<td valign=\"top\"><strong>Itin\u00e9raire Jour Par Jour<\/strong><\/td>\r\n<td valign=\"top\"><strong>Altitude<\/strong><\/td>\r\n<td valign=\"top\"><strong>H\u00f4tel\/Camping<\/strong><\/td>\r\n<\/tr>\r\n<tr>\r\n<td valign=\"top\">01<\/td>\r\n<td valign=\"top\">Delhi \u2013 Leh \u2013 \u00c0 l\u2019arriv\u00e9e transfert de l\u2019a\u00e9roport \u00e0 l\u2019H\u00f4tel<\/td>\r\n<td valign=\"top\">3500 m<\/td>\r\n<td valign=\"top\">H\u00f4tel<\/td>\r\n<\/tr>\r\n<tr>\r\n<td valign=\"top\">02<\/td>\r\n<td valign=\"top\">Leh<\/td>\r\n<td valign=\"top\"><\/td>\r\n<td valign=\"top\">H\u00f4tel<\/td>\r\n<\/tr>\r\n<tr>\r\n<td valign=\"top\">03<\/td>\r\n<td valign=\"top\">Leh<\/td>\r\n<td valign=\"top\"><\/td>\r\n<td valign=\"top\">H\u00f4tel<\/td>\r\n<\/tr>\r\n<tr>\r\n<td valign=\"top\">04<\/td>\r\n<td valign=\"top\">Leh \u2013 Chilling \u2013 Skiu \u2013 Le matin apr\u00e8s le petit d\u00e9jeuner en voiture jusqu\u2019\u00e0 Chilling en 1 heure et demi ensuite trek jusqu\u2019\u00e0 Skiu en prenant une T\u00e9l\u00e9cabine (panier) 2-3h de marche.<\/td>\r\n<td valign=\"top\">3300 m<\/td>\r\n<td valign=\"top\">Camping<\/td>\r\n<\/tr>\r\n<tr>\r\n<td valign=\"top\">05<\/td>\r\n<td valign=\"top\">Skiu \u2013 Markha \u2013 Trek \u2013 Trek jusqu\u2019\u00e0 Markha 6-7h de marche.<\/td>\r\n<td valign=\"top\">3710 m<\/td>\r\n<td valign=\"top\">Camping<\/td>\r\n<\/tr>\r\n<tr>\r\n<td valign=\"top\">06<\/td>\r\n<td valign=\"top\">Markha \u2013 Themskachan Bao \u2013 Trek \u2013 Trek jusqu\u2019\u00e0 Themskachan bao 6-7h de marche.<\/td>\r\n<td valign=\"top\">3850 m<\/td>\r\n<td valign=\"top\">Camping<\/td>\r\n<\/tr>\r\n<tr>\r\n<td valign=\"top\">07<\/td>\r\n<td valign=\"top\">Themskachan Bao \u2013 Rabrang \u2013 Trek \u2013 Trek jusqu\u2019\u00e0 Rabang en passant le Rabrang La \u00e0 4750m 7-8h de marche.<\/td>\r\n<td valign=\"top\">4050 m<\/td>\r\n<td valign=\"top\">Camping<\/td>\r\n<\/tr>\r\n<tr>\r\n<td valign=\"top\">08<\/td>\r\n<td valign=\"top\">Rabrang \u2013 Tsokra \u2013 Trek \u2013 Trek jusqu\u2019\u00e0 Tsokra en passant le Zalungkarpo La \u00e0 5050m 6-7h de marche.<\/td>\r\n<td valign=\"top\">4060 m<\/td>\r\n<td valign=\"top\">Camping<\/td>\r\n<\/tr>\r\n<tr>\r\n<td valign=\"top\">09<\/td>\r\n<td valign=\"top\">Tsokra \u2013 Dat \u2013 Trek \u2013 Trek jusqu\u2019\u00e0 Dat 5-6h de marche.<\/td>\r\n<td valign=\"top\">4200 m<\/td>\r\n<td valign=\"top\">Camping<\/td>\r\n<\/tr>\r\n<tr>\r\n<td valign=\"top\">10<\/td>\r\n<td valign=\"top\">Dat \u2013 Lungmoche \u2013 Trek \u2013 Trek jusqu\u2019\u00e0 Lungmoche 5-6h de marche en passant le Yar La \u00e0 4950m.<\/td>\r\n<td valign=\"top\">4550 m<\/td>\r\n<td valign=\"top\">Camping<\/td>\r\n<\/tr>\r\n<tr>\r\n<td valign=\"top\">11<\/td>\r\n<td valign=\"top\">Lungmoche \u2013 \u00a0Zara \u2013 Trek \u2013 Trek jusqu\u2019\u00e0 Zara.<\/td>\r\n<td valign=\"top\"><\/td>\r\n<td valign=\"top\">Camping<\/td>\r\n<\/tr>\r\n<tr>\r\n<td valign=\"top\">12<\/td>\r\n<td valign=\"top\">Zara \u2013 Leh \u2013 Le matin apr\u00e8s le petit d\u00e9jeuner en voiture jusqu\u2019\u00e0 Leh.<\/td>\r\n<td valign=\"top\"><\/td>\r\n<td valign=\"top\">H\u00f4tel<\/td>\r\n<\/tr>\r\n<\/tbody>\r\n<\/table>\r\n<\/div>","_fr_post_name":"trek-de-zara-a-chilling","_fr_post_excerpt":"","_fr_post_title":"Trek de Zara \u00e0 Chilling","edit_language":"fr"},"product_brand":[],"product_cat":[15],"product_tag":[],"class_list":{"0":"post-1399","1":"product","2":"type-product","3":"status-publish","4":"has-post-thumbnail","6":"product_cat-uncategorized","7":"tour_category-trekking","9":"first","10":"instock","11":"shipping-taxable","12":"product-type-tour"},"_links":{"self":[{"href":"https:\/\/www.ladakhzanskartrekking.com\/fr\/wp-json\/wp\/v2\/product\/1399","targetHints":{"allow":["GET"]}}],"collection":[{"href":"https:\/\/www.ladakhzanskartrekking.com\/fr\/wp-json\/wp\/v2\/product"}],"about":[{"href":"https:\/\/www.ladakhzanskartrekking.com\/fr\/wp-json\/wp\/v2\/types\/product"}],"replies":[{"embeddable":true,"href":"https:\/\/www.ladakhzanskartrekking.com\/fr\/wp-json\/wp\/v2\/comments?post=1399"}],"wp:featuredmedia":[{"embeddable":true,"href":"https:\/\/www.ladakhzanskartrekking.com\/fr\/wp-json\/wp\/v2\/media\/1402"}],"wp:attachment":[{"href":"https:\/\/www.ladakhzanskartrekking.com\/fr\/wp-json\/wp\/v2\/media?parent=1399"}],"wp:term":[{"taxonomy":"product_brand","embeddable":true,"href":"https:\/\/www.ladakhzanskartrekking.com\/fr\/wp-json\/wp\/v2\/product_brand?post=1399"},{"taxonomy":"product_cat","embeddable":true,"href":"https:\/\/www.ladakhzanskartrekking.com\/fr\/wp-json\/wp\/v2\/product_cat?post=1399"},{"taxonomy":"product_tag","embeddable":true,"href":"https:\/\/www.ladakhzanskartrekking.com\/fr\/wp-json\/wp\/v2\/product_tag?post=1399"}],"curies":[{"name":"wp","href":"https:\/\/api.w.org\/{rel}","templated":true}]}}