{"id":1404,"date":"2018-09-28T12:06:31","date_gmt":"2018-09-28T12:06:31","guid":{"rendered":"http:\/\/www.ladakhzanskartrekking.com\/?post_type=product&#038;p=1404"},"modified":"2025-12-03T14:21:35","modified_gmt":"2025-12-03T14:21:35","slug":"voyage-de-la-vallee-de-la-nubra-le-lieu-des-cols","status":"publish","type":"product","link":"https:\/\/www.ladakhzanskartrekking.com\/fr\/voyages\/voyage-de-la-vallee-de-la-nubra-le-lieu-des-cols\/","title":{"rendered":"Voyage de la Vall\u00e9e de la Nubra (Le Lieu des Cols)","raw":"Voyage de la Vall\u00e9e de la Nubra (Le Lieu des Cols)"},"content":{"rendered":"<div id=\"overview\" class=\"tab-pane active\" role=\"tabpanel\">\n<strong>Lieux visit\u00e9s\u00a0:<\/strong> Delhi \u2013 Leh \u2013 Nubra \u2013 Alchi \u2013 Lamayuru &#8211; Leh<br \/>\n<strong>Dur\u00e9e :<\/strong> 8 Nuits 9 Jours\n<h3>Itin\u00e9raire :<\/h3>\n<p><strong>Jour 01\u00a0: Delhi<\/strong><br \/>\nArrivez \u00e0 l\u2019a\u00e9roport de Delhi re\u00e7u par notre agent et transfert \u00e0 l\u2019H\u00f4tel et enregistrement \u00e0 l\u2019h\u00f4tel. Nuit \u00e0 l&rsquo;h\u00f4tel \u00e0 Delhi.<\/p>\n<p><strong>Jour 02\u00a0: Delhi &#8211; Leh<\/strong><br \/>\nT\u00f4t le matin transfert \u00e0 l\u2019a\u00e9roport vol vers Leh. \u00c0 l\u2019a\u00e9roport de Leh re\u00e7u par notre agent et transfert \u00e0 l\u2019h\u00f4tel et repos complet pour l\u2019acclimatation. Le soir visite du Palais de Leh, de la Shanti Stupa et du March\u00e9 de Leh. Nuit \u00e0 l\u2019h\u00f4tel.<\/p>\n<p><strong>Jour 03\u00a0: Leh \u2013 Lamayuru<\/strong><br \/>\nApr\u00e8s le petit d\u00e9jeuner en voiture jusqu\u2019\u00e0 Lamayuru en route visite de la montagne Magn\u00e9tique, des monast\u00e8res de Likir et Rigzong et du paysage de la Lune. Nuit \u00e0 l\u2019h\u00f4tel ou au camping.<\/p>\n<p><strong>Jour 04\u00a0: Lamayuru \u2013 Leh<\/strong><br \/>\nLe matin visite de Lamayuru (plus vieux monast\u00e8re au Ladakh) et retour en voiture \u00e0 Leh en route visite du monast\u00e8re de Alchi et du palais de Basgo. Nuit \u00e0 l\u2019h\u00f4tel.<\/p>\n<p><strong>Jour 05\u00a0: Leh \u2013 Vall\u00e9e de la Nubra<\/strong><br \/>\nApr\u00e8s le petit d\u00e9jeuner en voiture jusqu\u2019\u00e0 la vall\u00e9e de la Nubra en passant par le col de Khardongla (Plus haute route carrossable au monde, 18380ft). Arriv\u00e9e au Village de Deskit dans l\u2019apr\u00e8s-midi. Apr\u00e8s le D\u00e9jeuner, Safari \u00e0 Chameau sur des Dunes de Sables et le soir plaisez-vous autour des beaux villages. Nuit \u00e0 l\u2019H\u00f4tel ou au Camping.<\/p>\n<p><strong>Jour 06\u00a0: Deskit \u2013 Sumur \u2013 Panmic<\/strong><br \/>\nApr\u00e8s le petit d\u00e9jeuner, visite du monast\u00e8re de Deskit, ayez une vue magnifique de la belle Vall\u00e9e et en voiture jusqu\u2019au village de Panamic pour visiter la Source Chaude et retour \u00e0 Sumur. Nuit \u00e0 l\u2019H\u00f4tel ou au Camping.<\/p>\n<p><strong>Jour 07\u00a0: Sumur \u2013 Leh<\/strong><br \/>\nLe matin appr\u00e9ciez la belle vue de la vall\u00e9e des Fleurs. Apr\u00e8s le petit d\u00e9jeuner visite du monast\u00e8re de Samstanling et retour en voiture \u00e0 Leh par la m\u00eame Route. Arriv\u00e9e \u00e0 Leh dans l\u2019apr\u00e8s-midi. Le reste de la journ\u00e9e est libre pour vos activit\u00e9s personnelles. Nuit \u00e0 l\u2019H\u00f4tel.<\/p>\n<p><strong>Jour 08\u00a0: Leh<\/strong><br \/>\nApr\u00e8s le petit d\u00e9jeuner en voiture pour visiter le Palais de Shey, les monast\u00e8res de Hemis et Thiksay et le Palais de Stok. Le soir explorez le march\u00e9. Nuit \u00e0 l\u2019h\u00f4tel.<\/p>\n<p><strong>Jour 09\u00a0: Leh \u2013 Delhi.<\/strong><br \/>\nT\u00f4t le matin transfert \u00e0 l\u2019a\u00e9roport pour embarquer pour un vol vers Delhi.<\/p>\n<\/div>\n","protected":false,"raw":"<div id=\"overview\" class=\"tab-pane active\" role=\"tabpanel\">\r\n<strong>Lieux visit\u00e9s\u00a0:<\/strong> Delhi \u2013 Leh \u2013 Nubra \u2013 Alchi \u2013 Lamayuru - Leh\r\n<strong>Dur\u00e9e :<\/strong> 8 Nuits 9 Jours\r\n<h3>Itin\u00e9raire :<\/h3>\r\n<strong>Jour 01\u00a0: Delhi<\/strong>\r\nArrivez \u00e0 l\u2019a\u00e9roport de Delhi re\u00e7u par notre agent et transfert \u00e0 l\u2019H\u00f4tel et enregistrement \u00e0 l\u2019h\u00f4tel. Nuit \u00e0 l'h\u00f4tel \u00e0 Delhi.\r\n\r\n<strong>Jour 02\u00a0: Delhi - Leh<\/strong>\r\nT\u00f4t le matin transfert \u00e0 l\u2019a\u00e9roport vol vers Leh. \u00c0 l\u2019a\u00e9roport de Leh re\u00e7u par notre agent et transfert \u00e0 l\u2019h\u00f4tel et repos complet pour l\u2019acclimatation. Le soir visite du Palais de Leh, de la Shanti Stupa et du March\u00e9 de Leh. Nuit \u00e0 l\u2019h\u00f4tel.\r\n\r\n<strong>Jour 03\u00a0: Leh \u2013 Lamayuru<\/strong>\r\nApr\u00e8s le petit d\u00e9jeuner en voiture jusqu\u2019\u00e0 Lamayuru en route visite de la montagne Magn\u00e9tique, des monast\u00e8res de Likir et Rigzong et du paysage de la Lune. Nuit \u00e0 l\u2019h\u00f4tel ou au camping.\r\n\r\n<strong>Jour 04\u00a0: Lamayuru \u2013 Leh<\/strong>\r\nLe matin visite de Lamayuru (plus vieux monast\u00e8re au Ladakh) et retour en voiture \u00e0 Leh en route visite du monast\u00e8re de Alchi et du palais de Basgo. Nuit \u00e0 l\u2019h\u00f4tel.\r\n\r\n<strong>Jour 05\u00a0: Leh \u2013 Vall\u00e9e de la Nubra<\/strong>\r\nApr\u00e8s le petit d\u00e9jeuner en voiture jusqu\u2019\u00e0 la vall\u00e9e de la Nubra en passant par le col de Khardongla (Plus haute route carrossable au monde, 18380ft). Arriv\u00e9e au Village de Deskit dans l\u2019apr\u00e8s-midi. Apr\u00e8s le D\u00e9jeuner, Safari \u00e0 Chameau sur des Dunes de Sables et le soir plaisez-vous autour des beaux villages. Nuit \u00e0 l\u2019H\u00f4tel ou au Camping.\r\n\r\n<strong>Jour 06\u00a0: Deskit \u2013 Sumur \u2013 Panmic<\/strong>\r\nApr\u00e8s le petit d\u00e9jeuner, visite du monast\u00e8re de Deskit, ayez une vue magnifique de la belle Vall\u00e9e et en voiture jusqu\u2019au village de Panamic pour visiter la Source Chaude et retour \u00e0 Sumur. Nuit \u00e0 l\u2019H\u00f4tel ou au Camping.\r\n\r\n<strong>Jour 07\u00a0: Sumur \u2013 Leh<\/strong>\r\nLe matin appr\u00e9ciez la belle vue de la vall\u00e9e des Fleurs. Apr\u00e8s le petit d\u00e9jeuner visite du monast\u00e8re de Samstanling et retour en voiture \u00e0 Leh par la m\u00eame Route. Arriv\u00e9e \u00e0 Leh dans l\u2019apr\u00e8s-midi. Le reste de la journ\u00e9e est libre pour vos activit\u00e9s personnelles. Nuit \u00e0 l\u2019H\u00f4tel.\r\n\r\n<strong>Jour 08\u00a0: Leh<\/strong>\r\nApr\u00e8s le petit d\u00e9jeuner en voiture pour visiter le Palais de Shey, les monast\u00e8res de Hemis et Thiksay et le Palais de Stok. Le soir explorez le march\u00e9. Nuit \u00e0 l\u2019h\u00f4tel.\r\n\r\n<strong>Jour 09\u00a0: Leh \u2013 Delhi.<\/strong>\r\nT\u00f4t le matin transfert \u00e0 l\u2019a\u00e9roport pour embarquer pour un vol vers Delhi.\r\n\r\n<\/div>"},"excerpt":{"rendered":"Places Covered: Delhi - Leh - Nubra - Alchi - Lamayuru - leh Duration: 8 Nights 9 Days Itinerary: Day 01: Delhi Arrive at Delhi airport received by our representative and transfer to Hotel and check in to the hotel. Overnight hotel in Delhi. Day 02: Delhi - Leh Early morning transfer to airport fly<div class=\"padding-top text-center\"><a href=\"https:\/\/www.ladakhzanskartrekking.com\/fr\/voyages\/voyage-de-la-vallee-de-la-nubra-le-lieu-des-cols\/\" class=\"atbtn atbtn--medium atbtn--rounded atbtn--transparent\">Lire plus<i class=\"atbtn__icon atbtn__icon--right fa fa-long-arrow-right\"><\/i><\/a><\/div>","protected":false,"raw":""},"featured_media":1381,"comment_status":"open","ping_status":"closed","template":"","meta":{"_en_post_content":"<div id=\"overview\" class=\"tab-pane active\" role=\"tabpanel\"><strong>Places Covered:<\/strong> Delhi - Leh - Nubra - Alchi - Lamayuru - leh\r\n<strong>Duration:<\/strong> 8 Nights 9 Days\r\n<h3>Itinerary:<\/h3>\r\n<strong>Day 01: Delhi<\/strong>\r\nArrive at Delhi airport received by our representative and transfer to Hotel and check in to the hotel. Overnight hotel in Delhi.\r\n\r\n<strong>Day 02: Delhi - Leh<\/strong>\r\nEarly morning transfer to airport fly to Leh. At Leh airport received by our representative and transfer to hotel and complete rest for Acclimatization. In the evening visit Leh Palace, Shanti Stupa and Leh Market. Overnight hotel.\r\n\r\n<strong>Day 03: Leh - Lamayuru<\/strong>\r\nAfter breakfast drive to Lamayuru enroute visit Magnetic hill, Liker and Rigzong monasteries and Moon landcape. Overnight hotel or camp.\r\n\r\n<strong>Day 04: Lamayuru - Leh<\/strong>\r\nMorning visit Lamayuru (oldest monastery in Ladakh) and drive back to Leh enroute visit Alchi monastery and Basgo palace. Overnight hotel.\r\n\r\n<strong>Day 05: Leh - Nubra Valley<\/strong>\r\nAfter breakfast drive to Nubra valley via Khardongla Pass (Highest motorable road in the world, 18380 ft). Arrive Deskit Village by afternoon. After Lunch, Camel Safari on Sand Dunes and evening enjoy around the beautiful villages. Overnight Hotel or Camp.\r\n\r\n<strong>Day 06: Deskit - Sumur -Panmic<\/strong>\r\nAfter breakfast, visit Deskit monastery, have magnificent view of the beautiful Valley and drive to Panamic village to visit Hot Spring and back to Sumur. Overnight Hotel or Camp.\r\n\r\n<strong>Day 07: Sumur - Leh<\/strong>\r\nMorning enjoy the beautiful view of Flowers valley. After breakfast visit Samstanling monastery and drive back to Leh by same Route. Arrive Leh by afternoon. Rest of the day is free for your personal activities. Overnight Hotel.\r\n\r\n<strong>Day 08: Leh<\/strong>\r\nAfter breakfast drive to visit Shey Palace, Hemis , Thiksay monastery and Stok Palcace. Evening explore market. Overnight hotel.\r\n\r\n<strong>Day 09: Leh - Delhi.<\/strong>\r\nEarly morning transfer to airport to broad a flight to Delhi\r\n\r\n<\/div>","_en_post_name":"nubra-valley-tour-the-land-of-passes","_en_post_excerpt":"","_en_post_title":"Nubra Valley Tour (The Land of Passes)","_fr_post_content":"<div id=\"overview\" class=\"tab-pane active\" role=\"tabpanel\">\r\n<strong>Lieux visit\u00e9s\u00a0:<\/strong> Delhi \u2013 Leh \u2013 Nubra \u2013 Alchi \u2013 Lamayuru - Leh\r\n<strong>Dur\u00e9e :<\/strong> 8 Nuits 9 Jours\r\n<h3>Itin\u00e9raire :<\/h3>\r\n<strong>Jour 01\u00a0: Delhi<\/strong>\r\nArrivez \u00e0 l\u2019a\u00e9roport de Delhi re\u00e7u par notre agent et transfert \u00e0 l\u2019H\u00f4tel et enregistrement \u00e0 l\u2019h\u00f4tel. Nuit \u00e0 l'h\u00f4tel \u00e0 Delhi.\r\n\r\n<strong>Jour 02\u00a0: Delhi - Leh<\/strong>\r\nT\u00f4t le matin transfert \u00e0 l\u2019a\u00e9roport vol vers Leh. \u00c0 l\u2019a\u00e9roport de Leh re\u00e7u par notre agent et transfert \u00e0 l\u2019h\u00f4tel et repos complet pour l\u2019acclimatation. Le soir visite du Palais de Leh, de la Shanti Stupa et du March\u00e9 de Leh. Nuit \u00e0 l\u2019h\u00f4tel.\r\n\r\n<strong>Jour 03\u00a0: Leh \u2013 Lamayuru<\/strong>\r\nApr\u00e8s le petit d\u00e9jeuner en voiture jusqu\u2019\u00e0 Lamayuru en route visite de la montagne Magn\u00e9tique, des monast\u00e8res de Likir et Rigzong et du paysage de la Lune. Nuit \u00e0 l\u2019h\u00f4tel ou au camping.\r\n\r\n<strong>Jour 04\u00a0: Lamayuru \u2013 Leh<\/strong>\r\nLe matin visite de Lamayuru (plus vieux monast\u00e8re au Ladakh) et retour en voiture \u00e0 Leh en route visite du monast\u00e8re de Alchi et du palais de Basgo. Nuit \u00e0 l\u2019h\u00f4tel.\r\n\r\n<strong>Jour 05\u00a0: Leh \u2013 Vall\u00e9e de la Nubra<\/strong>\r\nApr\u00e8s le petit d\u00e9jeuner en voiture jusqu\u2019\u00e0 la vall\u00e9e de la Nubra en passant par le col de Khardongla (Plus haute route carrossable au monde, 18380ft). Arriv\u00e9e au Village de Deskit dans l\u2019apr\u00e8s-midi. Apr\u00e8s le D\u00e9jeuner, Safari \u00e0 Chameau sur des Dunes de Sables et le soir plaisez-vous autour des beaux villages. Nuit \u00e0 l\u2019H\u00f4tel ou au Camping.\r\n\r\n<strong>Jour 06\u00a0: Deskit \u2013 Sumur \u2013 Panmic<\/strong>\r\nApr\u00e8s le petit d\u00e9jeuner, visite du monast\u00e8re de Deskit, ayez une vue magnifique de la belle Vall\u00e9e et en voiture jusqu\u2019au village de Panamic pour visiter la Source Chaude et retour \u00e0 Sumur. Nuit \u00e0 l\u2019H\u00f4tel ou au Camping.\r\n\r\n<strong>Jour 07\u00a0: Sumur \u2013 Leh<\/strong>\r\nLe matin appr\u00e9ciez la belle vue de la vall\u00e9e des Fleurs. Apr\u00e8s le petit d\u00e9jeuner visite du monast\u00e8re de Samstanling et retour en voiture \u00e0 Leh par la m\u00eame Route. Arriv\u00e9e \u00e0 Leh dans l\u2019apr\u00e8s-midi. Le reste de la journ\u00e9e est libre pour vos activit\u00e9s personnelles. Nuit \u00e0 l\u2019H\u00f4tel.\r\n\r\n<strong>Jour 08\u00a0: Leh<\/strong>\r\nApr\u00e8s le petit d\u00e9jeuner en voiture pour visiter le Palais de Shey, les monast\u00e8res de Hemis et Thiksay et le Palais de Stok. Le soir explorez le march\u00e9. Nuit \u00e0 l\u2019h\u00f4tel.\r\n\r\n<strong>Jour 09\u00a0: Leh \u2013 Delhi.<\/strong>\r\nT\u00f4t le matin transfert \u00e0 l\u2019a\u00e9roport pour embarquer pour un vol vers Delhi.\r\n\r\n<\/div>","_fr_post_name":"voyage-de-la-vallee-de-la-nubra-le-lieu-des-cols","_fr_post_excerpt":"","_fr_post_title":"Voyage de la Vall\u00e9e de la Nubra (Le Lieu des Cols)","edit_language":"fr"},"product_brand":[],"product_cat":[15],"product_tag":[],"class_list":{"0":"post-1404","1":"product","2":"type-product","3":"status-publish","4":"has-post-thumbnail","6":"product_cat-uncategorized","7":"tour_category-cultural-tours","9":"first","10":"instock","11":"shipping-taxable","12":"product-type-tour"},"_links":{"self":[{"href":"https:\/\/www.ladakhzanskartrekking.com\/fr\/wp-json\/wp\/v2\/product\/1404","targetHints":{"allow":["GET"]}}],"collection":[{"href":"https:\/\/www.ladakhzanskartrekking.com\/fr\/wp-json\/wp\/v2\/product"}],"about":[{"href":"https:\/\/www.ladakhzanskartrekking.com\/fr\/wp-json\/wp\/v2\/types\/product"}],"replies":[{"embeddable":true,"href":"https:\/\/www.ladakhzanskartrekking.com\/fr\/wp-json\/wp\/v2\/comments?post=1404"}],"wp:featuredmedia":[{"embeddable":true,"href":"https:\/\/www.ladakhzanskartrekking.com\/fr\/wp-json\/wp\/v2\/media\/1381"}],"wp:attachment":[{"href":"https:\/\/www.ladakhzanskartrekking.com\/fr\/wp-json\/wp\/v2\/media?parent=1404"}],"wp:term":[{"taxonomy":"product_brand","embeddable":true,"href":"https:\/\/www.ladakhzanskartrekking.com\/fr\/wp-json\/wp\/v2\/product_brand?post=1404"},{"taxonomy":"product_cat","embeddable":true,"href":"https:\/\/www.ladakhzanskartrekking.com\/fr\/wp-json\/wp\/v2\/product_cat?post=1404"},{"taxonomy":"product_tag","embeddable":true,"href":"https:\/\/www.ladakhzanskartrekking.com\/fr\/wp-json\/wp\/v2\/product_tag?post=1404"}],"curies":[{"name":"wp","href":"https:\/\/api.w.org\/{rel}","templated":true}]}}