{"id":1405,"date":"2018-09-28T12:42:45","date_gmt":"2018-09-28T12:42:45","guid":{"rendered":"http:\/\/www.ladakhzanskartrekking.com\/?post_type=product&#038;p=1405"},"modified":"2026-03-12T22:41:49","modified_gmt":"2026-03-12T22:41:49","slug":"voyage-au-cachemire-et-au-ladakh","status":"publish","type":"product","link":"https:\/\/www.ladakhzanskartrekking.com\/fr\/voyages\/voyage-au-cachemire-et-au-ladakh\/","title":{"rendered":"Voyage au Cachemire et au Ladakh","raw":"Voyage au Cachemire et au Ladakh"},"content":{"rendered":"<div id=\"overview\" class=\"tab-pane active\" role=\"tabpanel\"><strong>Lieux visit\u00e9s\u00a0:<\/strong> Delhi \u2013 Srinagar \u2013 Kargil \u2013 Lamayuru \u2013 Alchi \u2013 Mangyu \u2013 Khardongla \u2013 Hemis &#8211; Thiksey<br \/>\n<strong>Dur\u00e9e :<\/strong> 8 Nuits 9 Jours\n<h3>Itin\u00e9raire :<\/h3>\n<p><strong>Jour 01 : Delhi \u2013 Srinagar<\/strong><br \/>\nEn voiture directement jusqu\u2019au lac Dal ou au lac Nagin, et enregistrement au House boat (la maison est un bateau). Appr\u00e9ciez votre soir\u00e9e autour du lac, et d\u00eener sur la terrasse de votre house-boat.<\/p>\n<p><strong>Jour 02 : Srinagar<\/strong><br \/>\nLe matin visite de Nishat et du jardin de Shalimar, une autre belle balade \u00e0 Shikara au lac Nagin, le d\u00eener sera servi sur la terrasse du house-boat en appr\u00e9ciant l\u2019hospitalit\u00e9 Kashmiri.<\/p>\n<p><strong>Jour 03 : Srinagar \u2013 Kargil<\/strong><br \/>\nT\u00f4t le matin en voiture \u00e0 travers la vall\u00e9e du Cachemire en passant par Sonamarg et le Zozi-la (col). Nuit \u00e0 l\u2019h\u00f4tel \u00e0 Kargil.<\/p>\n<p><strong>Jour 04 : Kargil \u2013 Ulley Tokpo<\/strong><br \/>\nApr\u00e8s le petit d\u00e9jeuner, en voiture vers Lamayuru, en route on visite la Sculpture G\u00e9ante de Maitreya Bouddha sur la montagne rocheuse \u00e0 Mulbek. Visite du monast\u00e8re de Lamayuru, arriv\u00e9e \u00e0 Ulley tokpo et enregistrement au camping.<\/p>\n<p><strong>Jour 05\u00a0: Ulley Tokpo<\/strong><br \/>\nLe matin visite de Ridzong, du monast\u00e8re et de la nonnerie. Retour pour un d\u00e9jeuner chaud au camping. Apr\u00e8s le d\u00e9jeuner visite de Mangyu, du monast\u00e8re et du village. Retour au camping.<\/p>\n<p><strong>Jour 06\u00a0: Ulley Tokpo \u2013 Leh<\/strong><br \/>\nEn voiture jusqu\u2019\u00e0 Leh visite des monast\u00e8res de Alchi, Liker, Phyang et enregistrement \u00e0 l\u2019H\u00f4tel. Nuit \u00e0 l\u2019H\u00f4tel.<\/p>\n<p><strong>Jour 07\u00a0: Leh<\/strong><br \/>\nApr\u00e8s le petit d\u00e9jeuner en voiture jusqu\u2019aux monast\u00e8res de la Vall\u00e9e de l\u2019Indus, Visite du Palais de Shey l\u2019ancienne capitale du Ladakh. Le c\u00e9l\u00e8bre monast\u00e8re de Thiksey et le Monast\u00e8re de Hemis, Visite du Palais et du Mus\u00e9e de Stok. Nuit \u00e0 l\u2019H\u00f4tel.<\/p>\n<p><strong>Jour 08\u00a0: Leh<\/strong><br \/>\nApr\u00e8s le petit d\u00e9jeuner en voiture jusqu\u2019au col de Khardongla \u00e0 18380ft (Plus haute route carrossable au monde). Retour \u00e0 Leh dans l\u2019apr\u00e8s-midi. Apr\u00e8s le d\u00e9jeuner, le reste de la journ\u00e9e Explorez les march\u00e9s locaux. Nuit \u00e0 l\u2019H\u00f4tel.<\/p>\n<p><strong>Jour 09\u00a0: Leh \u2013 Delhi<\/strong><br \/>\nTransfert \u00e0 l\u2019a\u00e9roport pour embarquer pour le vol de retour vers Delhi.<\/p>\n<\/div>\n","protected":false,"raw":"<div id=\"overview\" class=\"tab-pane active\" role=\"tabpanel\"><strong>Lieux visit\u00e9s\u00a0:<\/strong> Delhi \u2013 Srinagar \u2013 Kargil \u2013 Lamayuru \u2013 Alchi \u2013 Mangyu \u2013 Khardongla \u2013 Hemis - Thiksey\r\n<strong>Dur\u00e9e :<\/strong> 8 Nuits 9 Jours\r\n<h3>Itin\u00e9raire :<\/h3>\r\n<strong>Jour 01 : Delhi \u2013 Srinagar<\/strong>\r\nEn voiture directement jusqu\u2019au lac Dal ou au lac Nagin, et enregistrement au House boat (la maison est un bateau). Appr\u00e9ciez votre soir\u00e9e autour du lac, et d\u00eener sur la terrasse de votre house-boat.\r\n\r\n<strong>Jour 02 : Srinagar<\/strong>\r\nLe matin visite de Nishat et du jardin de Shalimar, une autre belle balade \u00e0 Shikara au lac Nagin, le d\u00eener sera servi sur la terrasse du house-boat en appr\u00e9ciant l\u2019hospitalit\u00e9 Kashmiri.\r\n\r\n<strong>Jour 03 : Srinagar \u2013 Kargil<\/strong>\r\nT\u00f4t le matin en voiture \u00e0 travers la vall\u00e9e du Cachemire en passant par Sonamarg et le Zozi-la (col). Nuit \u00e0 l\u2019h\u00f4tel \u00e0 Kargil.\r\n\r\n<strong>Jour 04 : Kargil \u2013 Ulley Tokpo<\/strong>\r\nApr\u00e8s le petit d\u00e9jeuner, en voiture vers Lamayuru, en route on visite la Sculpture G\u00e9ante de Maitreya Bouddha sur la montagne rocheuse \u00e0 Mulbek. Visite du monast\u00e8re de Lamayuru, arriv\u00e9e \u00e0 Ulley tokpo et enregistrement au camping.\r\n\r\n<strong>Jour 05\u00a0: Ulley Tokpo<\/strong>\r\nLe matin visite de Ridzong, du monast\u00e8re et de la nonnerie. Retour pour un d\u00e9jeuner chaud au camping. Apr\u00e8s le d\u00e9jeuner visite de Mangyu, du monast\u00e8re et du village. Retour au camping.\r\n\r\n<strong>Jour 06\u00a0: Ulley Tokpo \u2013 Leh<\/strong>\r\nEn voiture jusqu\u2019\u00e0 Leh visite des monast\u00e8res de Alchi, Liker, Phyang et enregistrement \u00e0 l\u2019H\u00f4tel. Nuit \u00e0 l\u2019H\u00f4tel.\r\n\r\n<strong>Jour 07\u00a0: Leh<\/strong>\r\nApr\u00e8s le petit d\u00e9jeuner en voiture jusqu\u2019aux monast\u00e8res de la Vall\u00e9e de l\u2019Indus, Visite du Palais de Shey l\u2019ancienne capitale du Ladakh. Le c\u00e9l\u00e8bre monast\u00e8re de Thiksey et le Monast\u00e8re de Hemis, Visite du Palais et du Mus\u00e9e de Stok. Nuit \u00e0 l\u2019H\u00f4tel.\r\n\r\n<strong>Jour 08\u00a0: Leh<\/strong>\r\nApr\u00e8s le petit d\u00e9jeuner en voiture jusqu\u2019au col de Khardongla \u00e0 18380ft (Plus haute route carrossable au monde). Retour \u00e0 Leh dans l\u2019apr\u00e8s-midi. Apr\u00e8s le d\u00e9jeuner, le reste de la journ\u00e9e Explorez les march\u00e9s locaux. Nuit \u00e0 l\u2019H\u00f4tel.\r\n\r\n<strong>Jour 09\u00a0: Leh \u2013 Delhi<\/strong>\r\nTransfert \u00e0 l\u2019a\u00e9roport pour embarquer pour le vol de retour vers Delhi.\r\n\r\n<\/div>"},"excerpt":{"rendered":"Places Covered:Delhi - Srinagar - Kargil - Lamayuru -Alchi - Mangyu - Khardongla - Hemis - Thiksey Duration: 8 Nights 9 Days Itinerary: Day 01: Delhi - Srinagar. Drive straight to Dal or Nagin lake, and check-in House boat, Enjoy your evening around the lake, and dinner at the deck of your house-board. Day 02:<div class=\"padding-top text-center\"><a href=\"https:\/\/www.ladakhzanskartrekking.com\/fr\/voyages\/voyage-au-cachemire-et-au-ladakh\/\" class=\"atbtn atbtn--medium atbtn--rounded atbtn--transparent\">Lire plus<i class=\"atbtn__icon atbtn__icon--right fa fa-long-arrow-right\"><\/i><\/a><\/div>","protected":false,"raw":""},"featured_media":1273,"comment_status":"open","ping_status":"closed","template":"","meta":{"_en_post_content":"<div id=\"overview\" class=\"tab-pane active\" role=\"tabpanel\"><strong>Places Covered:<\/strong>Delhi - Srinagar - Kargil - Lamayuru -Alchi - Mangyu - Khardongla - Hemis - Thiksey\r\n<strong>Duration:<\/strong> 8 Nights 9 Days\r\n<h3>Itinerary:<\/h3>\r\n<strong>Day <\/strong><strong>01: Delhi - Srinagar.<\/strong>\r\nDrive straight to Dal or Nagin lake, and check-in House boat, Enjoy your evening around the lake, and dinner at the deck of your house-board.\r\n\r\n<strong>Day <\/strong><strong>02: <\/strong><strong>Srinagar<\/strong>\r\nMorning visit of Nishat and Shalimar garden, another beautiful Shikara ride in Nagin lake, dinner will be serve at the deck of house-boat enjoying the Kashmiri hospitality.\r\n\r\n<strong>Day 03: Srinagar <\/strong><strong>- <\/strong><strong>Kargil<\/strong>\r\nEarly morning drive through the Kashmir valley to Kargil via Sonamarg and Zozi-la (pass). Overnight in hotel at Kargil.\r\n\r\n<strong>Day 04: Kargil <\/strong><strong>- Ulley <\/strong><strong>Tokpo<\/strong>\r\nAfter breakfast, drive towards Lamayuru, eniroute visit Giant Maitreya Buddha Sculpture on rock mountain at Mulbek. Visit the Lamayuru monastery, reach Ulley tokpo and check-in camp.\r\n\r\n<strong>Day 05: Ulley Tokpo<\/strong>\r\nMorning visit Ridzong, monastery and nunnery. Return for hot lunch at camp. After lunch visit to Mangyu, monastery and village. Return to camp.\r\n\r\n<strong>Day 06: Ulley Tokpo - Leh<\/strong>\r\nDrive to Leh visit Alchi, Liker, Phyang monasteries and check in to the Hotel. Overnight Hotel.\r\n\r\n<strong>Day 07: Leh<\/strong>\r\nAfter breakfast drive to Indus Valley monasteries, Visit Shey Palace The ancient capital of Ladakh. The famous Thiksey monastery and Hemis Gonpa, Visit Stok Palace &amp; Museum. Overnight Hotel.\r\n\r\n<strong>Day 08: Leh<\/strong>\r\nAfter breakfast drive to Khardongla Pass 18380 ft (Highest motorable road in World). Return to Leh by afternoon. After lunch, rest of the day Explore the local markets. Overnight Hotel.\r\n\r\n<strong>Day 09: Leh - Delhi<\/strong>\r\nTransfer to airport to board flight back to Delhi.\r\n\r\n<\/div>","_en_post_name":"kashmir-ladakh-tour","_en_post_excerpt":"","_en_post_title":"Kashmir Ladakh Tour","_fr_post_content":"<div id=\"overview\" class=\"tab-pane active\" role=\"tabpanel\"><strong>Lieux visit\u00e9s\u00a0:<\/strong> Delhi \u2013 Srinagar \u2013 Kargil \u2013 Lamayuru \u2013 Alchi \u2013 Mangyu \u2013 Khardongla \u2013 Hemis - Thiksey\r\n<strong>Dur\u00e9e :<\/strong> 8 Nuits 9 Jours\r\n<h3>Itin\u00e9raire :<\/h3>\r\n<strong>Jour 01 : Delhi \u2013 Srinagar<\/strong>\r\nEn voiture directement jusqu\u2019au lac Dal ou au lac Nagin, et enregistrement au House boat (la maison est un bateau). Appr\u00e9ciez votre soir\u00e9e autour du lac, et d\u00eener sur la terrasse de votre house-boat.\r\n\r\n<strong>Jour 02 : Srinagar<\/strong>\r\nLe matin visite de Nishat et du jardin de Shalimar, une autre belle balade \u00e0 Shikara au lac Nagin, le d\u00eener sera servi sur la terrasse du house-boat en appr\u00e9ciant l\u2019hospitalit\u00e9 Kashmiri.\r\n\r\n<strong>Jour 03 : Srinagar \u2013 Kargil<\/strong>\r\nT\u00f4t le matin en voiture \u00e0 travers la vall\u00e9e du Cachemire en passant par Sonamarg et le Zozi-la (col). Nuit \u00e0 l\u2019h\u00f4tel \u00e0 Kargil.\r\n\r\n<strong>Jour 04 : Kargil \u2013 Ulley Tokpo<\/strong>\r\nApr\u00e8s le petit d\u00e9jeuner, en voiture vers Lamayuru, en route on visite la Sculpture G\u00e9ante de Maitreya Bouddha sur la montagne rocheuse \u00e0 Mulbek. Visite du monast\u00e8re de Lamayuru, arriv\u00e9e \u00e0 Ulley tokpo et enregistrement au camping.\r\n\r\n<strong>Jour 05\u00a0: Ulley Tokpo<\/strong>\r\nLe matin visite de Ridzong, du monast\u00e8re et de la nonnerie. Retour pour un d\u00e9jeuner chaud au camping. Apr\u00e8s le d\u00e9jeuner visite de Mangyu, du monast\u00e8re et du village. Retour au camping.\r\n\r\n<strong>Jour 06\u00a0: Ulley Tokpo \u2013 Leh<\/strong>\r\nEn voiture jusqu\u2019\u00e0 Leh visite des monast\u00e8res de Alchi, Liker, Phyang et enregistrement \u00e0 l\u2019H\u00f4tel. Nuit \u00e0 l\u2019H\u00f4tel.\r\n\r\n<strong>Jour 07\u00a0: Leh<\/strong>\r\nApr\u00e8s le petit d\u00e9jeuner en voiture jusqu\u2019aux monast\u00e8res de la Vall\u00e9e de l\u2019Indus, Visite du Palais de Shey l\u2019ancienne capitale du Ladakh. Le c\u00e9l\u00e8bre monast\u00e8re de Thiksey et le Monast\u00e8re de Hemis, Visite du Palais et du Mus\u00e9e de Stok. Nuit \u00e0 l\u2019H\u00f4tel.\r\n\r\n<strong>Jour 08\u00a0: Leh<\/strong>\r\nApr\u00e8s le petit d\u00e9jeuner en voiture jusqu\u2019au col de Khardongla \u00e0 18380ft (Plus haute route carrossable au monde). Retour \u00e0 Leh dans l\u2019apr\u00e8s-midi. Apr\u00e8s le d\u00e9jeuner, le reste de la journ\u00e9e Explorez les march\u00e9s locaux. Nuit \u00e0 l\u2019H\u00f4tel.\r\n\r\n<strong>Jour 09\u00a0: Leh \u2013 Delhi<\/strong>\r\nTransfert \u00e0 l\u2019a\u00e9roport pour embarquer pour le vol de retour vers Delhi.\r\n\r\n<\/div>","_fr_post_name":"voyage-au-cachemire-et-au-ladakh","_fr_post_excerpt":"","_fr_post_title":"Voyage au Cachemire et au Ladakh","edit_language":"fr"},"product_brand":[],"product_cat":[15],"product_tag":[],"class_list":{"0":"post-1405","1":"product","2":"type-product","3":"status-publish","4":"has-post-thumbnail","6":"product_cat-uncategorized","7":"tour_category-cultural-tours","9":"first","10":"instock","11":"shipping-taxable","12":"product-type-tour"},"_links":{"self":[{"href":"https:\/\/www.ladakhzanskartrekking.com\/fr\/wp-json\/wp\/v2\/product\/1405","targetHints":{"allow":["GET"]}}],"collection":[{"href":"https:\/\/www.ladakhzanskartrekking.com\/fr\/wp-json\/wp\/v2\/product"}],"about":[{"href":"https:\/\/www.ladakhzanskartrekking.com\/fr\/wp-json\/wp\/v2\/types\/product"}],"replies":[{"embeddable":true,"href":"https:\/\/www.ladakhzanskartrekking.com\/fr\/wp-json\/wp\/v2\/comments?post=1405"}],"wp:featuredmedia":[{"embeddable":true,"href":"https:\/\/www.ladakhzanskartrekking.com\/fr\/wp-json\/wp\/v2\/media\/1273"}],"wp:attachment":[{"href":"https:\/\/www.ladakhzanskartrekking.com\/fr\/wp-json\/wp\/v2\/media?parent=1405"}],"wp:term":[{"taxonomy":"product_brand","embeddable":true,"href":"https:\/\/www.ladakhzanskartrekking.com\/fr\/wp-json\/wp\/v2\/product_brand?post=1405"},{"taxonomy":"product_cat","embeddable":true,"href":"https:\/\/www.ladakhzanskartrekking.com\/fr\/wp-json\/wp\/v2\/product_cat?post=1405"},{"taxonomy":"product_tag","embeddable":true,"href":"https:\/\/www.ladakhzanskartrekking.com\/fr\/wp-json\/wp\/v2\/product_tag?post=1405"}],"curies":[{"name":"wp","href":"https:\/\/api.w.org\/{rel}","templated":true}]}}