{"id":1407,"date":"2018-09-28T12:58:16","date_gmt":"2018-09-28T12:58:16","guid":{"rendered":"http:\/\/www.ladakhzanskartrekking.com\/?post_type=product&#038;p=1407"},"modified":"2026-04-16T07:51:18","modified_gmt":"2026-04-16T07:51:18","slug":"voyage-culturel-au-ladakh","status":"publish","type":"product","link":"https:\/\/www.ladakhzanskartrekking.com\/fr\/voyages\/voyage-culturel-au-ladakh\/","title":{"rendered":"Voyage Culturel au Ladakh","raw":"Voyage Culturel au Ladakh"},"content":{"rendered":"<div id=\"overview\" class=\"tab-pane active\" role=\"tabpanel\">\n<strong>Lieux visit\u00e9s\u00a0:<\/strong> Delhi \u2013 Leh \u2013 Alchi \u2013 Hemis \u2013 Pangong \u2013 Thiksay \u2013 Khardongla &#8211; Leh<br \/>\n<strong>Dur\u00e9e :<\/strong> 7 Nuits 8 Jours\n<h3>Itin\u00e9raire :<\/h3>\n<p><strong>Jour 01\u00a0: Delhi<\/strong><br \/>\nArrivez \u00e0 l\u2019a\u00e9roport de Delhi re\u00e7u par notre agent et transfert \u00e0 l\u2019H\u00f4tel et enregistrement \u00e0 l\u2019h\u00f4tel. Nuit \u00e0 l&rsquo;h\u00f4tel \u00e0 Delhi.<\/p>\n<p><strong>Jour 02\u00a0: Delhi \u2013 Leh<\/strong><br \/>\nT\u00f4t le matin transfert \u00e0 l\u2019a\u00e9roport, vol vers Leh. Vous arrivez \u00e0 l\u2019a\u00e9roport de Leh, re\u00e7u par notre agent et transfert \u00e0 l\u2019h\u00f4tel, enregistrement \u00e0 l\u2019h\u00f4tel. Repos complet pour l\u2019acclimatation. Apr\u00e8s le d\u00e9jeuner, palais de Leh, Shanti Stupa et March\u00e9 de Leh. Nuit \u00e0 l\u2019h\u00f4tel.<\/p>\n<p><strong>Jour 03\u00a0: Leh \u2013 Lamayuru<\/strong><br \/>\nApr\u00e8s le petit d\u00e9jeuner en voiture jusqu\u2019\u00e0 Lamayuru, en route visite de la Confluence de la Rivi\u00e8re Zanskar et du fleuve de l\u2019Indus et du monast\u00e8re de Liker. Apr\u00e8s \u00e7a en voiture jusqu\u2019au paysage de la Lune et visite de Lamayuru (Plus vieux monast\u00e8re au Ladakh). Nuit \u00e0 l\u2019H\u00f4tel.<\/p>\n<p><strong>Jour 04\u00a0: Lamayuru \u2013 Leh<\/strong><br \/>\nT\u00f4t le matin appr\u00e9ciez la belle vue de la vall\u00e9e du paysage de la Lune. Apr\u00e8s le petit d\u00e9jeuner retour en voiture \u00e0 Leh, en route visite des monast\u00e8res de Rigzong et de Alchi, du Palais de Basgo et la Montagne Magn\u00e9tique. Nuit \u00e0 l\u2019h\u00f4tel \u00e0 Leh.<\/p>\n<p><strong>Jour 05\u00a0: Leh \u2013 Pangong<\/strong><br \/>\nApr\u00e8s le petit d\u00e9jeuner en voiture jusqu\u2019au Lac Pangong en passant par le col de Changla \u00e0 17360ft (Troisi\u00e8me plus haute route carrossable au monde) en route visite des beaux villages de la vall\u00e9e. Nuit au Camping.<\/p>\n<p><strong>Jour 06\u00a0: Pangong \u2013 Leh<\/strong><br \/>\nLe matin appr\u00e9ciez la belle vue du Lac. Apr\u00e8s le petit d\u00e9jeuner retour en voiture vers Leh, sur le chemin du retour, en route visite des monast\u00e8res de Hemis et Thiksay et du Palais de Shey. Nuit \u00e0 l\u2019H\u00f4tel.<\/p>\n<p><strong>Jour 07\u00a0: Leh \u2013 Khardong la \u2013 Leh<\/strong><br \/>\nApr\u00e8s le petit d\u00e9jeuner en voiture jusqu\u2019au col de Khardongla \u00e0 18380ft (Plus haute route carrossable au monde) et ayez une belle vue de la Cha\u00eene de l\u2019Himalaya. Retour \u00e0 Leh dans l\u2019apr\u00e8s-midi. Le reste de la journ\u00e9e est libre pour vos activit\u00e9s personnelles. Nuit \u00e0 l\u2019h\u00f4tel.<\/p>\n<p><strong>Jour 08\u00a0: Leh \u2013 Delhi<\/strong><br \/>\nT\u00f4t le matin transfert \u00e0 l\u2019a\u00e9roport et vol de retour vers Delhi.<\/p>\n<\/div>\n","protected":false,"raw":"<div id=\"overview\" class=\"tab-pane active\" role=\"tabpanel\">\r\n<strong>Lieux visit\u00e9s\u00a0:<\/strong> Delhi \u2013 Leh \u2013 Alchi \u2013 Hemis \u2013 Pangong \u2013 Thiksay \u2013 Khardongla - Leh\r\n<strong>Dur\u00e9e :<\/strong> 7 Nuits 8 Jours\r\n<h3>Itin\u00e9raire :<\/h3>\r\n<strong>Jour 01\u00a0: Delhi<\/strong>\r\nArrivez \u00e0 l\u2019a\u00e9roport de Delhi re\u00e7u par notre agent et transfert \u00e0 l\u2019H\u00f4tel et enregistrement \u00e0 l\u2019h\u00f4tel. Nuit \u00e0 l'h\u00f4tel \u00e0 Delhi.\r\n\r\n<strong>Jour 02\u00a0: Delhi \u2013 Leh<\/strong>\r\nT\u00f4t le matin transfert \u00e0 l\u2019a\u00e9roport, vol vers Leh. Vous arrivez \u00e0 l\u2019a\u00e9roport de Leh, re\u00e7u par notre agent et transfert \u00e0 l\u2019h\u00f4tel, enregistrement \u00e0 l\u2019h\u00f4tel. Repos complet pour l\u2019acclimatation. Apr\u00e8s le d\u00e9jeuner, palais de Leh, Shanti Stupa et March\u00e9 de Leh. Nuit \u00e0 l\u2019h\u00f4tel.\r\n\r\n<strong>Jour 03\u00a0: Leh \u2013 Lamayuru<\/strong>\r\nApr\u00e8s le petit d\u00e9jeuner en voiture jusqu\u2019\u00e0 Lamayuru, en route visite de la Confluence de la Rivi\u00e8re Zanskar et du fleuve de l\u2019Indus et du monast\u00e8re de Liker. Apr\u00e8s \u00e7a en voiture jusqu\u2019au paysage de la Lune et visite de Lamayuru (Plus vieux monast\u00e8re au Ladakh). Nuit \u00e0 l\u2019H\u00f4tel.\r\n\r\n<strong>Jour 04\u00a0: Lamayuru \u2013 Leh<\/strong>\r\nT\u00f4t le matin appr\u00e9ciez la belle vue de la vall\u00e9e du paysage de la Lune. Apr\u00e8s le petit d\u00e9jeuner retour en voiture \u00e0 Leh, en route visite des monast\u00e8res de Rigzong et de Alchi, du Palais de Basgo et la Montagne Magn\u00e9tique. Nuit \u00e0 l\u2019h\u00f4tel \u00e0 Leh.\r\n\r\n<strong>Jour 05\u00a0: Leh \u2013 Pangong<\/strong>\r\nApr\u00e8s le petit d\u00e9jeuner en voiture jusqu\u2019au Lac Pangong en passant par le col de Changla \u00e0 17360ft (Troisi\u00e8me plus haute route carrossable au monde) en route visite des beaux villages de la vall\u00e9e. Nuit au Camping.\r\n\r\n<strong>Jour 06\u00a0: Pangong \u2013 Leh<\/strong>\r\nLe matin appr\u00e9ciez la belle vue du Lac. Apr\u00e8s le petit d\u00e9jeuner retour en voiture vers Leh, sur le chemin du retour, en route visite des monast\u00e8res de Hemis et Thiksay et du Palais de Shey. Nuit \u00e0 l\u2019H\u00f4tel.\r\n\r\n<strong>Jour 07\u00a0: Leh \u2013 Khardong la \u2013 Leh<\/strong>\r\nApr\u00e8s le petit d\u00e9jeuner en voiture jusqu\u2019au col de Khardongla \u00e0 18380ft (Plus haute route carrossable au monde) et ayez une belle vue de la Cha\u00eene de l\u2019Himalaya. Retour \u00e0 Leh dans l\u2019apr\u00e8s-midi. Le reste de la journ\u00e9e est libre pour vos activit\u00e9s personnelles. Nuit \u00e0 l\u2019h\u00f4tel.\r\n\r\n<strong>Jour 08\u00a0: Leh \u2013 Delhi<\/strong>\r\nT\u00f4t le matin transfert \u00e0 l\u2019a\u00e9roport et vol de retour vers Delhi.\r\n\r\n<\/div>"},"excerpt":{"rendered":"Places Covered: Delhi - Leh - Alchi - Hemis -Pangong - Thiksay - Khardongla - Leh Duration: 7 Nights 8 Days Itinerary: Day 01: Delhi Arrive at Delhi airport received by our representative and transfer to Hotel and check in to the hotel. Overnight hotel in Delhi. Day 02: Delhi - Leh Early morning transfer<div class=\"padding-top text-center\"><a href=\"https:\/\/www.ladakhzanskartrekking.com\/fr\/voyages\/voyage-culturel-au-ladakh\/\" class=\"atbtn atbtn--medium atbtn--rounded atbtn--transparent\">Lire plus<i class=\"atbtn__icon atbtn__icon--right fa fa-long-arrow-right\"><\/i><\/a><\/div>","protected":false,"raw":""},"featured_media":1408,"comment_status":"open","ping_status":"closed","template":"","meta":{"_en_post_content":"<div id=\"overview\" class=\"tab-pane active\" role=\"tabpanel\"><strong>Places Covered:<\/strong> Delhi - Leh - Alchi - Hemis -Pangong - Thiksay - Khardongla - Leh\r\n<strong>Duration:<\/strong> 7 Nights 8 Days\r\n<h3>Itinerary:<\/h3>\r\n<strong>Day 01: Delhi<\/strong>\r\nArrive at Delhi airport received by our representative and transfer to Hotel and check in to the hotel. Overnight hotel in Delhi.\r\n\r\n<strong>Day 02: Delhi - Leh<\/strong>\r\nEarly morning transfer to Airport, flight to Leh. Arriving Leh airport, received by our representative and transfer to hotel, check in to the hotel. Complete rest for acclimatization. After lunch, Leh palace, Shanti Stupa and Leh Market. Overnight hotel.\r\n\r\n<strong>Day 03: Leh - Lamayuru<\/strong>\r\nAfter breakfast drive to Lamayuru, enroute visit Confluence Rivers of Zanskar and Indus and Liker monastery. After that drive to Moon landscape and visit Lamayuru (Oldest monastery in Ladakh). Overnight Hotel.\r\n\r\n<strong>Day 04: Lamayuru - Leh<\/strong>\r\nEarly morning enjoy the beautiful view of the Moonland valley. After breakfast drive back towards Leh, enroute visit Rigzong, Alchi monasteries, Basgo Palace and Magnetic Hill. Overnight hotel in Leh.\r\n\r\n<strong>Day 05: Leh - Pangong<\/strong>\r\nAfter breakfast drive to Pangong Lake via Changla Pass 17,360 ft (Third Highest motorable road in the world) enroute visit beautiful villages of the valley. Overnight Camp.\r\n\r\n<strong>Day 06: Pangong - Leh<\/strong>\r\nMorning enjoy the beautiful view of Lake. After breakfast drive back towards Leh, on the way back, enroute visit Hemis, Thiksay monasteries and Shey Palace. Overnight Hotel.\r\n\r\n<strong>Day 07: Leh - Khardong la - Leh<\/strong>\r\nAfter breakfast drive to Khardongla Pass, 18380 ft (Highest motorable Road in the world) and have beautiful view of Himalayan Range. Return to Leh in the afternoon. Rest of the day is free for your personal activities. Overnight hotel.\r\n\r\n<strong>Day 08: Leh - Delhi<\/strong>\r\nEarly morning transfer to airport and fly back to Delhi.\r\n\r\n<\/div>","_en_post_name":"ladakh-cultural-tour","_en_post_excerpt":"","_en_post_title":"Ladakh Cultural Tour","_fr_post_content":"<div id=\"overview\" class=\"tab-pane active\" role=\"tabpanel\">\r\n<strong>Lieux visit\u00e9s\u00a0:<\/strong> Delhi \u2013 Leh \u2013 Alchi \u2013 Hemis \u2013 Pangong \u2013 Thiksay \u2013 Khardongla - Leh\r\n<strong>Dur\u00e9e :<\/strong> 7 Nuits 8 Jours\r\n<h3>Itin\u00e9raire :<\/h3>\r\n<strong>Jour 01\u00a0: Delhi<\/strong>\r\nArrivez \u00e0 l\u2019a\u00e9roport de Delhi re\u00e7u par notre agent et transfert \u00e0 l\u2019H\u00f4tel et enregistrement \u00e0 l\u2019h\u00f4tel. Nuit \u00e0 l'h\u00f4tel \u00e0 Delhi.\r\n\r\n<strong>Jour 02\u00a0: Delhi \u2013 Leh<\/strong>\r\nT\u00f4t le matin transfert \u00e0 l\u2019a\u00e9roport, vol vers Leh. Vous arrivez \u00e0 l\u2019a\u00e9roport de Leh, re\u00e7u par notre agent et transfert \u00e0 l\u2019h\u00f4tel, enregistrement \u00e0 l\u2019h\u00f4tel. Repos complet pour l\u2019acclimatation. Apr\u00e8s le d\u00e9jeuner, palais de Leh, Shanti Stupa et March\u00e9 de Leh. Nuit \u00e0 l\u2019h\u00f4tel.\r\n\r\n<strong>Jour 03\u00a0: Leh \u2013 Lamayuru<\/strong>\r\nApr\u00e8s le petit d\u00e9jeuner en voiture jusqu\u2019\u00e0 Lamayuru, en route visite de la Confluence de la Rivi\u00e8re Zanskar et du fleuve de l\u2019Indus et du monast\u00e8re de Liker. Apr\u00e8s \u00e7a en voiture jusqu\u2019au paysage de la Lune et visite de Lamayuru (Plus vieux monast\u00e8re au Ladakh). Nuit \u00e0 l\u2019H\u00f4tel.\r\n\r\n<strong>Jour 04\u00a0: Lamayuru \u2013 Leh<\/strong>\r\nT\u00f4t le matin appr\u00e9ciez la belle vue de la vall\u00e9e du paysage de la Lune. Apr\u00e8s le petit d\u00e9jeuner retour en voiture \u00e0 Leh, en route visite des monast\u00e8res de Rigzong et de Alchi, du Palais de Basgo et la Montagne Magn\u00e9tique. Nuit \u00e0 l\u2019h\u00f4tel \u00e0 Leh.\r\n\r\n<strong>Jour 05\u00a0: Leh \u2013 Pangong<\/strong>\r\nApr\u00e8s le petit d\u00e9jeuner en voiture jusqu\u2019au Lac Pangong en passant par le col de Changla \u00e0 17360ft (Troisi\u00e8me plus haute route carrossable au monde) en route visite des beaux villages de la vall\u00e9e. Nuit au Camping.\r\n\r\n<strong>Jour 06\u00a0: Pangong \u2013 Leh<\/strong>\r\nLe matin appr\u00e9ciez la belle vue du Lac. Apr\u00e8s le petit d\u00e9jeuner retour en voiture vers Leh, sur le chemin du retour, en route visite des monast\u00e8res de Hemis et Thiksay et du Palais de Shey. Nuit \u00e0 l\u2019H\u00f4tel.\r\n\r\n<strong>Jour 07\u00a0: Leh \u2013 Khardong la \u2013 Leh<\/strong>\r\nApr\u00e8s le petit d\u00e9jeuner en voiture jusqu\u2019au col de Khardongla \u00e0 18380ft (Plus haute route carrossable au monde) et ayez une belle vue de la Cha\u00eene de l\u2019Himalaya. Retour \u00e0 Leh dans l\u2019apr\u00e8s-midi. Le reste de la journ\u00e9e est libre pour vos activit\u00e9s personnelles. Nuit \u00e0 l\u2019h\u00f4tel.\r\n\r\n<strong>Jour 08\u00a0: Leh \u2013 Delhi<\/strong>\r\nT\u00f4t le matin transfert \u00e0 l\u2019a\u00e9roport et vol de retour vers Delhi.\r\n\r\n<\/div>","_fr_post_name":"voyage-culturel-au-ladakh","_fr_post_excerpt":"","_fr_post_title":"Voyage Culturel au Ladakh","edit_language":"fr"},"product_brand":[],"product_cat":[15],"product_tag":[],"class_list":{"0":"post-1407","1":"product","2":"type-product","3":"status-publish","4":"has-post-thumbnail","6":"product_cat-uncategorized","7":"tour_category-cultural-tours","9":"first","10":"instock","11":"shipping-taxable","12":"product-type-tour"},"_links":{"self":[{"href":"https:\/\/www.ladakhzanskartrekking.com\/fr\/wp-json\/wp\/v2\/product\/1407","targetHints":{"allow":["GET"]}}],"collection":[{"href":"https:\/\/www.ladakhzanskartrekking.com\/fr\/wp-json\/wp\/v2\/product"}],"about":[{"href":"https:\/\/www.ladakhzanskartrekking.com\/fr\/wp-json\/wp\/v2\/types\/product"}],"replies":[{"embeddable":true,"href":"https:\/\/www.ladakhzanskartrekking.com\/fr\/wp-json\/wp\/v2\/comments?post=1407"}],"wp:featuredmedia":[{"embeddable":true,"href":"https:\/\/www.ladakhzanskartrekking.com\/fr\/wp-json\/wp\/v2\/media\/1408"}],"wp:attachment":[{"href":"https:\/\/www.ladakhzanskartrekking.com\/fr\/wp-json\/wp\/v2\/media?parent=1407"}],"wp:term":[{"taxonomy":"product_brand","embeddable":true,"href":"https:\/\/www.ladakhzanskartrekking.com\/fr\/wp-json\/wp\/v2\/product_brand?post=1407"},{"taxonomy":"product_cat","embeddable":true,"href":"https:\/\/www.ladakhzanskartrekking.com\/fr\/wp-json\/wp\/v2\/product_cat?post=1407"},{"taxonomy":"product_tag","embeddable":true,"href":"https:\/\/www.ladakhzanskartrekking.com\/fr\/wp-json\/wp\/v2\/product_tag?post=1407"}],"curies":[{"name":"wp","href":"https:\/\/api.w.org\/{rel}","templated":true}]}}