{"id":1412,"date":"2018-09-28T13:16:16","date_gmt":"2018-09-28T13:16:16","guid":{"rendered":"http:\/\/www.ladakhzanskartrekking.com\/?post_type=product&#038;p=1412"},"modified":"2026-04-16T07:55:35","modified_gmt":"2026-04-16T07:55:35","slug":"voyage-culturel-au-zanskar","status":"publish","type":"product","link":"https:\/\/www.ladakhzanskartrekking.com\/fr\/voyages\/voyage-culturel-au-zanskar\/","title":{"rendered":"Voyage Culturel au Zanskar","raw":"Voyage Culturel au Zanskar"},"content":{"rendered":"<div id=\"overview\" class=\"tab-pane active\" role=\"tabpanel\">\n<strong>Lieux visit\u00e9s\u00a0:<\/strong> Delhi \u2013 Leh \u2013 Alchi \u2013 Mulbeck \u2013 Rangdum \u2013 Padum \u2013 Karsha \u2013 Stakrimo \u2013 Zungkul \u2013 Sani \u2013 Stongdey \u2013 Bardan \u2013 Kargil \u2013 Leh &#8211; Delhi<br \/>\n<strong>Dur\u00e9e :<\/strong> 10 Nuits 11 Jours\n<h3>Itin\u00e9raire :<\/h3>\n<p><strong>Jour 01\u00a0:<\/strong> Delhi<\/p>\n<p>R\u00e9ception \u00e0 l\u2019a\u00e9roport international de Delhi et transfert \u00e0 l\u2019h\u00f4tel.<\/p>\n<p><strong>Jour 02\u00a0:<\/strong> Delhi \u2013 Leh<\/p>\n<p>T\u00f4t le matin transfert \u00e0 l\u2019a\u00e9roport. Arrivez \u00e0 Leh et transfert \u00e0 l\u2019h\u00f4tel. Journ\u00e9e compl\u00e8te de repos. Nuit \u00e0 l\u2019h\u00f4tel.<\/p>\n<p><strong>Jour 03\u00a0:<\/strong> Leh \u2013 Mulbeck<\/p>\n<p>Le matin apr\u00e8s le petit d\u00e9jeuner on va vers Mulbeck. Sur la route visite des monast\u00e8re de Alchi, Liker et Lamayuru et appr\u00e9ciez la belle vue du paysage de la Lune. Nuit au camping ou \u00e0 l\u2019h\u00f4tel.<\/p>\n<p><strong>Jour 04\u00a0:<\/strong> Mulbeck \u2013 Kargil \u2013 Rangdum<\/p>\n<p>Le matin en voiture jusqu\u2019\u00e0 Rangdum sur la route appr\u00e9ciez la belle vue du Nun et du Kun. Nuit au Camping.<\/p>\n<p><strong>Jour 05\u00a0:<\/strong> Rangdum \u2013 Padum<\/p>\n<p>Le matin en voiture jusqu\u2019\u00e0 Padum en route visite du monast\u00e8re de Rangdum, nuit \u00e0 l\u2019H\u00f4tel\/guest house.<\/p>\n<p><strong>Jour 06\u00a0:<\/strong> Padum<\/p>\n<p>Toute la journ\u00e9e visite du monast\u00e8re de Karsha, de la nonnerie de Chukchikjal, de Pibiting Guru et du Monast\u00e8re de Stakrimo. Nuit \u00e0 l\u2019h\u00f4tel.<\/p>\n<p><strong>Jour 07\u00a0:<\/strong> Padum<\/p>\n<p>Toute la journ\u00e9e visite du Palais et de la Nonnerie de Zangla, des monast\u00e8res de Stongday et de Bardan. Nuit \u00e0 l\u2019h\u00f4tel.<\/p>\n<p><strong>Jour 08\u00a0:<\/strong> Padum<\/p>\n<p>Le matin en voiture jusqu\u2019au monast\u00e8re de Zungkul sur la route de retour visite du Monast\u00e8re de Sani. Le soir explorez le march\u00e9 local. Nuit \u00e0 l\u2019h\u00f4tel.<\/p>\n<p><strong>Jour 09\u00a0:<\/strong> Padum \u2013 Kargil<\/p>\n<p>T\u00f4t le matin en voiture jusqu\u2019\u00e0 Kargil. Nuit \u00e0 l\u2019h\u00f4tel.<\/p>\n<p><strong>Jour 10\u00a0:<\/strong> Kargil \u2013 Leh<\/p>\n<p>Le matin petit d\u00e9jeuner, en voiture jusqu\u2019\u00e0 Leh. Nuit \u00e0 l\u2019h\u00f4tel.<\/p>\n<p><strong>Jour 11\u00a0:<\/strong> Leh \u2013 Delhi<\/p>\n<p>Transfert \u00e0 l\u2019a\u00e9roport pour embarquer pour le vol vers Delhi.<\/p>\n<\/div>\n","protected":false,"raw":"<div id=\"overview\" class=\"tab-pane active\" role=\"tabpanel\">\r\n<strong>Lieux visit\u00e9s\u00a0:<\/strong> Delhi \u2013 Leh \u2013 Alchi \u2013 Mulbeck \u2013 Rangdum \u2013 Padum \u2013 Karsha \u2013 Stakrimo \u2013 Zungkul \u2013 Sani \u2013 Stongdey \u2013 Bardan \u2013 Kargil \u2013 Leh - Delhi\r\n<strong>Dur\u00e9e :<\/strong> 10 Nuits 11 Jours\r\n<h3>Itin\u00e9raire :<\/h3>\r\n<strong>Jour 01\u00a0:<\/strong> Delhi\r\n\r\nR\u00e9ception \u00e0 l\u2019a\u00e9roport international de Delhi et transfert \u00e0 l\u2019h\u00f4tel.\r\n\r\n<strong>Jour 02\u00a0:<\/strong> Delhi \u2013 Leh\r\n\r\nT\u00f4t le matin transfert \u00e0 l\u2019a\u00e9roport. Arrivez \u00e0 Leh et transfert \u00e0 l\u2019h\u00f4tel. Journ\u00e9e compl\u00e8te de repos. Nuit \u00e0 l\u2019h\u00f4tel.\r\n\r\n<strong>Jour 03\u00a0:<\/strong> Leh \u2013 Mulbeck\r\n\r\nLe matin apr\u00e8s le petit d\u00e9jeuner on va vers Mulbeck. Sur la route visite des monast\u00e8re de Alchi, Liker et Lamayuru et appr\u00e9ciez la belle vue du paysage de la Lune. Nuit au camping ou \u00e0 l\u2019h\u00f4tel.\r\n\r\n<strong>Jour 04\u00a0:<\/strong> Mulbeck \u2013 Kargil \u2013 Rangdum\r\n\r\nLe matin en voiture jusqu\u2019\u00e0 Rangdum sur la route appr\u00e9ciez la belle vue du Nun et du Kun. Nuit au Camping.\r\n\r\n<strong>Jour 05\u00a0:<\/strong> Rangdum \u2013 Padum\r\n\r\nLe matin en voiture jusqu\u2019\u00e0 Padum en route visite du monast\u00e8re de Rangdum, nuit \u00e0 l\u2019H\u00f4tel\/guest house.\r\n\r\n<strong>Jour 06\u00a0:<\/strong> Padum\r\n\r\nToute la journ\u00e9e visite du monast\u00e8re de Karsha, de la nonnerie de Chukchikjal, de Pibiting Guru et du Monast\u00e8re de Stakrimo. Nuit \u00e0 l\u2019h\u00f4tel.\r\n\r\n<strong>Jour 07\u00a0:<\/strong> Padum\r\n\r\nToute la journ\u00e9e visite du Palais et de la Nonnerie de Zangla, des monast\u00e8res de Stongday et de Bardan. Nuit \u00e0 l\u2019h\u00f4tel.\r\n\r\n<strong>Jour 08\u00a0:<\/strong> Padum\r\n\r\nLe matin en voiture jusqu\u2019au monast\u00e8re de Zungkul sur la route de retour visite du Monast\u00e8re de Sani. Le soir explorez le march\u00e9 local. Nuit \u00e0 l\u2019h\u00f4tel.\r\n\r\n<strong>Jour 09\u00a0:<\/strong> Padum \u2013 Kargil\r\n\r\nT\u00f4t le matin en voiture jusqu\u2019\u00e0 Kargil. Nuit \u00e0 l\u2019h\u00f4tel.\r\n\r\n<strong>Jour 10\u00a0:<\/strong> Kargil \u2013 Leh\r\n\r\nLe matin petit d\u00e9jeuner, en voiture jusqu\u2019\u00e0 Leh. Nuit \u00e0 l\u2019h\u00f4tel.\r\n\r\n<strong>Jour 11\u00a0:<\/strong> Leh \u2013 Delhi\r\n\r\nTransfert \u00e0 l\u2019a\u00e9roport pour embarquer pour le vol vers Delhi.\r\n\r\n<\/div>"},"excerpt":{"rendered":"Places Covered: Delhi - Leh - Alchi - Mulbeck -Rangdum - Padum - Karsha - Stakrimo - Zungkul - Sani - Stongdey - Bardan - Kargil - Leh -Delhi Duration: 10 Nights 11 Days Itinerary: Day 01: Delhi Reception at the Delhi international airport and transfer to hotel. Day 02: Delhi - Leh Early morning<div class=\"padding-top text-center\"><a href=\"https:\/\/www.ladakhzanskartrekking.com\/fr\/voyages\/voyage-culturel-au-zanskar\/\" class=\"atbtn atbtn--medium atbtn--rounded atbtn--transparent\">Lire plus<i class=\"atbtn__icon atbtn__icon--right fa fa-long-arrow-right\"><\/i><\/a><\/div>","protected":false,"raw":""},"featured_media":1408,"comment_status":"open","ping_status":"closed","template":"","meta":{"_en_post_content":"<div id=\"overview\" class=\"tab-pane active\" role=\"tabpanel\"><strong>Places Covered:<\/strong> Delhi - Leh - Alchi - Mulbeck -Rangdum - Padum - Karsha - Stakrimo - Zungkul - Sani - Stongdey - Bardan - Kargil - Leh -Delhi\r\n<strong>Duration:<\/strong> 10 Nights 11 Days\r\n<h3>Itinerary:<\/h3>\r\n<strong>Day 01:<\/strong> Delhi\r\n\r\nReception at the Delhi international airport and transfer to hotel.\r\n\r\n<strong>Day 02:<\/strong> Delhi - Leh\r\n\r\nEarly morning transfer to Airport. Arrive leh airport transfer to hotel. Full day rest. Overnight hotel.\r\n\r\n<strong>Day 03: <\/strong>Leh - Mulbeck\r\n\r\nMorning after breakfast proceeds towards Mulbeck On the way visit Alchi, Liker and Lamayuru monastery and enjoy the beautiful Moon landscape view Overnight stay at camp or hotel.\r\n\r\n<strong>Day 04: <\/strong>Mulbeck - Kargil - Rangdum\r\n\r\nMorning drive towards Rangdum on the way enjoy the beautiful view of Nun &amp; Kun. Overnight Camp.\r\n\r\n<strong>Day 05:<\/strong> Rangdum - Padum\r\n\r\nMorning drive to Padum enroute visit Rangdum monastery, overnight Hotel\/guest house\r\n\r\n<strong>Day 06:<\/strong> Padum\r\n\r\nFull day tour of Karsha monastery, Chukchikjal nunnery, Pibiting Guru and stakrimo Gonpa. Overnight hotel.\r\n\r\n<strong>Day 07: <\/strong>Padum\r\n\r\nFull day tour to Zangla Palace &amp; Nunnery, Stongday and Bardan monastery. Overnight hotel.\r\n\r\n<strong>Day 08: <\/strong>Padum\r\n\r\nMorning drive to Zungkul monastery on the way back visit Sani Gonpa. Evening explore local market. Overnight hotel.\r\n\r\n<strong>Day 09:<\/strong> Padum - Kargil\r\n\r\nEarly morning drive to Kargil. Overnight hotel.\r\n\r\n<strong>Day 10: <\/strong>Kargil - Leh\r\n\r\nMorning breakfast, drive to Leh. Overnight hotel.\r\n\r\n<strong>Day 11:<\/strong> Leh - Delhi\r\n\r\nTransfer to airport to board flight for Delhi.\r\n\r\n<\/div>","_en_post_name":"zanskar-cultural-tour","_en_post_excerpt":"","_en_post_title":"Zanskar Cultural Tour","_fr_post_content":"<div id=\"overview\" class=\"tab-pane active\" role=\"tabpanel\">\r\n<strong>Lieux visit\u00e9s\u00a0:<\/strong> Delhi \u2013 Leh \u2013 Alchi \u2013 Mulbeck \u2013 Rangdum \u2013 Padum \u2013 Karsha \u2013 Stakrimo \u2013 Zungkul \u2013 Sani \u2013 Stongdey \u2013 Bardan \u2013 Kargil \u2013 Leh - Delhi\r\n<strong>Dur\u00e9e :<\/strong> 10 Nuits 11 Jours\r\n<h3>Itin\u00e9raire :<\/h3>\r\n<strong>Jour 01\u00a0:<\/strong> Delhi\r\n\r\nR\u00e9ception \u00e0 l\u2019a\u00e9roport international de Delhi et transfert \u00e0 l\u2019h\u00f4tel.\r\n\r\n<strong>Jour 02\u00a0:<\/strong> Delhi \u2013 Leh\r\n\r\nT\u00f4t le matin transfert \u00e0 l\u2019a\u00e9roport. Arrivez \u00e0 Leh et transfert \u00e0 l\u2019h\u00f4tel. Journ\u00e9e compl\u00e8te de repos. Nuit \u00e0 l\u2019h\u00f4tel.\r\n\r\n<strong>Jour 03\u00a0:<\/strong> Leh \u2013 Mulbeck\r\n\r\nLe matin apr\u00e8s le petit d\u00e9jeuner on va vers Mulbeck. Sur la route visite des monast\u00e8re de Alchi, Liker et Lamayuru et appr\u00e9ciez la belle vue du paysage de la Lune. Nuit au camping ou \u00e0 l\u2019h\u00f4tel.\r\n\r\n<strong>Jour 04\u00a0:<\/strong> Mulbeck \u2013 Kargil \u2013 Rangdum\r\n\r\nLe matin en voiture jusqu\u2019\u00e0 Rangdum sur la route appr\u00e9ciez la belle vue du Nun et du Kun. Nuit au Camping.\r\n\r\n<strong>Jour 05\u00a0:<\/strong> Rangdum \u2013 Padum\r\n\r\nLe matin en voiture jusqu\u2019\u00e0 Padum en route visite du monast\u00e8re de Rangdum, nuit \u00e0 l\u2019H\u00f4tel\/guest house.\r\n\r\n<strong>Jour 06\u00a0:<\/strong> Padum\r\n\r\nToute la journ\u00e9e visite du monast\u00e8re de Karsha, de la nonnerie de Chukchikjal, de Pibiting Guru et du Monast\u00e8re de Stakrimo. Nuit \u00e0 l\u2019h\u00f4tel.\r\n\r\n<strong>Jour 07\u00a0:<\/strong> Padum\r\n\r\nToute la journ\u00e9e visite du Palais et de la Nonnerie de Zangla, des monast\u00e8res de Stongday et de Bardan. Nuit \u00e0 l\u2019h\u00f4tel.\r\n\r\n<strong>Jour 08\u00a0:<\/strong> Padum\r\n\r\nLe matin en voiture jusqu\u2019au monast\u00e8re de Zungkul sur la route de retour visite du Monast\u00e8re de Sani. Le soir explorez le march\u00e9 local. Nuit \u00e0 l\u2019h\u00f4tel.\r\n\r\n<strong>Jour 09\u00a0:<\/strong> Padum \u2013 Kargil\r\n\r\nT\u00f4t le matin en voiture jusqu\u2019\u00e0 Kargil. Nuit \u00e0 l\u2019h\u00f4tel.\r\n\r\n<strong>Jour 10\u00a0:<\/strong> Kargil \u2013 Leh\r\n\r\nLe matin petit d\u00e9jeuner, en voiture jusqu\u2019\u00e0 Leh. Nuit \u00e0 l\u2019h\u00f4tel.\r\n\r\n<strong>Jour 11\u00a0:<\/strong> Leh \u2013 Delhi\r\n\r\nTransfert \u00e0 l\u2019a\u00e9roport pour embarquer pour le vol vers Delhi.\r\n\r\n<\/div>","_fr_post_name":"voyage-culturel-au-zanskar","_fr_post_excerpt":"","_fr_post_title":"Voyage Culturel au Zanskar","edit_language":"fr"},"product_brand":[],"product_cat":[15],"product_tag":[],"class_list":{"0":"post-1412","1":"product","2":"type-product","3":"status-publish","4":"has-post-thumbnail","6":"product_cat-uncategorized","7":"tour_category-cultural-tours","9":"first","10":"instock","11":"shipping-taxable","12":"product-type-tour"},"_links":{"self":[{"href":"https:\/\/www.ladakhzanskartrekking.com\/fr\/wp-json\/wp\/v2\/product\/1412","targetHints":{"allow":["GET"]}}],"collection":[{"href":"https:\/\/www.ladakhzanskartrekking.com\/fr\/wp-json\/wp\/v2\/product"}],"about":[{"href":"https:\/\/www.ladakhzanskartrekking.com\/fr\/wp-json\/wp\/v2\/types\/product"}],"replies":[{"embeddable":true,"href":"https:\/\/www.ladakhzanskartrekking.com\/fr\/wp-json\/wp\/v2\/comments?post=1412"}],"wp:featuredmedia":[{"embeddable":true,"href":"https:\/\/www.ladakhzanskartrekking.com\/fr\/wp-json\/wp\/v2\/media\/1408"}],"wp:attachment":[{"href":"https:\/\/www.ladakhzanskartrekking.com\/fr\/wp-json\/wp\/v2\/media?parent=1412"}],"wp:term":[{"taxonomy":"product_brand","embeddable":true,"href":"https:\/\/www.ladakhzanskartrekking.com\/fr\/wp-json\/wp\/v2\/product_brand?post=1412"},{"taxonomy":"product_cat","embeddable":true,"href":"https:\/\/www.ladakhzanskartrekking.com\/fr\/wp-json\/wp\/v2\/product_cat?post=1412"},{"taxonomy":"product_tag","embeddable":true,"href":"https:\/\/www.ladakhzanskartrekking.com\/fr\/wp-json\/wp\/v2\/product_tag?post=1412"}],"curies":[{"name":"wp","href":"https:\/\/api.w.org\/{rel}","templated":true}]}}