{"id":1433,"date":"2018-10-26T06:05:34","date_gmt":"2018-10-26T06:05:34","guid":{"rendered":"http:\/\/www.ladakhzanskartrekking.com\/?post_type=product&#038;p=1433"},"modified":"2026-03-14T15:13:44","modified_gmt":"2026-03-14T15:13:44","slug":"visite-de-leh","status":"publish","type":"product","link":"https:\/\/www.ladakhzanskartrekking.com\/fr\/voyages\/visite-de-leh\/","title":{"rendered":"Visite de Leh","raw":"Visite de Leh"},"content":{"rendered":"<div id=\"overview\" class=\"tab-pane active\" role=\"tabpanel\"><strong>Lieux visit\u00e9s\u00a0:<\/strong> Delhi \u2013 Leh \u2013 Hemis \u2013 Thiksey \u2013 Shey \u2013 Chemday \u2013 Takthok \u2013 Matho \u2013 Alchi \u2013 Lamayuru \u2013 Ridzong et Liker \u2013 Stok &#8211; Delhi<br \/>\n<strong>Dur\u00e9e :<\/strong> 8 Nuits 9 Jours\n<h3>Itin\u00e9raire :<\/h3>\n<p><strong>Jour 1\u00a0: Delhi<\/strong><br \/>\n\u00c0 l\u2019arriv\u00e9e \u00e0 Delhi vous serez accueilli par notre agent et transfert \u00e0 l\u2019h\u00f4tel. Nuit \u00e0 l\u2019H\u00f4tel.<\/p>\n<p><strong>Jour 2\u00a0: Delhi \u2013 Leh<\/strong><br \/>\nTransfert \u00e0 l\u2019a\u00e9roport pour embarquer pour le vol vers Leh. Vous serez re\u00e7u \u00e0 l\u2019arriv\u00e9e et transfert \u00e0 l\u2019h\u00f4tel. Reposez-vous et acclimatez-vous \u00e0 l\u2019altitude et \u00e0 l\u2019air rar\u00e9fi\u00e9 du Ladakh. Nuit \u00e0 l\u2019h\u00f4tel.<\/p>\n<p><strong>Jour 03\u00a0: Leh<\/strong><br \/>\nVisite d\u2019une demi-journ\u00e9e. Apr\u00e8s le petit d\u00e9jeuner visite de monuments anciens et de lieux Bouddhistes. Apr\u00e8s le d\u00e9jeuner visite de la Shanti Stupa, Construite par des Bouddhistes Japonais. Elle a \u00e9t\u00e9 inaugur\u00e9e en 1983 par Sa Saintet\u00e9 le Dala\u00ef-Lama et visite du monast\u00e8re de Sankar. Nuit \u00e0 l\u2019H\u00f4tel.<\/p>\n<p><strong>Jour 4\u00a0: Leh \u2013 Alchi<\/strong><br \/>\nApr\u00e8s le petit d\u00e9jeuner, on part pour Alchi. Situ\u00e9 \u00e0 l\u2019ouest de Leh sur la route visite du monast\u00e8re de Phyang, du palais de Basgo, du monast\u00e8re de Liker et le soir visite du monast\u00e8re de Alchi (le monast\u00e8re de Alchi a de belles peintures sur ses murs, qui sont des exemples du d\u00e9but de l\u2019art Bouddhiste). Nuit \u00e0 la guest house ou \u00e0 l\u2019h\u00f4tel.<\/p>\n<p><strong>Jour 5\u00a0: Alchi \u2013 Lamayuru \u2013 Ridzong \u2013 Leh<\/strong><br \/>\nApr\u00e8s le petit d\u00e9jeuner on va en voiture au monast\u00e8re de Lamayuru et on va voir aussi le paysage de la Lune. Lamayuru est un des monast\u00e8res les plus vieux du Ladakh Central. Sur la route de retour visite du monast\u00e8re de Ridzong. Ridzong est une nonnerie, o\u00f9 r\u00e9sident des nonnes Bouddhistes. Nuit \u00e0 l\u2019h\u00f4tel.<\/p>\n<p><strong>Jour 6\u00a0: Leh \u2013 Hemis \u2013 Thiksey \u2013 Shey \u2013 Chemday \u2013 Takthok \u2013 palais de Stok<\/strong><br \/>\nApr\u00e8s le petit d\u00e9jeuner on va en voiture visiter les monast\u00e8res de Thiksey, Hemis, Chemday et de Takthok et les palais royaux de Shey et de Stok et un mus\u00e9e. Nuit \u00e0 l\u2019h\u00f4tel.<\/p>\n<p><strong>Jour 7\u00a0: Leh \u2013 Delhi<\/strong><br \/>\nApr\u00e8s un petit d\u00e9jeuner t\u00f4t on part pour l\u2019a\u00e9roport pour le vol vers Delhi. Notre agent vous rencontrera \u00e0 l\u2019a\u00e9roport de Delhi et transfert \u00e0 l\u2019h\u00f4tel.<\/p>\n<p><strong>Jour 8\u00a0: Delhi<\/strong><br \/>\nVisite la journ\u00e9e du vieux Delhi et de New Delhi.<\/p>\n<p><strong>Jour 9\u00a0: D\u00e9part<\/strong><br \/>\nApr\u00e8s le petit d\u00e9jeuner vous partirez \u00e0 l\u2019a\u00e9roport international.<\/p>\n<\/div>\n","protected":false,"raw":"<div id=\"overview\" class=\"tab-pane active\" role=\"tabpanel\"><strong>Lieux visit\u00e9s\u00a0:<\/strong> Delhi \u2013 Leh \u2013 Hemis \u2013 Thiksey \u2013 Shey \u2013 Chemday \u2013 Takthok \u2013 Matho \u2013 Alchi \u2013 Lamayuru \u2013 Ridzong et Liker \u2013 Stok - Delhi\r\n<strong>Dur\u00e9e :<\/strong> 8 Nuits 9 Jours\r\n<h3>Itin\u00e9raire :<\/h3>\r\n<strong>Jour 1\u00a0: Delhi<\/strong>\r\n\u00c0 l\u2019arriv\u00e9e \u00e0 Delhi vous serez accueilli par notre agent et transfert \u00e0 l\u2019h\u00f4tel. Nuit \u00e0 l\u2019H\u00f4tel.\r\n\r\n<strong>Jour 2\u00a0: Delhi \u2013 Leh<\/strong>\r\nTransfert \u00e0 l\u2019a\u00e9roport pour embarquer pour le vol vers Leh. Vous serez re\u00e7u \u00e0 l\u2019arriv\u00e9e et transfert \u00e0 l\u2019h\u00f4tel. Reposez-vous et acclimatez-vous \u00e0 l\u2019altitude et \u00e0 l\u2019air rar\u00e9fi\u00e9 du Ladakh. Nuit \u00e0 l\u2019h\u00f4tel.\r\n\r\n<strong>Jour 03\u00a0: Leh<\/strong>\r\nVisite d\u2019une demi-journ\u00e9e. Apr\u00e8s le petit d\u00e9jeuner visite de monuments anciens et de lieux Bouddhistes. Apr\u00e8s le d\u00e9jeuner visite de la Shanti Stupa, Construite par des Bouddhistes Japonais. Elle a \u00e9t\u00e9 inaugur\u00e9e en 1983 par Sa Saintet\u00e9 le Dala\u00ef-Lama et visite du monast\u00e8re de Sankar. Nuit \u00e0 l\u2019H\u00f4tel.\r\n\r\n<strong>Jour 4\u00a0: Leh \u2013 Alchi<\/strong>\r\nApr\u00e8s le petit d\u00e9jeuner, on part pour Alchi. Situ\u00e9 \u00e0 l\u2019ouest de Leh sur la route visite du monast\u00e8re de Phyang, du palais de Basgo, du monast\u00e8re de Liker et le soir visite du monast\u00e8re de Alchi (le monast\u00e8re de Alchi a de belles peintures sur ses murs, qui sont des exemples du d\u00e9but de l\u2019art Bouddhiste). Nuit \u00e0 la guest house ou \u00e0 l\u2019h\u00f4tel.\r\n\r\n<strong>Jour 5\u00a0: Alchi \u2013 Lamayuru \u2013 Ridzong \u2013 Leh<\/strong>\r\nApr\u00e8s le petit d\u00e9jeuner on va en voiture au monast\u00e8re de Lamayuru et on va voir aussi le paysage de la Lune. Lamayuru est un des monast\u00e8res les plus vieux du Ladakh Central. Sur la route de retour visite du monast\u00e8re de Ridzong. Ridzong est une nonnerie, o\u00f9 r\u00e9sident des nonnes Bouddhistes. Nuit \u00e0 l\u2019h\u00f4tel.\r\n\r\n<strong>Jour 6\u00a0: Leh \u2013 Hemis \u2013 Thiksey \u2013 Shey \u2013 Chemday \u2013 Takthok \u2013 palais de Stok<\/strong>\r\nApr\u00e8s le petit d\u00e9jeuner on va en voiture visiter les monast\u00e8res de Thiksey, Hemis, Chemday et de Takthok et les palais royaux de Shey et de Stok et un mus\u00e9e. Nuit \u00e0 l\u2019h\u00f4tel.\r\n\r\n<strong>Jour 7\u00a0: Leh \u2013 Delhi<\/strong>\r\nApr\u00e8s un petit d\u00e9jeuner t\u00f4t on part pour l\u2019a\u00e9roport pour le vol vers Delhi. Notre agent vous rencontrera \u00e0 l\u2019a\u00e9roport de Delhi et transfert \u00e0 l\u2019h\u00f4tel.\r\n\r\n<strong>Jour 8\u00a0: Delhi<\/strong>\r\nVisite la journ\u00e9e du vieux Delhi et de New Delhi.\r\n\r\n<strong>Jour 9\u00a0: D\u00e9part<\/strong>\r\nApr\u00e8s le petit d\u00e9jeuner vous partirez \u00e0 l\u2019a\u00e9roport international.\r\n\r\n<\/div>"},"excerpt":{"rendered":"Places Covered: Delhi - Leh - Hemis -Thiksey - Shey - Chemday - Takthok - Matho - Alchi - Lamayuru - Ridzong and Liker - Stok - Delhi Duration: 8 Nights 9 Days Itinerary: Day 1: Delhi On arrival at Delhi you will be met by our representative and transfer to hotel. Overnight Hotel. Day<div class=\"padding-top text-center\"><a href=\"https:\/\/www.ladakhzanskartrekking.com\/fr\/voyages\/visite-de-leh\/\" class=\"atbtn atbtn--medium atbtn--rounded atbtn--transparent\">Lire plus<i class=\"atbtn__icon atbtn__icon--right fa fa-long-arrow-right\"><\/i><\/a><\/div>","protected":false,"raw":""},"featured_media":1325,"comment_status":"open","ping_status":"closed","template":"","meta":{"_en_post_content":"<div id=\"overview\" class=\"tab-pane active\" role=\"tabpanel\"><strong>Places Covered:<\/strong> Delhi - Leh - Hemis -Thiksey - Shey - Chemday - Takthok - Matho - Alchi - Lamayuru - Ridzong and Liker - Stok - Delhi\r\n<strong>Duration:<\/strong> 8 Nights 9 Days\r\n<h3>Itinerary:<\/h3>\r\n<strong>Day 1: Delhi<\/strong>\r\nOn arrival at Delhi you will be met by our representative and transfer to hotel. Overnight Hotel.\r\n\r\n<strong>Day 2: Delhi - Leh<\/strong>\r\nTransfer to the airport to board the flight to Leh. You will be received on arrival and transfer to hotel. Rest and acclimatize yourself to the altitude and rarified air of Ladakh. Overnight hotel.\r\n\r\n<strong>Day 3: Leh<\/strong>\r\nHalf day tour. After breakfast visit ancient monuments and Buddhist sites. After lunch visit the Shanti Stupa, Built by Japanese Buddhists. It was inaugurated in 1983 by His Holiness the Dalai Lama and visit Sankar monastery. Overnight Hotel.\r\n\r\n<strong>Day 4: Leh - Alchi<\/strong>\r\nAfter breakfast, we leave for Alchi. Located west of Leh on the way visit Phyang monastery, Basgo palace, Liker monastery and in evening visit Alchi monastery (the Alchi monastery has beautiful paintings on its walls, which are examples of early Buddhist art). Overnight at guest house or hotel.\r\n\r\n<strong>Day 5: Alchi - Lamayuru - Ridzong- Leh<\/strong>\r\nAfter breakfast we drive to Lamayuru monastery and also view of Moon land. Lamayuru is one of the oldest monasteries in Central Ladakh. On the way back visit Ridzong monastery. Ridzong is a nunnery, where Buddhist nuns reside. Overnight hotel.\r\n\r\n<strong>Day 6: Leh -Hemis - Thiksey - Shey- Chemday-Takthok - Stok palace.<\/strong>\r\nAfter breakfast we drive to visit Thiksey, Hemis , Chemday, Takthok monastery and Shey &amp; Stok Royal Palace and museum. Overnight hotel.\r\n\r\n<strong>Day 7: Leh - Delhi<\/strong>\r\nAfter an early breakfast we leave for the airport to onwards flight to Delhi. Our representative will meet you at Delhi airport and transfer to hotel.\r\n\r\n<strong>Day 8: Delhi<\/strong>\r\nDay sightseeing of old Delhi and New Delhi.\r\n\r\n<strong>Day 9: Departure<\/strong>\r\nAfter breakfast you will transfer to the international airport.\r\n\r\n<\/div>","_en_post_name":"leh-sight-seeing","_en_post_excerpt":"","_en_post_title":"Leh Sight Seeing","_fr_post_content":"<div id=\"overview\" class=\"tab-pane active\" role=\"tabpanel\"><strong>Lieux visit\u00e9s\u00a0:<\/strong> Delhi \u2013 Leh \u2013 Hemis \u2013 Thiksey \u2013 Shey \u2013 Chemday \u2013 Takthok \u2013 Matho \u2013 Alchi \u2013 Lamayuru \u2013 Ridzong et Liker \u2013 Stok - Delhi\r\n<strong>Dur\u00e9e :<\/strong> 8 Nuits 9 Jours\r\n<h3>Itin\u00e9raire :<\/h3>\r\n<strong>Jour 1\u00a0: Delhi<\/strong>\r\n\u00c0 l\u2019arriv\u00e9e \u00e0 Delhi vous serez accueilli par notre agent et transfert \u00e0 l\u2019h\u00f4tel. Nuit \u00e0 l\u2019H\u00f4tel.\r\n\r\n<strong>Jour 2\u00a0: Delhi \u2013 Leh<\/strong>\r\nTransfert \u00e0 l\u2019a\u00e9roport pour embarquer pour le vol vers Leh. Vous serez re\u00e7u \u00e0 l\u2019arriv\u00e9e et transfert \u00e0 l\u2019h\u00f4tel. Reposez-vous et acclimatez-vous \u00e0 l\u2019altitude et \u00e0 l\u2019air rar\u00e9fi\u00e9 du Ladakh. Nuit \u00e0 l\u2019h\u00f4tel.\r\n\r\n<strong>Jour 03\u00a0: Leh<\/strong>\r\nVisite d\u2019une demi-journ\u00e9e. Apr\u00e8s le petit d\u00e9jeuner visite de monuments anciens et de lieux Bouddhistes. Apr\u00e8s le d\u00e9jeuner visite de la Shanti Stupa, Construite par des Bouddhistes Japonais. Elle a \u00e9t\u00e9 inaugur\u00e9e en 1983 par Sa Saintet\u00e9 le Dala\u00ef-Lama et visite du monast\u00e8re de Sankar. Nuit \u00e0 l\u2019H\u00f4tel.\r\n\r\n<strong>Jour 4\u00a0: Leh \u2013 Alchi<\/strong>\r\nApr\u00e8s le petit d\u00e9jeuner, on part pour Alchi. Situ\u00e9 \u00e0 l\u2019ouest de Leh sur la route visite du monast\u00e8re de Phyang, du palais de Basgo, du monast\u00e8re de Liker et le soir visite du monast\u00e8re de Alchi (le monast\u00e8re de Alchi a de belles peintures sur ses murs, qui sont des exemples du d\u00e9but de l\u2019art Bouddhiste). Nuit \u00e0 la guest house ou \u00e0 l\u2019h\u00f4tel.\r\n\r\n<strong>Jour 5\u00a0: Alchi \u2013 Lamayuru \u2013 Ridzong \u2013 Leh<\/strong>\r\nApr\u00e8s le petit d\u00e9jeuner on va en voiture au monast\u00e8re de Lamayuru et on va voir aussi le paysage de la Lune. Lamayuru est un des monast\u00e8res les plus vieux du Ladakh Central. Sur la route de retour visite du monast\u00e8re de Ridzong. Ridzong est une nonnerie, o\u00f9 r\u00e9sident des nonnes Bouddhistes. Nuit \u00e0 l\u2019h\u00f4tel.\r\n\r\n<strong>Jour 6\u00a0: Leh \u2013 Hemis \u2013 Thiksey \u2013 Shey \u2013 Chemday \u2013 Takthok \u2013 palais de Stok<\/strong>\r\nApr\u00e8s le petit d\u00e9jeuner on va en voiture visiter les monast\u00e8res de Thiksey, Hemis, Chemday et de Takthok et les palais royaux de Shey et de Stok et un mus\u00e9e. Nuit \u00e0 l\u2019h\u00f4tel.\r\n\r\n<strong>Jour 7\u00a0: Leh \u2013 Delhi<\/strong>\r\nApr\u00e8s un petit d\u00e9jeuner t\u00f4t on part pour l\u2019a\u00e9roport pour le vol vers Delhi. Notre agent vous rencontrera \u00e0 l\u2019a\u00e9roport de Delhi et transfert \u00e0 l\u2019h\u00f4tel.\r\n\r\n<strong>Jour 8\u00a0: Delhi<\/strong>\r\nVisite la journ\u00e9e du vieux Delhi et de New Delhi.\r\n\r\n<strong>Jour 9\u00a0: D\u00e9part<\/strong>\r\nApr\u00e8s le petit d\u00e9jeuner vous partirez \u00e0 l\u2019a\u00e9roport international.\r\n\r\n<\/div>","_fr_post_name":"visite-de-leh","_fr_post_excerpt":"","_fr_post_title":"Visite de Leh","edit_language":"fr"},"product_brand":[],"product_cat":[15],"product_tag":[],"class_list":{"0":"post-1433","1":"product","2":"type-product","3":"status-publish","4":"has-post-thumbnail","6":"product_cat-uncategorized","7":"tour_category-cultural-tours","9":"first","10":"instock","11":"shipping-taxable","12":"product-type-tour"},"_links":{"self":[{"href":"https:\/\/www.ladakhzanskartrekking.com\/fr\/wp-json\/wp\/v2\/product\/1433","targetHints":{"allow":["GET"]}}],"collection":[{"href":"https:\/\/www.ladakhzanskartrekking.com\/fr\/wp-json\/wp\/v2\/product"}],"about":[{"href":"https:\/\/www.ladakhzanskartrekking.com\/fr\/wp-json\/wp\/v2\/types\/product"}],"replies":[{"embeddable":true,"href":"https:\/\/www.ladakhzanskartrekking.com\/fr\/wp-json\/wp\/v2\/comments?post=1433"}],"wp:featuredmedia":[{"embeddable":true,"href":"https:\/\/www.ladakhzanskartrekking.com\/fr\/wp-json\/wp\/v2\/media\/1325"}],"wp:attachment":[{"href":"https:\/\/www.ladakhzanskartrekking.com\/fr\/wp-json\/wp\/v2\/media?parent=1433"}],"wp:term":[{"taxonomy":"product_brand","embeddable":true,"href":"https:\/\/www.ladakhzanskartrekking.com\/fr\/wp-json\/wp\/v2\/product_brand?post=1433"},{"taxonomy":"product_cat","embeddable":true,"href":"https:\/\/www.ladakhzanskartrekking.com\/fr\/wp-json\/wp\/v2\/product_cat?post=1433"},{"taxonomy":"product_tag","embeddable":true,"href":"https:\/\/www.ladakhzanskartrekking.com\/fr\/wp-json\/wp\/v2\/product_tag?post=1433"}],"curies":[{"name":"wp","href":"https:\/\/api.w.org\/{rel}","templated":true}]}}