{"id":1787,"date":"2022-11-10T17:09:24","date_gmt":"2022-11-10T17:09:24","guid":{"rendered":"http:\/\/www.ladakhzanskartrekking.com\/?post_type=product&#038;p=1787"},"modified":"2025-11-27T10:51:23","modified_gmt":"2025-11-27T10:51:23","slug":"trek-de-kanji-photoksar-zangla","status":"publish","type":"product","link":"https:\/\/www.ladakhzanskartrekking.com\/fr\/voyages\/trek-de-kanji-photoksar-zangla\/","title":{"rendered":"Trek de Kanji - Photoksar - Zangla","raw":"Trek de Kanji - Photoksar - Zangla"},"content":{"rendered":"<div id=\"overview\" class=\"tab-pane active\" role=\"tabpanel\">\n<h3><strong>Itin\u00e9raire :<\/strong><\/h3>\n<p>Jour &#8211; 01 &#8211; DELHI &#8211; LEH (3500MT)<br \/>\n\u00c0 l\u2019arriv\u00e9e Transfert de l\u2019A\u00e9roport \u00e0 l&rsquo;H\u00f4tel: Jour complet de repos pour l&rsquo;acclimatation. Nuit \u00e0 l&rsquo;H\u00f4tel<\/p>\n<p>Jour &#8211; 02 &#8211; LEH &#8211; Toute la journ\u00e9e visite des monast\u00e8res de Shey, Thiksey et Hemis. Nuit \u00e0 l&rsquo;H\u00f4tel<br \/>\nShey \u00e9tait la capitale du Ladakh dans le pass\u00e9. Il contient une immense statue de Bouddha Shakyamuni. C&rsquo;est la deuxi\u00e8me plus grande statue de Bouddha au Ladakh.<br \/>\nHemis &#8211; Le monast\u00e8re de Hemis est un monast\u00e8re bouddhiste himalayen de la lign\u00e9e Drukpa, \u00e0 Hemis Ladakh. Situ\u00e9 \u00e0 45km de Leh, il a \u00e9t\u00e9 r\u00e9tabli en 1672 par le Roi du Ladakh Sengge Namgyal.<br \/>\nThiksay &#8211; L&rsquo;histoire du monast\u00e8re de Thiksey dit que le monast\u00e8re est une structure du 15\u00e8me si\u00e8cle. En 1433, Jangsem Sherap Zangpo, le disciple de Tsongkhapa (le fondateur de la secte Gelug du Bouddhisme Tib\u00e9tain) a fond\u00e9 un petit village monast\u00e8re appel\u00e9 Lhakhang Serpo Temple Jaune.<\/p>\n<p>Jour &#8211; 03 &#8211; LEH &#8211; ALCHI &#8211; LAMAYURU &#8211; KANJI (3850MT)<br \/>\nLe matin apr\u00e8s le petit d\u00e9jeuner en voiture jusqu&rsquo;au village de Kanji approximativement 6hrs, en route visite des monast\u00e8res d&rsquo;Alchi et de Lamayuru. Nuit au Camping<\/p>\n<p>Jour &#8211; 04 &#8211; KANJI &#8211; KANJI DOK (4100MT)<br \/>\nLe matin apr\u00e8s le petit d\u00e9jeuner Trek jusqu&rsquo;\u00e0 Kanji Dok 3-4hrs de marche. Nuit au Camping<\/p>\n<p>Jour &#8211; 05 &#8211; KANJI DOK &#8211; YOKMA LA (4700MT) &#8211; SHILLAKONG (4300MT)<br \/>\nLe matin apr\u00e8s le petit d\u00e9jeuner Trek jusqu&rsquo;\u00e0 Shillakong 5-6hrs de marche. Passage du col du Yokma La 4700mt. Nuit au Camping<\/p>\n<p>Jour &#8211; 06 &#8211; SHILLAKONG &#8211; SPANGTANG &#8211; NYIGUTSE LA (5000MT)-<br \/>\nLe matin apr\u00e8s le petit d\u00e9jeuner Trek jusqu&rsquo;\u00e0 Spangtang 6-7hrs de marche, en passant le Nyigutse La 5000mt. Nuit au Camping<\/p>\n<p>Jour &#8211; 07 &#8211; SPANGTANG &#8211; PHOTOKSAR &#8211; SIRSIR LA (4805MT)-<br \/>\nLe matin apr\u00e8s le petit d\u00e9jeuner Trek jusqu&rsquo;\u00e0 Photoksar 5-6hrs de marche, en passant le Sirsir La 4805 mt. Nuit au Camping<\/p>\n<p>Jour &#8211; 08 &#8211; PHOTOKSAR &#8211; CAMP DE BASE DU SENGGE LA (4450MT)-<br \/>\nLe matin apr\u00e8s le petit d\u00e9jeuner Trek jusqu&rsquo;au Camp de base du Sengge La(4450mt) 5-6hrs de marche, en passant le Bumitse La 4400mt. Nuit au Camping<\/p>\n<p>Jour &#8211; 09 &#8211; CAMP DE BASE DU SENGGE LA &#8211; SKYUMPATA &#8211; COL DU SENGGE LA (4950) KYUKPA LA (4400MT)-<br \/>\nLe matin apr\u00e8s le petit d\u00e9jeuner Trek jusqu&rsquo;\u00e0 Skyumpata 6-7hrs de marche, en passant le Kyukpa la 4400mt. Nuit au Camping<\/p>\n<p>Jour &#8211; 10 &#8211; SKYUMPATA &#8211; CAMP DE BASE DU HANUMALA &#8211; MARGUM LA (4400MT)- CHAPSKANG LA (4200MT)-<br \/>\nLe matin apr\u00e8s le petit d\u00e9jeuner Trek jusqu&rsquo;au Camp de base du Hanumala(4100mt) 7-8hrs de marche, visite le Monast\u00e8re de Lingshed. Nuit au Camping<\/p>\n<p>Jour &#8211; 11 &#8211; CAMP DE BASE DU HANUMALA &#8211; ZINGCHEN &#8211; COL DU HANUMALA (4700MT)-<br \/>\nLe matin apr\u00e8s le petit d\u00e9jeuner Trek jusqu&rsquo;\u00e0 Zingchen 6-7hrs de marche jusqu&rsquo;\u00e0 ce que le col soit franchi, le chemin est en zigzag Col du Hanumala 4700mt. Nuit au Camping<\/p>\n<p>Jour &#8211; 12 &#8211; ZINGCHEN &#8211; HANAMUR &#8211; COL DU PARFILA (3900MT)-<br \/>\nLe matin apr\u00e8s le petit d\u00e9jeuner Trek jusqu&rsquo;\u00e0 Hanamur 5-6hrs de marche, en passant le Col du Parfila 3900mt. Nuit au Camping<\/p>\n<p>Jour &#8211; 13 &#8211; HANAMUR &#8211; ZANGLA &#8211; VILLAGE DE PIDMO-<br \/>\nLe matin apr\u00e8s le petit d\u00e9jeuner Trek jusqu&rsquo;au village de Zangla 5-6hrs de marche, traverse le Pont de Pidmo. Nuit au Camping<\/p>\n<\/div>\n","protected":false,"raw":"<div id=\"overview\" class=\"tab-pane active\" role=\"tabpanel\">\r\n<h3><strong>Itin\u00e9raire :<\/strong><\/h3>\r\nJour - 01 - DELHI - LEH (3500MT)\r\n\u00c0 l\u2019arriv\u00e9e Transfert de l\u2019A\u00e9roport \u00e0 l'H\u00f4tel: Jour complet de repos pour l'acclimatation. Nuit \u00e0 l'H\u00f4tel\r\n\r\nJour - 02 - LEH - Toute la journ\u00e9e visite des monast\u00e8res de Shey, Thiksey et Hemis. Nuit \u00e0 l'H\u00f4tel\r\nShey \u00e9tait la capitale du Ladakh dans le pass\u00e9. Il contient une immense statue de Bouddha Shakyamuni. C'est la deuxi\u00e8me plus grande statue de Bouddha au Ladakh.\r\nHemis - Le monast\u00e8re de Hemis est un monast\u00e8re bouddhiste himalayen de la lign\u00e9e Drukpa, \u00e0 Hemis Ladakh. Situ\u00e9 \u00e0 45km de Leh, il a \u00e9t\u00e9 r\u00e9tabli en 1672 par le Roi du Ladakh Sengge Namgyal.\r\nThiksay - L'histoire du monast\u00e8re de Thiksey dit que le monast\u00e8re est une structure du 15\u00e8me si\u00e8cle. En 1433, Jangsem Sherap Zangpo, le disciple de Tsongkhapa (le fondateur de la secte Gelug du Bouddhisme Tib\u00e9tain) a fond\u00e9 un petit village monast\u00e8re appel\u00e9 Lhakhang Serpo Temple Jaune.\r\n\r\nJour - 03 - LEH - ALCHI - LAMAYURU - KANJI (3850MT)\r\nLe matin apr\u00e8s le petit d\u00e9jeuner en voiture jusqu'au village de Kanji approximativement 6hrs, en route visite des monast\u00e8res d'Alchi et de Lamayuru. Nuit au Camping\r\n\r\nJour - 04 - KANJI - KANJI DOK (4100MT)\r\nLe matin apr\u00e8s le petit d\u00e9jeuner Trek jusqu'\u00e0 Kanji Dok 3-4hrs de marche. Nuit au Camping\r\n\r\nJour - 05 - KANJI DOK - YOKMA LA (4700MT) - SHILLAKONG (4300MT)\r\nLe matin apr\u00e8s le petit d\u00e9jeuner Trek jusqu'\u00e0 Shillakong 5-6hrs de marche. Passage du col du Yokma La 4700mt. Nuit au Camping\r\n\r\nJour - 06 - SHILLAKONG - SPANGTANG - NYIGUTSE LA (5000MT)-\r\nLe matin apr\u00e8s le petit d\u00e9jeuner Trek jusqu'\u00e0 Spangtang 6-7hrs de marche, en passant le Nyigutse La 5000mt. Nuit au Camping\r\n\r\nJour - 07 - SPANGTANG - PHOTOKSAR - SIRSIR LA (4805MT)-\r\nLe matin apr\u00e8s le petit d\u00e9jeuner Trek jusqu'\u00e0 Photoksar 5-6hrs de marche, en passant le Sirsir La 4805 mt. Nuit au Camping\r\n\r\nJour - 08 - PHOTOKSAR - CAMP DE BASE DU SENGGE LA (4450MT)-\r\nLe matin apr\u00e8s le petit d\u00e9jeuner Trek jusqu'au Camp de base du Sengge La(4450mt) 5-6hrs de marche, en passant le Bumitse La 4400mt. Nuit au Camping\r\n\r\nJour - 09 - CAMP DE BASE DU SENGGE LA - SKYUMPATA - COL DU SENGGE LA (4950) KYUKPA LA (4400MT)-\r\nLe matin apr\u00e8s le petit d\u00e9jeuner Trek jusqu'\u00e0 Skyumpata 6-7hrs de marche, en passant le Kyukpa la 4400mt. Nuit au Camping\r\n\r\nJour - 10 - SKYUMPATA - CAMP DE BASE DU HANUMALA - MARGUM LA (4400MT)- CHAPSKANG LA (4200MT)-\r\nLe matin apr\u00e8s le petit d\u00e9jeuner Trek jusqu'au Camp de base du Hanumala(4100mt) 7-8hrs de marche, visite le Monast\u00e8re de Lingshed. Nuit au Camping\r\n\r\nJour - 11 - CAMP DE BASE DU HANUMALA - ZINGCHEN - COL DU HANUMALA (4700MT)-\r\nLe matin apr\u00e8s le petit d\u00e9jeuner Trek jusqu'\u00e0 Zingchen 6-7hrs de marche jusqu'\u00e0 ce que le col soit franchi, le chemin est en zigzag Col du Hanumala 4700mt. Nuit au Camping\r\n\r\nJour - 12 - ZINGCHEN - HANAMUR - COL DU PARFILA (3900MT)-\r\nLe matin apr\u00e8s le petit d\u00e9jeuner Trek jusqu'\u00e0 Hanamur 5-6hrs de marche, en passant le Col du Parfila 3900mt. Nuit au Camping\r\n\r\nJour - 13 - HANAMUR - ZANGLA - VILLAGE DE PIDMO-\r\nLe matin apr\u00e8s le petit d\u00e9jeuner Trek jusqu'au village de Zangla 5-6hrs de marche, traverse le Pont de Pidmo. Nuit au Camping\r\n\r\n<\/div>"},"excerpt":{"rendered":"Itinerary: Day - 01 - DELHI - LEH (3500MT) Arrival Transfer from Airport to Hotel: Full day rest for acclimatization. Overnight at Hotel Day - 02 - LEH - Full day tour of Shey, Thiksey and Hemis Monastery. Overnight at Hotel Shey was the summer capital of Ladakh in the past. It contains a huge<div class=\"padding-top text-center\"><a href=\"https:\/\/www.ladakhzanskartrekking.com\/fr\/voyages\/trek-de-kanji-photoksar-zangla\/\" class=\"atbtn atbtn--medium atbtn--rounded atbtn--transparent\">Lire plus<i class=\"atbtn__icon atbtn__icon--right fa fa-long-arrow-right\"><\/i><\/a><\/div>","protected":false,"raw":""},"featured_media":1791,"comment_status":"open","ping_status":"closed","template":"","meta":{"_en_post_content":"<div id=\"overview\" class=\"tab-pane active\" role=\"tabpanel\">\r\n<h3><strong>Itinerary:<\/strong><\/h3>\r\nDay - 01 - DELHI - LEH (3500MT)\r\nArrival Transfer from Airport to Hotel: Full day rest for acclimatization. Overnight at Hotel\r\n\r\nDay - 02 - LEH - Full day tour of Shey, Thiksey and Hemis Monastery. Overnight at Hotel\r\nShey was the summer capital of Ladakh in the past. It contains a huge Shakyamuni Buddha Statue. It is the second largest Buddha statue in Ladakh.\r\nHemis - Hemis Monastery is a Himalayan Buddhist monastery of the Drukpa Lineage, in Hemis Ladakh. Situated 45km from Leh, it was re- established in 1672 by the Ladakh King Sengge Namgyal.\r\nThiksay - The history of Thiksey Monastery states that the gompa is a 15th century structure. In 1433, Jangsem Sherab Zangpo, the disciple of Tsongkhapa (the founder of the Gelug sect of Tibetan Buddhism) founded a small village monastery called Lhakhang Serpo Yellow Temple.\r\n\r\nDay - 03 - LEH - ALCHI - LAMAYURU - KANJI (3850MT)\r\nMorning after breakfast drive to Kanji village 6hrs approximately, en route visit Alchi and Lamayuru Gonpa. Overnight at camp\r\n\r\nDay - 04 - KANJI - KANJI DOK (4100MT)\r\nMorning after breakfast Trek to Kanji Dok 3-4hrs walk. Overnight at Camp\r\n\r\nDay - 05 - KANJI DOK - YOKMA LA (4700MT) - SHILLAKONG (4300MT)\r\nMorning after breakfast Trek to Shillakong 5-6hrs walk. Over the Yokma La pass 4700mt. Overnight Camp\r\n\r\nDay - 06 - SHILLAKONG - SPANGTANG - NYIGUTSE LA (5000MT)-\r\nMorning after breakfast Trek to Spangtang 6-7hrs walk, over the Nyigutse La 5000mt. Overnight Camp\r\n\r\nDay - 07 - SPANGTANG - PHOTOKSAR - SIRSIR LA (4805MT)-\r\nMorning after breakfast Trek to Photoksar 5-6hrs walk, over the Sirsir La 4805 mt. Overnight Camp\r\n\r\nDay - 08 - PHOTOKSAR - SENGGE LA BASE (4450MT)-\r\nMorning after breakfast Trek to Sengge La Base(4450mt) 5-6hrs walk, over the Bumitse La 4400mt. Overnight Camp\r\n\r\nDay - 09 - SENGGE LA BASE - SKYUMPATA - SENGGE LA PASS (4950) KYUKPA LA (4400MT)-\r\nMorning after breakfast Trek to Skyumpata 6-7hrs walk, over the Kyukpa la 4400mt. Overnight Camp\r\n\r\nDay - 10 - SKYUMPATA - HANUMALA BASE - MARGUM LA (4400MT)- CHAPSKANG LA (4200MT)-\r\nMorning after breakfast Trek to Hanumala Base(4100mt) 7-8hrs walk, visit the Lingshed Monastery. Overnight Camp\r\n\r\nDay - 11 - HANUMALA BASE - ZINGCHEN - HANUMALA PASS (4700MT)-\r\nMorning after breakfast Trek to Zingchen 6-7hrs walk until the pass reached, the path is zigzag Hanumala Pass 4700mt. Overnight Camp\r\n\r\nDay - 12 - ZINGCHEN - HANAMUR - PARFILA PASS (3900MT)-\r\nMorning after breakfast Trek to Hanamur 5-6hrs walk, over the Parfila Pass 3900mt. Overnight Camp\r\n\r\nDay - 13 - HANAMUR - ZANGLA - PIDMO VILLAGE-\r\nMorning after breakfast Trek to Zangla village 5-6hrs walk, cross the Pidmo Bridge. Overnight Camp\r\n\r\n<\/div>","_en_post_name":"kanji-photoksar-zangla-trek","_en_post_excerpt":"","_en_post_title":"Kanji - Photoksar - Zangla Trek","_fr_post_content":"<div id=\"overview\" class=\"tab-pane active\" role=\"tabpanel\">\r\n<h3><strong>Itin\u00e9raire :<\/strong><\/h3>\r\nJour - 01 - DELHI - LEH (3500MT)\r\n\u00c0 l\u2019arriv\u00e9e Transfert de l\u2019A\u00e9roport \u00e0 l'H\u00f4tel: Jour complet de repos pour l'acclimatation. Nuit \u00e0 l'H\u00f4tel\r\n\r\nJour - 02 - LEH - Toute la journ\u00e9e visite des monast\u00e8res de Shey, Thiksey et Hemis. Nuit \u00e0 l'H\u00f4tel\r\nShey \u00e9tait la capitale du Ladakh dans le pass\u00e9. Il contient une immense statue de Bouddha Shakyamuni. C'est la deuxi\u00e8me plus grande statue de Bouddha au Ladakh.\r\nHemis - Le monast\u00e8re de Hemis est un monast\u00e8re bouddhiste himalayen de la lign\u00e9e Drukpa, \u00e0 Hemis Ladakh. Situ\u00e9 \u00e0 45km de Leh, il a \u00e9t\u00e9 r\u00e9tabli en 1672 par le Roi du Ladakh Sengge Namgyal.\r\nThiksay - L'histoire du monast\u00e8re de Thiksey dit que le monast\u00e8re est une structure du 15\u00e8me si\u00e8cle. En 1433, Jangsem Sherap Zangpo, le disciple de Tsongkhapa (le fondateur de la secte Gelug du Bouddhisme Tib\u00e9tain) a fond\u00e9 un petit village monast\u00e8re appel\u00e9 Lhakhang Serpo Temple Jaune.\r\n\r\nJour - 03 - LEH - ALCHI - LAMAYURU - KANJI (3850MT)\r\nLe matin apr\u00e8s le petit d\u00e9jeuner en voiture jusqu'au village de Kanji approximativement 6hrs, en route visite des monast\u00e8res d'Alchi et de Lamayuru. Nuit au Camping\r\n\r\nJour - 04 - KANJI - KANJI DOK (4100MT)\r\nLe matin apr\u00e8s le petit d\u00e9jeuner Trek jusqu'\u00e0 Kanji Dok 3-4hrs de marche. Nuit au Camping\r\n\r\nJour - 05 - KANJI DOK - YOKMA LA (4700MT) - SHILLAKONG (4300MT)\r\nLe matin apr\u00e8s le petit d\u00e9jeuner Trek jusqu'\u00e0 Shillakong 5-6hrs de marche. Passage du col du Yokma La 4700mt. Nuit au Camping\r\n\r\nJour - 06 - SHILLAKONG - SPANGTANG - NYIGUTSE LA (5000MT)-\r\nLe matin apr\u00e8s le petit d\u00e9jeuner Trek jusqu'\u00e0 Spangtang 6-7hrs de marche, en passant le Nyigutse La 5000mt. Nuit au Camping\r\n\r\nJour - 07 - SPANGTANG - PHOTOKSAR - SIRSIR LA (4805MT)-\r\nLe matin apr\u00e8s le petit d\u00e9jeuner Trek jusqu'\u00e0 Photoksar 5-6hrs de marche, en passant le Sirsir La 4805 mt. Nuit au Camping\r\n\r\nJour - 08 - PHOTOKSAR - CAMP DE BASE DU SENGGE LA (4450MT)-\r\nLe matin apr\u00e8s le petit d\u00e9jeuner Trek jusqu'au Camp de base du Sengge La(4450mt) 5-6hrs de marche, en passant le Bumitse La 4400mt. Nuit au Camping\r\n\r\nJour - 09 - CAMP DE BASE DU SENGGE LA - SKYUMPATA - COL DU SENGGE LA (4950) KYUKPA LA (4400MT)-\r\nLe matin apr\u00e8s le petit d\u00e9jeuner Trek jusqu'\u00e0 Skyumpata 6-7hrs de marche, en passant le Kyukpa la 4400mt. Nuit au Camping\r\n\r\nJour - 10 - SKYUMPATA - CAMP DE BASE DU HANUMALA - MARGUM LA (4400MT)- CHAPSKANG LA (4200MT)-\r\nLe matin apr\u00e8s le petit d\u00e9jeuner Trek jusqu'au Camp de base du Hanumala(4100mt) 7-8hrs de marche, visite le Monast\u00e8re de Lingshed. Nuit au Camping\r\n\r\nJour - 11 - CAMP DE BASE DU HANUMALA - ZINGCHEN - COL DU HANUMALA (4700MT)-\r\nLe matin apr\u00e8s le petit d\u00e9jeuner Trek jusqu'\u00e0 Zingchen 6-7hrs de marche jusqu'\u00e0 ce que le col soit franchi, le chemin est en zigzag Col du Hanumala 4700mt. Nuit au Camping\r\n\r\nJour - 12 - ZINGCHEN - HANAMUR - COL DU PARFILA (3900MT)-\r\nLe matin apr\u00e8s le petit d\u00e9jeuner Trek jusqu'\u00e0 Hanamur 5-6hrs de marche, en passant le Col du Parfila 3900mt. Nuit au Camping\r\n\r\nJour - 13 - HANAMUR - ZANGLA - VILLAGE DE PIDMO-\r\nLe matin apr\u00e8s le petit d\u00e9jeuner Trek jusqu'au village de Zangla 5-6hrs de marche, traverse le Pont de Pidmo. Nuit au Camping\r\n\r\n<\/div>","_fr_post_name":"trek-de-kanji-photoksar-zangla","_fr_post_excerpt":"","_fr_post_title":"Trek de Kanji - Photoksar - Zangla","edit_language":"fr"},"product_brand":[],"product_cat":[15],"product_tag":[],"class_list":{"0":"post-1787","1":"product","2":"type-product","3":"status-publish","4":"has-post-thumbnail","6":"product_cat-uncategorized","7":"tour_category-trekking","9":"first","10":"instock","11":"shipping-taxable","12":"product-type-tour"},"_links":{"self":[{"href":"https:\/\/www.ladakhzanskartrekking.com\/fr\/wp-json\/wp\/v2\/product\/1787","targetHints":{"allow":["GET"]}}],"collection":[{"href":"https:\/\/www.ladakhzanskartrekking.com\/fr\/wp-json\/wp\/v2\/product"}],"about":[{"href":"https:\/\/www.ladakhzanskartrekking.com\/fr\/wp-json\/wp\/v2\/types\/product"}],"replies":[{"embeddable":true,"href":"https:\/\/www.ladakhzanskartrekking.com\/fr\/wp-json\/wp\/v2\/comments?post=1787"}],"wp:featuredmedia":[{"embeddable":true,"href":"https:\/\/www.ladakhzanskartrekking.com\/fr\/wp-json\/wp\/v2\/media\/1791"}],"wp:attachment":[{"href":"https:\/\/www.ladakhzanskartrekking.com\/fr\/wp-json\/wp\/v2\/media?parent=1787"}],"wp:term":[{"taxonomy":"product_brand","embeddable":true,"href":"https:\/\/www.ladakhzanskartrekking.com\/fr\/wp-json\/wp\/v2\/product_brand?post=1787"},{"taxonomy":"product_cat","embeddable":true,"href":"https:\/\/www.ladakhzanskartrekking.com\/fr\/wp-json\/wp\/v2\/product_cat?post=1787"},{"taxonomy":"product_tag","embeddable":true,"href":"https:\/\/www.ladakhzanskartrekking.com\/fr\/wp-json\/wp\/v2\/product_tag?post=1787"}],"curies":[{"name":"wp","href":"https:\/\/api.w.org\/{rel}","templated":true}]}}