{"id":1792,"date":"2022-11-12T10:54:21","date_gmt":"2022-11-12T10:54:21","guid":{"rendered":"http:\/\/www.ladakhzanskartrekking.com\/?post_type=product&#038;p=1792"},"modified":"2026-02-18T17:46:36","modified_gmt":"2026-02-18T17:46:36","slug":"trek-de-zangla-purney","status":"publish","type":"product","link":"https:\/\/www.ladakhzanskartrekking.com\/fr\/voyages\/trek-de-zangla-purney\/","title":{"rendered":"Trek de Zangla - Purney","raw":"Trek de Zangla - Purney"},"content":{"rendered":"<div id=\"overview\" class=\"tab-pane active\" role=\"tabpanel\">\n<h3><strong>Itin\u00e9raire :<\/strong><\/h3>\n<p>Jour &#8211; 01 &#8211; ZANGLA &#8211; ZANGLA SUMDO (3950MT)<br \/>\nLe matin apr\u00e8s le petit d\u00e9jeuner Trek jusqu&rsquo;\u00e0 Zangla Sumdo 5-6hrs de marche. Nuit au Camping<\/p>\n<p>Jour &#8211; 02 &#8211; ZANGLA SUMDO &#8211; CAMP DE BASE DE NIRI (4500)<br \/>\nLe matin apr\u00e8s le petit d\u00e9jeuner Trek jusqu&rsquo;au Camp de base de Niri 5-6hrs de marche vous pouvez voir une belle vue de la Montagne. Nuit au Camping<\/p>\n<p>Jour &#8211; 03 &#8211; CAMP DE BASE DE NIRI &#8211; SHADE PULLU &#8211; NIRI LA (5150MT)<br \/>\nLe matin apr\u00e8s le petit d\u00e9jeuner Trek jusqu&rsquo;\u00e0 Shade Pullu en passant le Niri la 5150mt 5-6hrs de marche, vous pouvez monter jusqu&rsquo;au Col 650mt. Nuit au Camping<\/p>\n<p>Jour &#8211; 04 &#8211; SHADE PULLU &#8211; NIRI DOKSA &#8211; LAR LA (4600MT)<br \/>\nLe matin apr\u00e8s le petit d\u00e9jeuner Trek jusqu&rsquo;\u00e0 Niri Doksa 6-7hrs de marche en passant le Lar La 4600mt, le chemin monte et descend belle vue de la montagne. Nuit au Camping<\/p>\n<p>Jour &#8211; 05 &#8211; NIRI DOKSA &#8211; VILLAGE DE SHADE (4250mt)-ROTHANG LA (4800MT)<br \/>\nLe matin apr\u00e8s le petit d\u00e9jeuner Trek jusqu&rsquo;au village de Shade -5-6hrs de marche. Nuit au Camping<\/p>\n<p>Jour &#8211; 06 &#8211; VILLAGE DE SHADE &#8211; YATA &#8211;<br \/>\nLe matin apr\u00e8s le petit d\u00e9jeuner visite du Monast\u00e8re de Thantak ensuite Trek jusqu&rsquo;\u00e0 Yata 4-5hrs de marche. Nuit au Camping<\/p>\n<p>Jour &#8211; 07 &#8211; YATA &#8211; MONASTERE DE PHUKTAL<br \/>\nLe matin apr\u00e8s le petit d\u00e9jeuner Trek jusqu&rsquo;au Monast\u00e8re de Phuktal 5-6hrs de marche. Nuit au Camping\/ Guest house<br \/>\nMonast\u00e8re de Phuktal: Le Monast\u00e8re de phuktal est construit autour d&rsquo;une grotte naturelle, dont il est dit qu&rsquo;elle a \u00e9t\u00e9 visit\u00e9e par de nombreux sages, \u00e9tudiants, traducteurs, et moines il y a environ 2550 ans. Le Monast\u00e8re de Phuktal actuel, de l&rsquo;\u00e9cole Gelug du Bouddhisme Tib\u00e9tain, \u00e9tabli au d\u00e9but du 15\u00e8me si\u00e8cle par Jangsem Sherap Zangpo, un disciple de Je Tsonkhapa. Il y a une tablette en pierre qui sert comme un rappel du s\u00e9jour d&rsquo;Alexander Csoma De Koros \u00e0 Phuktal entre 1826 et 1827 quand il a explor\u00e9 le Ladakh.<\/p>\n<p>Jour &#8211; 08 &#8211; PHUKTAL &#8211; PURNEY<br \/>\nLe matin apr\u00e8s le petit d\u00e9jeuner Trek jusqu&rsquo;\u00e0 Purney 2hrs de marche. Ensuite en voiture jusqu&rsquo;\u00e0 Manali\/ Padum<\/p>\n<\/div>\n","protected":false,"raw":"<div id=\"overview\" class=\"tab-pane active\" role=\"tabpanel\">\r\n<h3><strong>Itin\u00e9raire :<\/strong><\/h3>\r\nJour - 01 - ZANGLA - ZANGLA SUMDO (3950MT)\r\nLe matin apr\u00e8s le petit d\u00e9jeuner Trek jusqu'\u00e0 Zangla Sumdo 5-6hrs de marche. Nuit au Camping\r\n\r\nJour - 02 - ZANGLA SUMDO - CAMP DE BASE DE NIRI (4500)\r\nLe matin apr\u00e8s le petit d\u00e9jeuner Trek jusqu'au Camp de base de Niri 5-6hrs de marche vous pouvez voir une belle vue de la Montagne. Nuit au Camping\r\n\r\nJour - 03 - CAMP DE BASE DE NIRI - SHADE PULLU - NIRI LA (5150MT)\r\nLe matin apr\u00e8s le petit d\u00e9jeuner Trek jusqu'\u00e0 Shade Pullu en passant le Niri la 5150mt 5-6hrs de marche, vous pouvez monter jusqu'au Col 650mt. Nuit au Camping\r\n\r\nJour - 04 - SHADE PULLU - NIRI DOKSA - LAR LA (4600MT)\r\nLe matin apr\u00e8s le petit d\u00e9jeuner Trek jusqu'\u00e0 Niri Doksa 6-7hrs de marche en passant le Lar La 4600mt, le chemin monte et descend belle vue de la montagne. Nuit au Camping\r\n\r\nJour - 05 - NIRI DOKSA - VILLAGE DE SHADE (4250mt)-ROTHANG LA (4800MT)\r\nLe matin apr\u00e8s le petit d\u00e9jeuner Trek jusqu'au village de Shade -5-6hrs de marche. Nuit au Camping\r\n\r\nJour - 06 - VILLAGE DE SHADE - YATA -\r\nLe matin apr\u00e8s le petit d\u00e9jeuner visite du Monast\u00e8re de Thantak ensuite Trek jusqu'\u00e0 Yata 4-5hrs de marche. Nuit au Camping\r\n\r\nJour - 07 - YATA - MONASTERE DE PHUKTAL\r\nLe matin apr\u00e8s le petit d\u00e9jeuner Trek jusqu'au Monast\u00e8re de Phuktal 5-6hrs de marche. Nuit au Camping\/ Guest house\r\nMonast\u00e8re de Phuktal: Le Monast\u00e8re de phuktal est construit autour d'une grotte naturelle, dont il est dit qu'elle a \u00e9t\u00e9 visit\u00e9e par de nombreux sages, \u00e9tudiants, traducteurs, et moines il y a environ 2550 ans. Le Monast\u00e8re de Phuktal actuel, de l'\u00e9cole Gelug du Bouddhisme Tib\u00e9tain, \u00e9tabli au d\u00e9but du 15\u00e8me si\u00e8cle par Jangsem Sherap Zangpo, un disciple de Je Tsonkhapa. Il y a une tablette en pierre qui sert comme un rappel du s\u00e9jour d'Alexander Csoma De Koros \u00e0 Phuktal entre 1826 et 1827 quand il a explor\u00e9 le Ladakh.\r\n\r\nJour - 08 - PHUKTAL - PURNEY\r\nLe matin apr\u00e8s le petit d\u00e9jeuner Trek jusqu'\u00e0 Purney 2hrs de marche. Ensuite en voiture jusqu'\u00e0 Manali\/ Padum\r\n\r\n<\/div>"},"excerpt":{"rendered":"Itinerary: Day - 01 - ZANGLA - ZANGLA SUMDO (3950MT) Morning after breakfast Trek to Zangla Sumdo 5-6hrs walk. Overnight Camp Day - 02 - ZANGLA SUMDO - NIRI BASE (4500) Morning after breakfast Trek to Niri Base 5-6hrs walk you can see beautiful view of Mountain. Overnight Camp Day - 03 - NIRI BASE<div class=\"padding-top text-center\"><a href=\"https:\/\/www.ladakhzanskartrekking.com\/fr\/voyages\/trek-de-zangla-purney\/\" class=\"atbtn atbtn--medium atbtn--rounded atbtn--transparent\">Lire plus<i class=\"atbtn__icon atbtn__icon--right fa fa-long-arrow-right\"><\/i><\/a><\/div>","protected":false,"raw":""},"featured_media":1810,"comment_status":"open","ping_status":"closed","template":"","meta":{"_en_post_content":"<div id=\"overview\" class=\"tab-pane active\" role=\"tabpanel\">\r\n<h3><strong>Itinerary:<\/strong><\/h3>\r\nDay - 01 - ZANGLA - ZANGLA SUMDO (3950MT)\r\nMorning after breakfast Trek to Zangla Sumdo 5-6hrs walk. Overnight Camp\r\n\r\nDay - 02 - ZANGLA SUMDO - NIRI BASE (4500)\r\nMorning after breakfast Trek to Niri Base 5-6hrs walk you can see beautiful view of Mountain. Overnight Camp\r\n\r\nDay - 03 - NIRI BASE - SHADE PULLU - NIRI LA (5150MT)\r\nMorning after breakfast Trek to Shade Pullu over the Niri la 5150mt 5-6hrs walk, you can walk up to the Pass 650mt then flat the trail. Overnight Camp\r\n\r\nDay - 04 - SHADE PULLU - NIRI DOKSA - LAR LA (4600MT)\r\nMorning after breakfast Trek to Niri Doksa 6-7hrs walk over the Lar La 4600mt, the trail is up and down good view the mountain. Overnight Camp\r\n\r\nDay - 05 - NIRI DOKSA - SHADE VILLAGE (4250mt)-ROTHANG LA (4800MT)\r\nMorning after breakfast Trek to Shade village -5-6hrs walk. Overnight Camp\r\n\r\nDay - 06 - SHADE VILLAGE - YATA -\r\nMorning after breakfast visit Thantak Gonpa then Trek to Yata 4-5hrs walk. Overnight Camp\r\n\r\nDay - 07 - YATA - PHUKTAL GONPA\r\nMorning after breakfast Trek to Phuktal Gonpa 5-6hrs walk. Overnight Camp\/ Guest house\r\nPhuktal Gonpa: The phuktal Monastery is built around a natural cave, which is believed to have been visited by numerous sages, scholars, translators, and monks around 2550 years ago. The present Phuktal Gonpa, of the Gelug school of Tibetan Buddhism, established in the early 15th century by Jangsem Sherap Zangpo, a disciple of Je Tsongkhapa. There is a stone tablet which serves as a reminder of the stay of Alexander Csoma De Koros at Phuktal between 1826 and 1827 when he explored Ladakh.\r\n\r\nDay - 08 - PHUKTAL - PURNEY\r\nMorning after breakfast Trek to Purney 2hrs walk. Then same drive to Manali\/ Padum\r\n\r\n<\/div>","_en_post_name":"zangla-purney-trek","_en_post_excerpt":"","_en_post_title":"Zangla - Purney Trek","_fr_post_content":"<div id=\"overview\" class=\"tab-pane active\" role=\"tabpanel\">\r\n<h3><strong>Itin\u00e9raire :<\/strong><\/h3>\r\nJour - 01 - ZANGLA - ZANGLA SUMDO (3950MT)\r\nLe matin apr\u00e8s le petit d\u00e9jeuner Trek jusqu'\u00e0 Zangla Sumdo 5-6hrs de marche. Nuit au Camping\r\n\r\nJour - 02 - ZANGLA SUMDO - CAMP DE BASE DE NIRI (4500)\r\nLe matin apr\u00e8s le petit d\u00e9jeuner Trek jusqu'au Camp de base de Niri 5-6hrs de marche vous pouvez voir une belle vue de la Montagne. Nuit au Camping\r\n\r\nJour - 03 - CAMP DE BASE DE NIRI - SHADE PULLU - NIRI LA (5150MT)\r\nLe matin apr\u00e8s le petit d\u00e9jeuner Trek jusqu'\u00e0 Shade Pullu en passant le Niri la 5150mt 5-6hrs de marche, vous pouvez monter jusqu'au Col 650mt. Nuit au Camping\r\n\r\nJour - 04 - SHADE PULLU - NIRI DOKSA - LAR LA (4600MT)\r\nLe matin apr\u00e8s le petit d\u00e9jeuner Trek jusqu'\u00e0 Niri Doksa 6-7hrs de marche en passant le Lar La 4600mt, le chemin monte et descend belle vue de la montagne. Nuit au Camping\r\n\r\nJour - 05 - NIRI DOKSA - VILLAGE DE SHADE (4250mt)-ROTHANG LA (4800MT)\r\nLe matin apr\u00e8s le petit d\u00e9jeuner Trek jusqu'au village de Shade -5-6hrs de marche. Nuit au Camping\r\n\r\nJour - 06 - VILLAGE DE SHADE - YATA -\r\nLe matin apr\u00e8s le petit d\u00e9jeuner visite du Monast\u00e8re de Thantak ensuite Trek jusqu'\u00e0 Yata 4-5hrs de marche. Nuit au Camping\r\n\r\nJour - 07 - YATA - MONASTERE DE PHUKTAL\r\nLe matin apr\u00e8s le petit d\u00e9jeuner Trek jusqu'au Monast\u00e8re de Phuktal 5-6hrs de marche. Nuit au Camping\/ Guest house\r\nMonast\u00e8re de Phuktal: Le Monast\u00e8re de phuktal est construit autour d'une grotte naturelle, dont il est dit qu'elle a \u00e9t\u00e9 visit\u00e9e par de nombreux sages, \u00e9tudiants, traducteurs, et moines il y a environ 2550 ans. Le Monast\u00e8re de Phuktal actuel, de l'\u00e9cole Gelug du Bouddhisme Tib\u00e9tain, \u00e9tabli au d\u00e9but du 15\u00e8me si\u00e8cle par Jangsem Sherap Zangpo, un disciple de Je Tsonkhapa. Il y a une tablette en pierre qui sert comme un rappel du s\u00e9jour d'Alexander Csoma De Koros \u00e0 Phuktal entre 1826 et 1827 quand il a explor\u00e9 le Ladakh.\r\n\r\nJour - 08 - PHUKTAL - PURNEY\r\nLe matin apr\u00e8s le petit d\u00e9jeuner Trek jusqu'\u00e0 Purney 2hrs de marche. Ensuite en voiture jusqu'\u00e0 Manali\/ Padum\r\n\r\n<\/div>","_fr_post_name":"trek-de-zangla-purney","_fr_post_excerpt":"","_fr_post_title":"Trek de Zangla - Purney","edit_language":"fr"},"product_brand":[],"product_cat":[15],"product_tag":[],"class_list":{"0":"post-1792","1":"product","2":"type-product","3":"status-publish","4":"has-post-thumbnail","6":"product_cat-uncategorized","7":"tour_category-trekking","9":"first","10":"instock","11":"shipping-taxable","12":"product-type-tour"},"_links":{"self":[{"href":"https:\/\/www.ladakhzanskartrekking.com\/fr\/wp-json\/wp\/v2\/product\/1792","targetHints":{"allow":["GET"]}}],"collection":[{"href":"https:\/\/www.ladakhzanskartrekking.com\/fr\/wp-json\/wp\/v2\/product"}],"about":[{"href":"https:\/\/www.ladakhzanskartrekking.com\/fr\/wp-json\/wp\/v2\/types\/product"}],"replies":[{"embeddable":true,"href":"https:\/\/www.ladakhzanskartrekking.com\/fr\/wp-json\/wp\/v2\/comments?post=1792"}],"wp:featuredmedia":[{"embeddable":true,"href":"https:\/\/www.ladakhzanskartrekking.com\/fr\/wp-json\/wp\/v2\/media\/1810"}],"wp:attachment":[{"href":"https:\/\/www.ladakhzanskartrekking.com\/fr\/wp-json\/wp\/v2\/media?parent=1792"}],"wp:term":[{"taxonomy":"product_brand","embeddable":true,"href":"https:\/\/www.ladakhzanskartrekking.com\/fr\/wp-json\/wp\/v2\/product_brand?post=1792"},{"taxonomy":"product_cat","embeddable":true,"href":"https:\/\/www.ladakhzanskartrekking.com\/fr\/wp-json\/wp\/v2\/product_cat?post=1792"},{"taxonomy":"product_tag","embeddable":true,"href":"https:\/\/www.ladakhzanskartrekking.com\/fr\/wp-json\/wp\/v2\/product_tag?post=1792"}],"curies":[{"name":"wp","href":"https:\/\/api.w.org\/{rel}","templated":true}]}}